{"id":4057,"date":"2025-06-23T09:37:06","date_gmt":"2025-06-23T09:37:06","guid":{"rendered":"https:\/\/www.yongyukitchenware.com\/?post_type=product&#038;p=4057"},"modified":"2025-06-23T09:37:36","modified_gmt":"2025-06-23T09:37:36","slug":"wholesale-three-heads-cereal-dispenser","status":"publish","type":"product","link":"https:\/\/www.yongyukitchenware.com\/es\/producto\/wholesale-three-heads-cereal-dispenser\/","title":{"rendered":"Mayorista Dispensador de Cereales de Tres Cabezas Dispensador de Alimentos Secos de Acero Inoxidable para Buffet"},"content":{"rendered":"<div class=\"wp-block-columns is-layout-flex wp-container-core-columns-is-layout-9d6595d7 wp-block-columns-is-layout-flex\">\n<div class=\"wp-block-column is-layout-flow wp-block-column-is-layout-flow\">\n<h2 class=\"wp-block-heading\">Mayorista Dispensador de Cereales de Tres Cabezas Tama\u00f1o:<\/h2>\n\n\n\n<figure class=\"wp-block-table\"><table class=\"has-fixed-layout\"><tbody><tr><td>Modelo<\/td><td>Capacidad (L)<\/td><td>MOQ<\/td><\/tr><tr><td rowspan=\"3\">DY012-GZD<\/td><td>3.5<\/td><td rowspan=\"3\">10 PIEZAS<\/td><\/tr><tr><td>7<\/td><\/tr><tr><td>10<\/td><\/tr><\/tbody><\/table><\/figure>\n\n\n\n<h2 class=\"wp-block-heading\">Mayorista Dispensador de Cereales de Tres Cabezas Caracter\u00edsticas:<\/h2>\n\n\n\n<p><strong>Capacidades m\u00faltiples:<\/strong> Se ofrecen capacidades de 3,5\/7\/10 L para adaptarse a las necesidades de distintos alimentos secos, como cereales, arroz, caramelos, frutos secos e incluso comida para mascotas. Cada contenedor tiene una capacidad de 3,5 L, lo que ofrece espacio suficiente para almacenar sus productos esenciales de forma bien organizada y al alcance de la mano.<br><strong>F\u00e1cil de usar: <\/strong>El dise\u00f1o del interruptor giratorio dispensa 1 onza por vuelta, lo que hace que el control del peso sea c\u00f3modo y sencillo.<br><strong>Duradera y fiable: <\/strong>Fabricado en acero inoxidable y PC de alta calidad, es firme y duradero. No se deforma ni da\u00f1a f\u00e1cilmente aunque entre en contacto directo con los alimentos, por lo que se adapta a un uso prolongado. F\u00e1cil de limpiar y de usar<br><strong>Polivalente: <\/strong>Este dispensador de granos dispensa y almacena granos, caramelos, frutos secos, caf\u00e9, jud\u00edas, arroz, cereales, avena, t\u00e9, aperitivos, etc., sin mezclarlos y manteniendo la cocina bien organizada.<\/p>\n<\/div>\n\n\n\n<div class=\"wp-block-column is-layout-flow wp-block-column-is-layout-flow\">\n<figure class=\"wp-block-image size-full\"><img decoding=\"async\" width=\"800\" height=\"800\" src=\"https:\/\/www.yongyukitchenware.com\/wp-content\/uploads\/2025\/06\/Bulk-Cereal-Dispenser-7.webp\" alt=\"Mayorista Dispensador de Cereales de Tres Cabezas\" class=\"wp-image-4055\" srcset=\"https:\/\/www.yongyukitchenware.com\/wp-content\/uploads\/2025\/06\/Bulk-Cereal-Dispenser-7.webp 800w, https:\/\/www.yongyukitchenware.com\/wp-content\/uploads\/2025\/06\/Bulk-Cereal-Dispenser-7-300x300.webp 300w, https:\/\/www.yongyukitchenware.com\/wp-content\/uploads\/2025\/06\/Bulk-Cereal-Dispenser-7-150x150.webp 150w, https:\/\/www.yongyukitchenware.com\/wp-content\/uploads\/2025\/06\/Bulk-Cereal-Dispenser-7-768x768.webp 768w, https:\/\/www.yongyukitchenware.com\/wp-content\/uploads\/2025\/06\/Bulk-Cereal-Dispenser-7-12x12.webp 12w, https:\/\/www.yongyukitchenware.com\/wp-content\/uploads\/2025\/06\/Bulk-Cereal-Dispenser-7-600x600.webp 600w, https:\/\/www.yongyukitchenware.com\/wp-content\/uploads\/2025\/06\/Bulk-Cereal-Dispenser-7-100x100.webp 100w\" sizes=\"(max-width: 800px) 100vw, 800px\" \/><\/figure>\n\n\n\n<figure class=\"wp-block-image size-full is-style-default\"><img decoding=\"async\" width=\"1024\" height=\"1024\" src=\"https:\/\/www.yongyukitchenware.com\/wp-content\/uploads\/2025\/05\/Bulk-Rotating-Cereal-Dispenser-9.webp\" alt=\"Dispensador rotativo de cereales a granel-9\" class=\"wp-image-4041\" srcset=\"https:\/\/www.yongyukitchenware.com\/wp-content\/uploads\/2025\/05\/Bulk-Rotating-Cereal-Dispenser-9.webp 1024w, https:\/\/www.yongyukitchenware.com\/wp-content\/uploads\/2025\/05\/Bulk-Rotating-Cereal-Dispenser-9-300x300.webp 300w, https:\/\/www.yongyukitchenware.com\/wp-content\/uploads\/2025\/05\/Bulk-Rotating-Cereal-Dispenser-9-150x150.webp 150w, https:\/\/www.yongyukitchenware.com\/wp-content\/uploads\/2025\/05\/Bulk-Rotating-Cereal-Dispenser-9-768x768.webp 768w, https:\/\/www.yongyukitchenware.com\/wp-content\/uploads\/2025\/05\/Bulk-Rotating-Cereal-Dispenser-9-12x12.webp 12w, https:\/\/www.yongyukitchenware.com\/wp-content\/uploads\/2025\/05\/Bulk-Rotating-Cereal-Dispenser-9-600x600.webp 600w, https:\/\/www.yongyukitchenware.com\/wp-content\/uploads\/2025\/05\/Bulk-Rotating-Cereal-Dispenser-9-100x100.webp 100w\" sizes=\"(max-width: 1024px) 100vw, 1024px\" \/><\/figure>\n<\/div>\n<\/div>","protected":false},"excerpt":{"rendered":"<div class=\"flex max-w-full flex-col grow\">\n<div class=\"min-h-8 text-message relative flex w-full flex-col items-end gap-2 text-start break-words whitespace-normal [.text-message+&amp;]:mt-5\" dir=\"auto\" data-message-author-role=\"assistant\" data-message-id=\"002c0325-9e3c-431f-b6a6-c710b25649af\" data-message-model-slug=\"gpt-4o\">\n<div class=\"flex w-full flex-col gap-1 empty:hidden first:pt-[3px]\">\n<div class=\"markdown prose dark:prose-invert w-full break-words light\">\n<p data-start=\"0\" data-end=\"293\" data-is-last-node=\"\" data-is-only-node=\"\">Mayorista Dispensador de Cereales de Tres Cabezas. Dispone de tres contenedores separados con construcci\u00f3n de acero inoxidable para una dispensaci\u00f3n organizada e higi\u00e9nica. Perfecto para buffets de hotel, barras de desayuno y estaciones de autoservicio. Mejore la eficiencia de su servicio de comidas con nuestra fiable soluci\u00f3n de dispensaci\u00f3n.<\/p>\n<\/div>\n<\/div>\n<\/div>\n<\/div>\n<h2>Mayorista Dispensador de Cereales de Tres Cabezas Par\u00e1metros:<\/h2>\n<p><strong>Material:<\/strong> Acero inoxidable, pl\u00e1stico<br \/><strong>Dise\u00f1o:<\/strong> Con grifo, rejilla de acero inoxidable, fregadero con agujeros<br \/><strong>Tallas:<\/strong> 3,5L\/7,0L\/10L<br \/><strong>Embalaje:<\/strong> Bolsa\/granel\/cart\u00f3n o personalizado<br \/><strong>OEM\/ODM:<\/strong> Opcional<\/p>\n<h2 class=\"wp-block-heading\">Mayorista Tres Cabezas Dispensador De Cereales Fabricante :<\/h2>\n<p>Ya sea un proveedor de servicios de catering, un hotel o restaurante, o una empresa de organizaci\u00f3n de eventos, le ofrecemos soluciones completas de suministros de catering al por mayor con precios de f\u00e1brica de alta calidad.<\/p>","protected":false},"featured_media":4051,"comment_status":"closed","ping_status":"closed","template":"","meta":{"_acf_changed":true},"application":[30],"product_brand":[],"product_cat":[22,34],"product_tag":[],"class_list":{"0":"post-4057","1":"product","2":"type-product","3":"status-publish","4":"has-post-thumbnail","6":"application-hotel-catering","7":"product_cat-catering-supplies-wholesale","8":"product_cat-wholesale-drink-dispenser","10":"first","11":"instock","12":"shipping-taxable","13":"product-type-simple"},"acf":[],"_links":{"self":[{"href":"https:\/\/www.yongyukitchenware.com\/es\/wp-json\/wp\/v2\/product\/4057","targetHints":{"allow":["GET"]}}],"collection":[{"href":"https:\/\/www.yongyukitchenware.com\/es\/wp-json\/wp\/v2\/product"}],"about":[{"href":"https:\/\/www.yongyukitchenware.com\/es\/wp-json\/wp\/v2\/types\/product"}],"replies":[{"embeddable":true,"href":"https:\/\/www.yongyukitchenware.com\/es\/wp-json\/wp\/v2\/comments?post=4057"}],"wp:featuredmedia":[{"embeddable":true,"href":"https:\/\/www.yongyukitchenware.com\/es\/wp-json\/wp\/v2\/media\/4051"}],"wp:attachment":[{"href":"https:\/\/www.yongyukitchenware.com\/es\/wp-json\/wp\/v2\/media?parent=4057"}],"wp:term":[{"taxonomy":"application","embeddable":true,"href":"https:\/\/www.yongyukitchenware.com\/es\/wp-json\/wp\/v2\/application?post=4057"},{"taxonomy":"product_brand","embeddable":true,"href":"https:\/\/www.yongyukitchenware.com\/es\/wp-json\/wp\/v2\/product_brand?post=4057"},{"taxonomy":"product_cat","embeddable":true,"href":"https:\/\/www.yongyukitchenware.com\/es\/wp-json\/wp\/v2\/product_cat?post=4057"},{"taxonomy":"product_tag","embeddable":true,"href":"https:\/\/www.yongyukitchenware.com\/es\/wp-json\/wp\/v2\/product_tag?post=4057"}],"curies":[{"name":"wp","href":"https:\/\/api.w.org\/{rel}","templated":true}]}}