{"id":4058,"date":"2025-06-25T09:26:04","date_gmt":"2025-06-25T09:26:04","guid":{"rendered":"https:\/\/www.yongyukitchenware.com\/?post_type=product&#038;p=4058"},"modified":"2025-06-25T09:26:07","modified_gmt":"2025-06-25T09:26:07","slug":"bulk-dry-food-dispenser-flour-storage-containers-set-single-head","status":"publish","type":"product","link":"https:\/\/www.yongyukitchenware.com\/es\/producto\/bulk-dry-food-dispenser-flour-storage-containers-set-single-head\/","title":{"rendered":"Dispensador de alimentos secos a granel Juego de recipientes de almacenamiento de harina-Cabeza \u00fanica"},"content":{"rendered":"<div class=\"wp-block-columns is-layout-flex wp-container-core-columns-is-layout-9d6595d7 wp-block-columns-is-layout-flex\">\n<div class=\"wp-block-column is-layout-flow wp-block-column-is-layout-flow\">\n<h2 class=\"wp-block-heading\">Dispensador de comida seca a granel Tama\u00f1o:<\/h2>\n\n\n\n<figure class=\"wp-block-table\"><table class=\"has-fixed-layout\"><tbody><tr><td>Modelo<\/td><td>Capacidad (L)<\/td><td>MOQ<\/td><\/tr><tr><td rowspan=\"3\">DY013-GZD<\/td><td>3.5<\/td><td rowspan=\"3\">10 PIEZAS<\/td><\/tr><tr><td>7<\/td><\/tr><tr><td>10<\/td><\/tr><\/tbody><\/table><\/figure>\n\n\n\n<h2 class=\"wp-block-heading\">Dispensador de comida seca a granel Caracter\u00edsticas:<\/h2>\n\n\n\n<p><strong>Capacidades m\u00faltiples :<\/strong>Se ofrecen capacidades de 3,5\/7\/10L para adaptarse a las necesidades de diferentes alimentos secos, como cereales, arroz, dulces, frutos secos e incluso comida para mascotas. Hay contenedores individuales de 3,5L, que ofrecen espacio suficiente para almacenar sus necesidades de forma organizada y al alcance de la mano.<br><strong>F\u00e1cil de usar: <\/strong>El dise\u00f1o del interruptor giratorio dispensa 1 onza por vuelta, lo que hace que el control del peso sea f\u00e1cil y eficaz.<br><strong>Resistente y duradero: <\/strong>Fabricado en acero inoxidable y PC de alta calidad, es firme y duradero. No se deforma ni se rompe f\u00e1cilmente al entrar en contacto directo con los alimentos, por lo que puede utilizarse durante mucho tiempo. Es c\u00f3modo de usar y limpiar.<br><strong>Uso polivalente:<\/strong> Este dispensador de granos dispensa y almacena granos, caramelos, frutos secos, caf\u00e9, jud\u00edas, arroz, cereales, avena, t\u00e9, aperitivos, etc., sin que se mezclen y manteniendo la cocina bien organizada.<\/p>\n<\/div>\n\n\n\n<div class=\"wp-block-column is-layout-flow wp-block-column-is-layout-flow\">\n<figure class=\"wp-block-image size-full\"><img decoding=\"async\" width=\"800\" height=\"800\" src=\"https:\/\/www.yongyukitchenware.com\/wp-content\/uploads\/2025\/06\/Bulk-Dry-Food-Dispenser-12.webp\" alt=\"Dispensador de alimentos secos a granel-12\" class=\"wp-image-4068\" srcset=\"https:\/\/www.yongyukitchenware.com\/wp-content\/uploads\/2025\/06\/Bulk-Dry-Food-Dispenser-12.webp 800w, https:\/\/www.yongyukitchenware.com\/wp-content\/uploads\/2025\/06\/Bulk-Dry-Food-Dispenser-12-300x300.webp 300w, https:\/\/www.yongyukitchenware.com\/wp-content\/uploads\/2025\/06\/Bulk-Dry-Food-Dispenser-12-150x150.webp 150w, https:\/\/www.yongyukitchenware.com\/wp-content\/uploads\/2025\/06\/Bulk-Dry-Food-Dispenser-12-768x768.webp 768w, https:\/\/www.yongyukitchenware.com\/wp-content\/uploads\/2025\/06\/Bulk-Dry-Food-Dispenser-12-12x12.webp 12w, https:\/\/www.yongyukitchenware.com\/wp-content\/uploads\/2025\/06\/Bulk-Dry-Food-Dispenser-12-600x600.webp 600w, https:\/\/www.yongyukitchenware.com\/wp-content\/uploads\/2025\/06\/Bulk-Dry-Food-Dispenser-12-100x100.webp 100w\" sizes=\"(max-width: 800px) 100vw, 800px\" \/><\/figure>\n\n\n\n<figure class=\"wp-block-image size-full is-style-default\"><img decoding=\"async\" width=\"800\" height=\"800\" src=\"https:\/\/www.yongyukitchenware.com\/wp-content\/uploads\/2025\/06\/Bulk-Dry-Food-Dispenser-6.webp\" alt=\"Dispensador de alimentos secos a granel-6\" class=\"wp-image-4062\" srcset=\"https:\/\/www.yongyukitchenware.com\/wp-content\/uploads\/2025\/06\/Bulk-Dry-Food-Dispenser-6.webp 800w, https:\/\/www.yongyukitchenware.com\/wp-content\/uploads\/2025\/06\/Bulk-Dry-Food-Dispenser-6-300x300.webp 300w, https:\/\/www.yongyukitchenware.com\/wp-content\/uploads\/2025\/06\/Bulk-Dry-Food-Dispenser-6-150x150.webp 150w, https:\/\/www.yongyukitchenware.com\/wp-content\/uploads\/2025\/06\/Bulk-Dry-Food-Dispenser-6-768x768.webp 768w, https:\/\/www.yongyukitchenware.com\/wp-content\/uploads\/2025\/06\/Bulk-Dry-Food-Dispenser-6-12x12.webp 12w, https:\/\/www.yongyukitchenware.com\/wp-content\/uploads\/2025\/06\/Bulk-Dry-Food-Dispenser-6-600x600.webp 600w, https:\/\/www.yongyukitchenware.com\/wp-content\/uploads\/2025\/06\/Bulk-Dry-Food-Dispenser-6-100x100.webp 100w\" sizes=\"(max-width: 800px) 100vw, 800px\" \/><\/figure>\n<\/div>\n<\/div>","protected":false},"excerpt":{"rendered":"<p>Dispensador de alimentos secos a granel. Presenta un dise\u00f1o de un solo cabezal con recipientes herm\u00e9ticos para mantener frescos la harina y los productos secos. Perfecto para cocinas, panader\u00edas y tiendas de alimentos a granel. Pida a granel para optimizar sus necesidades de almacenamiento y dispensaci\u00f3n.<\/p>\n<h2>Dispensador de alimentos secos a granel Par\u00e1metro:<\/h2>\n<p><strong>Material:<\/strong> Acero inoxidable, pl\u00e1stico<br \/><strong>Dise\u00f1o:<\/strong> Con grifo, rejilla de acero inoxidable, fregadero con agujeros<br \/><strong>Tallas:<\/strong> 3,5L\/7,0L\/10L<br \/><strong>Embalaje:<\/strong> Bolsa\/granel\/cart\u00f3n o personalizado<br \/><strong>OEM\/ODM:<\/strong> Opcional<\/p>\n<h2 class=\"wp-block-heading\">Dispensador de alimentos secos a granel Fabricantes :<\/h2>\n<p>Ya sea un proveedor de servicios de catering, un hotel o restaurante, o una empresa de organizaci\u00f3n de eventos, le ofrecemos soluciones completas de suministros de catering al por mayor con precios de f\u00e1brica de alta calidad.<\/p>","protected":false},"featured_media":4059,"comment_status":"closed","ping_status":"closed","template":"","meta":{"_acf_changed":true},"application":[30],"product_brand":[],"product_cat":[22,34],"product_tag":[],"class_list":{"0":"post-4058","1":"product","2":"type-product","3":"status-publish","4":"has-post-thumbnail","6":"application-hotel-catering","7":"product_cat-catering-supplies-wholesale","8":"product_cat-wholesale-drink-dispenser","10":"first","11":"instock","12":"shipping-taxable","13":"product-type-simple"},"acf":[],"_links":{"self":[{"href":"https:\/\/www.yongyukitchenware.com\/es\/wp-json\/wp\/v2\/product\/4058","targetHints":{"allow":["GET"]}}],"collection":[{"href":"https:\/\/www.yongyukitchenware.com\/es\/wp-json\/wp\/v2\/product"}],"about":[{"href":"https:\/\/www.yongyukitchenware.com\/es\/wp-json\/wp\/v2\/types\/product"}],"replies":[{"embeddable":true,"href":"https:\/\/www.yongyukitchenware.com\/es\/wp-json\/wp\/v2\/comments?post=4058"}],"wp:featuredmedia":[{"embeddable":true,"href":"https:\/\/www.yongyukitchenware.com\/es\/wp-json\/wp\/v2\/media\/4059"}],"wp:attachment":[{"href":"https:\/\/www.yongyukitchenware.com\/es\/wp-json\/wp\/v2\/media?parent=4058"}],"wp:term":[{"taxonomy":"application","embeddable":true,"href":"https:\/\/www.yongyukitchenware.com\/es\/wp-json\/wp\/v2\/application?post=4058"},{"taxonomy":"product_brand","embeddable":true,"href":"https:\/\/www.yongyukitchenware.com\/es\/wp-json\/wp\/v2\/product_brand?post=4058"},{"taxonomy":"product_cat","embeddable":true,"href":"https:\/\/www.yongyukitchenware.com\/es\/wp-json\/wp\/v2\/product_cat?post=4058"},{"taxonomy":"product_tag","embeddable":true,"href":"https:\/\/www.yongyukitchenware.com\/es\/wp-json\/wp\/v2\/product_tag?post=4058"}],"curies":[{"name":"wp","href":"https:\/\/api.w.org\/{rel}","templated":true}]}}