{"id":4071,"date":"2025-06-25T09:33:58","date_gmt":"2025-06-25T09:33:58","guid":{"rendered":"https:\/\/www.yongyukitchenware.com\/?post_type=product&#038;p=4071"},"modified":"2025-06-25T09:34:00","modified_gmt":"2025-06-25T09:34:00","slug":"wholesale-dry-food-dispenser-flour-storage-containers-set-double-heads","status":"publish","type":"product","link":"https:\/\/www.yongyukitchenware.com\/es\/producto\/wholesale-dry-food-dispenser-flour-storage-containers-set-double-heads\/","title":{"rendered":"Mayorista Dispensador de Comida Seca Harina Contenedores de Almacenaje Set-Doble cabeza"},"content":{"rendered":"<div class=\"wp-block-columns is-layout-flex wp-container-core-columns-is-layout-9d6595d7 wp-block-columns-is-layout-flex\">\n<div class=\"wp-block-column is-layout-flow wp-block-column-is-layout-flow\">\n<h2 class=\"wp-block-heading\">Dispensador de comida seca al por mayor Tama\u00f1o:<\/h2>\n\n\n\n<figure class=\"wp-block-table\"><table class=\"has-fixed-layout\"><tbody><tr><td>Modelo<\/td><td>Capacidad (L)<\/td><td>MOQ<\/td><\/tr><tr><td rowspan=\"3\">DY013-GZD<\/td><td>3.5<\/td><td rowspan=\"3\">10 PIEZAS<\/td><\/tr><tr><td>7<\/td><\/tr><tr><td>10<\/td><\/tr><\/tbody><\/table><\/figure>\n\n\n\n<h2 class=\"wp-block-heading\">Dispensador de comida seca al por mayor Caracter\u00edsticas:<\/h2>\n\n\n\n<p><strong>Capacidades m\u00faltiples <\/strong>Las capacidades de 3,5\/7\/10 l permiten guardar diferentes alimentos secos, como cereales, arroz, caramelos, frutos secos e incluso comida para mascotas. Cada uno de los recipientes tiene una capacidad de 3,5 l, lo que ofrece espacio suficiente para almacenar tus alimentos b\u00e1sicos de forma organizada y con f\u00e1cil acceso.<br><strong>F\u00e1cil de usar:<\/strong> El dise\u00f1o del interruptor giratorio libera 1 onza de peso por rotaci\u00f3n, lo que es conveniente y f\u00e1cil de regular el peso.<br><strong>Larga duraci\u00f3n y consistencia:<\/strong> Fabricada en acero inoxidable y PC de primera calidad, es robusta y duradera. Al estar en contacto directo con los alimentos, no se deforma ni se rompe, por lo que puede utilizarse durante mucho tiempo. F\u00e1cil de usar y mantener<br><strong>Aplicaciones diversas:<\/strong> Este contenedor de granos se utiliza para contener y dispensar granos, caramelos, frutos secos, caf\u00e9, jud\u00edas, arroz, cereales, avena, t\u00e9, aperitivos, etc., sin confusiones y manteniendo su cocina ordenada.<\/p>\n<\/div>\n\n\n\n<div class=\"wp-block-column is-layout-flow wp-block-column-is-layout-flow\">\n<figure class=\"wp-block-image size-full\"><img decoding=\"async\" width=\"800\" height=\"800\" src=\"https:\/\/www.yongyukitchenware.com\/wp-content\/uploads\/2025\/06\/Bulk-Dry-Food-Dispenser-12.webp\" alt=\"Mayorista-Dispensador de alimentos secos-12\" class=\"wp-image-4068\" srcset=\"https:\/\/www.yongyukitchenware.com\/wp-content\/uploads\/2025\/06\/Bulk-Dry-Food-Dispenser-12.webp 800w, https:\/\/www.yongyukitchenware.com\/wp-content\/uploads\/2025\/06\/Bulk-Dry-Food-Dispenser-12-300x300.webp 300w, https:\/\/www.yongyukitchenware.com\/wp-content\/uploads\/2025\/06\/Bulk-Dry-Food-Dispenser-12-150x150.webp 150w, https:\/\/www.yongyukitchenware.com\/wp-content\/uploads\/2025\/06\/Bulk-Dry-Food-Dispenser-12-768x768.webp 768w, https:\/\/www.yongyukitchenware.com\/wp-content\/uploads\/2025\/06\/Bulk-Dry-Food-Dispenser-12-12x12.webp 12w, https:\/\/www.yongyukitchenware.com\/wp-content\/uploads\/2025\/06\/Bulk-Dry-Food-Dispenser-12-600x600.webp 600w, https:\/\/www.yongyukitchenware.com\/wp-content\/uploads\/2025\/06\/Bulk-Dry-Food-Dispenser-12-100x100.webp 100w\" sizes=\"(max-width: 800px) 100vw, 800px\" \/><\/figure>\n\n\n\n<figure class=\"wp-block-image size-full is-style-default\"><img decoding=\"async\" width=\"800\" height=\"800\" src=\"https:\/\/www.yongyukitchenware.com\/wp-content\/uploads\/2025\/06\/Bulk-Dry-Food-Dispenser-6.webp\" alt=\"Mayorista-Dispensador de alimentos secos-6\" class=\"wp-image-4062\" srcset=\"https:\/\/www.yongyukitchenware.com\/wp-content\/uploads\/2025\/06\/Bulk-Dry-Food-Dispenser-6.webp 800w, https:\/\/www.yongyukitchenware.com\/wp-content\/uploads\/2025\/06\/Bulk-Dry-Food-Dispenser-6-300x300.webp 300w, https:\/\/www.yongyukitchenware.com\/wp-content\/uploads\/2025\/06\/Bulk-Dry-Food-Dispenser-6-150x150.webp 150w, https:\/\/www.yongyukitchenware.com\/wp-content\/uploads\/2025\/06\/Bulk-Dry-Food-Dispenser-6-768x768.webp 768w, https:\/\/www.yongyukitchenware.com\/wp-content\/uploads\/2025\/06\/Bulk-Dry-Food-Dispenser-6-12x12.webp 12w, https:\/\/www.yongyukitchenware.com\/wp-content\/uploads\/2025\/06\/Bulk-Dry-Food-Dispenser-6-600x600.webp 600w, https:\/\/www.yongyukitchenware.com\/wp-content\/uploads\/2025\/06\/Bulk-Dry-Food-Dispenser-6-100x100.webp 100w\" sizes=\"(max-width: 800px) 100vw, 800px\" \/><\/figure>\n<\/div>\n<\/div>","protected":false},"excerpt":{"rendered":"<article class=\"text-token-text-primary w-full\" dir=\"auto\" data-testid=\"conversation-turn-6\" data-scroll-anchor=\"true\">\n<div class=\"text-base my-auto mx-auto py-5 [--thread-content-margin:--spacing(4)] @[37rem]:[--thread-content-margin:--spacing(6)] @[72rem]:[--thread-content-margin:--spacing(16)] px-(--thread-content-margin)\">\n<div class=\"[--thread-content-max-width:32rem] @[34rem]:[--thread-content-max-width:40rem] @[64rem]:[--thread-content-max-width:48rem] mx-auto flex max-w-(--thread-content-max-width) flex-1 text-base gap-4 md:gap-5 lg:gap-6 group\/turn-messages focus-visible:outline-hidden\" tabindex=\"-1\">\n<div class=\"group\/conversation-turn relative flex w-full min-w-0 flex-col agent-turn\">\n<div class=\"relative flex-col gap-1 md:gap-3\">\n<div class=\"flex max-w-full flex-col grow\">\n<div class=\"min-h-8 text-message relative flex w-full flex-col items-end gap-2 text-start break-words whitespace-normal [.text-message+&amp;]:mt-5\" dir=\"auto\" data-message-author-role=\"assistant\" data-message-id=\"47742dd6-53ae-4439-8a0a-daf48ada95c1\" data-message-model-slug=\"gpt-4o\">\n<div class=\"flex w-full flex-col gap-1 empty:hidden first:pt-[3px]\">\n<div class=\"markdown prose dark:prose-invert w-full break-words light\">\n<p data-start=\"0\" data-end=\"270\" data-is-last-node=\"\" data-is-only-node=\"\">Dispensador de alimentos secos al por mayor. Equipado con cabezales dobles y recipientes herm\u00e9ticos para un almacenamiento eficaz y organizado de harina y alimentos secos. Ideal para cocinas comerciales, panader\u00edas y tiendas de alimentaci\u00f3n al por menor. Compre al por mayor para mejorar la eficiencia de su almacenamiento y servicio de alimentos.<\/p>\n<\/div>\n<\/div>\n<\/div>\n<\/div>\n<\/div>\n<\/div>\n<\/div>\n<\/div>\n<\/article>\n<h2>Mayorista Dispensador de Comida Seca Par\u00e1metros:<\/h2>\n<p><strong>Material:<\/strong> Acero inoxidable, pl\u00e1stico<br \/><strong>Dise\u00f1o:<\/strong> Con grifo, rejilla de acero inoxidable, fregadero con agujeros<br \/><strong>Tallas:<\/strong> 3,5L\/7,0L\/10L<br \/><strong>Embalaje:<\/strong> Bolsa\/granel\/cart\u00f3n o personalizado<br \/><strong>OEM\/ODM:<\/strong> Opcional<\/p>\n<h2 class=\"wp-block-heading\">Mayorista Dispensador de Comida Seca Fabricante :<\/h2>\n<p>Ya sea un proveedor de servicios de catering, un hotel y restaurante o una empresa de organizaci\u00f3n de eventos, le ofrecemos soluciones completas de suministros de catering al por mayor con precios de f\u00e1brica de alta calidad.<\/p>","protected":false},"featured_media":4069,"comment_status":"closed","ping_status":"closed","template":"","meta":{"_acf_changed":true},"application":[30],"product_brand":[],"product_cat":[22,34],"product_tag":[],"class_list":{"0":"post-4071","1":"product","2":"type-product","3":"status-publish","4":"has-post-thumbnail","6":"application-hotel-catering","7":"product_cat-catering-supplies-wholesale","8":"product_cat-wholesale-drink-dispenser","10":"first","11":"instock","12":"shipping-taxable","13":"product-type-simple"},"acf":[],"_links":{"self":[{"href":"https:\/\/www.yongyukitchenware.com\/es\/wp-json\/wp\/v2\/product\/4071","targetHints":{"allow":["GET"]}}],"collection":[{"href":"https:\/\/www.yongyukitchenware.com\/es\/wp-json\/wp\/v2\/product"}],"about":[{"href":"https:\/\/www.yongyukitchenware.com\/es\/wp-json\/wp\/v2\/types\/product"}],"replies":[{"embeddable":true,"href":"https:\/\/www.yongyukitchenware.com\/es\/wp-json\/wp\/v2\/comments?post=4071"}],"wp:featuredmedia":[{"embeddable":true,"href":"https:\/\/www.yongyukitchenware.com\/es\/wp-json\/wp\/v2\/media\/4069"}],"wp:attachment":[{"href":"https:\/\/www.yongyukitchenware.com\/es\/wp-json\/wp\/v2\/media?parent=4071"}],"wp:term":[{"taxonomy":"application","embeddable":true,"href":"https:\/\/www.yongyukitchenware.com\/es\/wp-json\/wp\/v2\/application?post=4071"},{"taxonomy":"product_brand","embeddable":true,"href":"https:\/\/www.yongyukitchenware.com\/es\/wp-json\/wp\/v2\/product_brand?post=4071"},{"taxonomy":"product_cat","embeddable":true,"href":"https:\/\/www.yongyukitchenware.com\/es\/wp-json\/wp\/v2\/product_cat?post=4071"},{"taxonomy":"product_tag","embeddable":true,"href":"https:\/\/www.yongyukitchenware.com\/es\/wp-json\/wp\/v2\/product_tag?post=4071"}],"curies":[{"name":"wp","href":"https:\/\/api.w.org\/{rel}","templated":true}]}}