{"id":4085,"date":"2025-06-03T07:14:29","date_gmt":"2025-06-03T07:14:29","guid":{"rendered":"https:\/\/www.yongyukitchenware.com\/?post_type=product&#038;p=4085"},"modified":"2025-06-13T02:24:00","modified_gmt":"2025-06-13T02:24:00","slug":"bulk-wooden-cereal-dispenser-luxury-dried-food-dispenser-single-head","status":"publish","type":"product","link":"https:\/\/www.yongyukitchenware.com\/es\/producto\/bulk-wooden-cereal-dispenser-luxury-dried-food-dispenser-single-head\/","title":{"rendered":"Dispensador de cereales de madera a granel Dispensador de alimentos secos de lujo-Cabezal \u00fanico"},"content":{"rendered":"<div class=\"wp-block-columns is-layout-flex wp-container-core-columns-is-layout-9d6595d7 wp-block-columns-is-layout-flex\">\n<div class=\"wp-block-column is-layout-flow wp-block-column-is-layout-flow\">\n<h2 class=\"wp-block-heading\">Dispensador de cereales de madera a granel Tama\u00f1o:<\/h2>\n\n\n\n<figure class=\"wp-block-table\"><table class=\"has-fixed-layout\"><tbody><tr><td>Modelo<\/td><td>Capacidad (L)<\/td><td>MOQ<\/td><\/tr><tr><td rowspan=\"3\">DY014-GZD<\/td><td>3.5<\/td><td rowspan=\"3\">10 PIEZAS<\/td><\/tr><tr><td>7<\/td><\/tr><tr><td>10<\/td><\/tr><\/tbody><\/table><\/figure>\n\n\n\n<h2 class=\"wp-block-heading\">Dispensador de cereales de madera a granel Caracter\u00edsticas:<\/h2>\n\n\n\n<p><strong>M\u00faltiples capacidades :<\/strong>Hay disponibles capacidades de 3,5\/7\/10L para satisfacer las necesidades de diversos alimentos secos, como cereales, arroz, caramelos, frutos secos e incluso comida para mascotas. Cada contenedor es de 3,5 L, lo que proporciona un amplio espacio para mantener sus productos esenciales bien organizados y f\u00e1cilmente accesibles.<br><strong>Desmontable: <\/strong>El cuerpo de la cuchara, la tapa, el bot\u00f3n giratorio, el conjunto de tornillos, la base de madera, etc. del distribuidor son desmontables, lo que es conveniente para la limpieza.<br><strong>F\u00e1cil de usar:<\/strong> El dise\u00f1o del interruptor giratorio permite que cada hoja asigne 1 onza, lo que hace que el control del peso sea sencillo y eficaz.<br><strong>Fiable y duradero: <\/strong>Fabricado en acero inoxidable y PC de alta calidad, es robusto y duradero, en contacto directo con los alimentos, con una base de madera que no es propensa a la deformaci\u00f3n o rotura, lo que garantiza un uso a largo plazo. F\u00e1cil de limpiar y c\u00f3modo de usar<br><strong>Uso en m\u00faltiples escenarios: <\/strong>El dispensador de aperitivos, con un aspecto a la moda, da un aire fresco a la decoraci\u00f3n de la cocina. Ayuda a almacenar y distribuir granos, caramelos, frutos secos, caf\u00e9, jud\u00edas, etc. Es adecuado para hogares, centros comerciales, cafeter\u00edas, bares, etc.<\/p>\n<\/div>\n\n\n\n<div class=\"wp-block-column is-layout-flow wp-block-column-is-layout-flow\">\n<figure class=\"wp-block-image size-full\"><img decoding=\"async\" width=\"1001\" height=\"1001\" src=\"https:\/\/www.yongyukitchenware.com\/wp-content\/uploads\/2025\/06\/Bulk-Wooden-Cereal-Dispenser-8.webp\" alt=\"Dispensador de cereales de madera a granel-8\" class=\"wp-image-4093\" srcset=\"https:\/\/www.yongyukitchenware.com\/wp-content\/uploads\/2025\/06\/Bulk-Wooden-Cereal-Dispenser-8.webp 1001w, https:\/\/www.yongyukitchenware.com\/wp-content\/uploads\/2025\/06\/Bulk-Wooden-Cereal-Dispenser-8-300x300.webp 300w, https:\/\/www.yongyukitchenware.com\/wp-content\/uploads\/2025\/06\/Bulk-Wooden-Cereal-Dispenser-8-150x150.webp 150w, https:\/\/www.yongyukitchenware.com\/wp-content\/uploads\/2025\/06\/Bulk-Wooden-Cereal-Dispenser-8-768x768.webp 768w, https:\/\/www.yongyukitchenware.com\/wp-content\/uploads\/2025\/06\/Bulk-Wooden-Cereal-Dispenser-8-12x12.webp 12w, https:\/\/www.yongyukitchenware.com\/wp-content\/uploads\/2025\/06\/Bulk-Wooden-Cereal-Dispenser-8-600x600.webp 600w, https:\/\/www.yongyukitchenware.com\/wp-content\/uploads\/2025\/06\/Bulk-Wooden-Cereal-Dispenser-8-100x100.webp 100w\" sizes=\"(max-width: 1001px) 100vw, 1001px\" \/><\/figure>\n<\/div>\n<\/div>","protected":false},"excerpt":{"rendered":"<p>El dispensador de cereales de madera a granel presenta un dise\u00f1o de un solo cabezal fabricado en madera de primera calidad, ideal para almacenar y dispensar cereales, alimentos secos y aperitivos con elegancia y comodidad. Perfecto para cocinas, cafeter\u00edas y expositores minoristas. P\u00f3ngase en contacto con nosotros para solicitar informaci\u00f3n sobre precios al por mayor y realizar su pedido hoy mismo.<\/p>\n<h2>Dispensador de cereales de madera a granel Par\u00e1metro:<\/h2>\n<p><strong>Material:<\/strong> Acero inoxidable, pl\u00e1stico<br \/><strong>Dise\u00f1o:<\/strong> Con grifo, rejilla de acero inoxidable, fregadero con agujeros<br \/><strong>Tallas:<\/strong> 3,5L\/7,0L\/10L<br \/><strong>Embalaje:<\/strong> Bolsa\/granel\/cart\u00f3n o personalizado<br \/><strong>OEM\/ODM:<\/strong> Opcional<\/p>\n<h2 class=\"wp-block-heading\">Dispensador De Cereales De Madera A Granel Fabricantes :<\/h2>\n<p>Ya sea un proveedor de servicios de catering, un hotel o restaurante, o una empresa de organizaci\u00f3n de eventos, le ofrecemos soluciones completas de suministros de catering al por mayor con precios de f\u00e1brica de alta calidad.<\/p>","protected":false},"featured_media":4087,"comment_status":"closed","ping_status":"closed","template":"","meta":{"_acf_changed":true},"application":[30],"product_brand":[],"product_cat":[22,34],"product_tag":[],"class_list":{"0":"post-4085","1":"product","2":"type-product","3":"status-publish","4":"has-post-thumbnail","6":"application-hotel-catering","7":"product_cat-catering-supplies-wholesale","8":"product_cat-wholesale-drink-dispenser","10":"first","11":"instock","12":"shipping-taxable","13":"product-type-simple"},"acf":[],"_links":{"self":[{"href":"https:\/\/www.yongyukitchenware.com\/es\/wp-json\/wp\/v2\/product\/4085","targetHints":{"allow":["GET"]}}],"collection":[{"href":"https:\/\/www.yongyukitchenware.com\/es\/wp-json\/wp\/v2\/product"}],"about":[{"href":"https:\/\/www.yongyukitchenware.com\/es\/wp-json\/wp\/v2\/types\/product"}],"replies":[{"embeddable":true,"href":"https:\/\/www.yongyukitchenware.com\/es\/wp-json\/wp\/v2\/comments?post=4085"}],"wp:featuredmedia":[{"embeddable":true,"href":"https:\/\/www.yongyukitchenware.com\/es\/wp-json\/wp\/v2\/media\/4087"}],"wp:attachment":[{"href":"https:\/\/www.yongyukitchenware.com\/es\/wp-json\/wp\/v2\/media?parent=4085"}],"wp:term":[{"taxonomy":"application","embeddable":true,"href":"https:\/\/www.yongyukitchenware.com\/es\/wp-json\/wp\/v2\/application?post=4085"},{"taxonomy":"product_brand","embeddable":true,"href":"https:\/\/www.yongyukitchenware.com\/es\/wp-json\/wp\/v2\/product_brand?post=4085"},{"taxonomy":"product_cat","embeddable":true,"href":"https:\/\/www.yongyukitchenware.com\/es\/wp-json\/wp\/v2\/product_cat?post=4085"},{"taxonomy":"product_tag","embeddable":true,"href":"https:\/\/www.yongyukitchenware.com\/es\/wp-json\/wp\/v2\/product_tag?post=4085"}],"curies":[{"name":"wp","href":"https:\/\/api.w.org\/{rel}","templated":true}]}}