{"id":4100,"date":"2025-06-03T07:53:06","date_gmt":"2025-06-03T07:53:06","guid":{"rendered":"https:\/\/www.yongyukitchenware.com\/?post_type=product&#038;p=4100"},"modified":"2025-06-13T02:23:38","modified_gmt":"2025-06-13T02:23:38","slug":"custom-wooden-cereal-dispenser","status":"publish","type":"product","link":"https:\/\/www.yongyukitchenware.com\/es\/producto\/custom-wooden-cereal-dispenser\/","title":{"rendered":"Dispensador de cereales de madera personalizado Dispensador de alimentos secos de lujo-Tres cabezas"},"content":{"rendered":"<div class=\"wp-block-columns is-layout-flex wp-container-core-columns-is-layout-9d6595d7 wp-block-columns-is-layout-flex\">\n<div class=\"wp-block-column is-layout-flow wp-block-column-is-layout-flow\">\n<h2 class=\"wp-block-heading\">Dispensador de cereales de madera personalizado Tama\u00f1o:<\/h2>\n\n\n\n<figure class=\"wp-block-table\"><table class=\"has-fixed-layout\"><tbody><tr><td>Modelo<\/td><td>Capacidad (L)<\/td><td>MOQ<\/td><\/tr><tr><td rowspan=\"3\">DY014-GZD<\/td><td>3.5<\/td><td rowspan=\"3\">10 PIEZAS<\/td><\/tr><tr><td>7<\/td><\/tr><tr><td>10<\/td><\/tr><\/tbody><\/table><\/figure>\n\n\n\n<h2 class=\"wp-block-heading\">Dispensador de cereales de madera personalizado Caracter\u00edsticas:<\/h2>\n\n\n\n<p><strong>Varias capacidades:<\/strong>Se proporcionan capacidades de 3,5\/7\/10L para almacenar varios tipos de alimentos secos como cereales, arroz, caramelos, frutos secos e incluso comida para mascotas. Cada contenedor tiene una capacidad de 3,5 l, con un volumen suficiente para garantizar que sus productos b\u00e1sicos est\u00e9n bien organizados y sean f\u00e1cilmente accesibles.<br><strong>Desmontable: <\/strong>El cuerpo de la cubeta del distribuidor, la tapa, el bot\u00f3n giratorio, el conjunto de tornillos, la base de madera, etc. son desmontables y c\u00f3modos de limpiar.<br>F\u00e1cil de manejar: El dise\u00f1o del interruptor giratorio proporciona a cada cuchilla 1 asignaci\u00f3n de 1 onza, lo que hace que el ajuste del peso sea f\u00e1cil y eficaz.<br><strong>Duradero y estable:<\/strong> Fabricado en acero inoxidable y PC de primera calidad, es resistente y duradero, est\u00e1 en contacto directo con los alimentos, tiene una base de madera que no se da\u00f1a ni se rompe, y puede utilizarse durante mucho tiempo. C\u00f3modo de usar y f\u00e1cil de limpiar<br><strong>Uso en m\u00faltiples escenarios: <\/strong>Dispensador de aperitivos, con elegante dise\u00f1o, aporta una nueva moda a la decoraci\u00f3n de la cocina. Ayuda a almacenar y dispensar granos, caramelos, frutos secos, caf\u00e9, jud\u00edas, etc. Para la familia, centros comerciales, cafeter\u00edas, bares, etc.<\/p>\n<\/div>\n\n\n\n<div class=\"wp-block-column is-layout-flow wp-block-column-is-layout-flow\">\n<figure class=\"wp-block-image size-full\"><img decoding=\"async\" width=\"1001\" height=\"1001\" src=\"https:\/\/www.yongyukitchenware.com\/wp-content\/uploads\/2025\/06\/Bulk-Wooden-Cereal-Dispenser-8.webp\" alt=\"Dispensador de cereales de madera personalizado-8\" class=\"wp-image-4093\" srcset=\"https:\/\/www.yongyukitchenware.com\/wp-content\/uploads\/2025\/06\/Bulk-Wooden-Cereal-Dispenser-8.webp 1001w, https:\/\/www.yongyukitchenware.com\/wp-content\/uploads\/2025\/06\/Bulk-Wooden-Cereal-Dispenser-8-300x300.webp 300w, https:\/\/www.yongyukitchenware.com\/wp-content\/uploads\/2025\/06\/Bulk-Wooden-Cereal-Dispenser-8-150x150.webp 150w, https:\/\/www.yongyukitchenware.com\/wp-content\/uploads\/2025\/06\/Bulk-Wooden-Cereal-Dispenser-8-768x768.webp 768w, https:\/\/www.yongyukitchenware.com\/wp-content\/uploads\/2025\/06\/Bulk-Wooden-Cereal-Dispenser-8-12x12.webp 12w, https:\/\/www.yongyukitchenware.com\/wp-content\/uploads\/2025\/06\/Bulk-Wooden-Cereal-Dispenser-8-600x600.webp 600w, https:\/\/www.yongyukitchenware.com\/wp-content\/uploads\/2025\/06\/Bulk-Wooden-Cereal-Dispenser-8-100x100.webp 100w\" sizes=\"(max-width: 1001px) 100vw, 1001px\" \/><\/figure>\n<\/div>\n<\/div>","protected":false},"excerpt":{"rendered":"<p>El dispensador de cereales de madera personalizado es un lujoso dispensador de alimentos secos con tres cabezales, dise\u00f1ado para organizar y servir con elegancia cereales, granos o aperitivos en hoteles de alta gama, bares de desayunos u hogares. Su acabado en madera a\u00f1ade un toque de sofisticaci\u00f3n a la vez que garantiza una funcionalidad pr\u00e1ctica. P\u00f3ngase en contacto con nosotros.<\/p>\n<h2>Dispensador de cereales de madera personalizado Par\u00e1metro:<\/h2>\n<p><strong>Material:<\/strong> Acero inoxidable, pl\u00e1stico<br \/><strong>Dise\u00f1o:<\/strong> Con grifo, rejilla de acero inoxidable, fregadero con agujeros<br \/><strong>Tallas:<\/strong> 3,5L\/7,0L\/10L<br \/><strong>Embalaje:<\/strong> Bolsa\/granel\/cart\u00f3n o personalizado<br \/><strong>OEM\/ODM:<\/strong> Opcional<\/p>\n<h2 class=\"wp-block-heading\">Dispensador De Cereales De Madera A Granel Fabricantes :<\/h2>\n<p>Ya sea un proveedor de servicios de catering, un hotel o restaurante, o una empresa de organizaci\u00f3n de eventos, le ofrecemos soluciones completas de suministros de catering al por mayor con precios de f\u00e1brica de alta calidad.<\/p>","protected":false},"featured_media":4088,"comment_status":"closed","ping_status":"closed","template":"","meta":{"_acf_changed":false},"application":[30],"product_brand":[],"product_cat":[22,34],"product_tag":[],"class_list":{"0":"post-4100","1":"product","2":"type-product","3":"status-publish","4":"has-post-thumbnail","6":"application-hotel-catering","7":"product_cat-catering-supplies-wholesale","8":"product_cat-wholesale-drink-dispenser","10":"first","11":"instock","12":"shipping-taxable","13":"product-type-simple"},"acf":[],"_links":{"self":[{"href":"https:\/\/www.yongyukitchenware.com\/es\/wp-json\/wp\/v2\/product\/4100","targetHints":{"allow":["GET"]}}],"collection":[{"href":"https:\/\/www.yongyukitchenware.com\/es\/wp-json\/wp\/v2\/product"}],"about":[{"href":"https:\/\/www.yongyukitchenware.com\/es\/wp-json\/wp\/v2\/types\/product"}],"replies":[{"embeddable":true,"href":"https:\/\/www.yongyukitchenware.com\/es\/wp-json\/wp\/v2\/comments?post=4100"}],"wp:featuredmedia":[{"embeddable":true,"href":"https:\/\/www.yongyukitchenware.com\/es\/wp-json\/wp\/v2\/media\/4088"}],"wp:attachment":[{"href":"https:\/\/www.yongyukitchenware.com\/es\/wp-json\/wp\/v2\/media?parent=4100"}],"wp:term":[{"taxonomy":"application","embeddable":true,"href":"https:\/\/www.yongyukitchenware.com\/es\/wp-json\/wp\/v2\/application?post=4100"},{"taxonomy":"product_brand","embeddable":true,"href":"https:\/\/www.yongyukitchenware.com\/es\/wp-json\/wp\/v2\/product_brand?post=4100"},{"taxonomy":"product_cat","embeddable":true,"href":"https:\/\/www.yongyukitchenware.com\/es\/wp-json\/wp\/v2\/product_cat?post=4100"},{"taxonomy":"product_tag","embeddable":true,"href":"https:\/\/www.yongyukitchenware.com\/es\/wp-json\/wp\/v2\/product_tag?post=4100"}],"curies":[{"name":"wp","href":"https:\/\/api.w.org\/{rel}","templated":true}]}}