{"id":4132,"date":"2025-06-10T08:34:30","date_gmt":"2025-06-10T08:34:30","guid":{"rendered":"https:\/\/www.yongyukitchenware.com\/?post_type=product&#038;p=4132"},"modified":"2025-06-13T02:05:01","modified_gmt":"2025-06-13T02:05:01","slug":"bulk-10l-ceramic-electric-milk-dispenser-with-wooden-stand-white","status":"publish","type":"product","link":"https:\/\/www.yongyukitchenware.com\/es\/producto\/bulk-10l-ceramic-electric-milk-dispenser-with-wooden-stand-white\/","title":{"rendered":"Dispensador de leche el\u00e9ctrico de cer\u00e1mica a granel 10L con soporte de madera-Blanco"},"content":{"rendered":"<div class=\"wp-block-columns is-layout-flex wp-container-core-columns-is-layout-9d6595d7 wp-block-columns-is-layout-flex\">\n<div class=\"wp-block-column is-layout-flow wp-block-column-is-layout-flow\">\n<h2 class=\"wp-block-heading\">Granel 10L Cer\u00e1mica Dispensador de Leche El\u00e9ctrico Tama\u00f1o:<\/h2>\n\n\n\n<figure class=\"wp-block-table\"><table class=\"has-fixed-layout\"><tbody><tr><td>Modelo<\/td><td>Capacidad (L)<\/td><td>MOQ<\/td><\/tr><tr><td>DY010-GZD<\/td><td>10<\/td><td>4 PIEZAS<\/td><\/tr><\/tbody><\/table><\/figure>\n\n\n\n<h2 class=\"wp-block-heading\">Dispensador de leche el\u00e9ctrico de cer\u00e1mica a granel 10L Caracter\u00edsticas:<\/h2>\n\n\n\n<p><strong>Duradero y resistente:<\/strong> Cuerpo de la botella de cer\u00e1mica + acero inoxidable + base de madera maciza. Material de acero inoxidable de alta calidad es seguro, no propenso a la oxidaci\u00f3n y f\u00e1cil de limpiar.<br><strong>Grifo engrosado: <\/strong>Las grifer\u00edas de acero inoxidable son duraderas, evitan el goteo y la oxidaci\u00f3n, y disfrutan de un flujo de agua suave<br><strong>Gran capacidad para satisfacer una gran demanda:<\/strong> Con una gran capacidad de 10L, puede proporcionar capacidad suficiente para satisfacer los requisitos de cafeter\u00edas, restaurantes y entornos comerciales.<br><strong>Uso en m\u00faltiples escenarios:<\/strong> Se puede elegir entre varios colores, como amarillo, rojo, blanco y verde. Su aspecto moderno da a la cocina un aspecto nuevo. Es multifuncional con funci\u00f3n de calefacci\u00f3n y puede almacenar zumo de frutas, zumo de verduras, caf\u00e9, leche, leche de soja, t\u00e9, cerveza, etc.<\/p>\n<\/div>\n\n\n\n<div class=\"wp-block-column is-layout-flow wp-block-column-is-layout-flow\">\n<figure class=\"wp-block-image size-full is-style-default\"><img decoding=\"async\" width=\"1500\" height=\"1500\" src=\"https:\/\/www.yongyukitchenware.com\/wp-content\/uploads\/2025\/06\/Bulk-10L-Ceramic-Electric-Milk-Dispenser-3.webp\" alt=\"Granel-10L-Dispensador de leche el\u00e9ctrico de cer\u00e1mica-3\" class=\"wp-image-4135\" srcset=\"https:\/\/www.yongyukitchenware.com\/wp-content\/uploads\/2025\/06\/Bulk-10L-Ceramic-Electric-Milk-Dispenser-3.webp 1500w, https:\/\/www.yongyukitchenware.com\/wp-content\/uploads\/2025\/06\/Bulk-10L-Ceramic-Electric-Milk-Dispenser-3-300x300.webp 300w, https:\/\/www.yongyukitchenware.com\/wp-content\/uploads\/2025\/06\/Bulk-10L-Ceramic-Electric-Milk-Dispenser-3-150x150.webp 150w, https:\/\/www.yongyukitchenware.com\/wp-content\/uploads\/2025\/06\/Bulk-10L-Ceramic-Electric-Milk-Dispenser-3-768x768.webp 768w, https:\/\/www.yongyukitchenware.com\/wp-content\/uploads\/2025\/06\/Bulk-10L-Ceramic-Electric-Milk-Dispenser-3-12x12.webp 12w, https:\/\/www.yongyukitchenware.com\/wp-content\/uploads\/2025\/06\/Bulk-10L-Ceramic-Electric-Milk-Dispenser-3-1200x1200.webp 1200w, https:\/\/www.yongyukitchenware.com\/wp-content\/uploads\/2025\/06\/Bulk-10L-Ceramic-Electric-Milk-Dispenser-3-600x600.webp 600w, https:\/\/www.yongyukitchenware.com\/wp-content\/uploads\/2025\/06\/Bulk-10L-Ceramic-Electric-Milk-Dispenser-3-100x100.webp 100w\" sizes=\"(max-width: 1500px) 100vw, 1500px\" \/><\/figure>\n<\/div>\n<\/div>","protected":false},"excerpt":{"rendered":"<p>Dispensador de leche el\u00e9ctrico de cer\u00e1mica a granel de 10L con acabado blanco y elegante soporte de madera, dise\u00f1ado para mantener la leche caliente y lista para servir. Ideal para hoteles, cafeter\u00edas y buffets de desayuno. P\u00f3ngase en contacto con nosotros para precios al por mayor.<\/p>\n<h2>Dispensador de leche el\u00e9ctrico de cer\u00e1mica a granel 10L Par\u00e1metros:<\/h2>\n<p><strong>Material:<\/strong> Acero inoxidable, pl\u00e1stico<br \/><strong>Dise\u00f1o:<\/strong> Con grifo, rejilla de acero inoxidable, fregadero con agujeros<br \/><strong>Tallas:<\/strong> 10L<br \/><strong>Embalaje:<\/strong> Bolsa\/granel\/cart\u00f3n o personalizado<br \/><strong>OEM\/ODM:<\/strong> Opcional<\/p>\n<h2 class=\"wp-block-heading\">Granel 10L Cer\u00e1mica Dispensador de Leche El\u00e9ctrico Fabricante :<\/h2>\n<p>Ya sea un proveedor de servicios de catering, un hotel o restaurante, o una empresa de organizaci\u00f3n de eventos, le ofrecemos soluciones completas de suministros de catering al por mayor con precios de f\u00e1brica de alta calidad.<\/p>","protected":false},"featured_media":4133,"comment_status":"closed","ping_status":"closed","template":"","meta":{"_acf_changed":true},"application":[30],"product_brand":[],"product_cat":[22,34],"product_tag":[],"class_list":{"0":"post-4132","1":"product","2":"type-product","3":"status-publish","4":"has-post-thumbnail","6":"application-hotel-catering","7":"product_cat-catering-supplies-wholesale","8":"product_cat-wholesale-drink-dispenser","10":"first","11":"instock","12":"shipping-taxable","13":"product-type-simple"},"acf":[],"_links":{"self":[{"href":"https:\/\/www.yongyukitchenware.com\/es\/wp-json\/wp\/v2\/product\/4132","targetHints":{"allow":["GET"]}}],"collection":[{"href":"https:\/\/www.yongyukitchenware.com\/es\/wp-json\/wp\/v2\/product"}],"about":[{"href":"https:\/\/www.yongyukitchenware.com\/es\/wp-json\/wp\/v2\/types\/product"}],"replies":[{"embeddable":true,"href":"https:\/\/www.yongyukitchenware.com\/es\/wp-json\/wp\/v2\/comments?post=4132"}],"wp:featuredmedia":[{"embeddable":true,"href":"https:\/\/www.yongyukitchenware.com\/es\/wp-json\/wp\/v2\/media\/4133"}],"wp:attachment":[{"href":"https:\/\/www.yongyukitchenware.com\/es\/wp-json\/wp\/v2\/media?parent=4132"}],"wp:term":[{"taxonomy":"application","embeddable":true,"href":"https:\/\/www.yongyukitchenware.com\/es\/wp-json\/wp\/v2\/application?post=4132"},{"taxonomy":"product_brand","embeddable":true,"href":"https:\/\/www.yongyukitchenware.com\/es\/wp-json\/wp\/v2\/product_brand?post=4132"},{"taxonomy":"product_cat","embeddable":true,"href":"https:\/\/www.yongyukitchenware.com\/es\/wp-json\/wp\/v2\/product_cat?post=4132"},{"taxonomy":"product_tag","embeddable":true,"href":"https:\/\/www.yongyukitchenware.com\/es\/wp-json\/wp\/v2\/product_tag?post=4132"}],"curies":[{"name":"wp","href":"https:\/\/api.w.org\/{rel}","templated":true}]}}