{"id":4141,"date":"2025-06-18T07:11:20","date_gmt":"2025-06-18T07:11:20","guid":{"rendered":"https:\/\/www.yongyukitchenware.com\/?post_type=product&#038;p=4141"},"modified":"2025-06-18T07:11:22","modified_gmt":"2025-06-18T07:11:22","slug":"10l-ceramic-electric-milk-dispenser-in-bulk-with-wooden-stand-yellow","status":"publish","type":"product","link":"https:\/\/www.yongyukitchenware.com\/es\/producto\/10l-ceramic-electric-milk-dispenser-in-bulk-with-wooden-stand-yellow\/","title":{"rendered":"Dispensador de leche el\u00e9ctrico de cer\u00e1mica de 10L a granel con soporte de madera-Amarillo"},"content":{"rendered":"<div class=\"wp-block-columns is-layout-flex wp-container-core-columns-is-layout-9d6595d7 wp-block-columns-is-layout-flex\">\n<div class=\"wp-block-column is-layout-flow wp-block-column-is-layout-flow\">\n<h2 class=\"wp-block-heading\">Dispensador de Leche El\u00e9ctrico Cer\u00e1mico 10L a Granel:<\/h2>\n\n\n\n<figure class=\"wp-block-table\"><table class=\"has-fixed-layout\"><tbody><tr><td>Modelo<\/td><td>Capacidad (L)<\/td><td>MOQ<\/td><\/tr><tr><td>DY010-GZD<\/td><td>10<\/td><td>4 PIEZAS<\/td><\/tr><\/tbody><\/table><\/figure>\n\n\n\n<h2 class=\"wp-block-heading\">Dispensador de Leche El\u00e9ctrico Cer\u00e1mico 10L a Granel Caracter\u00edsticas:<\/h2>\n\n\n\n<p><strong>Resistente y duradero: <\/strong>Cuerpo de cer\u00e1mica de la botella + acero inoxidable + base de madera maciza. Material de acero inoxidable de alto grado es seguro, libre de \u00f3xido y f\u00e1cil de limpiar.<br><strong>Grifo engrosado: <\/strong>Las grifer\u00edas inoxidables son resistentes al desgaste, no gotean ni se oxidan, y tienen un caudal de agua suave<br><strong>Gran capacidad para satisfacer una demanda elevada:<\/strong> Gracias a su gran capacidad de 10L, puede proporcionar capacidad suficiente para satisfacer la demanda de cafeter\u00edas, restaurantes y entornos comerciales.<br><strong>Aplicaci\u00f3n multiescenario: <\/strong>Se pueden elegir muchos colores, como amarillo, rojo, blanco y verde. Su aspecto moderno da un nuevo aire a la cocina. Es multiescenario con calefacci\u00f3n y tambi\u00e9n tiene una funci\u00f3n de almacenamiento para zumo de frutas, zumo de verduras, caf\u00e9, leche, leche de soja, t\u00e9, cerveza, etc.<\/p>\n<\/div>\n\n\n\n<div class=\"wp-block-column is-layout-flow wp-block-column-is-layout-flow\">\n<figure class=\"wp-block-image size-full is-style-default\"><img decoding=\"async\" width=\"800\" height=\"800\" src=\"https:\/\/www.yongyukitchenware.com\/wp-content\/uploads\/2025\/06\/Bulk-10L-Ceramic-Electric-Milk-Dispenser-2.webp\" alt=\"Granel-10L-Dispensador de leche el\u00e9ctrico de cer\u00e1mica-2\" class=\"wp-image-4134\" srcset=\"https:\/\/www.yongyukitchenware.com\/wp-content\/uploads\/2025\/06\/Bulk-10L-Ceramic-Electric-Milk-Dispenser-2.webp 800w, https:\/\/www.yongyukitchenware.com\/wp-content\/uploads\/2025\/06\/Bulk-10L-Ceramic-Electric-Milk-Dispenser-2-300x300.webp 300w, https:\/\/www.yongyukitchenware.com\/wp-content\/uploads\/2025\/06\/Bulk-10L-Ceramic-Electric-Milk-Dispenser-2-150x150.webp 150w, https:\/\/www.yongyukitchenware.com\/wp-content\/uploads\/2025\/06\/Bulk-10L-Ceramic-Electric-Milk-Dispenser-2-768x768.webp 768w, https:\/\/www.yongyukitchenware.com\/wp-content\/uploads\/2025\/06\/Bulk-10L-Ceramic-Electric-Milk-Dispenser-2-12x12.webp 12w, https:\/\/www.yongyukitchenware.com\/wp-content\/uploads\/2025\/06\/Bulk-10L-Ceramic-Electric-Milk-Dispenser-2-600x600.webp 600w, https:\/\/www.yongyukitchenware.com\/wp-content\/uploads\/2025\/06\/Bulk-10L-Ceramic-Electric-Milk-Dispenser-2-100x100.webp 100w\" sizes=\"(max-width: 800px) 100vw, 800px\" \/><\/figure>\n<\/div>\n<\/div>","protected":false},"excerpt":{"rendered":"<p>Dispensador de leche el\u00e9ctrico cer\u00e1mico de 10 litros a granel. Con una capacidad de 10 litros, aislamiento cer\u00e1mico y calentamiento el\u00e9ctrico para una temperatura constante de la leche. Ideal para cafeter\u00edas, buffets de desayuno y catering. P\u00f3ngase en contacto con nosotros hoy mismo para obtener precios al por mayor y oportunidades de asociaci\u00f3n.<\/p>\n<h2>Dispensador de leche el\u00e9ctrico de cer\u00e1mica de 10L a granel Par\u00e1metros:<\/h2>\n<p><strong>Material:<\/strong> Acero inoxidable, pl\u00e1stico<br \/><strong>Dise\u00f1o:<\/strong> Con grifo, rejilla de acero inoxidable, fregadero con agujeros<br \/><strong>Tallas:<\/strong> 10L<br \/><strong>Embalaje:<\/strong> Bolsa\/granel\/cart\u00f3n o personalizado<br \/><strong>OEM\/ODM:<\/strong> Opcional<\/p>\n<h2 class=\"wp-block-heading\">Granel 10L Cer\u00e1mica Dispensador de Leche El\u00e9ctrico Fabricante :<\/h2>\n<p>Ya sea un proveedor de servicios de catering, un hotel y restaurante o una empresa de organizaci\u00f3n de eventos, le ofrecemos soluciones completas de suministros de catering al por mayor con precios de f\u00e1brica de alta calidad.<\/p>","protected":false},"featured_media":4134,"comment_status":"closed","ping_status":"closed","template":"","meta":{"_acf_changed":true},"application":[30],"product_brand":[],"product_cat":[22,34],"product_tag":[],"class_list":{"0":"post-4141","1":"product","2":"type-product","3":"status-publish","4":"has-post-thumbnail","6":"application-hotel-catering","7":"product_cat-catering-supplies-wholesale","8":"product_cat-wholesale-drink-dispenser","10":"first","11":"instock","12":"shipping-taxable","13":"product-type-simple"},"acf":[],"_links":{"self":[{"href":"https:\/\/www.yongyukitchenware.com\/es\/wp-json\/wp\/v2\/product\/4141","targetHints":{"allow":["GET"]}}],"collection":[{"href":"https:\/\/www.yongyukitchenware.com\/es\/wp-json\/wp\/v2\/product"}],"about":[{"href":"https:\/\/www.yongyukitchenware.com\/es\/wp-json\/wp\/v2\/types\/product"}],"replies":[{"embeddable":true,"href":"https:\/\/www.yongyukitchenware.com\/es\/wp-json\/wp\/v2\/comments?post=4141"}],"wp:featuredmedia":[{"embeddable":true,"href":"https:\/\/www.yongyukitchenware.com\/es\/wp-json\/wp\/v2\/media\/4134"}],"wp:attachment":[{"href":"https:\/\/www.yongyukitchenware.com\/es\/wp-json\/wp\/v2\/media?parent=4141"}],"wp:term":[{"taxonomy":"application","embeddable":true,"href":"https:\/\/www.yongyukitchenware.com\/es\/wp-json\/wp\/v2\/application?post=4141"},{"taxonomy":"product_brand","embeddable":true,"href":"https:\/\/www.yongyukitchenware.com\/es\/wp-json\/wp\/v2\/product_brand?post=4141"},{"taxonomy":"product_cat","embeddable":true,"href":"https:\/\/www.yongyukitchenware.com\/es\/wp-json\/wp\/v2\/product_cat?post=4141"},{"taxonomy":"product_tag","embeddable":true,"href":"https:\/\/www.yongyukitchenware.com\/es\/wp-json\/wp\/v2\/product_tag?post=4141"}],"curies":[{"name":"wp","href":"https:\/\/api.w.org\/{rel}","templated":true}]}}