{"id":4185,"date":"2025-06-30T01:02:55","date_gmt":"2025-06-30T01:02:55","guid":{"rendered":"https:\/\/www.yongyukitchenware.com\/?post_type=product&#038;p=4185"},"modified":"2025-06-30T01:03:01","modified_gmt":"2025-06-30T01:03:01","slug":"wholesale-stainless-steel-airtight-canister-coffee-vacuum-storage-container-steel","status":"publish","type":"product","link":"https:\/\/www.yongyukitchenware.com\/es\/producto\/wholesale-stainless-steel-airtight-canister-coffee-vacuum-storage-container-steel\/","title":{"rendered":"Mayorista Bote herm\u00e9tico de acero inoxidable Caf\u00e9 Recipiente de almacenamiento al vac\u00edo-Acero"},"content":{"rendered":"<div class=\"wp-block-columns is-layout-flex wp-container-core-columns-is-layout-9d6595d7 wp-block-columns-is-layout-flex\">\n<div class=\"wp-block-column is-layout-flow wp-block-column-is-layout-flow\">\n<h2 class=\"wp-block-heading\">Mayorista Bote herm\u00e9tico de acero inoxidable Caracter\u00edsticas:<\/h2>\n\n\n\n<p><strong>Material de acero inoxidable de calidad alimentaria:<\/strong> Fabricada en acero inoxidable 304 de alta calidad, es inoxidable, anticorrosiva, inodora y perfecta para almacenar diversos ingredientes como t\u00e9, caf\u00e9 en grano, az\u00facar y harina. Permanece brillante y limpio incluso despu\u00e9s de un uso continuado.<br><strong>Estructura de doble sellado:<\/strong> La estructura de sellado de doble capa en el interior y el exterior de la tapa detiene adecuadamente el aire y la humedad, mantiene los ingredientes frescos y secos, y prolonga la vida \u00fatil. Es una opci\u00f3n ideal para su uso en la cocina.<br><strong>Hay tres capacidades: <\/strong>1,2L, 1,5L y 1,8L, adecuados para el uso diario en la oficina o el almacenamiento diario en casa. Elija en funci\u00f3n de la necesidad de mayor comodidad y versatilidad.<br><strong>Opciones multicolor: <\/strong>Se puede elegir entre el cl\u00e1sico acabado natural en acero inoxidable, el sencillo negro y el elegante blanco. Est\u00e1n disponibles para su uso con varios dise\u00f1os de cocina y ofrecen almacenamiento, adem\u00e1s de atractivo est\u00e9tico.<br><strong>Cuchara de acero inoxidable de regalo:<\/strong> Cada tarro incluye una cuchara de acero inoxidable fabricada con el mismo metal, pr\u00e1ctica para un vaciado cuantitativo, que se limpia sin esfuerzo y sin preocupaciones, y que permite guardarlo y recuperarlo en un solo paso.<\/p>\n<\/div>\n\n\n\n<div class=\"wp-block-column is-layout-flow wp-block-column-is-layout-flow\">\n<div class=\"wp-block-columns is-layout-flex wp-container-core-columns-is-layout-9d6595d7 wp-block-columns-is-layout-flex\">\n<div class=\"wp-block-column is-layout-flow wp-block-column-is-layout-flow\"><div class=\"wp-block-image\">\n<figure class=\"aligncenter size-full is-resized\"><img decoding=\"async\" width=\"800\" height=\"800\" src=\"https:\/\/www.yongyukitchenware.com\/wp-content\/uploads\/2025\/06\/Wholesale-Stainless-Steel-Airtight-Canister-5.webp\" alt=\"Mayorista-Acero inoxidable-Airtight-Canister-5\" class=\"wp-image-4190\" style=\"width:416px;height:auto\" srcset=\"https:\/\/www.yongyukitchenware.com\/wp-content\/uploads\/2025\/06\/Wholesale-Stainless-Steel-Airtight-Canister-5.webp 800w, https:\/\/www.yongyukitchenware.com\/wp-content\/uploads\/2025\/06\/Wholesale-Stainless-Steel-Airtight-Canister-5-300x300.webp 300w, https:\/\/www.yongyukitchenware.com\/wp-content\/uploads\/2025\/06\/Wholesale-Stainless-Steel-Airtight-Canister-5-150x150.webp 150w, https:\/\/www.yongyukitchenware.com\/wp-content\/uploads\/2025\/06\/Wholesale-Stainless-Steel-Airtight-Canister-5-768x768.webp 768w, https:\/\/www.yongyukitchenware.com\/wp-content\/uploads\/2025\/06\/Wholesale-Stainless-Steel-Airtight-Canister-5-12x12.webp 12w, https:\/\/www.yongyukitchenware.com\/wp-content\/uploads\/2025\/06\/Wholesale-Stainless-Steel-Airtight-Canister-5-600x600.webp 600w, https:\/\/www.yongyukitchenware.com\/wp-content\/uploads\/2025\/06\/Wholesale-Stainless-Steel-Airtight-Canister-5-100x100.webp 100w\" sizes=\"(max-width: 800px) 100vw, 800px\" \/><\/figure>\n<\/div>\n\n<div class=\"wp-block-image\">\n<figure class=\"aligncenter size-full is-resized\"><img decoding=\"async\" width=\"800\" height=\"800\" src=\"https:\/\/www.yongyukitchenware.com\/wp-content\/uploads\/2025\/06\/Wholesale-Stainless-Steel-Airtight-Canister-12.webp\" alt=\"Mayorista-Acero inoxidable-Airtight-Canister-12\" class=\"wp-image-4197\" style=\"width:416px;height:auto\" srcset=\"https:\/\/www.yongyukitchenware.com\/wp-content\/uploads\/2025\/06\/Wholesale-Stainless-Steel-Airtight-Canister-12.webp 800w, https:\/\/www.yongyukitchenware.com\/wp-content\/uploads\/2025\/06\/Wholesale-Stainless-Steel-Airtight-Canister-12-300x300.webp 300w, https:\/\/www.yongyukitchenware.com\/wp-content\/uploads\/2025\/06\/Wholesale-Stainless-Steel-Airtight-Canister-12-150x150.webp 150w, https:\/\/www.yongyukitchenware.com\/wp-content\/uploads\/2025\/06\/Wholesale-Stainless-Steel-Airtight-Canister-12-768x768.webp 768w, https:\/\/www.yongyukitchenware.com\/wp-content\/uploads\/2025\/06\/Wholesale-Stainless-Steel-Airtight-Canister-12-12x12.webp 12w, https:\/\/www.yongyukitchenware.com\/wp-content\/uploads\/2025\/06\/Wholesale-Stainless-Steel-Airtight-Canister-12-600x600.webp 600w, https:\/\/www.yongyukitchenware.com\/wp-content\/uploads\/2025\/06\/Wholesale-Stainless-Steel-Airtight-Canister-12-100x100.webp 100w\" sizes=\"(max-width: 800px) 100vw, 800px\" \/><\/figure>\n<\/div><\/div>\n<\/div>\n<\/div>\n<\/div>\n\n\n\n<div class=\"wp-block-group is-vertical is-layout-flex wp-container-core-group-is-layout-8cf370e7 wp-block-group-is-layout-flex\">\n<h2 class=\"wp-block-heading\">Mayorista Bid\u00f3n herm\u00e9tico de acero inoxidable Tama\u00f1o:<\/h2>\n<\/div>\n\n\n\n<figure class=\"wp-block-table\"><table class=\"has-fixed-layout\"><tbody><tr><td>Modelo<\/td><td>Capacidad<\/td><td>MOQ<\/td><\/tr><tr><td rowspan=\"3\">DY115-Z<\/td><td>1.2L<\/td><td rowspan=\"3\">100 unidades<\/td><\/tr><tr><td>1.5L<\/td><\/tr><tr><td>1.8L<\/td><\/tr><\/tbody><\/table><\/figure>","protected":false},"excerpt":{"rendered":"<p>Bote herm\u00e9tico de acero inoxidable al por mayor. Mantiene el caf\u00e9 fresco con una tapa sellada al vac\u00edo y un cuerpo de acero inoxidable duradero. Ideal para cafeter\u00edas, tostadores y cocinas gourmet. P\u00f3ngase en contacto con nosotros para precios al por mayor y personalizaci\u00f3n de marca.<\/p>\n<h2 style=\"text-align: left;\">Mayorista Bid\u00f3n herm\u00e9tico de acero inoxidable Par\u00e1metros:<\/h2>\n<p style=\"text-align: left;\"><strong>Material:<\/strong> Acero inoxidable<br \/><strong>Color:<\/strong> Plata\/Negro\/Blanco<br \/><strong>Diferentes tama\u00f1os:<\/strong> 1,2L\/1,5L\/1,8L<br \/><strong>Embalaje: <\/strong>Bolsa Opp y caja de cart\u00f3n<br \/><strong>OEM\/ODM:<\/strong> Disponible<\/p>\n<h2 class=\"wp-block-heading\">Mayorista Bote herm\u00e9tico de acero inoxidable Fabricante :<\/h2>\n<p>Fundada en 1996, Yongyu se especializa en la producci\u00f3n y venta al por mayor de recipientes de acero inoxidable para el almacenamiento de alimentos, utensilios de cocina, suministros de catering, art\u00edculos para el hogar y utensilios de cocina de camping. Ofrece a sus clientes servicios integrales de OEM, ODM y comercio electr\u00f3nico.<\/p>","protected":false},"featured_media":4186,"comment_status":"closed","ping_status":"closed","template":"","meta":{"_acf_changed":false},"application":[31],"product_brand":[],"product_cat":[19],"product_tag":[],"class_list":{"0":"post-4185","1":"product","2":"type-product","3":"status-publish","4":"has-post-thumbnail","6":"application-champ-kitchen","7":"product_cat-food-storage-container-bulk-custom","9":"first","10":"instock","11":"shipping-taxable","12":"product-type-simple"},"acf":[],"_links":{"self":[{"href":"https:\/\/www.yongyukitchenware.com\/es\/wp-json\/wp\/v2\/product\/4185","targetHints":{"allow":["GET"]}}],"collection":[{"href":"https:\/\/www.yongyukitchenware.com\/es\/wp-json\/wp\/v2\/product"}],"about":[{"href":"https:\/\/www.yongyukitchenware.com\/es\/wp-json\/wp\/v2\/types\/product"}],"replies":[{"embeddable":true,"href":"https:\/\/www.yongyukitchenware.com\/es\/wp-json\/wp\/v2\/comments?post=4185"}],"wp:featuredmedia":[{"embeddable":true,"href":"https:\/\/www.yongyukitchenware.com\/es\/wp-json\/wp\/v2\/media\/4186"}],"wp:attachment":[{"href":"https:\/\/www.yongyukitchenware.com\/es\/wp-json\/wp\/v2\/media?parent=4185"}],"wp:term":[{"taxonomy":"application","embeddable":true,"href":"https:\/\/www.yongyukitchenware.com\/es\/wp-json\/wp\/v2\/application?post=4185"},{"taxonomy":"product_brand","embeddable":true,"href":"https:\/\/www.yongyukitchenware.com\/es\/wp-json\/wp\/v2\/product_brand?post=4185"},{"taxonomy":"product_cat","embeddable":true,"href":"https:\/\/www.yongyukitchenware.com\/es\/wp-json\/wp\/v2\/product_cat?post=4185"},{"taxonomy":"product_tag","embeddable":true,"href":"https:\/\/www.yongyukitchenware.com\/es\/wp-json\/wp\/v2\/product_tag?post=4185"}],"curies":[{"name":"wp","href":"https:\/\/api.w.org\/{rel}","templated":true}]}}