{"id":4205,"date":"2025-06-30T01:26:49","date_gmt":"2025-06-30T01:26:49","guid":{"rendered":"https:\/\/www.yongyukitchenware.com\/?post_type=product&#038;p=4205"},"modified":"2025-06-30T01:26:52","modified_gmt":"2025-06-30T01:26:52","slug":"bulk-stainless-steel-airtight-canister-coffee-vacuum-storage-container-black","status":"publish","type":"product","link":"https:\/\/www.yongyukitchenware.com\/es\/producto\/bulk-stainless-steel-airtight-canister-coffee-vacuum-storage-container-black\/","title":{"rendered":"Recipiente herm\u00e9tico de acero inoxidable para caf\u00e9 al vac\u00edo-Negro"},"content":{"rendered":"<div class=\"wp-block-columns is-layout-flex wp-container-core-columns-is-layout-9d6595d7 wp-block-columns-is-layout-flex\">\n<div class=\"wp-block-column is-layout-flow wp-block-column-is-layout-flow\">\n<h2 class=\"wp-block-heading\">Bote herm\u00e9tico de acero inoxidable a granel Caracter\u00edsticas:<\/h2>\n\n\n\n<p><strong>Acero inoxidable de calidad alimentaria:<\/strong> Construido con acero inoxidable 304 de alta calidad, el recipiente es resistente a la corrosi\u00f3n, al \u00f3xido y a los olores. Perfecto para guardar granos de caf\u00e9, t\u00e9, az\u00facar, harina y mucho m\u00e1s, sin que se desluzcan con el tiempo.<\/p>\n\n\n\n<p><strong>Dise\u00f1o de tapa de doble cierre: <\/strong>Presenta un dise\u00f1o de dos sellos que mantiene la frescura y evita la entrada de aire y humedad, prolongando as\u00ed su vida \u00fatil.<\/p>\n\n\n\n<p><strong>Gama de opciones de capacidad:<\/strong> Disponible en tama\u00f1os de 1,2L, 1,5L y 1,8L para adaptarse a todo tipo de necesidades de almacenamiento cotidianas, ya sea en casa o en la oficina.<\/p>\n\n\n\n<p><strong>Opciones de color de la gama: <\/strong>Elija entre el cl\u00e1sico acero inoxidable, el negro mate o el elegante blanco para combinar con el estilo de su cocina y dar un toque de estilo a su encimera.<\/p>\n\n\n\n<p><strong>Cuchara de acero inoxidable de regalo: <\/strong>Cada bote viene con una cuchara de acero inoxidable a juego para porcionar f\u00e1cilmente, limpiar sin derrames y utilizar sin esfuerzo.<\/p>\n<\/div>\n\n\n\n<div class=\"wp-block-column is-layout-flow wp-block-column-is-layout-flow\">\n<div class=\"wp-block-columns is-layout-flex wp-container-core-columns-is-layout-9d6595d7 wp-block-columns-is-layout-flex\">\n<div class=\"wp-block-column is-layout-flow wp-block-column-is-layout-flow\"><div class=\"wp-block-image\">\n<figure class=\"aligncenter size-full is-resized\"><img decoding=\"async\" width=\"800\" height=\"800\" src=\"https:\/\/www.yongyukitchenware.com\/wp-content\/uploads\/2025\/06\/Wholesale-Stainless-Steel-Airtight-Canister-5.webp\" alt=\"Recipiente herm\u00e9tico de acero inoxidable a granel-5\" class=\"wp-image-4190\" style=\"width:416px;height:auto\" srcset=\"https:\/\/www.yongyukitchenware.com\/wp-content\/uploads\/2025\/06\/Wholesale-Stainless-Steel-Airtight-Canister-5.webp 800w, https:\/\/www.yongyukitchenware.com\/wp-content\/uploads\/2025\/06\/Wholesale-Stainless-Steel-Airtight-Canister-5-300x300.webp 300w, https:\/\/www.yongyukitchenware.com\/wp-content\/uploads\/2025\/06\/Wholesale-Stainless-Steel-Airtight-Canister-5-150x150.webp 150w, https:\/\/www.yongyukitchenware.com\/wp-content\/uploads\/2025\/06\/Wholesale-Stainless-Steel-Airtight-Canister-5-768x768.webp 768w, https:\/\/www.yongyukitchenware.com\/wp-content\/uploads\/2025\/06\/Wholesale-Stainless-Steel-Airtight-Canister-5-12x12.webp 12w, https:\/\/www.yongyukitchenware.com\/wp-content\/uploads\/2025\/06\/Wholesale-Stainless-Steel-Airtight-Canister-5-600x600.webp 600w, https:\/\/www.yongyukitchenware.com\/wp-content\/uploads\/2025\/06\/Wholesale-Stainless-Steel-Airtight-Canister-5-100x100.webp 100w\" sizes=\"(max-width: 800px) 100vw, 800px\" \/><\/figure>\n<\/div>\n\n<div class=\"wp-block-image\">\n<figure class=\"aligncenter size-full is-resized\"><img decoding=\"async\" width=\"800\" height=\"800\" src=\"https:\/\/www.yongyukitchenware.com\/wp-content\/uploads\/2025\/06\/Wholesale-Stainless-Steel-Airtight-Canister-12.webp\" alt=\"Mayorista-Acero inoxidable-Airtight-Canister-12\" class=\"wp-image-4197\" style=\"width:416px;height:auto\" srcset=\"https:\/\/www.yongyukitchenware.com\/wp-content\/uploads\/2025\/06\/Wholesale-Stainless-Steel-Airtight-Canister-12.webp 800w, https:\/\/www.yongyukitchenware.com\/wp-content\/uploads\/2025\/06\/Wholesale-Stainless-Steel-Airtight-Canister-12-300x300.webp 300w, https:\/\/www.yongyukitchenware.com\/wp-content\/uploads\/2025\/06\/Wholesale-Stainless-Steel-Airtight-Canister-12-150x150.webp 150w, https:\/\/www.yongyukitchenware.com\/wp-content\/uploads\/2025\/06\/Wholesale-Stainless-Steel-Airtight-Canister-12-768x768.webp 768w, https:\/\/www.yongyukitchenware.com\/wp-content\/uploads\/2025\/06\/Wholesale-Stainless-Steel-Airtight-Canister-12-12x12.webp 12w, https:\/\/www.yongyukitchenware.com\/wp-content\/uploads\/2025\/06\/Wholesale-Stainless-Steel-Airtight-Canister-12-600x600.webp 600w, https:\/\/www.yongyukitchenware.com\/wp-content\/uploads\/2025\/06\/Wholesale-Stainless-Steel-Airtight-Canister-12-100x100.webp 100w\" sizes=\"(max-width: 800px) 100vw, 800px\" \/><\/figure>\n<\/div><\/div>\n<\/div>\n<\/div>\n<\/div>\n\n\n\n<div class=\"wp-block-group is-vertical is-layout-flex wp-container-core-group-is-layout-8cf370e7 wp-block-group-is-layout-flex\">\n<h2 class=\"wp-block-heading\">Bid\u00f3n herm\u00e9tico de acero inoxidable a granel Tama\u00f1o:<\/h2>\n<\/div>\n\n\n\n<figure class=\"wp-block-table\"><table class=\"has-fixed-layout\"><tbody><tr><td>Modelo<\/td><td>Capacidad<\/td><td>MOQ<\/td><\/tr><tr><td rowspan=\"3\">DY115-Z<\/td><td>1.2L<\/td><td rowspan=\"3\">100 unidades<\/td><\/tr><tr><td>1.5L<\/td><\/tr><tr><td>1.8L<\/td><\/tr><\/tbody><\/table><\/figure>","protected":false},"excerpt":{"rendered":"<p>Bote herm\u00e9tico de acero inoxidable a granel. Fabricado con acero inoxidable 304 duradero y tapa de doble cierre para una m\u00e1xima frescura. Ideal para almacenar caf\u00e9, t\u00e9 e ingredientes secos en cocinas o cafeter\u00edas. As\u00f3ciese con nosotros para un suministro fiable a granel y etiquetado privado.<\/p>\n<h2 style=\"text-align: left;\">Bid\u00f3n herm\u00e9tico de acero inoxidable a granel Par\u00e1metros:<\/h2>\n<p style=\"text-align: left;\"><strong>Material:<\/strong> Acero inoxidable<br \/><strong>Color:<\/strong> Plata\/Negro\/Blanco<br \/><strong>Diferentes tama\u00f1os:<\/strong> 1,2L\/1,5L\/1,8L<br \/><strong>Embalaje: <\/strong>Bolsa Opp y caja de cart\u00f3n<br \/><strong>OEM\/ODM:<\/strong> Disponible<\/p>\n<h2 class=\"wp-block-heading\">Recipiente herm\u00e9tico de acero inoxidable a granel Fabricantes :<\/h2>\n<p>Fundada en 1996, Yongyu se especializa en la producci\u00f3n y venta al por mayor de recipientes de acero inoxidable para el almacenamiento de alimentos, utensilios de cocina, suministros de catering, art\u00edculos para el hogar y utensilios de cocina de camping. Ofrece a sus clientes servicios integrales de OEM, ODM y comercio electr\u00f3nico.<\/p>","protected":false},"featured_media":4187,"comment_status":"closed","ping_status":"closed","template":"","meta":{"_acf_changed":true},"application":[31],"product_brand":[],"product_cat":[19],"product_tag":[],"class_list":{"0":"post-4205","1":"product","2":"type-product","3":"status-publish","4":"has-post-thumbnail","6":"application-champ-kitchen","7":"product_cat-food-storage-container-bulk-custom","9":"first","10":"instock","11":"shipping-taxable","12":"product-type-simple"},"acf":[],"_links":{"self":[{"href":"https:\/\/www.yongyukitchenware.com\/es\/wp-json\/wp\/v2\/product\/4205","targetHints":{"allow":["GET"]}}],"collection":[{"href":"https:\/\/www.yongyukitchenware.com\/es\/wp-json\/wp\/v2\/product"}],"about":[{"href":"https:\/\/www.yongyukitchenware.com\/es\/wp-json\/wp\/v2\/types\/product"}],"replies":[{"embeddable":true,"href":"https:\/\/www.yongyukitchenware.com\/es\/wp-json\/wp\/v2\/comments?post=4205"}],"wp:featuredmedia":[{"embeddable":true,"href":"https:\/\/www.yongyukitchenware.com\/es\/wp-json\/wp\/v2\/media\/4187"}],"wp:attachment":[{"href":"https:\/\/www.yongyukitchenware.com\/es\/wp-json\/wp\/v2\/media?parent=4205"}],"wp:term":[{"taxonomy":"application","embeddable":true,"href":"https:\/\/www.yongyukitchenware.com\/es\/wp-json\/wp\/v2\/application?post=4205"},{"taxonomy":"product_brand","embeddable":true,"href":"https:\/\/www.yongyukitchenware.com\/es\/wp-json\/wp\/v2\/product_brand?post=4205"},{"taxonomy":"product_cat","embeddable":true,"href":"https:\/\/www.yongyukitchenware.com\/es\/wp-json\/wp\/v2\/product_cat?post=4205"},{"taxonomy":"product_tag","embeddable":true,"href":"https:\/\/www.yongyukitchenware.com\/es\/wp-json\/wp\/v2\/product_tag?post=4205"}],"curies":[{"name":"wp","href":"https:\/\/api.w.org\/{rel}","templated":true}]}}