{"id":4220,"date":"2025-07-02T01:26:24","date_gmt":"2025-07-02T01:26:24","guid":{"rendered":"https:\/\/www.yongyukitchenware.com\/?post_type=product&#038;p=4220"},"modified":"2025-07-02T01:26:33","modified_gmt":"2025-07-02T01:26:33","slug":"wholesale-stainless-steel-steamer-basket-with-handle","status":"publish","type":"product","link":"https:\/\/www.yongyukitchenware.com\/es\/producto\/wholesale-stainless-steel-steamer-basket-with-handle\/","title":{"rendered":"Mayorista Cesta de acero inoxidable para cocinar al vapor con asa"},"content":{"rendered":"<div class=\"wp-block-columns is-layout-flex wp-container-core-columns-is-layout-9d6595d7 wp-block-columns-is-layout-flex\">\n<div class=\"wp-block-column is-layout-flow wp-block-column-is-layout-flow\">\n<h2 class=\"wp-block-heading\">Mayorista Cesta de acero inoxidable para cocinar al vapor Tama\u00f1o:<\/h2>\n\n\n\n<figure class=\"wp-block-table\"><table class=\"has-fixed-layout\"><tbody><tr><td>Modelo<\/td><td>Di\u00e1metro<\/td><td>MOQ<\/td><\/tr><tr><td rowspan=\"7\">DY117-Z<\/td><td>13,8*8CM<\/td><td>160PCS<\/td><\/tr><tr><td>16.5*9.5CM<\/td><td>128PCS<\/td><\/tr><tr><td>17.5*9.5CM<\/td><td>128PCS<\/td><\/tr><tr><td>20*9,5CM<\/td><td>96PCS<\/td><\/tr><tr><td>22*9,5CM<\/td><td>96PCS<\/td><\/tr><tr><td>21.5*12.5CM<\/td><td>54PCS<\/td><\/tr><tr><td>21.5*14CM<\/td><td>45PCS<\/td><\/tr><\/tbody><\/table><\/figure>\n\n\n\n<figure class=\"wp-block-image size-full is-resized\"><img decoding=\"async\" width=\"800\" height=\"800\" src=\"https:\/\/www.yongyukitchenware.com\/wp-content\/uploads\/2025\/06\/Wholesale-Stainless-Steel-Steamer-Basket-4.webp\" alt=\"Comercio al por mayor de acero inoxidable - Cesto para vaporizador 4\" class=\"wp-image-4224\" style=\"width:384px\" srcset=\"https:\/\/www.yongyukitchenware.com\/wp-content\/uploads\/2025\/06\/Wholesale-Stainless-Steel-Steamer-Basket-4.webp 800w, https:\/\/www.yongyukitchenware.com\/wp-content\/uploads\/2025\/06\/Wholesale-Stainless-Steel-Steamer-Basket-4-300x300.webp 300w, https:\/\/www.yongyukitchenware.com\/wp-content\/uploads\/2025\/06\/Wholesale-Stainless-Steel-Steamer-Basket-4-150x150.webp 150w, https:\/\/www.yongyukitchenware.com\/wp-content\/uploads\/2025\/06\/Wholesale-Stainless-Steel-Steamer-Basket-4-768x768.webp 768w, https:\/\/www.yongyukitchenware.com\/wp-content\/uploads\/2025\/06\/Wholesale-Stainless-Steel-Steamer-Basket-4-12x12.webp 12w, https:\/\/www.yongyukitchenware.com\/wp-content\/uploads\/2025\/06\/Wholesale-Stainless-Steel-Steamer-Basket-4-600x600.webp 600w, https:\/\/www.yongyukitchenware.com\/wp-content\/uploads\/2025\/06\/Wholesale-Stainless-Steel-Steamer-Basket-4-100x100.webp 100w\" sizes=\"(max-width: 800px) 100vw, 800px\" \/><\/figure>\n<\/div>\n\n\n\n<div class=\"wp-block-column is-layout-flow wp-block-column-is-layout-flow\">\n<figure class=\"wp-block-image size-full is-resized\"><img decoding=\"async\" width=\"800\" height=\"800\" src=\"https:\/\/www.yongyukitchenware.com\/wp-content\/uploads\/2025\/06\/Wholesale-Stainless-Steel-Steamer-Basket-3.webp\" alt=\"Comercio al por mayor de acero inoxidable - Cesto para vaporizador 3\" class=\"wp-image-4223\" style=\"width:384px;height:auto\" srcset=\"https:\/\/www.yongyukitchenware.com\/wp-content\/uploads\/2025\/06\/Wholesale-Stainless-Steel-Steamer-Basket-3.webp 800w, https:\/\/www.yongyukitchenware.com\/wp-content\/uploads\/2025\/06\/Wholesale-Stainless-Steel-Steamer-Basket-3-300x300.webp 300w, https:\/\/www.yongyukitchenware.com\/wp-content\/uploads\/2025\/06\/Wholesale-Stainless-Steel-Steamer-Basket-3-150x150.webp 150w, https:\/\/www.yongyukitchenware.com\/wp-content\/uploads\/2025\/06\/Wholesale-Stainless-Steel-Steamer-Basket-3-768x768.webp 768w, https:\/\/www.yongyukitchenware.com\/wp-content\/uploads\/2025\/06\/Wholesale-Stainless-Steel-Steamer-Basket-3-12x12.webp 12w, https:\/\/www.yongyukitchenware.com\/wp-content\/uploads\/2025\/06\/Wholesale-Stainless-Steel-Steamer-Basket-3-600x600.webp 600w, https:\/\/www.yongyukitchenware.com\/wp-content\/uploads\/2025\/06\/Wholesale-Stainless-Steel-Steamer-Basket-3-100x100.webp 100w\" sizes=\"(max-width: 800px) 100vw, 800px\" \/><\/figure>\n\n\n\n<h2 class=\"wp-block-heading\">Venta al por mayor de acero inoxidable cesta de vapor Caracter\u00edsticas:<\/h2>\n\n\n\n<p><strong>Varias tallas disponibles:<\/strong> Un total de 7 tama\u00f1os, con di\u00e1metros que van de 13,8 cm a 21,5 cm, son compatibles con diversos utensilios de cocina, como ollas arroceras, woks y ollas soperas, lo que permite una selecci\u00f3n flexible para satisfacer mejor las necesidades de uso.<br><strong>Acero inoxidable de calidad alimentaria: <\/strong>Fabricado en acero inoxidable de alta calidad para uso alimentario, es resistente a la corrosi\u00f3n, al calor, inodoro y m\u00e1s tranquilizador cuando est\u00e1 en contacto directo con los alimentos. Es duradero y menos propenso a la deformaci\u00f3n.<br><strong>Fino dise\u00f1o del orificio de vaporizaci\u00f3n: <\/strong>Los orificios de cocci\u00f3n al vapor est\u00e1n distribuidos uniformemente, lo que mejora la eficacia de la circulaci\u00f3n del vapor y permite que los alimentos se calienten m\u00e1s r\u00e1pida y uniformemente, ahorrando tiempo de cocci\u00f3n y conservando el aroma original de los ingredientes.<br><strong>Bastidor de soporte estable: <\/strong>El fondo est\u00e1 equipado con un dise\u00f1o de soporte incorporado. Se puede calentar en agua sin tocar la superficie del agua, evitando eficazmente que se pegue al fondo o que quede por debajo.<br><strong>El asa es plegable:<\/strong> La parte superior est\u00e1 equipada con un asa plegable, que hace m\u00e1s c\u00f3modo sacarla y meterla, evita el riesgo de quemarse las manos y permite manejarla f\u00e1cilmente incluso despu\u00e9s de cocer al vapor o hervir.<br><strong>Un ayudante de cocina vers\u00e1til:<\/strong> No s\u00f3lo puede cocer al vapor arroz, sino tambi\u00e9n verduras, ma\u00edz, bollos, huevos, etc. Es un pr\u00e1ctico utensilio de cocina que toda familia merece tener.<\/p>\n<\/div>\n<\/div>\n\n\n\n<p><\/p>","protected":false},"excerpt":{"rendered":"<div class=\"n4sEPd\">\n<div class=\"UdTY9 qhIQqf leDWne\" aria-hidden=\"true\" data-location=\"1\">cesta de acero inoxidable al por mayor para cocinar al vapor. fabricada en acero inoxidable de calidad alimentaria duradero con un asa pr\u00e1ctica para levantarla f\u00e1cilmente. ideal para cocinar al vapor verduras, alb\u00f3ndigas o marisco en cocinas, restaurantes y catering. perfecta para comprar al por mayor y mejorar la eficacia en la preparaci\u00f3n comercial de alimentos.<\/div>\n<\/div>\n<h2 style=\"text-align: left;\">Venta al por mayor de cestas de acero inoxidable para cocinar al vapor:<\/h2>\n<p style=\"text-align: left;\"><strong>Material:<\/strong> Acero inoxidable<br \/><span style=\"margin: 0px; padding: 0px;\"><strong>Longitud:<\/strong> 13.8\/16.5\/17.5\/20\/22\/21.5cm<\/span><br \/><strong>Forma:<\/strong> Forma redonda<br \/><strong>Embalaje:<\/strong> Bolsa OPP y cart\u00f3n<br \/><strong>OEM\/ODM:<\/strong> Disponible<\/p>\n<h2 class=\"wp-block-heading\">Del mayorista de vajillas Yongyu:<\/h2>\n<p>Yongyu Tableware Wholesaler puede satisfacer las necesidades de los clientes al por mayor y proporcionar una serie de suministros de catering al por mayor de alta calidad que combina elegancia y durabilidad. Incluyendo vajilla, vajilla de bebidas, equipos de catering, utensilios de cocina, elementos esenciales de cocina de campamento, etc.<\/p>","protected":false},"featured_media":4225,"comment_status":"closed","ping_status":"closed","template":"","meta":{"_acf_changed":false},"application":[29],"product_brand":[],"product_cat":[21],"product_tag":[],"class_list":{"0":"post-4220","1":"product","2":"type-product","3":"status-publish","4":"has-post-thumbnail","6":"application-home-kitchen","7":"product_cat-tableware-wholesale","9":"first","10":"instock","11":"shipping-taxable","12":"product-type-simple"},"acf":[],"_links":{"self":[{"href":"https:\/\/www.yongyukitchenware.com\/es\/wp-json\/wp\/v2\/product\/4220","targetHints":{"allow":["GET"]}}],"collection":[{"href":"https:\/\/www.yongyukitchenware.com\/es\/wp-json\/wp\/v2\/product"}],"about":[{"href":"https:\/\/www.yongyukitchenware.com\/es\/wp-json\/wp\/v2\/types\/product"}],"replies":[{"embeddable":true,"href":"https:\/\/www.yongyukitchenware.com\/es\/wp-json\/wp\/v2\/comments?post=4220"}],"wp:featuredmedia":[{"embeddable":true,"href":"https:\/\/www.yongyukitchenware.com\/es\/wp-json\/wp\/v2\/media\/4225"}],"wp:attachment":[{"href":"https:\/\/www.yongyukitchenware.com\/es\/wp-json\/wp\/v2\/media?parent=4220"}],"wp:term":[{"taxonomy":"application","embeddable":true,"href":"https:\/\/www.yongyukitchenware.com\/es\/wp-json\/wp\/v2\/application?post=4220"},{"taxonomy":"product_brand","embeddable":true,"href":"https:\/\/www.yongyukitchenware.com\/es\/wp-json\/wp\/v2\/product_brand?post=4220"},{"taxonomy":"product_cat","embeddable":true,"href":"https:\/\/www.yongyukitchenware.com\/es\/wp-json\/wp\/v2\/product_cat?post=4220"},{"taxonomy":"product_tag","embeddable":true,"href":"https:\/\/www.yongyukitchenware.com\/es\/wp-json\/wp\/v2\/product_tag?post=4220"}],"curies":[{"name":"wp","href":"https:\/\/api.w.org\/{rel}","templated":true}]}}