{"id":4227,"date":"2025-07-02T01:29:34","date_gmt":"2025-07-02T01:29:34","guid":{"rendered":"https:\/\/www.yongyukitchenware.com\/?post_type=product&#038;p=4227"},"modified":"2025-07-02T01:29:36","modified_gmt":"2025-07-02T01:29:36","slug":"wholesale-stainless-steel-food-container-with-locking-lid","status":"publish","type":"product","link":"https:\/\/www.yongyukitchenware.com\/es\/producto\/wholesale-stainless-steel-food-container-with-locking-lid\/","title":{"rendered":"Mayorista Recipiente de acero inoxidable para alimentos con tapa de cierre"},"content":{"rendered":"<div class=\"wp-block-columns is-layout-flex wp-container-core-columns-is-layout-9d6595d7 wp-block-columns-is-layout-flex\">\n<div class=\"wp-block-column is-layout-flow wp-block-column-is-layout-flow\">\n<h2 class=\"wp-block-heading\">Venta al por mayor de recipientes de acero inoxidable para alimentos Caracter\u00edsticas:<\/h2>\n\n\n\n<p><strong>Dise\u00f1o de doble sellado a prueba de fugas:<\/strong> Equipado con anillos de sellado de silicona de calidad alimentaria y pinzas de cuatro lados, encierra firmemente la frescura y la humedad sin fugas laterales, por lo que es adecuado para llevar al trabajo o al salir.<br><strong>M\u00e1s capacidad de elecci\u00f3n:<\/strong>1100ml\/1300ml\/1600ml\/1900ml cuatro capacidades, puede recibir f\u00e1cilmente la comida, fruta, sopa, la familia todos los d\u00edas, o de viaje.<br>Acero inoxidable de calidad alimentaria: Fabricado en acero inoxidable de alta calidad, es resistente al calor, apto para el congelador, inodoro y menos propenso a dejar residuos de aceite, lo que proporciona una mayor tranquilidad durante su uso.<br><strong>Cubierta superior visible brillante + esfera de fecha: <\/strong>La tapa superior transparente muestra claramente los alimentos del interior. Est\u00e1 equipado con un dial de registro de fecha, lo que le permite controlar f\u00e1cilmente la fecha de caducidad de los alimentos y evitar olvidos y desperdicios.<br><strong>Dise\u00f1o de asa port\u00e1til:<\/strong> Mango plegable, m\u00e1s c\u00f3modo para guardar en casa o llevar al aire libre, bonito y pr\u00e1ctico a la vez.<\/p>\n<\/div>\n\n\n\n<div class=\"wp-block-column is-layout-flow wp-block-column-is-layout-flow\">\n<div class=\"wp-block-columns is-layout-flex wp-container-core-columns-is-layout-9d6595d7 wp-block-columns-is-layout-flex\">\n<div class=\"wp-block-column is-layout-flow wp-block-column-is-layout-flow\"><div class=\"wp-block-image\">\n<figure class=\"aligncenter size-full is-resized\"><img decoding=\"async\" width=\"800\" height=\"800\" src=\"https:\/\/www.yongyukitchenware.com\/wp-content\/uploads\/2025\/06\/Wholesale-Stainless-Steel-Food-Container-6.webp\" alt=\"Mayorista-Contenedor de acero inoxidable para alimentos-6\" class=\"wp-image-4233\" style=\"width:416px;height:auto\" srcset=\"https:\/\/www.yongyukitchenware.com\/wp-content\/uploads\/2025\/06\/Wholesale-Stainless-Steel-Food-Container-6.webp 800w, https:\/\/www.yongyukitchenware.com\/wp-content\/uploads\/2025\/06\/Wholesale-Stainless-Steel-Food-Container-6-300x300.webp 300w, https:\/\/www.yongyukitchenware.com\/wp-content\/uploads\/2025\/06\/Wholesale-Stainless-Steel-Food-Container-6-150x150.webp 150w, https:\/\/www.yongyukitchenware.com\/wp-content\/uploads\/2025\/06\/Wholesale-Stainless-Steel-Food-Container-6-768x768.webp 768w, https:\/\/www.yongyukitchenware.com\/wp-content\/uploads\/2025\/06\/Wholesale-Stainless-Steel-Food-Container-6-12x12.webp 12w, https:\/\/www.yongyukitchenware.com\/wp-content\/uploads\/2025\/06\/Wholesale-Stainless-Steel-Food-Container-6-600x600.webp 600w, https:\/\/www.yongyukitchenware.com\/wp-content\/uploads\/2025\/06\/Wholesale-Stainless-Steel-Food-Container-6-100x100.webp 100w\" sizes=\"(max-width: 800px) 100vw, 800px\" \/><\/figure>\n<\/div>\n\n<div class=\"wp-block-image\">\n<figure class=\"aligncenter size-full is-resized\"><img decoding=\"async\" width=\"800\" height=\"800\" src=\"https:\/\/www.yongyukitchenware.com\/wp-content\/uploads\/2025\/06\/Wholesale-Stainless-Steel-Food-Container-13.webp\" alt=\"Contenedor de acero inoxidable para alimentos-13 al por mayor\" class=\"wp-image-4240\" style=\"width:416px;height:auto\" srcset=\"https:\/\/www.yongyukitchenware.com\/wp-content\/uploads\/2025\/06\/Wholesale-Stainless-Steel-Food-Container-13.webp 800w, https:\/\/www.yongyukitchenware.com\/wp-content\/uploads\/2025\/06\/Wholesale-Stainless-Steel-Food-Container-13-300x300.webp 300w, https:\/\/www.yongyukitchenware.com\/wp-content\/uploads\/2025\/06\/Wholesale-Stainless-Steel-Food-Container-13-150x150.webp 150w, https:\/\/www.yongyukitchenware.com\/wp-content\/uploads\/2025\/06\/Wholesale-Stainless-Steel-Food-Container-13-768x768.webp 768w, https:\/\/www.yongyukitchenware.com\/wp-content\/uploads\/2025\/06\/Wholesale-Stainless-Steel-Food-Container-13-12x12.webp 12w, https:\/\/www.yongyukitchenware.com\/wp-content\/uploads\/2025\/06\/Wholesale-Stainless-Steel-Food-Container-13-600x600.webp 600w, https:\/\/www.yongyukitchenware.com\/wp-content\/uploads\/2025\/06\/Wholesale-Stainless-Steel-Food-Container-13-100x100.webp 100w\" sizes=\"(max-width: 800px) 100vw, 800px\" \/><\/figure>\n<\/div><\/div>\n<\/div>\n<\/div>\n<\/div>\n\n\n\n<div class=\"wp-block-group is-vertical is-layout-flex wp-container-core-group-is-layout-8cf370e7 wp-block-group-is-layout-flex\">\n<h2 class=\"wp-block-heading\">Venta al por mayor de recipientes de acero inoxidable para alimentos Tama\u00f1o:<\/h2>\n<\/div>\n\n\n\n<figure class=\"wp-block-table\"><table class=\"has-fixed-layout\"><tbody><tr><td>Modelo<\/td><td>Talla<\/td><td>Capacidad<\/td><td>MOQ<\/td><\/tr><tr><td rowspan=\"4\">DY057-FH<\/td><td>18*18*9,3 cm<\/td><td>1100ML<\/td><td rowspan=\"4\">120PCS<\/td><\/tr><tr><td>18*18*11,5cm<\/td><td>1300ML<\/td><\/tr><tr><td>19.5*19.5*10.5cm<\/td><td>1600ML<\/td><\/tr><tr><td>19,5*19,5*12,5cm<\/td><td>1900ML<\/td><\/tr><\/tbody><\/table><\/figure>","protected":false},"excerpt":{"rendered":"<p>Recipiente de acero inoxidable para alimentos al por mayor. Fabricado en acero inoxidable de alta calidad con una tapa de cierre seguro para un sellado herm\u00e9tico. Ideal para preparar, almacenar y transportar alimentos en cocinas, restaurantes y servicios de catering. Ideal para pedidos B2B al por mayor para mejorar la seguridad alimentaria y la eficiencia operativa.<\/p>\n<h2 style=\"text-align: left;\">Venta al por mayor de envases de acero inoxidable para alimentos Par\u00e1metros:<\/h2>\n<p style=\"text-align: left;\"><strong>Material:<\/strong> Acero inoxidable<br \/><strong>Color:<\/strong> Plata<br \/><strong>Diferentes tama\u00f1os:<\/strong> 1100\/1300\/1600\/1900ML<br \/><strong>Embalaje: <\/strong>Bolsa Opp y caja de cart\u00f3n<br \/><strong>OEM\/ODM:<\/strong> Disponible<\/p>\n<h2 class=\"wp-block-heading\">Fabricante al por mayor de contenedores de acero inoxidable para alimentos :<\/h2>\n<p>Fundada en 1996, Yongyu se especializa en la producci\u00f3n y venta al por mayor de recipientes de acero inoxidable para el almacenamiento de alimentos, utensilios de cocina, suministros de catering, art\u00edculos para el hogar y utensilios de cocina de camping. Ofrece a sus clientes servicios integrales de OEM, ODM y comercio electr\u00f3nico.<\/p>","protected":false},"featured_media":4228,"comment_status":"closed","ping_status":"closed","template":"","meta":{"_acf_changed":false},"application":[31],"product_brand":[],"product_cat":[19],"product_tag":[],"class_list":{"0":"post-4227","1":"product","2":"type-product","3":"status-publish","4":"has-post-thumbnail","6":"application-champ-kitchen","7":"product_cat-food-storage-container-bulk-custom","9":"first","10":"instock","11":"shipping-taxable","12":"product-type-simple"},"acf":[],"_links":{"self":[{"href":"https:\/\/www.yongyukitchenware.com\/es\/wp-json\/wp\/v2\/product\/4227","targetHints":{"allow":["GET"]}}],"collection":[{"href":"https:\/\/www.yongyukitchenware.com\/es\/wp-json\/wp\/v2\/product"}],"about":[{"href":"https:\/\/www.yongyukitchenware.com\/es\/wp-json\/wp\/v2\/types\/product"}],"replies":[{"embeddable":true,"href":"https:\/\/www.yongyukitchenware.com\/es\/wp-json\/wp\/v2\/comments?post=4227"}],"wp:featuredmedia":[{"embeddable":true,"href":"https:\/\/www.yongyukitchenware.com\/es\/wp-json\/wp\/v2\/media\/4228"}],"wp:attachment":[{"href":"https:\/\/www.yongyukitchenware.com\/es\/wp-json\/wp\/v2\/media?parent=4227"}],"wp:term":[{"taxonomy":"application","embeddable":true,"href":"https:\/\/www.yongyukitchenware.com\/es\/wp-json\/wp\/v2\/application?post=4227"},{"taxonomy":"product_brand","embeddable":true,"href":"https:\/\/www.yongyukitchenware.com\/es\/wp-json\/wp\/v2\/product_brand?post=4227"},{"taxonomy":"product_cat","embeddable":true,"href":"https:\/\/www.yongyukitchenware.com\/es\/wp-json\/wp\/v2\/product_cat?post=4227"},{"taxonomy":"product_tag","embeddable":true,"href":"https:\/\/www.yongyukitchenware.com\/es\/wp-json\/wp\/v2\/product_tag?post=4227"}],"curies":[{"name":"wp","href":"https:\/\/api.w.org\/{rel}","templated":true}]}}