{"id":4241,"date":"2025-07-02T01:36:06","date_gmt":"2025-07-02T01:36:06","guid":{"rendered":"https:\/\/www.yongyukitchenware.com\/?post_type=product&#038;p=4241"},"modified":"2025-07-02T01:36:08","modified_gmt":"2025-07-02T01:36:08","slug":"bulk-stainless-steel-stockpot-with-strainer-for-pasta-cooking","status":"publish","type":"product","link":"https:\/\/www.yongyukitchenware.com\/es\/producto\/bulk-stainless-steel-stockpot-with-strainer-for-pasta-cooking\/","title":{"rendered":"Olla a granel de acero inoxidable con colador para cocinar pasta"},"content":{"rendered":"<div class=\"wp-block-columns is-layout-flex wp-container-core-columns-is-layout-9d6595d7 wp-block-columns-is-layout-flex\">\n<div class=\"wp-block-column is-layout-flow wp-block-column-is-layout-flow\">\n<h2 class=\"wp-block-heading\">Olla de acero inoxidable Caracter\u00edsticas:<\/h2>\n\n\n\n<p><strong>Acero inoxidable de alta calidad: <\/strong>material de acero inoxidable apto para uso alimentario con resistencia a la oxidaci\u00f3n y durabilidad, larga vida \u00fatil<br><strong>Estructura de cesta de malla independiente: <\/strong>Con ganchos, se puede colgar una cesta de malla en el lateral de una olla para colar r\u00e1pidamente los restos de sopa, apta para fre\u00edr, sopas y otras t\u00e9cnicas culinarias<br><strong>Fondo compuesto de tres capas: <\/strong>calentamiento uniforme y r\u00e1pido, se puede utilizar en la mayor\u00eda de las estufas, uso extensivo<br>Cuerpo de olla alto: aumenta la altura, aumenta la capacidad, no es f\u00e1cil salpicar al cocinar, remover, funcionamiento seguro.<br><strong>Mango aislado:<\/strong> remachado y reforzado para una sujeci\u00f3n segura y c\u00f3moda, f\u00e1cil de manejar incluso cuando la olla est\u00e1 caliente.<\/p>\n<\/div>\n\n\n\n<div class=\"wp-block-column is-layout-flow wp-block-column-is-layout-flow\">\n<div class=\"wp-block-columns is-layout-flex wp-container-core-columns-is-layout-9d6595d7 wp-block-columns-is-layout-flex\">\n<div class=\"wp-block-column is-layout-flow wp-block-column-is-layout-flow\">\n<figure class=\"wp-block-image size-full\"><img decoding=\"async\" width=\"800\" height=\"800\" src=\"https:\/\/www.yongyukitchenware.com\/wp-content\/uploads\/2024\/10\/bulk-stock-pot-with-strainer-9.webp\" alt=\"olla a granel con colador (9)\" class=\"wp-image-1520\" srcset=\"https:\/\/www.yongyukitchenware.com\/wp-content\/uploads\/2024\/10\/bulk-stock-pot-with-strainer-9.webp 800w, https:\/\/www.yongyukitchenware.com\/wp-content\/uploads\/2024\/10\/bulk-stock-pot-with-strainer-9-300x300.webp 300w, https:\/\/www.yongyukitchenware.com\/wp-content\/uploads\/2024\/10\/bulk-stock-pot-with-strainer-9-150x150.webp 150w, https:\/\/www.yongyukitchenware.com\/wp-content\/uploads\/2024\/10\/bulk-stock-pot-with-strainer-9-768x768.webp 768w, https:\/\/www.yongyukitchenware.com\/wp-content\/uploads\/2024\/10\/bulk-stock-pot-with-strainer-9-12x12.webp 12w, https:\/\/www.yongyukitchenware.com\/wp-content\/uploads\/2024\/10\/bulk-stock-pot-with-strainer-9-600x600.webp 600w, https:\/\/www.yongyukitchenware.com\/wp-content\/uploads\/2024\/10\/bulk-stock-pot-with-strainer-9-100x100.webp 100w\" sizes=\"(max-width: 800px) 100vw, 800px\" \/><\/figure>\n<\/div>\n\n\n\n<div class=\"wp-block-column is-layout-flow wp-block-column-is-layout-flow\">\n<figure class=\"wp-block-image size-full\"><img decoding=\"async\" width=\"800\" height=\"800\" src=\"https:\/\/www.yongyukitchenware.com\/wp-content\/uploads\/2024\/10\/bulk-stock-pot-with-strainer-4.webp\" alt=\"olla a granel con colador (4)\" class=\"wp-image-1515\" srcset=\"https:\/\/www.yongyukitchenware.com\/wp-content\/uploads\/2024\/10\/bulk-stock-pot-with-strainer-4.webp 800w, https:\/\/www.yongyukitchenware.com\/wp-content\/uploads\/2024\/10\/bulk-stock-pot-with-strainer-4-300x300.webp 300w, https:\/\/www.yongyukitchenware.com\/wp-content\/uploads\/2024\/10\/bulk-stock-pot-with-strainer-4-150x150.webp 150w, https:\/\/www.yongyukitchenware.com\/wp-content\/uploads\/2024\/10\/bulk-stock-pot-with-strainer-4-768x768.webp 768w, https:\/\/www.yongyukitchenware.com\/wp-content\/uploads\/2024\/10\/bulk-stock-pot-with-strainer-4-12x12.webp 12w, https:\/\/www.yongyukitchenware.com\/wp-content\/uploads\/2024\/10\/bulk-stock-pot-with-strainer-4-600x600.webp 600w, https:\/\/www.yongyukitchenware.com\/wp-content\/uploads\/2024\/10\/bulk-stock-pot-with-strainer-4-100x100.webp 100w\" sizes=\"(max-width: 800px) 100vw, 800px\" \/><\/figure>\n<\/div>\n<\/div>\n\n\n\n<div class=\"wp-block-columns is-layout-flex wp-container-core-columns-is-layout-9d6595d7 wp-block-columns-is-layout-flex\">\n<div class=\"wp-block-column is-layout-flow wp-block-column-is-layout-flow\">\n<figure class=\"wp-block-image size-full\"><img decoding=\"async\" width=\"800\" height=\"800\" src=\"https:\/\/www.yongyukitchenware.com\/wp-content\/uploads\/2024\/10\/bulk-stock-pot-with-strainer-2.webp\" alt=\"olla a granel con colador (2)\" class=\"wp-image-1513\" srcset=\"https:\/\/www.yongyukitchenware.com\/wp-content\/uploads\/2024\/10\/bulk-stock-pot-with-strainer-2.webp 800w, https:\/\/www.yongyukitchenware.com\/wp-content\/uploads\/2024\/10\/bulk-stock-pot-with-strainer-2-300x300.webp 300w, https:\/\/www.yongyukitchenware.com\/wp-content\/uploads\/2024\/10\/bulk-stock-pot-with-strainer-2-150x150.webp 150w, https:\/\/www.yongyukitchenware.com\/wp-content\/uploads\/2024\/10\/bulk-stock-pot-with-strainer-2-768x768.webp 768w, https:\/\/www.yongyukitchenware.com\/wp-content\/uploads\/2024\/10\/bulk-stock-pot-with-strainer-2-12x12.webp 12w, https:\/\/www.yongyukitchenware.com\/wp-content\/uploads\/2024\/10\/bulk-stock-pot-with-strainer-2-600x600.webp 600w, https:\/\/www.yongyukitchenware.com\/wp-content\/uploads\/2024\/10\/bulk-stock-pot-with-strainer-2-100x100.webp 100w\" sizes=\"(max-width: 800px) 100vw, 800px\" \/><\/figure>\n<\/div>\n\n\n\n<div class=\"wp-block-column is-layout-flow wp-block-column-is-layout-flow\">\n<figure class=\"wp-block-image size-full\"><img decoding=\"async\" width=\"800\" height=\"800\" src=\"https:\/\/www.yongyukitchenware.com\/wp-content\/uploads\/2024\/10\/bulk-stock-pot-with-strainer-5.webp\" alt=\"olla a granel con colador (5)\" class=\"wp-image-1516\" srcset=\"https:\/\/www.yongyukitchenware.com\/wp-content\/uploads\/2024\/10\/bulk-stock-pot-with-strainer-5.webp 800w, https:\/\/www.yongyukitchenware.com\/wp-content\/uploads\/2024\/10\/bulk-stock-pot-with-strainer-5-300x300.webp 300w, https:\/\/www.yongyukitchenware.com\/wp-content\/uploads\/2024\/10\/bulk-stock-pot-with-strainer-5-150x150.webp 150w, https:\/\/www.yongyukitchenware.com\/wp-content\/uploads\/2024\/10\/bulk-stock-pot-with-strainer-5-768x768.webp 768w, https:\/\/www.yongyukitchenware.com\/wp-content\/uploads\/2024\/10\/bulk-stock-pot-with-strainer-5-12x12.webp 12w, https:\/\/www.yongyukitchenware.com\/wp-content\/uploads\/2024\/10\/bulk-stock-pot-with-strainer-5-600x600.webp 600w, https:\/\/www.yongyukitchenware.com\/wp-content\/uploads\/2024\/10\/bulk-stock-pot-with-strainer-5-100x100.webp 100w\" sizes=\"(max-width: 800px) 100vw, 800px\" \/><\/figure>\n<\/div>\n<\/div>\n<\/div>\n<\/div>","protected":false},"excerpt":{"rendered":"<p>Olla a granel de acero inoxidable con colador, asas simples o dobles y opciones de tapa de cristal o acero inoxidable. Desde Yongyu fabricante, apoyamos OEM y ODM, recepci\u00f3n para entrarnos en contacto con para una investigaci\u00f3n libre.<\/p>\n<h2>Par\u00e1metro de la olla de acero inoxidable:<\/h2>\n<p><strong>Material:<\/strong> Acero inoxidable<br \/><strong>Accesorios:<\/strong> Cesta de malla con gancho, tapa de olla<br \/><strong>Dise\u00f1o de la maceta:<\/strong> Triple fondo compuesto, cuerpo de la olla elevado<br \/><strong>Diferentes tama\u00f1os: <\/strong>Di\u00e1metro 17 cm, tama\u00f1o peque\u00f1o, mediano y grande<br \/><strong>Embalaje:<\/strong> Bolsa\/granel\/cart\u00f3n o personalizado<br \/><strong>OEM\/ODM:<\/strong> Disponible<\/p>\n<h2 class=\"wp-block-heading\">De Yongyu Cookware Fabricante :<\/h2>\n<p>Yongyu es un fabricante profesional de utensilios de cocina. Nuestros productos incluyen todo tipo de utensilios de cocina de acero inoxidable, como ollas para fideos, sartenes, ollas para guisos, etc., y ofrecemos servicios de adquisici\u00f3n de calidad y precios asequibles para cada cliente.<\/p>","protected":false},"featured_media":1519,"comment_status":"closed","ping_status":"closed","template":"","meta":{"_acf_changed":true},"application":[29],"product_brand":[],"product_cat":[23,32],"product_tag":[43],"class_list":{"0":"post-4241","1":"product","2":"type-product","3":"status-publish","4":"has-post-thumbnail","6":"application-home-kitchen","7":"product_cat-kitchenware-wholesale","8":"product_cat-wholesale-cookware","9":"product_tag-recommend","11":"first","12":"instock","13":"shipping-taxable","14":"product-type-simple"},"acf":[],"_links":{"self":[{"href":"https:\/\/www.yongyukitchenware.com\/es\/wp-json\/wp\/v2\/product\/4241","targetHints":{"allow":["GET"]}}],"collection":[{"href":"https:\/\/www.yongyukitchenware.com\/es\/wp-json\/wp\/v2\/product"}],"about":[{"href":"https:\/\/www.yongyukitchenware.com\/es\/wp-json\/wp\/v2\/types\/product"}],"replies":[{"embeddable":true,"href":"https:\/\/www.yongyukitchenware.com\/es\/wp-json\/wp\/v2\/comments?post=4241"}],"wp:featuredmedia":[{"embeddable":true,"href":"https:\/\/www.yongyukitchenware.com\/es\/wp-json\/wp\/v2\/media\/1519"}],"wp:attachment":[{"href":"https:\/\/www.yongyukitchenware.com\/es\/wp-json\/wp\/v2\/media?parent=4241"}],"wp:term":[{"taxonomy":"application","embeddable":true,"href":"https:\/\/www.yongyukitchenware.com\/es\/wp-json\/wp\/v2\/application?post=4241"},{"taxonomy":"product_brand","embeddable":true,"href":"https:\/\/www.yongyukitchenware.com\/es\/wp-json\/wp\/v2\/product_brand?post=4241"},{"taxonomy":"product_cat","embeddable":true,"href":"https:\/\/www.yongyukitchenware.com\/es\/wp-json\/wp\/v2\/product_cat?post=4241"},{"taxonomy":"product_tag","embeddable":true,"href":"https:\/\/www.yongyukitchenware.com\/es\/wp-json\/wp\/v2\/product_tag?post=4241"}],"curies":[{"name":"wp","href":"https:\/\/api.w.org\/{rel}","templated":true}]}}