{"id":4244,"date":"2025-08-20T07:32:18","date_gmt":"2025-08-20T07:32:18","guid":{"rendered":"https:\/\/www.yongyukitchenware.com\/?post_type=product&#038;p=4244"},"modified":"2025-08-20T07:32:23","modified_gmt":"2025-08-20T07:32:23","slug":"wholesale-3-layer-stainless-steel-non-stick-frying-pans","status":"publish","type":"product","link":"https:\/\/www.yongyukitchenware.com\/es\/producto\/wholesale-3-layer-stainless-steel-non-stick-frying-pans\/","title":{"rendered":"Mayorista Sartenes Antiadherentes de Acero Inoxidable de 3 Capas"},"content":{"rendered":"<div class=\"wp-block-columns is-layout-flex wp-container-core-columns-is-layout-9d6595d7 wp-block-columns-is-layout-flex\">\n<div class=\"wp-block-column is-layout-flow wp-block-column-is-layout-flow\">\n<h2 class=\"wp-block-heading\">Sartenes antiadherentes de acero inoxidable Caracter\u00edsticas:<\/h2>\n\n\n\n<p><strong>Acero de triple capa: <\/strong>Nuestras sartenes presentan un robusto dise\u00f1o de acero de triple capa que combina la conductividad t\u00e9rmica del aluminio con la resistencia a la corrosi\u00f3n del acero inoxidable. Esto garantiza una distribuci\u00f3n uniforme del calor y un rendimiento duradero.<\/p>\n\n\n\n<p><strong>Opciones de revestimiento antiadherente en forma de panal:<\/strong> Nuestras opciones de revestimiento antiadherente est\u00e1n disponibles en dise\u00f1os de panal y de superficie lisa para adaptarse a las distintas preferencias culinarias. El exclusivo patr\u00f3n de panal mejora el rendimiento antiadherente y reduce el uso de aceite.<\/p>\n\n\n\n<p><strong>Asas de acero inoxidable:<\/strong> Dotadas de robustas asas de acero inoxidable, est\u00e1n dise\u00f1adas ergon\u00f3micamente para garantizar un equilibrio y una comodidad \u00f3ptimos durante su uso.<\/p>\n\n\n\n<p><strong>Compatible con varias encimeras: <\/strong>Compatible con todo tipo de cocinas, incluidas las de gas, el\u00e9ctricas, vitrocer\u00e1micas y de inducci\u00f3n.<\/p>\n<\/div>\n\n\n\n<div class=\"wp-block-column is-layout-flow wp-block-column-is-layout-flow\">\n<div class=\"wp-block-columns is-layout-flex wp-container-core-columns-is-layout-9d6595d7 wp-block-columns-is-layout-flex\">\n<div class=\"wp-block-column is-layout-flow wp-block-column-is-layout-flow\">\n<figure class=\"wp-block-image size-full\"><img decoding=\"async\" width=\"800\" height=\"800\" src=\"https:\/\/www.yongyukitchenware.com\/wp-content\/uploads\/2024\/11\/Stainless-steel-frying-pan-4.webp\" alt=\"Sart\u00e9n de acero inoxidable-4\" class=\"wp-image-2177\" srcset=\"https:\/\/www.yongyukitchenware.com\/wp-content\/uploads\/2024\/11\/Stainless-steel-frying-pan-4.webp 800w, https:\/\/www.yongyukitchenware.com\/wp-content\/uploads\/2024\/11\/Stainless-steel-frying-pan-4-300x300.webp 300w, https:\/\/www.yongyukitchenware.com\/wp-content\/uploads\/2024\/11\/Stainless-steel-frying-pan-4-150x150.webp 150w, https:\/\/www.yongyukitchenware.com\/wp-content\/uploads\/2024\/11\/Stainless-steel-frying-pan-4-768x768.webp 768w, https:\/\/www.yongyukitchenware.com\/wp-content\/uploads\/2024\/11\/Stainless-steel-frying-pan-4-12x12.webp 12w, https:\/\/www.yongyukitchenware.com\/wp-content\/uploads\/2024\/11\/Stainless-steel-frying-pan-4-600x600.webp 600w, https:\/\/www.yongyukitchenware.com\/wp-content\/uploads\/2024\/11\/Stainless-steel-frying-pan-4-100x100.webp 100w\" sizes=\"(max-width: 800px) 100vw, 800px\" \/><\/figure>\n\n\n\n<figure class=\"wp-block-image size-full\"><img decoding=\"async\" width=\"800\" height=\"800\" src=\"https:\/\/www.yongyukitchenware.com\/wp-content\/uploads\/2024\/11\/Stainless-steel-frying-pan-7.webp\" alt=\"Sart\u00e9n de acero inoxidable-7\" class=\"wp-image-2180\" srcset=\"https:\/\/www.yongyukitchenware.com\/wp-content\/uploads\/2024\/11\/Stainless-steel-frying-pan-7.webp 800w, https:\/\/www.yongyukitchenware.com\/wp-content\/uploads\/2024\/11\/Stainless-steel-frying-pan-7-300x300.webp 300w, https:\/\/www.yongyukitchenware.com\/wp-content\/uploads\/2024\/11\/Stainless-steel-frying-pan-7-150x150.webp 150w, https:\/\/www.yongyukitchenware.com\/wp-content\/uploads\/2024\/11\/Stainless-steel-frying-pan-7-768x768.webp 768w, https:\/\/www.yongyukitchenware.com\/wp-content\/uploads\/2024\/11\/Stainless-steel-frying-pan-7-12x12.webp 12w, https:\/\/www.yongyukitchenware.com\/wp-content\/uploads\/2024\/11\/Stainless-steel-frying-pan-7-600x600.webp 600w, https:\/\/www.yongyukitchenware.com\/wp-content\/uploads\/2024\/11\/Stainless-steel-frying-pan-7-100x100.webp 100w\" sizes=\"(max-width: 800px) 100vw, 800px\" \/><\/figure>\n<\/div>\n<\/div>\n<\/div>\n<\/div>\n\n\n\n<p><\/p>","protected":false},"excerpt":{"rendered":"<p>Las sartenes antiadherentes de acero inoxidable de 3 capas al por mayor presentan una construcci\u00f3n duradera de tres capas para un calentamiento r\u00e1pido y uniforme y un interior antiadherente fiable, lo que las hace ideales para un suministro eficiente al por mayor a cocinas y minoristas.<\/p>\n<h2>Sartenes antiadherentes de acero inoxidable Par\u00e1metros:<\/h2>\n<p><strong>Material:<\/strong> Acero inoxidable<br \/><strong>Forma interior:<\/strong> Con y sin panal<br \/><strong>Dise\u00f1o del asa:<\/strong> Asa de acero inoxidable y tiradores reforzados con remaches<br \/><strong>Tallas:<\/strong> 22\/24\/26\/28\/30cm<br \/><strong>OEM\/ODM:<\/strong> Disponible<\/p>\n<h2 class=\"wp-block-heading\">De Yongyu Cookware Fabricante :<\/h2>\n<p>Yongyu es un conocido fabricante de utensilios de cocina de China, conocido por ofrecer una amplia gama de utensilios de cocina de acero inoxidable de alta calidad, como sartenes, woks, ollas y ollas para pasta, etc.<\/p>","protected":false},"featured_media":2175,"comment_status":"closed","ping_status":"closed","template":"","meta":{"_acf_changed":false},"application":[29],"product_brand":[],"product_cat":[23,32],"product_tag":[],"class_list":{"0":"post-4244","1":"product","2":"type-product","3":"status-publish","4":"has-post-thumbnail","6":"application-home-kitchen","7":"product_cat-kitchenware-wholesale","8":"product_cat-wholesale-cookware","10":"first","11":"instock","12":"shipping-taxable","13":"product-type-simple"},"acf":[],"_links":{"self":[{"href":"https:\/\/www.yongyukitchenware.com\/es\/wp-json\/wp\/v2\/product\/4244","targetHints":{"allow":["GET"]}}],"collection":[{"href":"https:\/\/www.yongyukitchenware.com\/es\/wp-json\/wp\/v2\/product"}],"about":[{"href":"https:\/\/www.yongyukitchenware.com\/es\/wp-json\/wp\/v2\/types\/product"}],"replies":[{"embeddable":true,"href":"https:\/\/www.yongyukitchenware.com\/es\/wp-json\/wp\/v2\/comments?post=4244"}],"wp:featuredmedia":[{"embeddable":true,"href":"https:\/\/www.yongyukitchenware.com\/es\/wp-json\/wp\/v2\/media\/2175"}],"wp:attachment":[{"href":"https:\/\/www.yongyukitchenware.com\/es\/wp-json\/wp\/v2\/media?parent=4244"}],"wp:term":[{"taxonomy":"application","embeddable":true,"href":"https:\/\/www.yongyukitchenware.com\/es\/wp-json\/wp\/v2\/application?post=4244"},{"taxonomy":"product_brand","embeddable":true,"href":"https:\/\/www.yongyukitchenware.com\/es\/wp-json\/wp\/v2\/product_brand?post=4244"},{"taxonomy":"product_cat","embeddable":true,"href":"https:\/\/www.yongyukitchenware.com\/es\/wp-json\/wp\/v2\/product_cat?post=4244"},{"taxonomy":"product_tag","embeddable":true,"href":"https:\/\/www.yongyukitchenware.com\/es\/wp-json\/wp\/v2\/product_tag?post=4244"}],"curies":[{"name":"wp","href":"https:\/\/api.w.org\/{rel}","templated":true}]}}