{"id":4252,"date":"2025-07-09T07:10:51","date_gmt":"2025-07-09T07:10:51","guid":{"rendered":"https:\/\/www.yongyukitchenware.com\/?post_type=product&#038;p=4252"},"modified":"2025-07-09T07:10:53","modified_gmt":"2025-07-09T07:10:53","slug":"wholesale-stainless-steel-double-sided-honeycomb-non-stick-wok-with-lid","status":"publish","type":"product","link":"https:\/\/www.yongyukitchenware.com\/es\/producto\/wholesale-stainless-steel-double-sided-honeycomb-non-stick-wok-with-lid\/","title":{"rendered":"Mayorista Wok de acero inoxidable de doble cara de nido de abeja antiadherente con tapa"},"content":{"rendered":"<div class=\"wp-block-columns is-layout-flex wp-container-core-columns-is-layout-9d6595d7 wp-block-columns-is-layout-flex\">\n<div class=\"wp-block-column is-layout-flow wp-block-column-is-layout-flow\">\n<h2 class=\"wp-block-heading\">Wok antiadherente Caracter\u00edsticas:<\/h2>\n\n\n\n<p><strong>Estructura de acero de tres capas:<\/strong> Acero inoxidable 304\/430 y aluminio por dentro y por fuera, la estructura de tres capas garantiza la consistencia del calor del wok.<br><strong>Proceso antiadherente profesional:<\/strong> El proceso de grabado l\u00e1ser en forma de panal se utiliza en el interior y en el fondo, lo que permite que la estructura de panal de la olla interior evite eficazmente que se pegue y garantice un calentamiento uniforme de los ingredientes. El fondo de la olla circular conduce el calor de forma m\u00e1s eficiente, y es menos probable que el cuerpo de la olla se vuelva amarillo y negro.<br><strong>Alta compatibilidad: <\/strong>El wok es adecuado para fre\u00edr, cocinar ligero, cocinar al vapor y fre\u00edr. Apto para todos los fogones, incluidos los hal\u00f3genos, de gas, cer\u00e1micos y el\u00e9ctricos.<br><strong>F\u00e1cil de limpiar y resistente a los ara\u00f1azos:<\/strong> Las sartenes antiadherentes son resistentes a los ara\u00f1azos y no se desgastan ni deshilachan por el uso de utensilios met\u00e1licos.<br>Dise\u00f1o humanizado: El mango de acero se siente c\u00f3modo, y la tapa vertical de la olla se puede colocar sin ocupar espacio<\/p>\n<\/div>\n\n\n\n<div class=\"wp-block-column is-layout-flow wp-block-column-is-layout-flow\">\n<div class=\"wp-block-columns is-layout-flex wp-container-core-columns-is-layout-9d6595d7 wp-block-columns-is-layout-flex\">\n<div class=\"wp-block-column is-layout-flow wp-block-column-is-layout-flow\">\n<figure class=\"wp-block-image size-full\"><img decoding=\"async\" width=\"800\" height=\"800\" src=\"https:\/\/www.yongyukitchenware.com\/wp-content\/uploads\/2024\/11\/Double-sided-honeycomb-wok-6.webp\" alt=\"\" class=\"wp-image-2164\" srcset=\"https:\/\/www.yongyukitchenware.com\/wp-content\/uploads\/2024\/11\/Double-sided-honeycomb-wok-6.webp 800w, https:\/\/www.yongyukitchenware.com\/wp-content\/uploads\/2024\/11\/Double-sided-honeycomb-wok-6-300x300.webp 300w, https:\/\/www.yongyukitchenware.com\/wp-content\/uploads\/2024\/11\/Double-sided-honeycomb-wok-6-150x150.webp 150w, https:\/\/www.yongyukitchenware.com\/wp-content\/uploads\/2024\/11\/Double-sided-honeycomb-wok-6-768x768.webp 768w, https:\/\/www.yongyukitchenware.com\/wp-content\/uploads\/2024\/11\/Double-sided-honeycomb-wok-6-12x12.webp 12w, https:\/\/www.yongyukitchenware.com\/wp-content\/uploads\/2024\/11\/Double-sided-honeycomb-wok-6-600x600.webp 600w, https:\/\/www.yongyukitchenware.com\/wp-content\/uploads\/2024\/11\/Double-sided-honeycomb-wok-6-100x100.webp 100w\" sizes=\"(max-width: 800px) 100vw, 800px\" \/><\/figure>\n<\/div>\n<\/div>\n<\/div>\n<\/div>\n\n\n\n<p><\/p>","protected":false},"excerpt":{"rendered":"<p>Wok antiadherente de primera calidad con tapa, que incorpora un dise\u00f1o de acero inoxidable en forma de panal de doble cara para una mayor durabilidad y una distribuci\u00f3n uniforme del calor. Ideal tanto para uso dom\u00e9stico como comercial.<\/p>\n<h2>Par\u00e1metro Wok antiadherente:<\/h2>\n<p><strong>Material:<\/strong> Acero inoxidable<br \/><strong>Forma interior:<\/strong> Con y sin panal<br \/><strong>Dise\u00f1o del asa:<\/strong> Asa de madera y tiradores reforzados con remaches<br \/><strong>Tallas:<\/strong> 32 cm y 34 cm<br \/><strong>Embalaje:<\/strong> Bolsa\/granel\/cart\u00f3n o personalizado<br \/><strong>OEM\/ODM:<\/strong> Disponible<\/p>\n<h2 class=\"wp-block-heading\">De Yongyu Cookware Fabricante :<\/h2>\n<p>Yongyu es un fabricante profesional de utensilios de cocina, nuestros productos abarcan todo tipo de utensilios de cocina de acero inoxidable, como ollas para fideos, sartenes, ollas para guisos, etc., proporcionando servicios de adquisici\u00f3n de calidad y precios asequibles para cada cliente.<\/p>","protected":false},"featured_media":4249,"comment_status":"closed","ping_status":"closed","template":"","meta":{"_acf_changed":false},"application":[29],"product_brand":[],"product_cat":[23,32],"product_tag":[],"class_list":{"0":"post-4252","1":"product","2":"type-product","3":"status-publish","4":"has-post-thumbnail","6":"application-home-kitchen","7":"product_cat-kitchenware-wholesale","8":"product_cat-wholesale-cookware","10":"first","11":"instock","12":"shipping-taxable","13":"product-type-simple"},"acf":[],"_links":{"self":[{"href":"https:\/\/www.yongyukitchenware.com\/es\/wp-json\/wp\/v2\/product\/4252","targetHints":{"allow":["GET"]}}],"collection":[{"href":"https:\/\/www.yongyukitchenware.com\/es\/wp-json\/wp\/v2\/product"}],"about":[{"href":"https:\/\/www.yongyukitchenware.com\/es\/wp-json\/wp\/v2\/types\/product"}],"replies":[{"embeddable":true,"href":"https:\/\/www.yongyukitchenware.com\/es\/wp-json\/wp\/v2\/comments?post=4252"}],"wp:featuredmedia":[{"embeddable":true,"href":"https:\/\/www.yongyukitchenware.com\/es\/wp-json\/wp\/v2\/media\/4249"}],"wp:attachment":[{"href":"https:\/\/www.yongyukitchenware.com\/es\/wp-json\/wp\/v2\/media?parent=4252"}],"wp:term":[{"taxonomy":"application","embeddable":true,"href":"https:\/\/www.yongyukitchenware.com\/es\/wp-json\/wp\/v2\/application?post=4252"},{"taxonomy":"product_brand","embeddable":true,"href":"https:\/\/www.yongyukitchenware.com\/es\/wp-json\/wp\/v2\/product_brand?post=4252"},{"taxonomy":"product_cat","embeddable":true,"href":"https:\/\/www.yongyukitchenware.com\/es\/wp-json\/wp\/v2\/product_cat?post=4252"},{"taxonomy":"product_tag","embeddable":true,"href":"https:\/\/www.yongyukitchenware.com\/es\/wp-json\/wp\/v2\/product_tag?post=4252"}],"curies":[{"name":"wp","href":"https:\/\/api.w.org\/{rel}","templated":true}]}}