{"id":4331,"date":"2025-08-01T07:28:43","date_gmt":"2025-08-01T07:28:43","guid":{"rendered":"https:\/\/www.yongyukitchenware.com\/?post_type=product&#038;p=4331"},"modified":"2025-08-01T07:28:52","modified_gmt":"2025-08-01T07:28:52","slug":"wholesale-stainless-steel-octagonal-dinner-plates-korean-style-silver","status":"publish","type":"product","link":"https:\/\/www.yongyukitchenware.com\/es\/producto\/wholesale-stainless-steel-octagonal-dinner-plates-korean-style-silver\/","title":{"rendered":"Mayorista Platos Octagonales de Acero Inoxidable Estilo Coreano -Plata"},"content":{"rendered":"<div class=\"wp-block-columns is-layout-flex wp-container-core-columns-is-layout-9d6595d7 wp-block-columns-is-layout-flex\">\n<div class=\"wp-block-column is-layout-flow wp-block-column-is-layout-flow\">\n<h2 class=\"wp-block-heading\">Mayorista Platos de Acero Inoxidable Octagonales Tama\u00f1o:<\/h2>\n\n\n\n<figure class=\"wp-block-table\"><table class=\"has-fixed-layout\"><tbody><tr><td>Modelo<\/td><td>Capacidad (L)<\/td><td>MOQ<\/td><\/tr><tr><td rowspan=\"4\">DY075-P<\/td><td>10,5 cm<\/td><td>200PCS<\/td><\/tr><tr><td>12 cm<\/td><td>200PCS<\/td><\/tr><tr><td>13,5 cm<\/td><td>140PCS<\/td><\/tr><tr><td>15 cm<\/td><td>140PCS<\/td><\/tr><\/tbody><\/table><\/figure>\n\n\n\n<h2 class=\"wp-block-heading\">Venta al por mayor de acero inoxidable platos octogonales Caracter\u00edsticas:<\/h2>\n\n\n\n<p><strong>Forma octogonal de alto nivel est\u00e9tico:<\/strong> El exclusivo dise\u00f1o octogonal, de l\u00edneas afiladas, destila sofisticaci\u00f3n en la sencillez, a\u00f1adiendo un toque de atm\u00f3sfera art\u00edstica a la mesa de comedor.<br><strong>Exquisita artesan\u00eda: <\/strong>Gracias a las t\u00e9cnicas de rectificado fino, la superficie de la esfera es tan lisa como un espejo, con bordes redondeados sin rebabas, lo que garantiza tanto la seguridad como la comodidad.<br><strong>Material de acero inoxidable de alta calidad: <\/strong>Fabricado en acero inoxidable de calidad alimentaria, es robusto y duradero, no propenso a la oxidaci\u00f3n, resistente al calor y m\u00e1s tranquilizador para el uso diario.<br><strong>Opciones de dos colores: <\/strong>Disponible en acero inoxidable de color natural y dorado, se adapta a varios estilos de hogar y es adecuado para m\u00faltiples situaciones, como platos de cena, platos de aperitivo y platos de fruta.<br><strong>M\u00faltiples especificaciones para elegir: <\/strong>Hay un total de 4 tama\u00f1os disponibles, que satisfacen las necesidades de diversos escenarios, desde el comedor diario hasta el emplatado para banquetes, siendo flexibles y pr\u00e1cticos.<\/p>\n<\/div>\n\n\n\n<div class=\"wp-block-column is-layout-flow wp-block-column-is-layout-flow\">\n<figure class=\"wp-block-image size-full is-resized\"><img decoding=\"async\" width=\"800\" height=\"800\" src=\"https:\/\/www.yongyukitchenware.com\/wp-content\/uploads\/2025\/07\/Wholesale-Stainless-Steel-Octagonal-Dinner-Plates-2.webp\" alt=\"Mayorista-Acero Inoxidable-Platos Comedor-Octagonales-2\" class=\"wp-image-4333\" style=\"width:384px;height:auto\" srcset=\"https:\/\/www.yongyukitchenware.com\/wp-content\/uploads\/2025\/07\/Wholesale-Stainless-Steel-Octagonal-Dinner-Plates-2.webp 800w, https:\/\/www.yongyukitchenware.com\/wp-content\/uploads\/2025\/07\/Wholesale-Stainless-Steel-Octagonal-Dinner-Plates-2-300x300.webp 300w, https:\/\/www.yongyukitchenware.com\/wp-content\/uploads\/2025\/07\/Wholesale-Stainless-Steel-Octagonal-Dinner-Plates-2-150x150.webp 150w, https:\/\/www.yongyukitchenware.com\/wp-content\/uploads\/2025\/07\/Wholesale-Stainless-Steel-Octagonal-Dinner-Plates-2-768x768.webp 768w, https:\/\/www.yongyukitchenware.com\/wp-content\/uploads\/2025\/07\/Wholesale-Stainless-Steel-Octagonal-Dinner-Plates-2-12x12.webp 12w, https:\/\/www.yongyukitchenware.com\/wp-content\/uploads\/2025\/07\/Wholesale-Stainless-Steel-Octagonal-Dinner-Plates-2-600x600.webp 600w, https:\/\/www.yongyukitchenware.com\/wp-content\/uploads\/2025\/07\/Wholesale-Stainless-Steel-Octagonal-Dinner-Plates-2-100x100.webp 100w\" sizes=\"(max-width: 800px) 100vw, 800px\" \/><\/figure>\n\n\n\n<figure class=\"wp-block-image size-full is-resized\"><img decoding=\"async\" width=\"800\" height=\"800\" src=\"https:\/\/www.yongyukitchenware.com\/wp-content\/uploads\/2025\/07\/Wholesale-Stainless-Steel-Octagonal-Dinner-Plates-8.webp\" alt=\"Mayorista-Acero inoxidable-Platos octogonales-8\" class=\"wp-image-4339\" style=\"width:384px\" srcset=\"https:\/\/www.yongyukitchenware.com\/wp-content\/uploads\/2025\/07\/Wholesale-Stainless-Steel-Octagonal-Dinner-Plates-8.webp 800w, https:\/\/www.yongyukitchenware.com\/wp-content\/uploads\/2025\/07\/Wholesale-Stainless-Steel-Octagonal-Dinner-Plates-8-300x300.webp 300w, https:\/\/www.yongyukitchenware.com\/wp-content\/uploads\/2025\/07\/Wholesale-Stainless-Steel-Octagonal-Dinner-Plates-8-150x150.webp 150w, https:\/\/www.yongyukitchenware.com\/wp-content\/uploads\/2025\/07\/Wholesale-Stainless-Steel-Octagonal-Dinner-Plates-8-768x768.webp 768w, https:\/\/www.yongyukitchenware.com\/wp-content\/uploads\/2025\/07\/Wholesale-Stainless-Steel-Octagonal-Dinner-Plates-8-12x12.webp 12w, https:\/\/www.yongyukitchenware.com\/wp-content\/uploads\/2025\/07\/Wholesale-Stainless-Steel-Octagonal-Dinner-Plates-8-600x600.webp 600w, https:\/\/www.yongyukitchenware.com\/wp-content\/uploads\/2025\/07\/Wholesale-Stainless-Steel-Octagonal-Dinner-Plates-8-100x100.webp 100w\" sizes=\"(max-width: 800px) 100vw, 800px\" \/><\/figure>\n<\/div>\n<\/div>","protected":false},"excerpt":{"rendered":"<div class=\"n4sEPd\">\n<div class=\"UdTY9 qhIQqf leDWne\" aria-hidden=\"true\" data-location=\"1\">Platos octogonales de acero inoxidable al por mayor de estilo coreano. Duraderos, elegantes y con una forma \u00fanica, estos platos son perfectos tanto para cenas informales como formales. Ideal para restaurantes o eventos, ofreciendo estilo y funcionalidad a granel.<\/div>\n<\/div>\n<h2 style=\"text-align: left;\">Venta al por mayor de Platos octogonales de acero inoxidable:<\/h2>\n<p style=\"text-align: left;\"><strong>Material:<\/strong> Acero inoxidable<br \/><strong>Longitud:<\/strong>10,5\/12\/13,5\/15 cm<br \/><strong>Forma:<\/strong> Forma octogonal<br \/><strong>Embalaje:<\/strong> Bolsa OPP y cart\u00f3n<br \/><strong>OEM\/ODM:<\/strong> Disponible<\/p>\n<h2 class=\"wp-block-heading\">Mayorista Platos de Acero Inoxidable Octagonales Fabricante:<\/h2>\n<p>Ya sea un proveedor de servicios de catering, un hotel o restaurante, o una empresa de organizaci\u00f3n de eventos, le ofrecemos soluciones completas de suministros de catering al por mayor con precios de f\u00e1brica de alta calidad.<\/p>","protected":false},"featured_media":4332,"comment_status":"closed","ping_status":"closed","template":"","meta":{"_acf_changed":true},"application":[29],"product_brand":[],"product_cat":[21],"product_tag":[],"class_list":{"0":"post-4331","1":"product","2":"type-product","3":"status-publish","4":"has-post-thumbnail","6":"application-home-kitchen","7":"product_cat-tableware-wholesale","9":"first","10":"instock","11":"shipping-taxable","12":"product-type-simple"},"acf":[],"_links":{"self":[{"href":"https:\/\/www.yongyukitchenware.com\/es\/wp-json\/wp\/v2\/product\/4331","targetHints":{"allow":["GET"]}}],"collection":[{"href":"https:\/\/www.yongyukitchenware.com\/es\/wp-json\/wp\/v2\/product"}],"about":[{"href":"https:\/\/www.yongyukitchenware.com\/es\/wp-json\/wp\/v2\/types\/product"}],"replies":[{"embeddable":true,"href":"https:\/\/www.yongyukitchenware.com\/es\/wp-json\/wp\/v2\/comments?post=4331"}],"wp:featuredmedia":[{"embeddable":true,"href":"https:\/\/www.yongyukitchenware.com\/es\/wp-json\/wp\/v2\/media\/4332"}],"wp:attachment":[{"href":"https:\/\/www.yongyukitchenware.com\/es\/wp-json\/wp\/v2\/media?parent=4331"}],"wp:term":[{"taxonomy":"application","embeddable":true,"href":"https:\/\/www.yongyukitchenware.com\/es\/wp-json\/wp\/v2\/application?post=4331"},{"taxonomy":"product_brand","embeddable":true,"href":"https:\/\/www.yongyukitchenware.com\/es\/wp-json\/wp\/v2\/product_brand?post=4331"},{"taxonomy":"product_cat","embeddable":true,"href":"https:\/\/www.yongyukitchenware.com\/es\/wp-json\/wp\/v2\/product_cat?post=4331"},{"taxonomy":"product_tag","embeddable":true,"href":"https:\/\/www.yongyukitchenware.com\/es\/wp-json\/wp\/v2\/product_tag?post=4331"}],"curies":[{"name":"wp","href":"https:\/\/api.w.org\/{rel}","templated":true}]}}