{"id":4382,"date":"2025-07-16T02:53:27","date_gmt":"2025-07-16T02:53:27","guid":{"rendered":"https:\/\/www.yongyukitchenware.com\/?post_type=product&#038;p=4382"},"modified":"2025-07-16T02:53:29","modified_gmt":"2025-07-16T02:53:29","slug":"bulk-stainless-steel-dessert-plate-snack-tray-silver","status":"publish","type":"product","link":"https:\/\/www.yongyukitchenware.com\/es\/producto\/bulk-stainless-steel-dessert-plate-snack-tray-silver\/","title":{"rendered":"Plato de postre de acero inoxidable a granel Bandeja para aperitivos-Plata"},"content":{"rendered":"<div class=\"wp-block-columns is-layout-flex wp-container-core-columns-is-layout-9d6595d7 wp-block-columns-is-layout-flex\">\n<div class=\"wp-block-column is-layout-flow wp-block-column-is-layout-flow\">\n<h2 class=\"wp-block-heading\">Plato de postre de acero inoxidable a granel Tama\u00f1o:<\/h2>\n\n\n\n<figure class=\"wp-block-table\"><table class=\"has-fixed-layout\"><tbody><tr><td>Modelo<\/td><td>Talla<\/td><td>Peso<\/td><td>MOQ<\/td><\/tr><tr><td rowspan=\"3\">DY120-Z<\/td><td>S(2\/3 compartimentos)<\/td><td>96g<\/td><td>200PCS<\/td><\/tr><tr><td>M(2\/3 compartimentos)<\/td><td>115g<\/td><td>160PCS<\/td><\/tr><tr><td>L(2\/3 compartimentos)<\/td><td>145g<\/td><td>120PCS<\/td><\/tr><\/tbody><\/table><\/figure>\n\n\n\n<h2 class=\"wp-block-heading\">Plato de postre de acero inoxidable a granel Caracter\u00edsticas:<\/h2>\n\n\n\n<p><strong>Los compartimentos son los m\u00e1s adecuados para una categorizaci\u00f3n m\u00e1s espec\u00edfica:<\/strong> Hay disponibles opciones de dos y tres compartimentos, con zonificaci\u00f3n suficiente. Los condimentos no mezclan sabores, ideal para m\u00faltiples salsas, condimentos, frutos secos o aperitivos, satisfaciendo varias necesidades de emparejamiento.<br><strong>Tres tama\u00f1os para elegir, c\u00f3modos y confortables:<\/strong> Con tres tama\u00f1os entre los que elegir, se adapta a una amplia gama de situaciones de uso de la mesa de comedor, desde el uso familiar habitual hasta las fiestas con barbacoa o el uso comercial en restaurantes.<br><strong>Acero inoxidable de alta calidad, robusto y duradero:<\/strong> Fabricada en acero inoxidable de calidad alimentaria, no se oxida, es resistente a la corrosi\u00f3n y al calor y requiere poco mantenimiento. Conserva un aspecto brillante y nuevo incluso tras un uso prolongado.<br><strong>Tipos bicolores, bellos y universales: <\/strong>Tambi\u00e9n con el color y la textura naturales tradicionales del acero inoxidable, el dorado, sencillo y elegante, realza el estilo de la mesa de comedor y puede combinarse con diversos estilos de vajilla.<br><strong>Construcci\u00f3n magistral, detalles cuidados: <\/strong>Proceso de moldeado de una sola pieza, bordes lisos y redondeados que no da\u00f1an las manos, y superficie lisa sin rebabas, que refleja impecablemente una sensaci\u00f3n de calidad de gama alta. Fabricado en acero inoxidable, no se oxida, es resistente a la corrosi\u00f3n y al calor, y requiere poco mantenimiento. <\/p>\n<\/div>\n\n\n\n<div class=\"wp-block-column is-layout-flow wp-block-column-is-layout-flow\">\n<figure class=\"wp-block-image size-full is-resized\"><img decoding=\"async\" width=\"800\" height=\"800\" src=\"https:\/\/www.yongyukitchenware.com\/wp-content\/uploads\/2025\/07\/Wholesale-Stainless-Steel-Dessert-Plate-7.webp\" alt=\"Plato de postre de acero inoxidable a granel\" class=\"wp-image-4389\" style=\"width:384px;height:auto\" srcset=\"https:\/\/www.yongyukitchenware.com\/wp-content\/uploads\/2025\/07\/Wholesale-Stainless-Steel-Dessert-Plate-7.webp 800w, https:\/\/www.yongyukitchenware.com\/wp-content\/uploads\/2025\/07\/Wholesale-Stainless-Steel-Dessert-Plate-7-300x300.webp 300w, https:\/\/www.yongyukitchenware.com\/wp-content\/uploads\/2025\/07\/Wholesale-Stainless-Steel-Dessert-Plate-7-150x150.webp 150w, https:\/\/www.yongyukitchenware.com\/wp-content\/uploads\/2025\/07\/Wholesale-Stainless-Steel-Dessert-Plate-7-768x768.webp 768w, https:\/\/www.yongyukitchenware.com\/wp-content\/uploads\/2025\/07\/Wholesale-Stainless-Steel-Dessert-Plate-7-12x12.webp 12w, https:\/\/www.yongyukitchenware.com\/wp-content\/uploads\/2025\/07\/Wholesale-Stainless-Steel-Dessert-Plate-7-600x600.webp 600w, https:\/\/www.yongyukitchenware.com\/wp-content\/uploads\/2025\/07\/Wholesale-Stainless-Steel-Dessert-Plate-7-100x100.webp 100w\" sizes=\"(max-width: 800px) 100vw, 800px\" \/><\/figure>\n\n\n\n<figure class=\"wp-block-image size-full is-resized\"><img decoding=\"async\" width=\"800\" height=\"800\" src=\"https:\/\/www.yongyukitchenware.com\/wp-content\/uploads\/2025\/07\/Wholesale-Stainless-Steel-Dessert-Plate-8.webp\" alt=\"Mayorista-Acero inoxidable-Placa de postre-8\" class=\"wp-image-4390\" style=\"width:384px\" srcset=\"https:\/\/www.yongyukitchenware.com\/wp-content\/uploads\/2025\/07\/Wholesale-Stainless-Steel-Dessert-Plate-8.webp 800w, https:\/\/www.yongyukitchenware.com\/wp-content\/uploads\/2025\/07\/Wholesale-Stainless-Steel-Dessert-Plate-8-300x300.webp 300w, https:\/\/www.yongyukitchenware.com\/wp-content\/uploads\/2025\/07\/Wholesale-Stainless-Steel-Dessert-Plate-8-150x150.webp 150w, https:\/\/www.yongyukitchenware.com\/wp-content\/uploads\/2025\/07\/Wholesale-Stainless-Steel-Dessert-Plate-8-768x768.webp 768w, https:\/\/www.yongyukitchenware.com\/wp-content\/uploads\/2025\/07\/Wholesale-Stainless-Steel-Dessert-Plate-8-12x12.webp 12w, https:\/\/www.yongyukitchenware.com\/wp-content\/uploads\/2025\/07\/Wholesale-Stainless-Steel-Dessert-Plate-8-600x600.webp 600w, https:\/\/www.yongyukitchenware.com\/wp-content\/uploads\/2025\/07\/Wholesale-Stainless-Steel-Dessert-Plate-8-100x100.webp 100w\" sizes=\"(max-width: 800px) 100vw, 800px\" \/><\/figure>\n<\/div>\n<\/div>","protected":false},"excerpt":{"rendered":"<div class=\"n4sEPd\">\n<div class=\"UdTY9 qhIQqf leDWne\" aria-hidden=\"true\" data-location=\"1\">Plato de postre de acero inoxidable a granel. Elegante y duradera bandeja de aperitivos en elegante color plateado, perfecta para servir postres, aperitivos o tentempi\u00e9s para fiestas. Ideal para compradores al por mayor que buscan una vajilla de acero inoxidable elegante y duradera.<\/div>\n<\/div>\n<h2 style=\"text-align: left;\">Plato de postre de acero inoxidable a granel:<\/h2>\n<p style=\"text-align: left;\"><strong>Material:<\/strong> Acero inoxidable<br \/><strong>Longitud:<\/strong>10\/12\/14cm<br \/><strong>Forma:<\/strong> Forma octogonal<br \/><strong>Embalaje:<\/strong> Bolsa OPP y cart\u00f3n<br \/><strong>OEM\/ODM:<\/strong> Disponible<\/p>\n<h2 class=\"wp-block-heading\">Plato de postre de acero inoxidable a granel Fabricante:<\/h2>\n<p>Ya sea un proveedor de servicios de catering, un hotel o restaurante, o una empresa de organizaci\u00f3n de eventos, le ofrecemos soluciones completas de suministros de catering al por mayor con precios de f\u00e1brica de alta calidad.<\/p>","protected":false},"featured_media":4383,"comment_status":"closed","ping_status":"closed","template":"","meta":{"_acf_changed":true},"application":[29],"product_brand":[],"product_cat":[21],"product_tag":[],"class_list":{"0":"post-4382","1":"product","2":"type-product","3":"status-publish","4":"has-post-thumbnail","6":"application-home-kitchen","7":"product_cat-tableware-wholesale","9":"first","10":"instock","11":"shipping-taxable","12":"product-type-simple"},"acf":[],"_links":{"self":[{"href":"https:\/\/www.yongyukitchenware.com\/es\/wp-json\/wp\/v2\/product\/4382","targetHints":{"allow":["GET"]}}],"collection":[{"href":"https:\/\/www.yongyukitchenware.com\/es\/wp-json\/wp\/v2\/product"}],"about":[{"href":"https:\/\/www.yongyukitchenware.com\/es\/wp-json\/wp\/v2\/types\/product"}],"replies":[{"embeddable":true,"href":"https:\/\/www.yongyukitchenware.com\/es\/wp-json\/wp\/v2\/comments?post=4382"}],"wp:featuredmedia":[{"embeddable":true,"href":"https:\/\/www.yongyukitchenware.com\/es\/wp-json\/wp\/v2\/media\/4383"}],"wp:attachment":[{"href":"https:\/\/www.yongyukitchenware.com\/es\/wp-json\/wp\/v2\/media?parent=4382"}],"wp:term":[{"taxonomy":"application","embeddable":true,"href":"https:\/\/www.yongyukitchenware.com\/es\/wp-json\/wp\/v2\/application?post=4382"},{"taxonomy":"product_brand","embeddable":true,"href":"https:\/\/www.yongyukitchenware.com\/es\/wp-json\/wp\/v2\/product_brand?post=4382"},{"taxonomy":"product_cat","embeddable":true,"href":"https:\/\/www.yongyukitchenware.com\/es\/wp-json\/wp\/v2\/product_cat?post=4382"},{"taxonomy":"product_tag","embeddable":true,"href":"https:\/\/www.yongyukitchenware.com\/es\/wp-json\/wp\/v2\/product_tag?post=4382"}],"curies":[{"name":"wp","href":"https:\/\/api.w.org\/{rel}","templated":true}]}}