{"id":4401,"date":"2025-07-16T02:40:23","date_gmt":"2025-07-16T02:40:23","guid":{"rendered":"https:\/\/www.yongyukitchenware.com\/?post_type=product&#038;p=4401"},"modified":"2025-07-16T02:40:29","modified_gmt":"2025-07-16T02:40:29","slug":"wholesale-stainless-steel-dessert-plate-snack-tray-gold","status":"publish","type":"product","link":"https:\/\/www.yongyukitchenware.com\/es\/producto\/wholesale-stainless-steel-dessert-plate-snack-tray-gold\/","title":{"rendered":"Mayorista Plato de Postre de Acero Inoxidable Bandeja Snack-Oro"},"content":{"rendered":"<div class=\"wp-block-columns is-layout-flex wp-container-core-columns-is-layout-9d6595d7 wp-block-columns-is-layout-flex\">\n<div class=\"wp-block-column is-layout-flow wp-block-column-is-layout-flow\">\n<h2 class=\"wp-block-heading\">Mayorista Plato de Postre de Acero Inoxidable Tama\u00f1o:<\/h2>\n\n\n\n<figure class=\"wp-block-table\"><table class=\"has-fixed-layout\"><tbody><tr><td>Modelo<\/td><td>Talla<\/td><td>Peso<\/td><td>MOQ<\/td><\/tr><tr><td rowspan=\"3\">DY120-Z<\/td><td>S(2\/3 compartimentos)<\/td><td>96g<\/td><td>200PCS<\/td><\/tr><tr><td>M(2\/3 compartimentos)<\/td><td>115g<\/td><td>160PCS<\/td><\/tr><tr><td>L(2\/3 compartimentos)<\/td><td>145g<\/td><td>120PCS<\/td><\/tr><\/tbody><\/table><\/figure>\n\n\n\n<h2 class=\"wp-block-heading\">Plato de postre de acero inoxidable al por mayor Caracter\u00edsticas:<\/h2>\n\n\n\n<p><strong>Los compartimentos est\u00e1n dise\u00f1ados para una clasificaci\u00f3n m\u00e1s clara: <\/strong>Hay disponibles modelos de dos y tres compartimentos, con una zonificaci\u00f3n razonable. Los condimentos no mezclan sabores, adecuados para diversas salsas, condimentos, frutos secos o aperitivos, satisfaciendo diferentes necesidades de emparejamiento.<br><strong>M\u00faltiples tama\u00f1os para elegir, flexibles y pr\u00e1cticos: <\/strong>Al ofrecer tres opciones de tama\u00f1o, es adecuada para varios escenarios de uso de la mesa de comedor, ya sea la vida familiar diaria, reuniones de barbacoa o uso comercial en restaurantes.<br><strong>Acero inoxidable de alta calidad, duradero y resistente: <\/strong>Fabricada en acero inoxidable de calidad alimentaria, es inoxidable, resistente a la corrosi\u00f3n y al calor y f\u00e1cil de limpiar. Se mantiene brillante y nuevo incluso despu\u00e9s de un uso prolongado.<br><strong>Opciones de dos colores, bonitas y vers\u00e1tiles: <\/strong>Disponible en el cl\u00e1sico color natural del acero inoxidable y en dorado texturizado, es sencillo y elegante, realza el estilo de la mesa de comedor y resulta adecuado para combinar con vajillas de diferentes estilos.<br><strong>Artesan\u00eda exquisita, detalles meticulosos: <\/strong>Proceso de moldeado de una sola pieza, bordes suaves y redondeados que no lastiman las manos, y una superficie lisa sin rebabas, que demuestran plenamente una sensaci\u00f3n de calidad de gama alta.<\/p>\n<\/div>\n\n\n\n<div class=\"wp-block-column is-layout-flow wp-block-column-is-layout-flow\">\n<figure class=\"wp-block-image size-full is-resized\"><img decoding=\"async\" width=\"800\" height=\"800\" src=\"https:\/\/www.yongyukitchenware.com\/wp-content\/uploads\/2025\/07\/Wholesale-Stainless-Steel-Dessert-Plate-7.webp\" alt=\"Mayorista-Acero inoxidable-Placa de postre-7\" class=\"wp-image-4389\" style=\"width:384px;height:auto\" srcset=\"https:\/\/www.yongyukitchenware.com\/wp-content\/uploads\/2025\/07\/Wholesale-Stainless-Steel-Dessert-Plate-7.webp 800w, https:\/\/www.yongyukitchenware.com\/wp-content\/uploads\/2025\/07\/Wholesale-Stainless-Steel-Dessert-Plate-7-300x300.webp 300w, https:\/\/www.yongyukitchenware.com\/wp-content\/uploads\/2025\/07\/Wholesale-Stainless-Steel-Dessert-Plate-7-150x150.webp 150w, https:\/\/www.yongyukitchenware.com\/wp-content\/uploads\/2025\/07\/Wholesale-Stainless-Steel-Dessert-Plate-7-768x768.webp 768w, https:\/\/www.yongyukitchenware.com\/wp-content\/uploads\/2025\/07\/Wholesale-Stainless-Steel-Dessert-Plate-7-12x12.webp 12w, https:\/\/www.yongyukitchenware.com\/wp-content\/uploads\/2025\/07\/Wholesale-Stainless-Steel-Dessert-Plate-7-600x600.webp 600w, https:\/\/www.yongyukitchenware.com\/wp-content\/uploads\/2025\/07\/Wholesale-Stainless-Steel-Dessert-Plate-7-100x100.webp 100w\" sizes=\"(max-width: 800px) 100vw, 800px\" \/><\/figure>\n\n\n\n<figure class=\"wp-block-image size-full is-resized\"><img decoding=\"async\" width=\"800\" height=\"800\" src=\"https:\/\/www.yongyukitchenware.com\/wp-content\/uploads\/2025\/07\/Wholesale-Stainless-Steel-Dessert-Plate-8.webp\" alt=\"Mayorista-Acero inoxidable-Placa de postre-8\" class=\"wp-image-4390\" style=\"width:384px\" srcset=\"https:\/\/www.yongyukitchenware.com\/wp-content\/uploads\/2025\/07\/Wholesale-Stainless-Steel-Dessert-Plate-8.webp 800w, https:\/\/www.yongyukitchenware.com\/wp-content\/uploads\/2025\/07\/Wholesale-Stainless-Steel-Dessert-Plate-8-300x300.webp 300w, https:\/\/www.yongyukitchenware.com\/wp-content\/uploads\/2025\/07\/Wholesale-Stainless-Steel-Dessert-Plate-8-150x150.webp 150w, https:\/\/www.yongyukitchenware.com\/wp-content\/uploads\/2025\/07\/Wholesale-Stainless-Steel-Dessert-Plate-8-768x768.webp 768w, https:\/\/www.yongyukitchenware.com\/wp-content\/uploads\/2025\/07\/Wholesale-Stainless-Steel-Dessert-Plate-8-12x12.webp 12w, https:\/\/www.yongyukitchenware.com\/wp-content\/uploads\/2025\/07\/Wholesale-Stainless-Steel-Dessert-Plate-8-600x600.webp 600w, https:\/\/www.yongyukitchenware.com\/wp-content\/uploads\/2025\/07\/Wholesale-Stainless-Steel-Dessert-Plate-8-100x100.webp 100w\" sizes=\"(max-width: 800px) 100vw, 800px\" \/><\/figure>\n<\/div>\n<\/div>","protected":false},"excerpt":{"rendered":"<div class=\"n4sEPd\">\n<div class=\"UdTY9 qhIQqf leDWne\" aria-hidden=\"true\" data-location=\"1\">Plato de postre de acero inoxidable al por mayor. Bandeja de aperitivos dorada de primera calidad para un servicio de postres elegante. Ideal para hoteles y catering. \u00a1Haga su pedido al por mayor para su negocio hoy mismo!<\/div>\n<\/div>\n<h2 style=\"text-align: left;\">Plato de postre de acero inoxidable al por mayor:<\/h2>\n<p style=\"text-align: left;\"><strong>Material:<\/strong> Acero inoxidable<br \/><strong>Longitud:<\/strong>10\/12\/14cm<br \/><strong>Forma:<\/strong> Forma octogonal<br \/><strong>Embalaje:<\/strong> Bolsa OPP y cart\u00f3n<br \/><strong>OEM\/ODM:<\/strong> Disponible<\/p>\n<h2 class=\"wp-block-heading\">Fabricante al por mayor de platos de postre de acero inoxidable:<\/h2>\n<p>Ya sea un proveedor de servicios de catering, un hotel o restaurante, o una empresa de organizaci\u00f3n de eventos, le ofrecemos soluciones completas de suministros de catering al por mayor con precios de f\u00e1brica de alta calidad.<\/p>","protected":false},"featured_media":4394,"comment_status":"closed","ping_status":"closed","template":"","meta":{"_acf_changed":true},"application":[29],"product_brand":[],"product_cat":[21],"product_tag":[],"class_list":{"0":"post-4401","1":"product","2":"type-product","3":"status-publish","4":"has-post-thumbnail","6":"application-home-kitchen","7":"product_cat-tableware-wholesale","9":"first","10":"instock","11":"shipping-taxable","12":"product-type-simple"},"acf":[],"_links":{"self":[{"href":"https:\/\/www.yongyukitchenware.com\/es\/wp-json\/wp\/v2\/product\/4401","targetHints":{"allow":["GET"]}}],"collection":[{"href":"https:\/\/www.yongyukitchenware.com\/es\/wp-json\/wp\/v2\/product"}],"about":[{"href":"https:\/\/www.yongyukitchenware.com\/es\/wp-json\/wp\/v2\/types\/product"}],"replies":[{"embeddable":true,"href":"https:\/\/www.yongyukitchenware.com\/es\/wp-json\/wp\/v2\/comments?post=4401"}],"wp:featuredmedia":[{"embeddable":true,"href":"https:\/\/www.yongyukitchenware.com\/es\/wp-json\/wp\/v2\/media\/4394"}],"wp:attachment":[{"href":"https:\/\/www.yongyukitchenware.com\/es\/wp-json\/wp\/v2\/media?parent=4401"}],"wp:term":[{"taxonomy":"application","embeddable":true,"href":"https:\/\/www.yongyukitchenware.com\/es\/wp-json\/wp\/v2\/application?post=4401"},{"taxonomy":"product_brand","embeddable":true,"href":"https:\/\/www.yongyukitchenware.com\/es\/wp-json\/wp\/v2\/product_brand?post=4401"},{"taxonomy":"product_cat","embeddable":true,"href":"https:\/\/www.yongyukitchenware.com\/es\/wp-json\/wp\/v2\/product_cat?post=4401"},{"taxonomy":"product_tag","embeddable":true,"href":"https:\/\/www.yongyukitchenware.com\/es\/wp-json\/wp\/v2\/product_tag?post=4401"}],"curies":[{"name":"wp","href":"https:\/\/api.w.org\/{rel}","templated":true}]}}