{"id":4410,"date":"2025-07-16T02:12:40","date_gmt":"2025-07-16T02:12:40","guid":{"rendered":"https:\/\/www.yongyukitchenware.com\/?post_type=product&#038;p=4410"},"modified":"2025-07-16T02:12:41","modified_gmt":"2025-07-16T02:12:41","slug":"wholesale-gold-stainless-steel-snack-plate-with-double-handles","status":"publish","type":"product","link":"https:\/\/www.yongyukitchenware.com\/es\/producto\/wholesale-gold-stainless-steel-snack-plate-with-double-handles\/","title":{"rendered":"Venta al Mayor Plato Snack de Acero Inoxidable Dorado con Doble Asa"},"content":{"rendered":"<div class=\"wp-block-columns is-layout-flex wp-container-core-columns-is-layout-9d6595d7 wp-block-columns-is-layout-flex\">\n<div class=\"wp-block-column is-layout-flow wp-block-column-is-layout-flow\">\n<h2 class=\"wp-block-heading\">Venta al por mayor de oro de acero inoxidable Snack Tama\u00f1o de la placa:<\/h2>\n\n\n\n<figure class=\"wp-block-table\"><table class=\"has-fixed-layout\"><tbody><tr><td>Modelo<\/td><td>Talla<\/td><td>Peso<\/td><td>MOQ<\/td><\/tr><tr><td rowspan=\"3\">DY071-P<\/td><td>13 cm<\/td><td>145g<\/td><td>180 UNIDADES<\/td><\/tr><tr><td>15 cm<\/td><td>160g<\/td><td>160PCS<\/td><\/tr><tr><td>17 cm<\/td><td>196g<\/td><td>120PCS<\/td><\/tr><\/tbody><\/table><\/figure>\n\n\n\n<h2 class=\"wp-block-heading\">Venta al por mayor de oro de acero inoxidable Snack Plate Caracter\u00edsticas:<\/h2>\n\n\n\n<p><strong>Acero inoxidable de alta calidad:<\/strong> Material de acero inoxidable de grado alimentario, resistente a la corrosi\u00f3n, sin olor, duradero<br><strong>Disponible en varios colores: <\/strong>opciones de chapado en plata u oro y semidorado para satisfacer diferentes necesidades<br><strong>Diferentes tama\u00f1os disponibles: <\/strong>13cm, 15cm, 17cm tama\u00f1o de diferentes especificaciones, se pueden apilar de almacenamiento, ahorro de espacio<br><strong>Dise\u00f1o de doble asa: <\/strong>Aislamiento t\u00e9rmico engrosado y asa antiquemaduras,M\u00e1s f\u00e1cil de coger<br><strong>Tirador de refuerzo de remaches:<\/strong> el remache de refuerzo es firme y duradero, y no es f\u00e1cil que se caiga durante mucho tiempo<br><strong>Nivelaci\u00f3n del fondo de la maceta: <\/strong>calentar de manera uniforme y r\u00e1pida, no recoger el horno, ahorro de energ\u00eda y ahorro de tiempo<br>Ampliaci\u00f3n de gran capacidad: dise\u00f1o de gran calibre, f\u00e1cil de sostener una variedad de alimentos<\/p>\n<\/div>\n\n\n\n<div class=\"wp-block-column is-layout-flow wp-block-column-is-layout-flow\">\n<figure class=\"wp-block-image size-full is-resized\"><img decoding=\"async\" width=\"800\" height=\"800\" src=\"https:\/\/www.yongyukitchenware.com\/wp-content\/uploads\/2025\/07\/Wholesale-Gold-Stainless-Steel-Snack-Plate-7.webp\" alt=\"Mayorista-Gold-Steel-Snack-Plate-7\" class=\"wp-image-4417\" style=\"width:384px;height:auto\" srcset=\"https:\/\/www.yongyukitchenware.com\/wp-content\/uploads\/2025\/07\/Wholesale-Gold-Stainless-Steel-Snack-Plate-7.webp 800w, https:\/\/www.yongyukitchenware.com\/wp-content\/uploads\/2025\/07\/Wholesale-Gold-Stainless-Steel-Snack-Plate-7-300x300.webp 300w, https:\/\/www.yongyukitchenware.com\/wp-content\/uploads\/2025\/07\/Wholesale-Gold-Stainless-Steel-Snack-Plate-7-150x150.webp 150w, https:\/\/www.yongyukitchenware.com\/wp-content\/uploads\/2025\/07\/Wholesale-Gold-Stainless-Steel-Snack-Plate-7-768x768.webp 768w, https:\/\/www.yongyukitchenware.com\/wp-content\/uploads\/2025\/07\/Wholesale-Gold-Stainless-Steel-Snack-Plate-7-12x12.webp 12w, https:\/\/www.yongyukitchenware.com\/wp-content\/uploads\/2025\/07\/Wholesale-Gold-Stainless-Steel-Snack-Plate-7-600x600.webp 600w, https:\/\/www.yongyukitchenware.com\/wp-content\/uploads\/2025\/07\/Wholesale-Gold-Stainless-Steel-Snack-Plate-7-100x100.webp 100w\" sizes=\"(max-width: 800px) 100vw, 800px\" \/><\/figure>\n\n\n\n<figure class=\"wp-block-image size-full is-resized\"><img decoding=\"async\" width=\"800\" height=\"800\" src=\"https:\/\/www.yongyukitchenware.com\/wp-content\/uploads\/2025\/07\/Wholesale-Gold-Stainless-Steel-Snack-Plate-8.webp\" alt=\"Mayorista-Oro-Acero inoxidable-Placa snack-8\" class=\"wp-image-4418\" style=\"width:384px\" srcset=\"https:\/\/www.yongyukitchenware.com\/wp-content\/uploads\/2025\/07\/Wholesale-Gold-Stainless-Steel-Snack-Plate-8.webp 800w, https:\/\/www.yongyukitchenware.com\/wp-content\/uploads\/2025\/07\/Wholesale-Gold-Stainless-Steel-Snack-Plate-8-300x300.webp 300w, https:\/\/www.yongyukitchenware.com\/wp-content\/uploads\/2025\/07\/Wholesale-Gold-Stainless-Steel-Snack-Plate-8-150x150.webp 150w, https:\/\/www.yongyukitchenware.com\/wp-content\/uploads\/2025\/07\/Wholesale-Gold-Stainless-Steel-Snack-Plate-8-768x768.webp 768w, https:\/\/www.yongyukitchenware.com\/wp-content\/uploads\/2025\/07\/Wholesale-Gold-Stainless-Steel-Snack-Plate-8-12x12.webp 12w, https:\/\/www.yongyukitchenware.com\/wp-content\/uploads\/2025\/07\/Wholesale-Gold-Stainless-Steel-Snack-Plate-8-600x600.webp 600w, https:\/\/www.yongyukitchenware.com\/wp-content\/uploads\/2025\/07\/Wholesale-Gold-Stainless-Steel-Snack-Plate-8-100x100.webp 100w\" sizes=\"(max-width: 800px) 100vw, 800px\" \/><\/figure>\n<\/div>\n<\/div>","protected":false},"excerpt":{"rendered":"<div class=\"n4sEPd\">\n<div class=\"UdTY9 qhIQqf leDWne\" aria-hidden=\"true\" data-location=\"1\">Plato de aperitivos de acero inoxidable dorado al por mayor con asas dobles, perfecto para servir aperitivos, tentempi\u00e9s o frutas. Duradero, elegante y f\u00e1cil de llevar, a\u00f1ade un toque de elegancia a cualquier ocasi\u00f3n.<\/div>\n<\/div>\n<h2 style=\"text-align: left;\">Venta al por mayor de oro de acero inoxidable Snack Plate:<\/h2>\n<p style=\"text-align: left;\"><strong>Material:<\/strong> Acero inoxidable<br \/><span style=\"margin: 0px; padding: 0px;\"><strong>Longitud:<\/strong> 13\/15\/17<\/span>cm<br \/><strong>Forma:<\/strong> Forma redonda<br \/><strong>Embalaje:<\/strong> Bolsa OPP y cart\u00f3n<br \/><strong>OEM\/ODM:<\/strong> Disponible<\/p>\n<h2 class=\"wp-block-heading\">Del mayorista de vajillas Yongyu:<\/h2>\n<p>Yongyu Tableware Wholesaler puede satisfacer las necesidades de los clientes al por mayor y proporcionar una serie de suministros de catering al por mayor de alta calidad que combina elegancia y durabilidad. Incluyendo vajilla, vajilla de bebidas, equipos de catering, utensilios de cocina, elementos esenciales de cocina de campamento, etc.<\/p>","protected":false},"featured_media":4411,"comment_status":"closed","ping_status":"closed","template":"","meta":{"_acf_changed":true},"application":[29],"product_brand":[],"product_cat":[21],"product_tag":[],"class_list":{"0":"post-4410","1":"product","2":"type-product","3":"status-publish","4":"has-post-thumbnail","6":"application-home-kitchen","7":"product_cat-tableware-wholesale","9":"first","10":"instock","11":"shipping-taxable","12":"product-type-simple"},"acf":[],"_links":{"self":[{"href":"https:\/\/www.yongyukitchenware.com\/es\/wp-json\/wp\/v2\/product\/4410","targetHints":{"allow":["GET"]}}],"collection":[{"href":"https:\/\/www.yongyukitchenware.com\/es\/wp-json\/wp\/v2\/product"}],"about":[{"href":"https:\/\/www.yongyukitchenware.com\/es\/wp-json\/wp\/v2\/types\/product"}],"replies":[{"embeddable":true,"href":"https:\/\/www.yongyukitchenware.com\/es\/wp-json\/wp\/v2\/comments?post=4410"}],"wp:featuredmedia":[{"embeddable":true,"href":"https:\/\/www.yongyukitchenware.com\/es\/wp-json\/wp\/v2\/media\/4411"}],"wp:attachment":[{"href":"https:\/\/www.yongyukitchenware.com\/es\/wp-json\/wp\/v2\/media?parent=4410"}],"wp:term":[{"taxonomy":"application","embeddable":true,"href":"https:\/\/www.yongyukitchenware.com\/es\/wp-json\/wp\/v2\/application?post=4410"},{"taxonomy":"product_brand","embeddable":true,"href":"https:\/\/www.yongyukitchenware.com\/es\/wp-json\/wp\/v2\/product_brand?post=4410"},{"taxonomy":"product_cat","embeddable":true,"href":"https:\/\/www.yongyukitchenware.com\/es\/wp-json\/wp\/v2\/product_cat?post=4410"},{"taxonomy":"product_tag","embeddable":true,"href":"https:\/\/www.yongyukitchenware.com\/es\/wp-json\/wp\/v2\/product_tag?post=4410"}],"curies":[{"name":"wp","href":"https:\/\/api.w.org\/{rel}","templated":true}]}}