{"id":4425,"date":"2025-08-22T07:03:10","date_gmt":"2025-08-22T07:03:10","guid":{"rendered":"https:\/\/www.yongyukitchenware.com\/?post_type=product&#038;p=4425"},"modified":"2025-08-22T07:03:12","modified_gmt":"2025-08-22T07:03:12","slug":"bulk-rectangular-baking-tray-with-double-handles","status":"publish","type":"product","link":"https:\/\/www.yongyukitchenware.com\/es\/producto\/bulk-rectangular-baking-tray-with-double-handles\/","title":{"rendered":"Bandeja de horno rectangular a granel con asas dobles"},"content":{"rendered":"<div class=\"wp-block-columns is-layout-flex wp-container-core-columns-is-layout-9d6595d7 wp-block-columns-is-layout-flex\">\n<div class=\"wp-block-column is-layout-flow wp-block-column-is-layout-flow\">\n<h2 class=\"wp-block-heading\">Bandeja de horno rectangular a granel con asas dobles Caracter\u00edsticas:<\/h2>\n\n\n\n<p><strong>Material de acero inoxidable de calidad alimentaria:<\/strong> Fabricado en acero inoxidable de alta calidad para uso alimentario, es resistente a la corrosi\u00f3n, no propenso a la oxidaci\u00f3n, seguro y saludable, y adecuado para diversos platos como pescado a la parrilla, barbacoa y platos al horno.<br><strong>Proceso de pulido espejo: <\/strong>El tratamiento de pulido espejo hace que la superficie sea tan brillante como un espejo, f\u00e1cil de limpiar y menos propensa a la adherencia de aceite, lo que mejora el atractivo est\u00e9tico y la experiencia de uso de la cocina.<br><strong>Hay tres pr\u00e1cticos tama\u00f1os disponibles: <\/strong>Se ofrecen tama\u00f1os peque\u00f1o, mediano y grande para satisfacer las necesidades de capacidad de distintos escenarios, como reuniones familiares y barbacoas al aire libre.<br><strong>Dise\u00f1o de asa de doble oreja: <\/strong>El dise\u00f1o estable del mango de doble oreja hace que sea c\u00f3modo de mover y sacar, garantizando un uso m\u00e1s seguro y evitando quemaduras.<br><strong>Opciones de dos colores:<\/strong> Disponible en el cl\u00e1sico color natural del acero inoxidable y en dorado de alta gama, combina practicidad y est\u00e9tica, y se adapta a diversos estilos de cocina o de mesa.<\/p>\n<\/div>\n\n\n\n<div class=\"wp-block-column is-layout-flow wp-block-column-is-layout-flow\">\n<figure class=\"wp-block-image size-full\"><img decoding=\"async\" width=\"800\" height=\"800\" src=\"https:\/\/www.yongyukitchenware.com\/wp-content\/uploads\/2025\/07\/Bulk-Rectangular-Baking-Tray-with-Double-Handles-4.webp\" alt=\"Bandeja de horno rectangular con doble asa-4\" class=\"wp-image-4429\" srcset=\"https:\/\/www.yongyukitchenware.com\/wp-content\/uploads\/2025\/07\/Bulk-Rectangular-Baking-Tray-with-Double-Handles-4.webp 800w, https:\/\/www.yongyukitchenware.com\/wp-content\/uploads\/2025\/07\/Bulk-Rectangular-Baking-Tray-with-Double-Handles-4-300x300.webp 300w, https:\/\/www.yongyukitchenware.com\/wp-content\/uploads\/2025\/07\/Bulk-Rectangular-Baking-Tray-with-Double-Handles-4-150x150.webp 150w, https:\/\/www.yongyukitchenware.com\/wp-content\/uploads\/2025\/07\/Bulk-Rectangular-Baking-Tray-with-Double-Handles-4-768x768.webp 768w, https:\/\/www.yongyukitchenware.com\/wp-content\/uploads\/2025\/07\/Bulk-Rectangular-Baking-Tray-with-Double-Handles-4-12x12.webp 12w, https:\/\/www.yongyukitchenware.com\/wp-content\/uploads\/2025\/07\/Bulk-Rectangular-Baking-Tray-with-Double-Handles-4-600x600.webp 600w, https:\/\/www.yongyukitchenware.com\/wp-content\/uploads\/2025\/07\/Bulk-Rectangular-Baking-Tray-with-Double-Handles-4-100x100.webp 100w\" sizes=\"(max-width: 800px) 100vw, 800px\" \/><\/figure>\n<\/div>\n<\/div>\n\n\n\n<div class=\"wp-block-columns is-layout-flex wp-container-core-columns-is-layout-9d6595d7 wp-block-columns-is-layout-flex\">\n<div class=\"wp-block-column is-layout-flow wp-block-column-is-layout-flow\">\n<figure class=\"wp-block-image size-full\"><img decoding=\"async\" width=\"800\" height=\"800\" src=\"https:\/\/www.yongyukitchenware.com\/wp-content\/uploads\/2025\/07\/Bulk-Rectangular-Baking-Tray-with-Double-Handles-10.webp\" alt=\"Bandeja de horno rectangular con doble asa-10\" class=\"wp-image-4435\" srcset=\"https:\/\/www.yongyukitchenware.com\/wp-content\/uploads\/2025\/07\/Bulk-Rectangular-Baking-Tray-with-Double-Handles-10.webp 800w, https:\/\/www.yongyukitchenware.com\/wp-content\/uploads\/2025\/07\/Bulk-Rectangular-Baking-Tray-with-Double-Handles-10-300x300.webp 300w, https:\/\/www.yongyukitchenware.com\/wp-content\/uploads\/2025\/07\/Bulk-Rectangular-Baking-Tray-with-Double-Handles-10-150x150.webp 150w, https:\/\/www.yongyukitchenware.com\/wp-content\/uploads\/2025\/07\/Bulk-Rectangular-Baking-Tray-with-Double-Handles-10-768x768.webp 768w, https:\/\/www.yongyukitchenware.com\/wp-content\/uploads\/2025\/07\/Bulk-Rectangular-Baking-Tray-with-Double-Handles-10-12x12.webp 12w, https:\/\/www.yongyukitchenware.com\/wp-content\/uploads\/2025\/07\/Bulk-Rectangular-Baking-Tray-with-Double-Handles-10-600x600.webp 600w, https:\/\/www.yongyukitchenware.com\/wp-content\/uploads\/2025\/07\/Bulk-Rectangular-Baking-Tray-with-Double-Handles-10-100x100.webp 100w\" sizes=\"(max-width: 800px) 100vw, 800px\" \/><\/figure>\n<\/div>\n\n\n\n<div class=\"wp-block-column is-layout-flow wp-block-column-is-layout-flow\">\n<h2 class=\"wp-block-heading\">Bandeja de horno rectangular a granel con asas dobles Tama\u00f1o:<\/h2>\n\n\n\n<figure class=\"wp-block-table\"><table class=\"has-fixed-layout\"><tbody><tr><td>Modelo<\/td><td>Talla<\/td><td>Peso<\/td><td>MOQ<\/td><\/tr><tr><td rowspan=\"3\">DY072-P<\/td><td>40*20.5<\/td><td>1180g<\/td><td>16PCS<\/td><\/tr><tr><td>46*24.5<\/td><td>1600g<\/td><td>14PCS<\/td><\/tr><tr><td>49*28<\/td><td>1990g<\/td><td>12PCS<\/td><\/tr><\/tbody><\/table><\/figure>\n<\/div>\n<\/div>","protected":false},"excerpt":{"rendered":"<div class=\"n4sEPd\">\n<div class=\"UdTY9 qhIQqf leDWne\" aria-hidden=\"true\" data-location=\"1\">Bandeja de horno rectangular a granel con asas dobles , duradera, f\u00e1cil de agarrar y perfecta para la panader\u00eda comercial o dom\u00e9stica. Su robusto dise\u00f1o de doble asa garantiza un transporte seguro, mientras que su forma rectangular ofrece un amplio espacio para pan, boller\u00eda y asados.<\/div>\n<\/div>\n<h2 style=\"text-align: left;\">Bandeja de horno rectangular a granel con asas dobles Par\u00e1metro:<\/h2>\n<p style=\"text-align: left;\"><strong>Material:<\/strong> Acero inoxidable<br \/><strong>Profundidad: <\/strong>40\/46\/49 cm<br \/><strong>Forma:<\/strong> Rectangular<br \/><strong>Embalaje:<\/strong> Bolsa OPP y cart\u00f3n<br \/><strong>OEM\/ODM:<\/strong> Disponible<\/p>\n<h2 class=\"wp-block-heading\">De Yongyu fabricante de utensilios de cocina :<\/h2>\n<p>Yongyu es un fabricante profesional de utensilios de cocina. Nuestros productos incluyen todo tipo de utensilios de cocina de acero inoxidable y accesorios de cocina. Ofrecemos soluciones personalizadas con productos de alta calidad a precios de f\u00e1brica.<\/p>","protected":false},"featured_media":4426,"comment_status":"closed","ping_status":"closed","template":"","meta":{"_acf_changed":false},"application":[29],"product_brand":[],"product_cat":[23,35],"product_tag":[],"class_list":{"0":"post-4425","1":"product","2":"type-product","3":"status-publish","4":"has-post-thumbnail","6":"application-home-kitchen","7":"product_cat-kitchenware-wholesale","8":"product_cat-baking-trays-wholesale","10":"first","11":"instock","12":"shipping-taxable","13":"product-type-simple"},"acf":[],"_links":{"self":[{"href":"https:\/\/www.yongyukitchenware.com\/es\/wp-json\/wp\/v2\/product\/4425","targetHints":{"allow":["GET"]}}],"collection":[{"href":"https:\/\/www.yongyukitchenware.com\/es\/wp-json\/wp\/v2\/product"}],"about":[{"href":"https:\/\/www.yongyukitchenware.com\/es\/wp-json\/wp\/v2\/types\/product"}],"replies":[{"embeddable":true,"href":"https:\/\/www.yongyukitchenware.com\/es\/wp-json\/wp\/v2\/comments?post=4425"}],"wp:featuredmedia":[{"embeddable":true,"href":"https:\/\/www.yongyukitchenware.com\/es\/wp-json\/wp\/v2\/media\/4426"}],"wp:attachment":[{"href":"https:\/\/www.yongyukitchenware.com\/es\/wp-json\/wp\/v2\/media?parent=4425"}],"wp:term":[{"taxonomy":"application","embeddable":true,"href":"https:\/\/www.yongyukitchenware.com\/es\/wp-json\/wp\/v2\/application?post=4425"},{"taxonomy":"product_brand","embeddable":true,"href":"https:\/\/www.yongyukitchenware.com\/es\/wp-json\/wp\/v2\/product_brand?post=4425"},{"taxonomy":"product_cat","embeddable":true,"href":"https:\/\/www.yongyukitchenware.com\/es\/wp-json\/wp\/v2\/product_cat?post=4425"},{"taxonomy":"product_tag","embeddable":true,"href":"https:\/\/www.yongyukitchenware.com\/es\/wp-json\/wp\/v2\/product_tag?post=4425"}],"curies":[{"name":"wp","href":"https:\/\/api.w.org\/{rel}","templated":true}]}}