{"id":4454,"date":"2025-07-23T07:13:21","date_gmt":"2025-07-23T07:13:21","guid":{"rendered":"https:\/\/www.yongyukitchenware.com\/?post_type=product&#038;p=4454"},"modified":"2025-07-23T07:13:22","modified_gmt":"2025-07-23T07:13:22","slug":"bulk-304-stainless-steel-cutlery-set-kitchen-fork-spoon-knife-set","status":"publish","type":"product","link":"https:\/\/www.yongyukitchenware.com\/es\/producto\/bulk-304-stainless-steel-cutlery-set-kitchen-fork-spoon-knife-set\/","title":{"rendered":"Juego de cubiertos de acero inoxidable 304 a granel Juego de cuchillos de cocina tenedor cuchara"},"content":{"rendered":"<div class=\"wp-block-columns is-layout-flex wp-container-core-columns-is-layout-9d6595d7 wp-block-columns-is-layout-flex\">\n<div class=\"wp-block-column is-layout-flow wp-block-column-is-layout-flow\">\n<h2 class=\"wp-block-heading\">Juego de cubiertos de acero inoxidable 304 a granel Caracter\u00edsticas:<\/h2>\n\n\n\n<p><strong>Material de acero inoxidable de alta calidad, tres opciones disponibles:<\/strong> Fabricado en acero inoxidable apto para uso alimentario (410, 430, 304), tiene una gran resistencia a la corrosi\u00f3n y un rendimiento de prevenci\u00f3n de la oxidaci\u00f3n, lo que proporciona una mayor tranquilidad en el uso diario, y es duradero y menos propenso a la deformaci\u00f3n.<\/p>\n\n\n\n<p><br><strong>Vajilla completa, adecuada para diversos escenarios:<\/strong> Cada juego incluye un cuchillo de mesa, un tenedor, una cuchara y una cuchara peque\u00f1a, adecuados para la vida diaria de la familia, reuniones y banquetes, restaurantes de hoteles y otras ocasiones, pr\u00e1cticos y bonitos.<\/p>\n\n\n\n<p><br><strong>Admite colores personalizados para crear un estilo \u00fanico: <\/strong>Hay varios colores disponibles para satisfacer necesidades personalizadas y combinar con diferentes estilos de mesa de comedor. Ya sea un estilo minimalista o lujoso, se puede combinar f\u00e1cilmente.<\/p>\n\n\n\n<p><br><strong>Dise\u00f1o ergon\u00f3mico, agarre c\u00f3modo: <\/strong>El mango del cuchillo, el tenedor y la cuchara tiene un dise\u00f1o ergon\u00f3mico que se adapta a la palma de la mano de forma natural y c\u00f3moda, facilitando su uso y proporcionando una experiencia gastron\u00f3mica m\u00e1s agradable.<\/p>\n\n\n\n<p><br><strong>F\u00e1cil de limpiar y compatible con el lavavajillas: <\/strong>Con un tratamiento de superficie lisa, es menos probable que queden manchas. Puede introducirse directamente en el lavavajillas para su limpieza, lo que ahorra tiempo y facilita la limpieza diaria.<\/p>\n<\/div>\n\n\n\n<div class=\"wp-block-column is-layout-flow wp-block-column-is-layout-flow\">\n<div class=\"wp-block-columns is-layout-flex wp-container-core-columns-is-layout-9d6595d7 wp-block-columns-is-layout-flex\">\n<div class=\"wp-block-column is-layout-flow wp-block-column-is-layout-flow\">\n<figure class=\"wp-block-gallery aligncenter has-nested-images columns-default is-cropped wp-block-gallery-1 is-layout-flex wp-block-gallery-is-layout-flex\">\n<figure class=\"wp-block-image size-full\"><img decoding=\"async\" width=\"800\" height=\"800\" data-id=\"4458\" src=\"https:\/\/www.yongyukitchenware.com\/wp-content\/uploads\/2025\/07\/Bulk-304-Stainless-Steel-Cutlery-Set-4.webp\" alt=\"Bulk-304-Cubiertos de acero inoxidable-Set-4\" class=\"wp-image-4458\" srcset=\"https:\/\/www.yongyukitchenware.com\/wp-content\/uploads\/2025\/07\/Bulk-304-Stainless-Steel-Cutlery-Set-4.webp 800w, https:\/\/www.yongyukitchenware.com\/wp-content\/uploads\/2025\/07\/Bulk-304-Stainless-Steel-Cutlery-Set-4-300x300.webp 300w, https:\/\/www.yongyukitchenware.com\/wp-content\/uploads\/2025\/07\/Bulk-304-Stainless-Steel-Cutlery-Set-4-150x150.webp 150w, https:\/\/www.yongyukitchenware.com\/wp-content\/uploads\/2025\/07\/Bulk-304-Stainless-Steel-Cutlery-Set-4-768x768.webp 768w, https:\/\/www.yongyukitchenware.com\/wp-content\/uploads\/2025\/07\/Bulk-304-Stainless-Steel-Cutlery-Set-4-12x12.webp 12w, https:\/\/www.yongyukitchenware.com\/wp-content\/uploads\/2025\/07\/Bulk-304-Stainless-Steel-Cutlery-Set-4-600x600.webp 600w, https:\/\/www.yongyukitchenware.com\/wp-content\/uploads\/2025\/07\/Bulk-304-Stainless-Steel-Cutlery-Set-4-100x100.webp 100w\" sizes=\"(max-width: 800px) 100vw, 800px\" \/><\/figure>\n<\/figure>\n<\/div>\n<\/div>\n\n\n\n<figure class=\"wp-block-image size-full\"><img decoding=\"async\" width=\"800\" height=\"800\" src=\"https:\/\/www.yongyukitchenware.com\/wp-content\/uploads\/2025\/07\/Bulk-304-Stainless-Steel-Cutlery-Set-10.webp\" alt=\"Juego de cubiertos de acero inoxidable Bulk-304-10\" class=\"wp-image-4464\" srcset=\"https:\/\/www.yongyukitchenware.com\/wp-content\/uploads\/2025\/07\/Bulk-304-Stainless-Steel-Cutlery-Set-10.webp 800w, https:\/\/www.yongyukitchenware.com\/wp-content\/uploads\/2025\/07\/Bulk-304-Stainless-Steel-Cutlery-Set-10-300x300.webp 300w, https:\/\/www.yongyukitchenware.com\/wp-content\/uploads\/2025\/07\/Bulk-304-Stainless-Steel-Cutlery-Set-10-150x150.webp 150w, https:\/\/www.yongyukitchenware.com\/wp-content\/uploads\/2025\/07\/Bulk-304-Stainless-Steel-Cutlery-Set-10-768x768.webp 768w, https:\/\/www.yongyukitchenware.com\/wp-content\/uploads\/2025\/07\/Bulk-304-Stainless-Steel-Cutlery-Set-10-12x12.webp 12w, https:\/\/www.yongyukitchenware.com\/wp-content\/uploads\/2025\/07\/Bulk-304-Stainless-Steel-Cutlery-Set-10-600x600.webp 600w, https:\/\/www.yongyukitchenware.com\/wp-content\/uploads\/2025\/07\/Bulk-304-Stainless-Steel-Cutlery-Set-10-100x100.webp 100w\" sizes=\"(max-width: 800px) 100vw, 800px\" \/><\/figure>\n<\/div>\n<\/div>\n\n\n\n<div class=\"wp-block-columns is-layout-flex wp-container-core-columns-is-layout-9d6595d7 wp-block-columns-is-layout-flex\">\n<div class=\"wp-block-column is-layout-flow wp-block-column-is-layout-flow\">\n<h2 class=\"wp-block-heading\">Juego de cubiertos de acero inoxidable 304 a granel Tama\u00f1o:<\/h2>\n\n\n\n<figure class=\"wp-block-table\"><table class=\"has-fixed-layout\"><tbody><tr><td>Modelo<\/td><td>Especificaci\u00f3n<\/td><td>Longitud * Anchura (cm)<\/td><td>MOQ<\/td><\/tr><tr><td rowspan=\"5\">DY001-DCS<\/td><td>Cuchara<\/td><td>20,3*4,3 cm<\/td><td rowspan=\"5\">500PCS<\/td><\/tr><tr><td>Cuchillo de mesa<\/td><td>23*2cm<\/td><\/tr><tr><td>horquilla<\/td><td>20,3*2,4 cm<\/td><\/tr><tr><td>Cuchara peque\u00f1a<\/td><td>13,9*3,2 cm<\/td><\/tr><tr><td>Tenedor de tres dientes<\/td><td>14*2,2 cm<\/td><\/tr><\/tbody><\/table><\/figure>\n<\/div>\n<\/div>\n\n\n\n<p><\/p>","protected":false},"excerpt":{"rendered":"<p>Juego de cubiertos de acero inoxidable 304 a granel fabricados en acero inoxidable de calidad alimentaria para una mayor durabilidad, resistencia a la corrosi\u00f3n y uso diario en cocinas comerciales o dom\u00e9sticas. P\u00f3ngase en contacto con nosotros<\/p>\n<h2 style=\"text-align: left;\">Juego de cubiertos de camping Par\u00e1metro:<\/h2>\n<p style=\"text-align: left;\"><strong>Material:<\/strong> Acero inoxidable<br \/><strong>Color:<\/strong> Color plata<br \/><strong>Tipos:<\/strong> Cuchara, tenedor, cuchillo, palillos chinos<br \/><strong>OEM\/ODM:<\/strong> Disponible<\/p>\n<h2 class=\"wp-block-heading\">Del fabricante Camping Kitchen Essentials :<\/h2>\n<p>Yongyu es un fabricante profesional de utensilios de cocina para camping, nuestros productos abarcan todo tipo de utensilios de cocina para camping de acero inoxidable, como utensilios de cocina para camping, vajilla para camping, parrillas para barbacoa, etc., proporcionando servicios de adquisici\u00f3n de calidad y precios asequibles para cada cliente.<\/p>","protected":false},"featured_media":4455,"comment_status":"closed","ping_status":"closed","template":"","meta":{"_acf_changed":false},"application":[31],"product_brand":[],"product_cat":[48],"product_tag":[],"class_list":{"0":"post-4454","1":"product","2":"type-product","3":"status-publish","4":"has-post-thumbnail","6":"application-champ-kitchen","7":"product_cat-cutlery-wholesale","9":"first","10":"instock","11":"shipping-taxable","12":"product-type-simple"},"acf":[],"_links":{"self":[{"href":"https:\/\/www.yongyukitchenware.com\/es\/wp-json\/wp\/v2\/product\/4454","targetHints":{"allow":["GET"]}}],"collection":[{"href":"https:\/\/www.yongyukitchenware.com\/es\/wp-json\/wp\/v2\/product"}],"about":[{"href":"https:\/\/www.yongyukitchenware.com\/es\/wp-json\/wp\/v2\/types\/product"}],"replies":[{"embeddable":true,"href":"https:\/\/www.yongyukitchenware.com\/es\/wp-json\/wp\/v2\/comments?post=4454"}],"wp:featuredmedia":[{"embeddable":true,"href":"https:\/\/www.yongyukitchenware.com\/es\/wp-json\/wp\/v2\/media\/4455"}],"wp:attachment":[{"href":"https:\/\/www.yongyukitchenware.com\/es\/wp-json\/wp\/v2\/media?parent=4454"}],"wp:term":[{"taxonomy":"application","embeddable":true,"href":"https:\/\/www.yongyukitchenware.com\/es\/wp-json\/wp\/v2\/application?post=4454"},{"taxonomy":"product_brand","embeddable":true,"href":"https:\/\/www.yongyukitchenware.com\/es\/wp-json\/wp\/v2\/product_brand?post=4454"},{"taxonomy":"product_cat","embeddable":true,"href":"https:\/\/www.yongyukitchenware.com\/es\/wp-json\/wp\/v2\/product_cat?post=4454"},{"taxonomy":"product_tag","embeddable":true,"href":"https:\/\/www.yongyukitchenware.com\/es\/wp-json\/wp\/v2\/product_tag?post=4454"}],"curies":[{"name":"wp","href":"https:\/\/api.w.org\/{rel}","templated":true}]}}