{"id":4489,"date":"2025-07-23T04:05:05","date_gmt":"2025-07-23T04:05:05","guid":{"rendered":"https:\/\/www.yongyukitchenware.com\/?post_type=product&#038;p=4489"},"modified":"2025-07-23T04:05:06","modified_gmt":"2025-07-23T04:05:06","slug":"bulk-korean-rice-soup-bowl-with-lid-stainless-steel-salad-bowl-silver","status":"publish","type":"product","link":"https:\/\/www.yongyukitchenware.com\/es\/producto\/bulk-korean-rice-soup-bowl-with-lid-stainless-steel-salad-bowl-silver\/","title":{"rendered":"Taz\u00f3n de sopa de arroz coreano a granel con tapa Ensaladera de acero inoxidable-Plata"},"content":{"rendered":"<div class=\"wp-block-columns is-layout-flex wp-container-core-columns-is-layout-9d6595d7 wp-block-columns-is-layout-flex\">\n<div class=\"wp-block-column is-layout-flow wp-block-column-is-layout-flow\">\n<div class=\"wp-block-columns is-layout-flex wp-container-core-columns-is-layout-9d6595d7 wp-block-columns-is-layout-flex\">\n<div class=\"wp-block-column is-layout-flow wp-block-column-is-layout-flow\">\n<h2 class=\"wp-block-heading\">Taz\u00f3n de sopa de arroz coreano a granel con tapa Caracter\u00edsticas:<\/h2>\n\n\n\n<p>Acero inoxidable 304 de calidad alimentaria: Hecho de acero inoxidable 304 de alto grado, este art\u00edculo es anti-corrosi\u00f3n y anti-oxidaci\u00f3n, la introducci\u00f3n de la comodidad y la salud, incluso si se utiliza durante un largo per\u00edodo.<br><strong>Dise\u00f1o funcional de la tapa: <\/strong>Con un recipiente con tapa de cierre herm\u00e9tico, puede sellar el polvo y mantener el calor, conservando el sabor original de los alimentos. Es adecuado para uso dom\u00e9stico y para llevar.<br><strong>Hay cinco tama\u00f1os:<\/strong> desde alimentos complementarios para beb\u00e9s hasta alimentos b\u00e1sicos para adultos, con m\u00e1s de una capacidad para adaptarse a diferentes ocasiones de comer.<br><strong>Disponible en dos colores, puro dise\u00f1o coreano: <\/strong>color acero inoxidable como es, y oro elegante, va con cualquier dise\u00f1o de mesa para la cena y se suma a la norma de vida.<br><strong>Moldeado de una sola pieza de f\u00e1cil limpieza: <\/strong>Conexi\u00f3n lisa de la pared interior sin costuras, sin acumulaci\u00f3n de suciedad, f\u00e1cil de limpiar, ahorra tiempo y esfuerzo, sin preocupaciones.<\/p>\n\n\n\n<figure class=\"wp-block-table\"><table class=\"has-fixed-layout\"><tbody><tr><td>Modelo<\/td><td>Tama\u00f1o(Largo * Ancho)<\/td><td>Peso<\/td><td>MOQ<\/td><\/tr><tr><td rowspan=\"5\">DY032-W<\/td><td>8,5 cm<\/td><td>100g<\/td><td>240PCS<\/td><\/tr><tr><td>10 cm<\/td><td>135g<\/td><td>180 UNIDADES<\/td><\/tr><tr><td>12 cm<\/td><td>215g<\/td><td>160PCS<\/td><\/tr><tr><td>13,5 cm<\/td><td>250g<\/td><td>80PCS<\/td><\/tr><tr><td>15 cm<\/td><td>318g<\/td><td>80PCS<\/td><\/tr><\/tbody><\/table><\/figure>\n<\/div>\n\n\n\n<div class=\"wp-block-column is-layout-flow wp-block-column-is-layout-flow\">\n<div class=\"wp-block-columns is-layout-flex wp-container-core-columns-is-layout-9d6595d7 wp-block-columns-is-layout-flex\">\n<div class=\"wp-block-column is-layout-flow wp-block-column-is-layout-flow\">\n<div class=\"wp-block-columns is-layout-flex wp-container-core-columns-is-layout-9d6595d7 wp-block-columns-is-layout-flex\">\n<div class=\"wp-block-column is-layout-flow wp-block-column-is-layout-flow\">\n<div class=\"wp-block-columns is-layout-flex wp-container-core-columns-is-layout-9d6595d7 wp-block-columns-is-layout-flex\">\n<div class=\"wp-block-column is-layout-flow wp-block-column-is-layout-flow\">\n<figure class=\"wp-block-image size-full is-resized\"><img decoding=\"async\" width=\"800\" height=\"800\" src=\"https:\/\/www.yongyukitchenware.com\/wp-content\/uploads\/2025\/07\/Wholesale-Korean-Rice-Soup-Bowl-with-Lid-6.webp\" alt=\"bol para sopa de arroz coreana a granel con tapa-6\" class=\"wp-image-4485\" style=\"width:459px;height:auto\" srcset=\"https:\/\/www.yongyukitchenware.com\/wp-content\/uploads\/2025\/07\/Wholesale-Korean-Rice-Soup-Bowl-with-Lid-6.webp 800w, https:\/\/www.yongyukitchenware.com\/wp-content\/uploads\/2025\/07\/Wholesale-Korean-Rice-Soup-Bowl-with-Lid-6-300x300.webp 300w, https:\/\/www.yongyukitchenware.com\/wp-content\/uploads\/2025\/07\/Wholesale-Korean-Rice-Soup-Bowl-with-Lid-6-150x150.webp 150w, https:\/\/www.yongyukitchenware.com\/wp-content\/uploads\/2025\/07\/Wholesale-Korean-Rice-Soup-Bowl-with-Lid-6-768x768.webp 768w, https:\/\/www.yongyukitchenware.com\/wp-content\/uploads\/2025\/07\/Wholesale-Korean-Rice-Soup-Bowl-with-Lid-6-12x12.webp 12w, https:\/\/www.yongyukitchenware.com\/wp-content\/uploads\/2025\/07\/Wholesale-Korean-Rice-Soup-Bowl-with-Lid-6-600x600.webp 600w, https:\/\/www.yongyukitchenware.com\/wp-content\/uploads\/2025\/07\/Wholesale-Korean-Rice-Soup-Bowl-with-Lid-6-100x100.webp 100w\" sizes=\"(max-width: 800px) 100vw, 800px\" \/><\/figure>\n<\/div>\n<\/div>\n<\/div>\n<\/div>\n\n\n\n<div class=\"wp-block-columns is-layout-flex wp-container-core-columns-is-layout-9d6595d7 wp-block-columns-is-layout-flex\">\n<div class=\"wp-block-column is-layout-flow wp-block-column-is-layout-flow\">\n<div class=\"wp-block-columns is-layout-flex wp-container-core-columns-is-layout-9d6595d7 wp-block-columns-is-layout-flex\">\n<div class=\"wp-block-column is-layout-flow wp-block-column-is-layout-flow\"><\/div>\n<\/div>\n<\/div>\n<\/div>\n<\/div>\n<\/div>\n<\/div>\n<\/div>\n<\/div>\n<\/div>\n\n\n\n<p><\/p>","protected":false},"excerpt":{"rendered":"<p>El cuenco para sopa de arroz coreano a granel con tapa est\u00e1 fabricado en acero inoxidable de alta calidad con un elegante acabado plateado. Dise\u00f1ado para conservar el calor y resistir la corrosi\u00f3n, es perfecto para servir arroz, sopa o ensaladas en restaurantes, hoteles o caterings. Incluye una tapa para mayor comodidad. \u00a0 \u00a0 \u00a0 \u00a0 \u00a0 \u00a0 \u00a0 \u00a0 \u00a0 \u00a0 \u00a0 \u00a0<\/p>\n<h2>Taz\u00f3n de sopa de arroz coreano a granel con tapa Atributos :<\/h2>\n<p><strong>Material:<\/strong> Acero inoxidable<br \/><strong>Color:<\/strong> Oro\/Plata<br \/><strong>Diferentes tama\u00f1os:<\/strong> 8.5cm,10cm,12cm,13.5cm,15cm<br \/><strong>Embalaje:<\/strong> Bolsa Opp y caja de cart\u00f3n<br \/><strong>OEM\/ODM:<\/strong> Disponible<\/p>\n<h2><!-- \/wp:heading --><\/p>\n<p><!-- wp:paragraph --><\/h2>\n<h2 class=\"wp-block-heading\">Del mayorista de vajillas Yongyu:<\/h2>\n<p class=\"wp-block-heading\">Yongyu Tableware Wholesaler puede satisfacer las necesidades de los clientes al por mayor y proporcionar una serie de suministros de catering al por mayor de alta calidad que combina elegancia y durabilidad. Incluyendo vajilla, bebida, equipo de catering, utensilios de cocina, elementos esenciales de cocina de campamento, etc..<\/p>\n<h2><!-- \/wp:paragraph --><\/h2>","protected":false},"featured_media":4488,"comment_status":"closed","ping_status":"closed","template":"","meta":{"_acf_changed":false},"application":[30],"product_brand":[],"product_cat":[21,47],"product_tag":[],"class_list":{"0":"post-4489","1":"product","2":"type-product","3":"status-publish","4":"has-post-thumbnail","6":"application-hotel-catering","7":"product_cat-tableware-wholesale","8":"product_cat-stainless-steel-bowls-wholesale","10":"first","11":"instock","12":"shipping-taxable","13":"product-type-simple"},"acf":[],"_links":{"self":[{"href":"https:\/\/www.yongyukitchenware.com\/es\/wp-json\/wp\/v2\/product\/4489","targetHints":{"allow":["GET"]}}],"collection":[{"href":"https:\/\/www.yongyukitchenware.com\/es\/wp-json\/wp\/v2\/product"}],"about":[{"href":"https:\/\/www.yongyukitchenware.com\/es\/wp-json\/wp\/v2\/types\/product"}],"replies":[{"embeddable":true,"href":"https:\/\/www.yongyukitchenware.com\/es\/wp-json\/wp\/v2\/comments?post=4489"}],"wp:featuredmedia":[{"embeddable":true,"href":"https:\/\/www.yongyukitchenware.com\/es\/wp-json\/wp\/v2\/media\/4488"}],"wp:attachment":[{"href":"https:\/\/www.yongyukitchenware.com\/es\/wp-json\/wp\/v2\/media?parent=4489"}],"wp:term":[{"taxonomy":"application","embeddable":true,"href":"https:\/\/www.yongyukitchenware.com\/es\/wp-json\/wp\/v2\/application?post=4489"},{"taxonomy":"product_brand","embeddable":true,"href":"https:\/\/www.yongyukitchenware.com\/es\/wp-json\/wp\/v2\/product_brand?post=4489"},{"taxonomy":"product_cat","embeddable":true,"href":"https:\/\/www.yongyukitchenware.com\/es\/wp-json\/wp\/v2\/product_cat?post=4489"},{"taxonomy":"product_tag","embeddable":true,"href":"https:\/\/www.yongyukitchenware.com\/es\/wp-json\/wp\/v2\/product_tag?post=4489"}],"curies":[{"name":"wp","href":"https:\/\/api.w.org\/{rel}","templated":true}]}}