{"id":4490,"date":"2025-07-23T03:36:28","date_gmt":"2025-07-23T03:36:28","guid":{"rendered":"https:\/\/www.yongyukitchenware.com\/?post_type=product&#038;p=4490"},"modified":"2025-07-23T03:36:30","modified_gmt":"2025-07-23T03:36:30","slug":"bulk-five-layer-steel-wok","status":"publish","type":"product","link":"https:\/\/www.yongyukitchenware.com\/es\/producto\/bulk-five-layer-steel-wok\/","title":{"rendered":"Wok de acero a granel de cinco capas sin revestimiento para todas las fuentes de calor"},"content":{"rendered":"<div class=\"wp-block-columns is-layout-flex wp-container-core-columns-is-layout-9d6595d7 wp-block-columns-is-layout-flex\">\n<div class=\"wp-block-column is-layout-flow wp-block-column-is-layout-flow\">\n<h2 class=\"wp-block-heading\">Wok de acero de cinco capas a granel Caracter\u00edsticas:<\/h2>\n\n\n\n<p><strong>Estructura de acero compuesto de cinco capas:<\/strong> La estructura met\u00e1lica compuesta de cinco capas de alta gama (acero inoxidable 430 + aluminio + acero inoxidable 304) est\u00e1 \u00edntegramente fundida a presi\u00f3n, por lo que la conducci\u00f3n del calor es r\u00e1pida y uniforme. Puede controlar con precisi\u00f3n la temperatura sin llama abierta, evitando la quema local de los ingredientes alimentarios.<br><\/p>\n\n\n\n<p><strong>Dise\u00f1o sin revestimiento:<\/strong> Utilizando el principio f\u00edsico antiadherente, es saludable y libre de revestimientos qu\u00edmicos, resistente a la oxidaci\u00f3n a alta temperatura. Produce menos humos de cocci\u00f3n y es m\u00e1s tranquilizador. Es adecuado para cocinar a diario y para saltear r\u00e1pidamente a alta temperatura.<br><\/p>\n\n\n\n<p><strong>Acabado cepillado interior y exterior: <\/strong>La superficie del cuerpo de la olla est\u00e1 tratada con un fino acabado cepillado, que proporciona un tacto suave, menos propenso a las manchas, m\u00e1s f\u00e1cil de limpiar, y presenta al mismo tiempo una est\u00e9tica de textura de cocina moderna.<br><\/p>\n\n\n\n<p><strong>Moldeado a presi\u00f3n de una sola pieza: <\/strong>El cuerpo de la olla no tiene empalmes ni capas intermedias, y est\u00e1 formado por fundici\u00f3n a presi\u00f3n de alta resistencia en su totalidad. Tiene una gran resistencia a los impactos, no se deforma con el tiempo y cumple los requisitos de uso diario de alta frecuencia.<br><\/p>\n\n\n\n<p><strong>Compatibilidad con varios fogones: <\/strong>Admite varios m\u00e9todos de calentamiento, como cocinas de gas, cocinas de inducci\u00f3n y cocinas vitrocer\u00e1micas el\u00e9ctricas, apto tanto para cocinas dom\u00e9sticas como profesionales, consiguiendo realmente m\u00faltiples usos en una sola olla.<\/p>\n<\/div>\n\n\n\n<div class=\"wp-block-column is-layout-flow wp-block-column-is-layout-flow\">\n<div class=\"wp-block-columns is-layout-flex wp-container-core-columns-is-layout-9d6595d7 wp-block-columns-is-layout-flex\">\n<div class=\"wp-block-column is-layout-flow wp-block-column-is-layout-flow\">\n<figure class=\"wp-block-image size-full\"><img decoding=\"async\" width=\"800\" height=\"800\" src=\"https:\/\/www.yongyukitchenware.com\/wp-content\/uploads\/2025\/07\/Bulk-Five-Layer-Steel-Wok-3.webp\" alt=\"Wok de acero de cinco capas a granel-3\" class=\"wp-image-4493\" srcset=\"https:\/\/www.yongyukitchenware.com\/wp-content\/uploads\/2025\/07\/Bulk-Five-Layer-Steel-Wok-3.webp 800w, https:\/\/www.yongyukitchenware.com\/wp-content\/uploads\/2025\/07\/Bulk-Five-Layer-Steel-Wok-3-300x300.webp 300w, https:\/\/www.yongyukitchenware.com\/wp-content\/uploads\/2025\/07\/Bulk-Five-Layer-Steel-Wok-3-150x150.webp 150w, https:\/\/www.yongyukitchenware.com\/wp-content\/uploads\/2025\/07\/Bulk-Five-Layer-Steel-Wok-3-768x768.webp 768w, https:\/\/www.yongyukitchenware.com\/wp-content\/uploads\/2025\/07\/Bulk-Five-Layer-Steel-Wok-3-12x12.webp 12w, https:\/\/www.yongyukitchenware.com\/wp-content\/uploads\/2025\/07\/Bulk-Five-Layer-Steel-Wok-3-600x600.webp 600w, https:\/\/www.yongyukitchenware.com\/wp-content\/uploads\/2025\/07\/Bulk-Five-Layer-Steel-Wok-3-100x100.webp 100w\" sizes=\"(max-width: 800px) 100vw, 800px\" \/><\/figure>\n\n\n\n<figure class=\"wp-block-image size-full\"><img decoding=\"async\" width=\"800\" height=\"800\" src=\"https:\/\/www.yongyukitchenware.com\/wp-content\/uploads\/2025\/07\/Bulk-Five-Layer-Steel-Wok-2.webp\" alt=\"Wok de acero de cinco capas a granel-2\" class=\"wp-image-4492\" srcset=\"https:\/\/www.yongyukitchenware.com\/wp-content\/uploads\/2025\/07\/Bulk-Five-Layer-Steel-Wok-2.webp 800w, https:\/\/www.yongyukitchenware.com\/wp-content\/uploads\/2025\/07\/Bulk-Five-Layer-Steel-Wok-2-300x300.webp 300w, https:\/\/www.yongyukitchenware.com\/wp-content\/uploads\/2025\/07\/Bulk-Five-Layer-Steel-Wok-2-150x150.webp 150w, https:\/\/www.yongyukitchenware.com\/wp-content\/uploads\/2025\/07\/Bulk-Five-Layer-Steel-Wok-2-768x768.webp 768w, https:\/\/www.yongyukitchenware.com\/wp-content\/uploads\/2025\/07\/Bulk-Five-Layer-Steel-Wok-2-12x12.webp 12w, https:\/\/www.yongyukitchenware.com\/wp-content\/uploads\/2025\/07\/Bulk-Five-Layer-Steel-Wok-2-600x600.webp 600w, https:\/\/www.yongyukitchenware.com\/wp-content\/uploads\/2025\/07\/Bulk-Five-Layer-Steel-Wok-2-100x100.webp 100w\" sizes=\"(max-width: 800px) 100vw, 800px\" \/><\/figure>\n<\/div>\n<\/div>\n<\/div>\n<\/div>\n\n\n\n<p><\/p>","protected":false},"excerpt":{"rendered":"<p>El wok de acero de cinco capas a granel ofrece una distribuci\u00f3n del calor y una durabilidad superiores gracias a su dise\u00f1o sin revestimiento. Compatible con todas las fuentes de calor, incluidos los fogones de inducci\u00f3n, gas y el\u00e9ctricos. Ideal para cocinas profesionales y para cocinar grandes vol\u00famenes.<\/p>\n<h2>Wok de acero de cinco capas a granel Par\u00e1metros:<\/h2>\n<p><strong>Material:<\/strong> Acero inoxidable<br \/><strong>Forma interior:<\/strong> Con y sin panal<br \/><strong>Dise\u00f1o del asa:<\/strong> Asa de acero inoxidable y tiradores reforzados con remaches<br \/><strong>Tallas:<\/strong> 26\/28\/30 cm<br \/><strong>OEM\/ODM:<\/strong> Disponible<\/p>\n<h2 class=\"wp-block-heading\">De Yongyu Cookware Fabricante :<\/h2>\n<p>Yongyu es un conocido fabricante de utensilios de cocina de China, conocido por ofrecer una amplia gama de utensilios de cocina de acero inoxidable de alta calidad, como sartenes, woks, ollas y ollas para pasta, etc.<\/p>","protected":false},"featured_media":4491,"comment_status":"closed","ping_status":"closed","template":"","meta":{"_acf_changed":false},"application":[29],"product_brand":[],"product_cat":[23,32],"product_tag":[],"class_list":{"0":"post-4490","1":"product","2":"type-product","3":"status-publish","4":"has-post-thumbnail","6":"application-home-kitchen","7":"product_cat-kitchenware-wholesale","8":"product_cat-wholesale-cookware","10":"first","11":"instock","12":"shipping-taxable","13":"product-type-simple"},"acf":[],"_links":{"self":[{"href":"https:\/\/www.yongyukitchenware.com\/es\/wp-json\/wp\/v2\/product\/4490","targetHints":{"allow":["GET"]}}],"collection":[{"href":"https:\/\/www.yongyukitchenware.com\/es\/wp-json\/wp\/v2\/product"}],"about":[{"href":"https:\/\/www.yongyukitchenware.com\/es\/wp-json\/wp\/v2\/types\/product"}],"replies":[{"embeddable":true,"href":"https:\/\/www.yongyukitchenware.com\/es\/wp-json\/wp\/v2\/comments?post=4490"}],"wp:featuredmedia":[{"embeddable":true,"href":"https:\/\/www.yongyukitchenware.com\/es\/wp-json\/wp\/v2\/media\/4491"}],"wp:attachment":[{"href":"https:\/\/www.yongyukitchenware.com\/es\/wp-json\/wp\/v2\/media?parent=4490"}],"wp:term":[{"taxonomy":"application","embeddable":true,"href":"https:\/\/www.yongyukitchenware.com\/es\/wp-json\/wp\/v2\/application?post=4490"},{"taxonomy":"product_brand","embeddable":true,"href":"https:\/\/www.yongyukitchenware.com\/es\/wp-json\/wp\/v2\/product_brand?post=4490"},{"taxonomy":"product_cat","embeddable":true,"href":"https:\/\/www.yongyukitchenware.com\/es\/wp-json\/wp\/v2\/product_cat?post=4490"},{"taxonomy":"product_tag","embeddable":true,"href":"https:\/\/www.yongyukitchenware.com\/es\/wp-json\/wp\/v2\/product_tag?post=4490"}],"curies":[{"name":"wp","href":"https:\/\/api.w.org\/{rel}","templated":true}]}}