{"id":4499,"date":"2025-07-23T06:52:23","date_gmt":"2025-07-23T06:52:23","guid":{"rendered":"https:\/\/www.yongyukitchenware.com\/?post_type=product&#038;p=4499"},"modified":"2025-07-23T06:52:41","modified_gmt":"2025-07-23T06:52:41","slug":"custom-white-handle-cutlery-set-in-brushed-304-stainless-steel","status":"publish","type":"product","link":"https:\/\/www.yongyukitchenware.com\/es\/producto\/custom-white-handle-cutlery-set-in-brushed-304-stainless-steel\/","title":{"rendered":"Juego de cubiertos personalizados con mango blanco de acero inoxidable 304 cepillado"},"content":{"rendered":"<div class=\"wp-block-columns is-layout-flex wp-container-core-columns-is-layout-9d6595d7 wp-block-columns-is-layout-flex\">\n<div class=\"wp-block-column is-layout-flow wp-block-column-is-layout-flow\">\n<h2 class=\"wp-block-heading\">Juego de cubiertos con mango blanco personalizado Caracter\u00edsticas:<\/h2>\n\n\n\n<p><strong>Material de acero inoxidable 304 de calidad alimentaria: <\/strong>Se selecciona acero inoxidable 304 de alta calidad, que es seguro y no t\u00f3xico. Tiene una excelente resistencia a la corrosi\u00f3n y a las altas temperaturas. No tiende a oxidarse ni deformarse tras un uso prolongado, por lo que es saludable, respetuoso con el medio ambiente y m\u00e1s tranquilizador.<br><\/p>\n\n\n\n<p><strong>Acabado cepillado: <\/strong>La superficie de la vajilla est\u00e1 tratada con un delicado acabado cepillado, que presenta un brillo met\u00e1lico mate discreto, que es antihuellas y no se raya f\u00e1cilmente, realzando la textura y el grado generales.<br><\/p>\n\n\n\n<p><strong>Gama completa de estilos: <\/strong>El juego incluye 12 estilos y tama\u00f1os de palillos, cuchillos, tenedores, cucharas, etc., que satisfacen las necesidades de diversos escenarios, como el uso familiar diario y las reuniones y banquetes. El estilo del dise\u00f1o es moderno y vers\u00e1til.<br><\/p>\n\n\n\n<p><strong>Color del asa personalizable:<\/strong> El asa viene de serie con un elegante revestimiento blanco y admite m\u00faltiples servicios de personalizaci\u00f3n del color para satisfacer las necesidades de las marcas o los estilos personales, creando vajillas exclusivas y personalizadas.<br><\/p>\n\n\n\n<p><strong>Mango c\u00f3modo:<\/strong> El mango adopta un dise\u00f1o de agarre ergon\u00f3mico con pulido de bordes suave y fino, que proporciona un agarre c\u00f3modo sin resbalar. Combina est\u00e9tica y practicidad, por lo que es una opci\u00f3n ideal para uso personal o como regalo.<\/p>\n<\/div>\n\n\n\n<div class=\"wp-block-column is-layout-flow wp-block-column-is-layout-flow\">\n<div class=\"wp-block-columns is-layout-flex wp-container-core-columns-is-layout-9d6595d7 wp-block-columns-is-layout-flex\">\n<div class=\"wp-block-column is-layout-flow wp-block-column-is-layout-flow\">\n<figure class=\"wp-block-gallery aligncenter has-nested-images columns-default is-cropped wp-block-gallery-1 is-layout-flex wp-block-gallery-is-layout-flex\">\n<figure class=\"wp-block-image size-full\"><img decoding=\"async\" width=\"800\" height=\"800\" data-id=\"4500\" src=\"https:\/\/www.yongyukitchenware.com\/wp-content\/uploads\/2025\/07\/Custom-White-Handle-Cutlery-Set-2.webp\" alt=\"Juego de cubiertos con mango blanco a medida-2\" class=\"wp-image-4500\" srcset=\"https:\/\/www.yongyukitchenware.com\/wp-content\/uploads\/2025\/07\/Custom-White-Handle-Cutlery-Set-2.webp 800w, https:\/\/www.yongyukitchenware.com\/wp-content\/uploads\/2025\/07\/Custom-White-Handle-Cutlery-Set-2-300x300.webp 300w, https:\/\/www.yongyukitchenware.com\/wp-content\/uploads\/2025\/07\/Custom-White-Handle-Cutlery-Set-2-150x150.webp 150w, https:\/\/www.yongyukitchenware.com\/wp-content\/uploads\/2025\/07\/Custom-White-Handle-Cutlery-Set-2-768x768.webp 768w, https:\/\/www.yongyukitchenware.com\/wp-content\/uploads\/2025\/07\/Custom-White-Handle-Cutlery-Set-2-12x12.webp 12w, https:\/\/www.yongyukitchenware.com\/wp-content\/uploads\/2025\/07\/Custom-White-Handle-Cutlery-Set-2-600x600.webp 600w, https:\/\/www.yongyukitchenware.com\/wp-content\/uploads\/2025\/07\/Custom-White-Handle-Cutlery-Set-2-100x100.webp 100w\" sizes=\"(max-width: 800px) 100vw, 800px\" \/><\/figure>\n<\/figure>\n<\/div>\n<\/div>\n\n\n\n<figure class=\"wp-block-image size-full\"><img decoding=\"async\" width=\"800\" height=\"800\" src=\"https:\/\/www.yongyukitchenware.com\/wp-content\/uploads\/2025\/07\/Custom-White-Handle-Cutlery-Set-6.webp\" alt=\"Juego de 6 cubiertos con mango blanco a medida\" class=\"wp-image-4504\" srcset=\"https:\/\/www.yongyukitchenware.com\/wp-content\/uploads\/2025\/07\/Custom-White-Handle-Cutlery-Set-6.webp 800w, https:\/\/www.yongyukitchenware.com\/wp-content\/uploads\/2025\/07\/Custom-White-Handle-Cutlery-Set-6-300x300.webp 300w, https:\/\/www.yongyukitchenware.com\/wp-content\/uploads\/2025\/07\/Custom-White-Handle-Cutlery-Set-6-150x150.webp 150w, https:\/\/www.yongyukitchenware.com\/wp-content\/uploads\/2025\/07\/Custom-White-Handle-Cutlery-Set-6-768x768.webp 768w, https:\/\/www.yongyukitchenware.com\/wp-content\/uploads\/2025\/07\/Custom-White-Handle-Cutlery-Set-6-12x12.webp 12w, https:\/\/www.yongyukitchenware.com\/wp-content\/uploads\/2025\/07\/Custom-White-Handle-Cutlery-Set-6-600x600.webp 600w, https:\/\/www.yongyukitchenware.com\/wp-content\/uploads\/2025\/07\/Custom-White-Handle-Cutlery-Set-6-100x100.webp 100w\" sizes=\"(max-width: 800px) 100vw, 800px\" \/><\/figure>\n<\/div>\n<\/div>\n\n\n\n<div class=\"wp-block-columns is-layout-flex wp-container-core-columns-is-layout-9d6595d7 wp-block-columns-is-layout-flex\">\n<div class=\"wp-block-column is-layout-flow wp-block-column-is-layout-flow\">\n<h2 class=\"wp-block-heading\">Juego de cubiertos personalizados con mango blanco Tama\u00f1o:<\/h2>\n\n\n\n<figure class=\"wp-block-table\"><table class=\"has-fixed-layout\"><tbody><tr><td>Modelo<\/td><td>Especificaci\u00f3n<\/td><td>Longitud * Anchura (cm)<\/td><td>MOQ<\/td><\/tr><tr><td rowspan=\"12\">DY002-DCS<\/td><td>Palillos<\/td><td>21\/23 cm<\/td><td rowspan=\"12\">500PCS<\/td><\/tr><tr><td rowspan=\"4\">Cuchara<\/td><td>12.7*3cm<\/td><\/tr><tr><td>18,5*4,3 cm<\/td><\/tr><tr><td>21,8*1,4 cm<\/td><\/tr><tr><td>19*3cm<\/td><\/tr><tr><td rowspan=\"3\">Cuchillo<\/td><td>21,8*1,4 cm<\/td><\/tr><tr><td>20,4*1,4 cm<\/td><\/tr><tr><td>17,3*1,6 cm<\/td><\/tr><tr><td rowspan=\"4\">Horquilla<\/td><td>21,5*2,7 cm<\/td><\/tr><tr><td>18*2,3 cm<\/td><\/tr><tr><td>13,3*1,7 cm<\/td><\/tr><tr><td>19,5*1,7 cm<\/td><\/tr><\/tbody><\/table><\/figure>\n<\/div>\n<\/div>\n\n\n\n<p><\/p>","protected":false},"excerpt":{"rendered":"<p>Cuberter\u00eda con mango blanco personalizada en acero inoxidable 304 cepillado, que combina la elegancia moderna con la funcionalidad duradera para las comidas diarias o las ocasiones especiales. P\u00f3ngase en contacto con nosotros<\/p>\n<h2 style=\"text-align: left;\">Juego de cubiertos con mango blanco personalizado Par\u00e1metros:<\/h2>\n<p style=\"text-align: left;\"><strong>Material:<\/strong> Acero inoxidable<br \/><strong>Color:<\/strong> Color plata<br \/><strong>Tipos:<\/strong> Cuchara, tenedor, cuchillo, palillos chinos<br \/><strong>OEM\/ODM:<\/strong> Disponible<\/p>\n<h2 class=\"wp-block-heading\">Del fabricante Camping Kitchen Essentials :<\/h2>\n<p>Yongyu es un fabricante profesional de utensilios de cocina para camping, nuestros productos abarcan todo tipo de utensilios de cocina para camping de acero inoxidable, como utensilios de cocina para camping, vajilla para camping, parrillas para barbacoa, etc., proporcionando servicios de adquisici\u00f3n de calidad y precios asequibles para cada cliente.<\/p>","protected":false},"featured_media":4506,"comment_status":"closed","ping_status":"closed","template":"","meta":{"_acf_changed":false},"application":[31],"product_brand":[],"product_cat":[48],"product_tag":[],"class_list":{"0":"post-4499","1":"product","2":"type-product","3":"status-publish","4":"has-post-thumbnail","6":"application-champ-kitchen","7":"product_cat-cutlery-wholesale","9":"first","10":"instock","11":"shipping-taxable","12":"product-type-simple"},"acf":[],"_links":{"self":[{"href":"https:\/\/www.yongyukitchenware.com\/es\/wp-json\/wp\/v2\/product\/4499","targetHints":{"allow":["GET"]}}],"collection":[{"href":"https:\/\/www.yongyukitchenware.com\/es\/wp-json\/wp\/v2\/product"}],"about":[{"href":"https:\/\/www.yongyukitchenware.com\/es\/wp-json\/wp\/v2\/types\/product"}],"replies":[{"embeddable":true,"href":"https:\/\/www.yongyukitchenware.com\/es\/wp-json\/wp\/v2\/comments?post=4499"}],"wp:featuredmedia":[{"embeddable":true,"href":"https:\/\/www.yongyukitchenware.com\/es\/wp-json\/wp\/v2\/media\/4506"}],"wp:attachment":[{"href":"https:\/\/www.yongyukitchenware.com\/es\/wp-json\/wp\/v2\/media?parent=4499"}],"wp:term":[{"taxonomy":"application","embeddable":true,"href":"https:\/\/www.yongyukitchenware.com\/es\/wp-json\/wp\/v2\/application?post=4499"},{"taxonomy":"product_brand","embeddable":true,"href":"https:\/\/www.yongyukitchenware.com\/es\/wp-json\/wp\/v2\/product_brand?post=4499"},{"taxonomy":"product_cat","embeddable":true,"href":"https:\/\/www.yongyukitchenware.com\/es\/wp-json\/wp\/v2\/product_cat?post=4499"},{"taxonomy":"product_tag","embeddable":true,"href":"https:\/\/www.yongyukitchenware.com\/es\/wp-json\/wp\/v2\/product_tag?post=4499"}],"curies":[{"name":"wp","href":"https:\/\/api.w.org\/{rel}","templated":true}]}}