{"id":4518,"date":"2025-08-01T07:15:03","date_gmt":"2025-08-01T07:15:03","guid":{"rendered":"https:\/\/www.yongyukitchenware.com\/?post_type=product&#038;p=4518"},"modified":"2025-08-01T07:15:07","modified_gmt":"2025-08-01T07:15:07","slug":"wholesale-kids-spoon-fork-gift-set-304-stainless-steel","status":"publish","type":"product","link":"https:\/\/www.yongyukitchenware.com\/es\/producto\/wholesale-kids-spoon-fork-gift-set-304-stainless-steel\/","title":{"rendered":"Mayorista Ni\u00f1os Cuchara Tenedor Regalo Set 304 Acero Inoxidable"},"content":{"rendered":"<div class=\"wp-block-columns is-layout-flex wp-container-core-columns-is-layout-9d6595d7 wp-block-columns-is-layout-flex\">\n<div class=\"wp-block-column is-layout-flow wp-block-column-is-layout-flow\">\n<h2 class=\"wp-block-heading\">Mayorista Ni\u00f1os Cuchara Tenedor Set de Regalo Caracter\u00edsticas:<\/h2>\n\n\n\n<p><strong>Dise\u00f1o bonito y divertido: <\/strong>El divertido dise\u00f1o de gatos y pececillos est\u00e1 lleno de diversi\u00f3n infantil, estimula el inter\u00e9s de los ni\u00f1os por comer y a\u00f1ade un toque de calidez y alegr\u00eda a la mesa de diario.<\/p>\n\n\n\n<p><strong>Acero inoxidable 304 de calidad alimentaria: <\/strong>Fabricado en acero inoxidable 304 de alta calidad, es resistente a la corrosi\u00f3n y al \u00f3xido, duradero y robusto, lo que garantiza una experiencia gastron\u00f3mica tranquilizadora con cada bocado.<\/p>\n\n\n\n<p><strong>Bordes redondeados:<\/strong> Todas las esquinas de la cuchara y el tenedor son redondeadas, lo que no da\u00f1a los labios ni las enc\u00edas. Los ni\u00f1os pueden usarlos con tranquilidad, equilibrando est\u00e9tica y practicidad.<\/p>\n\n\n\n<p><strong>Embalaje en caja de regalo: <\/strong>Equipado con un exquisito embalaje en caja de regalo, es adecuado como un c\u00e1lido regalito para ocasiones especiales como el D\u00eda del Ni\u00f1o, cumplea\u00f1os y regalos de vuelta al cole.<\/p>\n\n\n\n<p><strong>Tama\u00f1o moderado: <\/strong>Especialmente dise\u00f1ado seg\u00fan las formas de las manos de los ni\u00f1os, ofrece un agarre c\u00f3modo y ayuda a los ni\u00f1os a aprender f\u00e1cilmente a comer de forma independiente.<\/p>\n<\/div>\n\n\n\n<div class=\"wp-block-column is-layout-flow wp-block-column-is-layout-flow\"><div class=\"wp-block-image\">\n<figure class=\"aligncenter size-medium\"><img decoding=\"async\" width=\"300\" height=\"300\" src=\"https:\/\/www.yongyukitchenware.com\/wp-content\/uploads\/2025\/07\/Wholesale-Kids-Spoon-Fork-Gift-Set-3-300x300.webp\" alt=\"Mayorista-Ni\u00f1os-Cuchara-Para-Regalo-Set-3\" class=\"wp-image-4522\" srcset=\"https:\/\/www.yongyukitchenware.com\/wp-content\/uploads\/2025\/07\/Wholesale-Kids-Spoon-Fork-Gift-Set-3-300x300.webp 300w, https:\/\/www.yongyukitchenware.com\/wp-content\/uploads\/2025\/07\/Wholesale-Kids-Spoon-Fork-Gift-Set-3-150x150.webp 150w, https:\/\/www.yongyukitchenware.com\/wp-content\/uploads\/2025\/07\/Wholesale-Kids-Spoon-Fork-Gift-Set-3-768x768.webp 768w, https:\/\/www.yongyukitchenware.com\/wp-content\/uploads\/2025\/07\/Wholesale-Kids-Spoon-Fork-Gift-Set-3-12x12.webp 12w, https:\/\/www.yongyukitchenware.com\/wp-content\/uploads\/2025\/07\/Wholesale-Kids-Spoon-Fork-Gift-Set-3-600x600.webp 600w, https:\/\/www.yongyukitchenware.com\/wp-content\/uploads\/2025\/07\/Wholesale-Kids-Spoon-Fork-Gift-Set-3-100x100.webp 100w, https:\/\/www.yongyukitchenware.com\/wp-content\/uploads\/2025\/07\/Wholesale-Kids-Spoon-Fork-Gift-Set-3.webp 800w\" sizes=\"(max-width: 300px) 100vw, 300px\" \/><\/figure>\n<\/div>\n\n<div class=\"wp-block-image\">\n<figure class=\"aligncenter size-medium\"><img decoding=\"async\" width=\"300\" height=\"300\" src=\"https:\/\/www.yongyukitchenware.com\/wp-content\/uploads\/2025\/07\/Wholesale-Kids-Spoon-Fork-Gift-Set-6-300x300.webp\" alt=\"Mayorista-Ni\u00f1os-Cuchara-Para-Regalo-Set-6\" class=\"wp-image-4525\" srcset=\"https:\/\/www.yongyukitchenware.com\/wp-content\/uploads\/2025\/07\/Wholesale-Kids-Spoon-Fork-Gift-Set-6-300x300.webp 300w, https:\/\/www.yongyukitchenware.com\/wp-content\/uploads\/2025\/07\/Wholesale-Kids-Spoon-Fork-Gift-Set-6-150x150.webp 150w, https:\/\/www.yongyukitchenware.com\/wp-content\/uploads\/2025\/07\/Wholesale-Kids-Spoon-Fork-Gift-Set-6-768x768.webp 768w, https:\/\/www.yongyukitchenware.com\/wp-content\/uploads\/2025\/07\/Wholesale-Kids-Spoon-Fork-Gift-Set-6-12x12.webp 12w, https:\/\/www.yongyukitchenware.com\/wp-content\/uploads\/2025\/07\/Wholesale-Kids-Spoon-Fork-Gift-Set-6-1200x1200.webp 1200w, https:\/\/www.yongyukitchenware.com\/wp-content\/uploads\/2025\/07\/Wholesale-Kids-Spoon-Fork-Gift-Set-6-600x600.webp 600w, https:\/\/www.yongyukitchenware.com\/wp-content\/uploads\/2025\/07\/Wholesale-Kids-Spoon-Fork-Gift-Set-6-100x100.webp 100w, https:\/\/www.yongyukitchenware.com\/wp-content\/uploads\/2025\/07\/Wholesale-Kids-Spoon-Fork-Gift-Set-6.webp 1500w\" sizes=\"(max-width: 300px) 100vw, 300px\" \/><\/figure>\n<\/div><\/div>\n<\/div>\n\n\n\n<div class=\"wp-block-columns is-layout-flex wp-container-core-columns-is-layout-9d6595d7 wp-block-columns-is-layout-flex\">\n<div class=\"wp-block-column is-layout-flow wp-block-column-is-layout-flow\">\n<h2 class=\"wp-block-heading\">Mayorista Ni\u00f1os Cuchara Tenedor Set de Regalo Tama\u00f1o:<\/h2>\n\n\n\n<figure class=\"wp-block-table\"><table class=\"has-fixed-layout\"><tbody><tr><td>Modelo<\/td><td>Especificaci\u00f3n<\/td><td>Longitud * Anchura (cm)<\/td><td>MOQ<\/td><\/tr><tr><td rowspan=\"2\">DY005-DCS<\/td><td>Cuchara<\/td><td>13*2,4 cm<\/td><td rowspan=\"2\">500PCS<\/td><\/tr><tr><td>Horquilla<\/td><td>13,4*1,5 cm<\/td><\/tr><\/tbody><\/table><\/figure>\n<\/div>\n<\/div>\n\n\n\n<p><\/p>","protected":false},"excerpt":{"rendered":"<p>Precio de f\u00e1brica a granel camping cubiertos conjunto con asas plegables y bolsa conveniente, conveniente para las actividades al aire libre o cubiertos almuerzo de oficina. \u00a1Para m\u00e1s camping essentials soluciones al por mayor, p\u00f3ngase en contacto con nosotros!<\/p>\n<h2 style=\"text-align: left;\">Mayorista Ni\u00f1os Cuchara Tenedor Set de Regalo Par\u00e1metros:<\/h2>\n<p style=\"text-align: left;\"><strong>Material:<\/strong> Acero inoxidable<br \/><strong>Color:<\/strong> Color plata<br \/><strong>Tipos:<\/strong> Cuchara, Tenedor<br \/><strong>OEM\/ODM:<\/strong> Disponible<\/p>\n<h2 class=\"wp-block-heading\">Del fabricante Camping Kitchen Essentials :<\/h2>\n<p>Yongyu es un fabricante profesional de utensilios de cocina para camping, nuestros productos abarcan todo tipo de utensilios de cocina para camping de acero inoxidable, como utensilios de cocina para camping, vajilla para camping, parrillas para barbacoa, etc., proporcionando servicios de adquisici\u00f3n de calidad y precios asequibles para cada cliente.<\/p>","protected":false},"featured_media":4520,"comment_status":"closed","ping_status":"closed","template":"","meta":{"_acf_changed":true},"application":[31],"product_brand":[],"product_cat":[48],"product_tag":[],"class_list":{"0":"post-4518","1":"product","2":"type-product","3":"status-publish","4":"has-post-thumbnail","6":"application-champ-kitchen","7":"product_cat-cutlery-wholesale","9":"first","10":"instock","11":"shipping-taxable","12":"product-type-simple"},"acf":[],"_links":{"self":[{"href":"https:\/\/www.yongyukitchenware.com\/es\/wp-json\/wp\/v2\/product\/4518","targetHints":{"allow":["GET"]}}],"collection":[{"href":"https:\/\/www.yongyukitchenware.com\/es\/wp-json\/wp\/v2\/product"}],"about":[{"href":"https:\/\/www.yongyukitchenware.com\/es\/wp-json\/wp\/v2\/types\/product"}],"replies":[{"embeddable":true,"href":"https:\/\/www.yongyukitchenware.com\/es\/wp-json\/wp\/v2\/comments?post=4518"}],"wp:featuredmedia":[{"embeddable":true,"href":"https:\/\/www.yongyukitchenware.com\/es\/wp-json\/wp\/v2\/media\/4520"}],"wp:attachment":[{"href":"https:\/\/www.yongyukitchenware.com\/es\/wp-json\/wp\/v2\/media?parent=4518"}],"wp:term":[{"taxonomy":"application","embeddable":true,"href":"https:\/\/www.yongyukitchenware.com\/es\/wp-json\/wp\/v2\/application?post=4518"},{"taxonomy":"product_brand","embeddable":true,"href":"https:\/\/www.yongyukitchenware.com\/es\/wp-json\/wp\/v2\/product_brand?post=4518"},{"taxonomy":"product_cat","embeddable":true,"href":"https:\/\/www.yongyukitchenware.com\/es\/wp-json\/wp\/v2\/product_cat?post=4518"},{"taxonomy":"product_tag","embeddable":true,"href":"https:\/\/www.yongyukitchenware.com\/es\/wp-json\/wp\/v2\/product_tag?post=4518"}],"curies":[{"name":"wp","href":"https:\/\/api.w.org\/{rel}","templated":true}]}}