{"id":4536,"date":"2025-08-01T07:18:44","date_gmt":"2025-08-01T07:18:44","guid":{"rendered":"https:\/\/www.yongyukitchenware.com\/?post_type=product&#038;p=4536"},"modified":"2025-08-01T07:18:47","modified_gmt":"2025-08-01T07:18:47","slug":"bulk-dessert-forks-stainless-steel-with-flower-motif","status":"publish","type":"product","link":"https:\/\/www.yongyukitchenware.com\/es\/producto\/bulk-dessert-forks-stainless-steel-with-flower-motif\/","title":{"rendered":"Tenedores de postre a granel Acero inoxidable con motivo floral"},"content":{"rendered":"<div class=\"wp-block-columns is-layout-flex wp-container-core-columns-is-layout-9d6595d7 wp-block-columns-is-layout-flex\">\n<div class=\"wp-block-column is-layout-flow wp-block-column-is-layout-flow\">\n<h2 class=\"wp-block-heading\">Tenedores de postre a granel Caracter\u00edsticas:<\/h2>\n\n\n\n<p><strong>Exquisitos motivos florales:<\/strong> La parte superior del mango de cada tenedor de fruta est\u00e1 tallada con diferentes motivos florales, como flores de cerezo, campanillas, cosmos y rosas. Los detalles son exquisitos y llenos de belleza natural, a\u00f1adiendo romanticismo y estilo a la hora de comer.<\/p>\n\n\n\n<p><strong>Preferiblemente acero inoxidable para uso alimentario: <\/strong>El cuerpo de la horquilla es de acero inoxidable de alta calidad, formado integralmente, robusto y duradero, resistente a la corrosi\u00f3n y al \u00f3xido, con bordes lisos f\u00e1ciles de limpiar, que no acumulan suciedad y no lastiman las manos.<\/p>\n\n\n\n<p><strong>Uso multifuncional: <\/strong>Adecuado para frutas, postres, pasteles, aperitivos, etc. Puede manejar f\u00e1cilmente reuniones familiares, el t\u00e9 de la tarde o aperitivos diarios, siendo a la vez hermoso y pr\u00e1ctico.<\/p>\n\n\n\n<p><strong>Empaquetado en caja de regalo de alta calidad:<\/strong> Viene con un elegante embalaje en caja de regalo, no necesita decoraci\u00f3n adicional, y es f\u00e1cil transmitir sus sentimientos. Ya sea un cumplea\u00f1os, un festival, una inauguraci\u00f3n de la casa o un peque\u00f1o regalo diario, todos son decentes y considerados.<\/p>\n<\/div>\n\n\n\n<div class=\"wp-block-column is-layout-flow wp-block-column-is-layout-flow\"><div class=\"wp-block-image\">\n<figure class=\"aligncenter size-medium\"><img decoding=\"async\" width=\"300\" height=\"300\" src=\"https:\/\/www.yongyukitchenware.com\/wp-content\/uploads\/2025\/07\/Bulk-Dessert-Forks-7-300x300.webp\" alt=\"Postre a granel - Horquillas - 7\" class=\"wp-image-4543\" srcset=\"https:\/\/www.yongyukitchenware.com\/wp-content\/uploads\/2025\/07\/Bulk-Dessert-Forks-7-300x300.webp 300w, https:\/\/www.yongyukitchenware.com\/wp-content\/uploads\/2025\/07\/Bulk-Dessert-Forks-7-150x150.webp 150w, https:\/\/www.yongyukitchenware.com\/wp-content\/uploads\/2025\/07\/Bulk-Dessert-Forks-7-768x768.webp 768w, https:\/\/www.yongyukitchenware.com\/wp-content\/uploads\/2025\/07\/Bulk-Dessert-Forks-7-12x12.webp 12w, https:\/\/www.yongyukitchenware.com\/wp-content\/uploads\/2025\/07\/Bulk-Dessert-Forks-7-600x600.webp 600w, https:\/\/www.yongyukitchenware.com\/wp-content\/uploads\/2025\/07\/Bulk-Dessert-Forks-7-100x100.webp 100w, https:\/\/www.yongyukitchenware.com\/wp-content\/uploads\/2025\/07\/Bulk-Dessert-Forks-7.webp 800w\" sizes=\"(max-width: 300px) 100vw, 300px\" \/><\/figure>\n<\/div>\n\n<div class=\"wp-block-image\">\n<figure class=\"aligncenter size-medium\"><img decoding=\"async\" width=\"300\" height=\"240\" src=\"https:\/\/www.yongyukitchenware.com\/wp-content\/uploads\/2025\/07\/Bulk-Dessert-Forks-4-300x240.webp\" alt=\"Horquillas de postre a granel-4\" class=\"wp-image-4540\" srcset=\"https:\/\/www.yongyukitchenware.com\/wp-content\/uploads\/2025\/07\/Bulk-Dessert-Forks-4-300x240.webp 300w, https:\/\/www.yongyukitchenware.com\/wp-content\/uploads\/2025\/07\/Bulk-Dessert-Forks-4-768x614.webp 768w, https:\/\/www.yongyukitchenware.com\/wp-content\/uploads\/2025\/07\/Bulk-Dessert-Forks-4-15x12.webp 15w, https:\/\/www.yongyukitchenware.com\/wp-content\/uploads\/2025\/07\/Bulk-Dessert-Forks-4-600x480.webp 600w, https:\/\/www.yongyukitchenware.com\/wp-content\/uploads\/2025\/07\/Bulk-Dessert-Forks-4.webp 800w\" sizes=\"(max-width: 300px) 100vw, 300px\" \/><\/figure>\n<\/div><\/div>\n<\/div>\n\n\n\n<div class=\"wp-block-columns is-layout-flex wp-container-core-columns-is-layout-9d6595d7 wp-block-columns-is-layout-flex\">\n<div class=\"wp-block-column is-layout-flow wp-block-column-is-layout-flow\">\n<h2 class=\"wp-block-heading\">Tenedores de postre a granel Tama\u00f1o:<\/h2>\n\n\n\n<figure class=\"wp-block-table\"><table class=\"has-fixed-layout\"><tbody><tr><td>Modelo<\/td><td>Especificaci\u00f3n<\/td><td>Longitud<\/td><td>MOQ<\/td><\/tr><tr><td>DY006-DCS<\/td><td>Horquilla<\/td><td>13,5 cm<\/td><td>500PCS<\/td><\/tr><\/tbody><\/table><\/figure>\n<\/div>\n<\/div>\n\n\n\n<p><\/p>","protected":false},"excerpt":{"rendered":"<p>Precio de f\u00e1brica a granel camping cubiertos conjunto con asas plegables y bolsa conveniente, conveniente para las actividades al aire libre o cubiertos almuerzo de oficina. \u00a1Para m\u00e1s camping essentials soluciones al por mayor, p\u00f3ngase en contacto con nosotros!<\/p>\n<h2 style=\"text-align: left;\">Par\u00e1metro de los tenedores de postre a granel:<\/h2>\n<p style=\"text-align: left;\"><strong>Material:<\/strong> Acero inoxidable<br \/><strong>Color:<\/strong> Color plata<br \/><strong>Tipos:<\/strong> Horquilla<br \/><strong>OEM\/ODM:<\/strong> Disponible<\/p>\n<h2 class=\"wp-block-heading\">Del fabricante Camping Kitchen Essentials :<\/h2>\n<p>Yongyu es un fabricante profesional de utensilios de cocina para camping, nuestros productos abarcan todo tipo de utensilios de cocina para camping de acero inoxidable, como utensilios de cocina para camping, vajilla para camping, parrillas para barbacoa, etc., proporcionando servicios de adquisici\u00f3n de calidad y precios asequibles para cada cliente.<\/p>","protected":false},"featured_media":4537,"comment_status":"closed","ping_status":"closed","template":"","meta":{"_acf_changed":false},"application":[31],"product_brand":[],"product_cat":[48],"product_tag":[],"class_list":{"0":"post-4536","1":"product","2":"type-product","3":"status-publish","4":"has-post-thumbnail","6":"application-champ-kitchen","7":"product_cat-cutlery-wholesale","9":"first","10":"instock","11":"shipping-taxable","12":"product-type-simple"},"acf":[],"_links":{"self":[{"href":"https:\/\/www.yongyukitchenware.com\/es\/wp-json\/wp\/v2\/product\/4536","targetHints":{"allow":["GET"]}}],"collection":[{"href":"https:\/\/www.yongyukitchenware.com\/es\/wp-json\/wp\/v2\/product"}],"about":[{"href":"https:\/\/www.yongyukitchenware.com\/es\/wp-json\/wp\/v2\/types\/product"}],"replies":[{"embeddable":true,"href":"https:\/\/www.yongyukitchenware.com\/es\/wp-json\/wp\/v2\/comments?post=4536"}],"wp:featuredmedia":[{"embeddable":true,"href":"https:\/\/www.yongyukitchenware.com\/es\/wp-json\/wp\/v2\/media\/4537"}],"wp:attachment":[{"href":"https:\/\/www.yongyukitchenware.com\/es\/wp-json\/wp\/v2\/media?parent=4536"}],"wp:term":[{"taxonomy":"application","embeddable":true,"href":"https:\/\/www.yongyukitchenware.com\/es\/wp-json\/wp\/v2\/application?post=4536"},{"taxonomy":"product_brand","embeddable":true,"href":"https:\/\/www.yongyukitchenware.com\/es\/wp-json\/wp\/v2\/product_brand?post=4536"},{"taxonomy":"product_cat","embeddable":true,"href":"https:\/\/www.yongyukitchenware.com\/es\/wp-json\/wp\/v2\/product_cat?post=4536"},{"taxonomy":"product_tag","embeddable":true,"href":"https:\/\/www.yongyukitchenware.com\/es\/wp-json\/wp\/v2\/product_tag?post=4536"}],"curies":[{"name":"wp","href":"https:\/\/api.w.org\/{rel}","templated":true}]}}