{"id":4623,"date":"2025-08-09T09:34:39","date_gmt":"2025-08-09T09:34:39","guid":{"rendered":"https:\/\/www.yongyukitchenware.com\/?post_type=product&#038;p=4623"},"modified":"2025-11-04T02:29:28","modified_gmt":"2025-11-04T02:29:28","slug":"bulk-double-wall-metal-bowl-stainless-steel-ramen-soup-bowl-gold","status":"publish","type":"product","link":"https:\/\/www.yongyukitchenware.com\/es\/producto\/bulk-double-wall-metal-bowl-stainless-steel-ramen-soup-bowl-gold\/","title":{"rendered":"Taz\u00f3n de metal de doble pared a granel Taz\u00f3n de acero inoxidable para sopa ramen-Oro"},"content":{"rendered":"<div class=\"wp-block-columns is-layout-flex wp-container-core-columns-is-layout-9d6595d7 wp-block-columns-is-layout-flex\">\n<div class=\"wp-block-column is-layout-flow wp-block-column-is-layout-flow\">\n<div class=\"wp-block-columns is-layout-flex wp-container-core-columns-is-layout-9d6595d7 wp-block-columns-is-layout-flex\">\n<div class=\"wp-block-column is-layout-flow wp-block-column-is-layout-flow\">\n<h2 class=\"wp-block-heading\">Taz\u00f3n de metal de doble pared a granel Caracter\u00edsticas:<\/h2>\n\n\n\n<p>Acero inoxidable de calidad alimentaria: Hecho de acero inoxidable 304 de calidad alimentaria, es resistente a la corrosi\u00f3n, no se oxida, es seguro e inodoro, y es adecuado para el uso a largo plazo.<\/p>\n\n\n\n<p>Dise\u00f1o aislante de doble capa: La estructura hueca de doble capa a\u00edsla eficazmente el calor, garantizando que el cuenco no est\u00e9 caliente al tacto y permiti\u00e9ndole disfrutar de sopa o fideos calientes con tranquilidad.<\/p>\n\n\n\n<p>Dise\u00f1o est\u00e9tico en forma de V: El exclusivo cuerpo del bol en forma de V, de l\u00edneas suaves, combina practicidad y belleza, a\u00f1adiendo un toque elegante a la mesa del comedor de la cocina.<\/p>\n\n\n\n<p>M\u00faltiples opciones de tama\u00f1o: Disponible en 8 tama\u00f1os de capacidad, adecuado para comidas infantiles, peque\u00f1as porciones de comida r\u00e1pida o reuniones familiares, flexible y pr\u00e1ctico.<\/p>\n\n\n\n<p>F\u00e1cil de limpiar y duradero: Con una superficie lisa que no es propensa a dejar residuos, es c\u00f3modo de limpiar, resistente a los golpes y duradero, por lo que es una opci\u00f3n ideal para la vajilla diaria.<\/p>\n\n\n\n<figure class=\"wp-block-table\"><table class=\"has-fixed-layout\"><tbody><tr><td>Modelo<\/td><td>Talla<\/td><td>MOQ<\/td><\/tr><tr><td rowspan=\"8\">DY028-W<\/td><td>16 cm<\/td><td rowspan=\"8\">200PCS<\/td><\/tr><tr><td>18 cm<\/td><\/tr><tr><td>20 cm<\/td><\/tr><tr><td>22 cm<\/td><\/tr><tr><td>24 cm<\/td><\/tr><tr><td>26 cm<\/td><\/tr><tr><td>30 cm<\/td><\/tr><tr><td>33 cm<\/td><\/tr><\/tbody><\/table><\/figure>\n<\/div>\n\n\n\n<div class=\"wp-block-column is-layout-flow wp-block-column-is-layout-flow\">\n<div class=\"wp-block-columns is-layout-flex wp-container-core-columns-is-layout-9d6595d7 wp-block-columns-is-layout-flex\">\n<div class=\"wp-block-column is-layout-flow wp-block-column-is-layout-flow\">\n<div class=\"wp-block-columns is-layout-flex wp-container-core-columns-is-layout-9d6595d7 wp-block-columns-is-layout-flex\">\n<div class=\"wp-block-column is-layout-flow wp-block-column-is-layout-flow\">\n<div class=\"wp-block-columns is-layout-flex wp-container-core-columns-is-layout-9d6595d7 wp-block-columns-is-layout-flex\">\n<div class=\"wp-block-column is-layout-flow wp-block-column-is-layout-flow\">\n<figure class=\"wp-block-image size-full\"><img decoding=\"async\" width=\"800\" height=\"800\" src=\"https:\/\/www.yongyukitchenware.com\/wp-content\/uploads\/2025\/08\/Bulk-Double-Wall-Metal-Bowl.webp\" alt=\"Bol met\u00e1lico de doble pared a granel\" class=\"wp-image-4670\" style=\"object-fit:cover\" srcset=\"https:\/\/www.yongyukitchenware.com\/wp-content\/uploads\/2025\/08\/Bulk-Double-Wall-Metal-Bowl.webp 800w, https:\/\/www.yongyukitchenware.com\/wp-content\/uploads\/2025\/08\/Bulk-Double-Wall-Metal-Bowl-300x300.webp 300w, https:\/\/www.yongyukitchenware.com\/wp-content\/uploads\/2025\/08\/Bulk-Double-Wall-Metal-Bowl-150x150.webp 150w, https:\/\/www.yongyukitchenware.com\/wp-content\/uploads\/2025\/08\/Bulk-Double-Wall-Metal-Bowl-768x768.webp 768w, https:\/\/www.yongyukitchenware.com\/wp-content\/uploads\/2025\/08\/Bulk-Double-Wall-Metal-Bowl-12x12.webp 12w, https:\/\/www.yongyukitchenware.com\/wp-content\/uploads\/2025\/08\/Bulk-Double-Wall-Metal-Bowl-600x600.webp 600w, https:\/\/www.yongyukitchenware.com\/wp-content\/uploads\/2025\/08\/Bulk-Double-Wall-Metal-Bowl-100x100.webp 100w\" sizes=\"(max-width: 800px) 100vw, 800px\" \/><\/figure>\n<\/div>\n<\/div>\n\n\n\n<figure class=\"wp-block-image size-full\"><img decoding=\"async\" width=\"800\" height=\"800\" src=\"https:\/\/www.yongyukitchenware.com\/wp-content\/uploads\/2025\/07\/Wholesale-Double-Wall-Metal-Bowl-5.webp\" alt=\"Mayorista-Doble-Pared-Metal-Bowl-5\" class=\"wp-image-4618\" srcset=\"https:\/\/www.yongyukitchenware.com\/wp-content\/uploads\/2025\/07\/Wholesale-Double-Wall-Metal-Bowl-5.webp 800w, https:\/\/www.yongyukitchenware.com\/wp-content\/uploads\/2025\/07\/Wholesale-Double-Wall-Metal-Bowl-5-300x300.webp 300w, https:\/\/www.yongyukitchenware.com\/wp-content\/uploads\/2025\/07\/Wholesale-Double-Wall-Metal-Bowl-5-150x150.webp 150w, https:\/\/www.yongyukitchenware.com\/wp-content\/uploads\/2025\/07\/Wholesale-Double-Wall-Metal-Bowl-5-768x768.webp 768w, https:\/\/www.yongyukitchenware.com\/wp-content\/uploads\/2025\/07\/Wholesale-Double-Wall-Metal-Bowl-5-12x12.webp 12w, https:\/\/www.yongyukitchenware.com\/wp-content\/uploads\/2025\/07\/Wholesale-Double-Wall-Metal-Bowl-5-600x600.webp 600w, https:\/\/www.yongyukitchenware.com\/wp-content\/uploads\/2025\/07\/Wholesale-Double-Wall-Metal-Bowl-5-100x100.webp 100w\" sizes=\"(max-width: 800px) 100vw, 800px\" \/><\/figure>\n<\/div>\n<\/div>\n\n\n\n<div class=\"wp-block-columns is-layout-flex wp-container-core-columns-is-layout-9d6595d7 wp-block-columns-is-layout-flex\">\n<div class=\"wp-block-column is-layout-flow wp-block-column-is-layout-flow\">\n<div class=\"wp-block-columns is-layout-flex wp-container-core-columns-is-layout-9d6595d7 wp-block-columns-is-layout-flex\">\n<div class=\"wp-block-column is-layout-flow wp-block-column-is-layout-flow\"><\/div>\n<\/div>\n<\/div>\n<\/div>\n<\/div>\n<\/div>\n<\/div>\n<\/div>\n<\/div>\n<\/div>\n\n\n\n<p><\/p>","protected":false},"excerpt":{"rendered":"<p>Bol met\u00e1lico de doble pared a granel, fabricado en acero inoxidable de alta calidad con un lujoso acabado dorado, perfecto para ramen, sopa o fideos manteniendo la temperatura y la comodidad.<\/p>\n<h2>Taz\u00f3n de metal de doble pared a granel Atributos :<\/h2>\n<p><strong>Material:<\/strong> Acero inoxidable<br \/><strong>Color:<\/strong> Oro\/Plata<br \/><strong>Diferentes tama\u00f1os: <\/strong>16cm,18cm,20cm,22cm,24cm,26cm,30cm,33cm<br \/><strong>Embalaje:<\/strong> Bolsa Opp y caja de cart\u00f3n<br \/><strong>OEM\/ODM:<\/strong> Disponible<\/p>\n<h2><!-- \/wp:heading --><\/p>\n<p><!-- wp:paragraph --><\/h2>\n<h2 class=\"wp-block-heading\">Del mayorista de vajillas Yongyu:<\/h2>\n<p class=\"wp-block-heading\">Yongyu Tableware Wholesaler puede satisfacer las necesidades de los clientes al por mayor y proporcionar una serie de suministros de catering al por mayor de alta calidad que combina elegancia y durabilidad. Incluyendo vajilla, bebida, equipo de catering, utensilios de cocina, elementos esenciales de cocina de campamento, etc..<\/p>\n<h2><!-- \/wp:paragraph --><\/h2>","protected":false},"featured_media":4619,"comment_status":"closed","ping_status":"closed","template":"","meta":{"_acf_changed":false},"application":[30],"product_brand":[],"product_cat":[21,47],"product_tag":[],"class_list":{"0":"post-4623","1":"product","2":"type-product","3":"status-publish","4":"has-post-thumbnail","6":"application-hotel-catering","7":"product_cat-tableware-wholesale","8":"product_cat-stainless-steel-bowls-wholesale","10":"first","11":"instock","12":"shipping-taxable","13":"product-type-simple"},"acf":[],"_links":{"self":[{"href":"https:\/\/www.yongyukitchenware.com\/es\/wp-json\/wp\/v2\/product\/4623","targetHints":{"allow":["GET"]}}],"collection":[{"href":"https:\/\/www.yongyukitchenware.com\/es\/wp-json\/wp\/v2\/product"}],"about":[{"href":"https:\/\/www.yongyukitchenware.com\/es\/wp-json\/wp\/v2\/types\/product"}],"replies":[{"embeddable":true,"href":"https:\/\/www.yongyukitchenware.com\/es\/wp-json\/wp\/v2\/comments?post=4623"}],"wp:featuredmedia":[{"embeddable":true,"href":"https:\/\/www.yongyukitchenware.com\/es\/wp-json\/wp\/v2\/media\/4619"}],"wp:attachment":[{"href":"https:\/\/www.yongyukitchenware.com\/es\/wp-json\/wp\/v2\/media?parent=4623"}],"wp:term":[{"taxonomy":"application","embeddable":true,"href":"https:\/\/www.yongyukitchenware.com\/es\/wp-json\/wp\/v2\/application?post=4623"},{"taxonomy":"product_brand","embeddable":true,"href":"https:\/\/www.yongyukitchenware.com\/es\/wp-json\/wp\/v2\/product_brand?post=4623"},{"taxonomy":"product_cat","embeddable":true,"href":"https:\/\/www.yongyukitchenware.com\/es\/wp-json\/wp\/v2\/product_cat?post=4623"},{"taxonomy":"product_tag","embeddable":true,"href":"https:\/\/www.yongyukitchenware.com\/es\/wp-json\/wp\/v2\/product_tag?post=4623"}],"curies":[{"name":"wp","href":"https:\/\/api.w.org\/{rel}","templated":true}]}}