{"id":4625,"date":"2025-08-15T07:25:43","date_gmt":"2025-08-15T07:25:43","guid":{"rendered":"https:\/\/www.yongyukitchenware.com\/?post_type=product&#038;p=4625"},"modified":"2025-08-15T07:27:24","modified_gmt":"2025-08-15T07:27:24","slug":"bulk-mini-sauce-dish-304-stainless-steel-dipping-cup-silver","status":"publish","type":"product","link":"https:\/\/www.yongyukitchenware.com\/es\/producto\/bulk-mini-sauce-dish-304-stainless-steel-dipping-cup-silver\/","title":{"rendered":"Mini Plato para Salsas a Granel 304 Acero Inoxidable Taza para Mojar-Plata"},"content":{"rendered":"<div class=\"wp-block-columns is-layout-flex wp-container-core-columns-is-layout-9d6595d7 wp-block-columns-is-layout-flex\">\n<div class=\"wp-block-column is-layout-flow wp-block-column-is-layout-flow\">\n<h2 class=\"wp-block-heading\">Mini salsera a granel Tama\u00f1o:<\/h2>\n\n\n\n<figure class=\"wp-block-table\"><table class=\"has-fixed-layout\"><tbody><tr><td>Modelo<\/td><td>Talla<\/td><td>Peso<\/td><td>MOQ<\/td><\/tr><tr><td rowspan=\"4\">DY031-W<\/td><td>80 ml<\/td><td>30g<\/td><td rowspan=\"4\">200PCS<\/td><\/tr><tr><td>100 ml<\/td><td>32g<\/td><\/tr><tr><td>200 ml<\/td><td>50g<\/td><\/tr><tr><td>300 ml<\/td><td>100g<\/td><\/tr><\/tbody><\/table><\/figure>\n\n\n\n<h2 class=\"wp-block-heading\">Mini salsera a granel Caracter\u00edsticas:<\/h2>\n\n\n\n<p><strong>Material de acero inoxidable 304: <\/strong>Fabricado en acero inoxidable 304 de calidad alimentaria, es resistente a la corrosi\u00f3n y al calor, no absorbe sabores, no mezcla sabores y es adecuado para contener diversas salsas.<\/p>\n\n\n\n<p><strong>Acabado interior cepillado y exterior brillante: <\/strong>La pared interior est\u00e1 tratada con un acabado cepillado, que hace que sea menos probable que quede salsa y m\u00e1s f\u00e1cil de limpiar. La pared exterior est\u00e1 pulida a espejo, presentando un aspecto brillante y agradable.<\/p>\n\n\n\n<p><strong>M\u00faltiples opciones de capacidad: <\/strong>Disponible en cuatro capacidades -80 ml, 100 ml, 200 ml y 300 ml- para satisfacer diversas necesidades de uso, como salsas para mojar, condimentos y porciones.<\/p>\n\n\n\n<p><strong>Dise\u00f1o de gran di\u00e1metro:<\/strong> Adopta una estructura de abertura plana de gran di\u00e1metro, que resulta pr\u00e1ctica para verter o sacar la salsa, mejorando la eficacia de uso y facilitando la limpieza.<\/p>\n\n\n\n<p><strong>Moldura de una pieza:<\/strong> Toda la copa est\u00e1 formada en una sola pieza sin soldaduras, con una estructura estable, no f\u00e1cil de deformar y duradera.<\/p>\n<\/div>\n\n\n\n<div class=\"wp-block-column is-layout-flow wp-block-column-is-layout-flow\">\n<figure class=\"wp-block-image size-full is-resized\"><img decoding=\"async\" width=\"800\" height=\"800\" src=\"https:\/\/www.yongyukitchenware.com\/wp-content\/uploads\/2025\/07\/Wholesale-Mini-Sauce-Dish-5.webp\" alt=\"Granel-Mini-Plato de salsa-5\" class=\"wp-image-4630\" style=\"width:384px;height:auto\" srcset=\"https:\/\/www.yongyukitchenware.com\/wp-content\/uploads\/2025\/07\/Wholesale-Mini-Sauce-Dish-5.webp 800w, https:\/\/www.yongyukitchenware.com\/wp-content\/uploads\/2025\/07\/Wholesale-Mini-Sauce-Dish-5-300x300.webp 300w, https:\/\/www.yongyukitchenware.com\/wp-content\/uploads\/2025\/07\/Wholesale-Mini-Sauce-Dish-5-150x150.webp 150w, https:\/\/www.yongyukitchenware.com\/wp-content\/uploads\/2025\/07\/Wholesale-Mini-Sauce-Dish-5-768x768.webp 768w, https:\/\/www.yongyukitchenware.com\/wp-content\/uploads\/2025\/07\/Wholesale-Mini-Sauce-Dish-5-12x12.webp 12w, https:\/\/www.yongyukitchenware.com\/wp-content\/uploads\/2025\/07\/Wholesale-Mini-Sauce-Dish-5-600x600.webp 600w, https:\/\/www.yongyukitchenware.com\/wp-content\/uploads\/2025\/07\/Wholesale-Mini-Sauce-Dish-5-100x100.webp 100w\" sizes=\"(max-width: 800px) 100vw, 800px\" \/><\/figure>\n\n\n\n<figure class=\"wp-block-image size-full is-resized\"><img decoding=\"async\" width=\"800\" height=\"800\" src=\"https:\/\/www.yongyukitchenware.com\/wp-content\/uploads\/2025\/07\/Wholesale-Mini-Sauce-Dish-7.webp\" alt=\"mini-plato de salsa a granel-7\" class=\"wp-image-4632\" style=\"width:384px\" srcset=\"https:\/\/www.yongyukitchenware.com\/wp-content\/uploads\/2025\/07\/Wholesale-Mini-Sauce-Dish-7.webp 800w, https:\/\/www.yongyukitchenware.com\/wp-content\/uploads\/2025\/07\/Wholesale-Mini-Sauce-Dish-7-300x300.webp 300w, https:\/\/www.yongyukitchenware.com\/wp-content\/uploads\/2025\/07\/Wholesale-Mini-Sauce-Dish-7-150x150.webp 150w, https:\/\/www.yongyukitchenware.com\/wp-content\/uploads\/2025\/07\/Wholesale-Mini-Sauce-Dish-7-768x768.webp 768w, https:\/\/www.yongyukitchenware.com\/wp-content\/uploads\/2025\/07\/Wholesale-Mini-Sauce-Dish-7-12x12.webp 12w, https:\/\/www.yongyukitchenware.com\/wp-content\/uploads\/2025\/07\/Wholesale-Mini-Sauce-Dish-7-600x600.webp 600w, https:\/\/www.yongyukitchenware.com\/wp-content\/uploads\/2025\/07\/Wholesale-Mini-Sauce-Dish-7-100x100.webp 100w\" sizes=\"(max-width: 800px) 100vw, 800px\" \/><\/figure>\n<\/div>\n<\/div>","protected":false},"excerpt":{"rendered":"<div class=\"n4sEPd\">\n<div class=\"UdTY9 qhIQqf leDWne\" aria-hidden=\"true\" data-location=\"1\">Minisalsera a granel, una salsera de acero inoxidable 304 en elegante color plateado. Duradera, compacta y perfecta para salsas, condimentos o peque\u00f1as porciones. Ideal para restaurantes, catering o uso dom\u00e9stico, combina funcionalidad con estilo moderno.<\/div>\n<\/div>\n<h2 style=\"text-align: left;\">Mini salsera a granel:<\/h2>\n<p style=\"text-align: left;\"><strong>Material:<\/strong> Acero inoxidable<br \/><strong>Forma:<\/strong> Forma redonda<br \/><strong>Embalaje:<\/strong> Bolsa OPP y cart\u00f3n<br \/><strong>OEM\/ODM:<\/strong> Disponible<\/p>\n<h2 style=\"text-align: left;\">Mini Plato para Salsas a Granel Fabricante:<\/h2>\n<p>Tanto si es un proveedor de servicios de catering, un hotel o restaurante, o una empresa de organizaci\u00f3n de eventos, le ofrecemos soluciones integrales de suministros de catering al por mayor a precios de f\u00e1brica de alta calidad.<\/p>","protected":false},"featured_media":4716,"comment_status":"closed","ping_status":"closed","template":"","meta":{"_acf_changed":true},"application":[29],"product_brand":[],"product_cat":[21],"product_tag":[],"class_list":{"0":"post-4625","1":"product","2":"type-product","3":"status-publish","4":"has-post-thumbnail","6":"application-home-kitchen","7":"product_cat-tableware-wholesale","9":"first","10":"instock","11":"shipping-taxable","12":"product-type-simple"},"acf":[],"_links":{"self":[{"href":"https:\/\/www.yongyukitchenware.com\/es\/wp-json\/wp\/v2\/product\/4625","targetHints":{"allow":["GET"]}}],"collection":[{"href":"https:\/\/www.yongyukitchenware.com\/es\/wp-json\/wp\/v2\/product"}],"about":[{"href":"https:\/\/www.yongyukitchenware.com\/es\/wp-json\/wp\/v2\/types\/product"}],"replies":[{"embeddable":true,"href":"https:\/\/www.yongyukitchenware.com\/es\/wp-json\/wp\/v2\/comments?post=4625"}],"wp:featuredmedia":[{"embeddable":true,"href":"https:\/\/www.yongyukitchenware.com\/es\/wp-json\/wp\/v2\/media\/4716"}],"wp:attachment":[{"href":"https:\/\/www.yongyukitchenware.com\/es\/wp-json\/wp\/v2\/media?parent=4625"}],"wp:term":[{"taxonomy":"application","embeddable":true,"href":"https:\/\/www.yongyukitchenware.com\/es\/wp-json\/wp\/v2\/application?post=4625"},{"taxonomy":"product_brand","embeddable":true,"href":"https:\/\/www.yongyukitchenware.com\/es\/wp-json\/wp\/v2\/product_brand?post=4625"},{"taxonomy":"product_cat","embeddable":true,"href":"https:\/\/www.yongyukitchenware.com\/es\/wp-json\/wp\/v2\/product_cat?post=4625"},{"taxonomy":"product_tag","embeddable":true,"href":"https:\/\/www.yongyukitchenware.com\/es\/wp-json\/wp\/v2\/product_tag?post=4625"}],"curies":[{"name":"wp","href":"https:\/\/api.w.org\/{rel}","templated":true}]}}