{"id":4655,"date":"2025-08-06T06:32:35","date_gmt":"2025-08-06T06:32:35","guid":{"rendered":"https:\/\/www.yongyukitchenware.com\/?post_type=product&#038;p=4655"},"modified":"2025-08-06T06:32:37","modified_gmt":"2025-08-06T06:32:37","slug":"wholesale-stainless-steel-lettuce-bowls-restaurant-bbq-service-bowls-silver","status":"publish","type":"product","link":"https:\/\/www.yongyukitchenware.com\/es\/producto\/wholesale-stainless-steel-lettuce-bowls-restaurant-bbq-service-bowls-silver\/","title":{"rendered":"Venta al por mayor de acero inoxidable lechuga cuencos restaurante barbacoa servicio cuencos-plata"},"content":{"rendered":"<div class=\"wp-block-columns is-layout-flex wp-container-core-columns-is-layout-9d6595d7 wp-block-columns-is-layout-flex\">\n<div class=\"wp-block-column is-layout-flow wp-block-column-is-layout-flow\">\n<div class=\"wp-block-columns is-layout-flex wp-container-core-columns-is-layout-9d6595d7 wp-block-columns-is-layout-flex\">\n<div class=\"wp-block-column is-layout-flow wp-block-column-is-layout-flow\">\n<h2 class=\"wp-block-heading\">Venta al Mayor de Lechugas de Acero Inoxidable Caracter\u00edsticas:<\/h2>\n\n\n\n<p><strong>Material de acero inoxidable seleccionado:<\/strong> Material de acero inoxidable de calidad alimentaria, resistente a la corrosi\u00f3n, no propenso a la retenci\u00f3n de olores, duradero, la primera opci\u00f3n para la salud.<\/p>\n\n\n\n<p><strong>Dise\u00f1o de bisel rizado: <\/strong>El dise\u00f1o biselado + rizado no s\u00f3lo hace que sea c\u00f3modo agarrar verduras y frutas, sino que tambi\u00e9n mejora el tacto de la mano y la seguridad, evitando cortes en las manos.<\/p>\n\n\n\n<p><strong>Tres tratamientos de superficie: <\/strong>brillo espejo, acabado arenado discreto y acabado cepillado retro, que se adaptan a diferentes espacios y estilos est\u00e9ticos.<\/p>\n\n\n\n<p><strong>Dos tama\u00f1os :<\/strong>Tama\u00f1os dobles de 15 cm y 17 cm, adecuados para el emplatado diario familiar o de fiesta, y pueden combinarse libremente para mayor practicidad.<\/p>\n\n\n\n<figure class=\"wp-block-table\"><table class=\"has-fixed-layout\"><tbody><tr><td>Modelo<\/td><td>Talla<\/td><td>Peso<\/td><td>MOQ<\/td><\/tr><tr><td rowspan=\"2\">DY030-W<\/td><td>15 cm<\/td><td>252g<\/td><td rowspan=\"2\">200PCS<\/td><\/tr><tr><td>17 cm<\/td><td>340g<\/td><\/tr><\/tbody><\/table><\/figure>\n<\/div>\n\n\n\n<div class=\"wp-block-column is-layout-flow wp-block-column-is-layout-flow\">\n<div class=\"wp-block-columns is-layout-flex wp-container-core-columns-is-layout-9d6595d7 wp-block-columns-is-layout-flex\">\n<div class=\"wp-block-column is-layout-flow wp-block-column-is-layout-flow\">\n<div class=\"wp-block-columns is-layout-flex wp-container-core-columns-is-layout-9d6595d7 wp-block-columns-is-layout-flex\">\n<div class=\"wp-block-column is-layout-flow wp-block-column-is-layout-flow\">\n<div class=\"wp-block-columns is-layout-flex wp-container-core-columns-is-layout-9d6595d7 wp-block-columns-is-layout-flex\">\n<div class=\"wp-block-column is-layout-flow wp-block-column-is-layout-flow\">\n<figure class=\"wp-block-image size-full is-resized\"><img decoding=\"async\" width=\"800\" height=\"800\" src=\"https:\/\/www.yongyukitchenware.com\/wp-content\/uploads\/2025\/08\/Bulk-Stainless-Steel-Lettuce-Bowls-5.webp\" alt=\"Tazones de lechuga de acero inoxidable a granel-5\" class=\"wp-image-4650\" style=\"width:459px;height:auto\" srcset=\"https:\/\/www.yongyukitchenware.com\/wp-content\/uploads\/2025\/08\/Bulk-Stainless-Steel-Lettuce-Bowls-5.webp 800w, https:\/\/www.yongyukitchenware.com\/wp-content\/uploads\/2025\/08\/Bulk-Stainless-Steel-Lettuce-Bowls-5-300x300.webp 300w, https:\/\/www.yongyukitchenware.com\/wp-content\/uploads\/2025\/08\/Bulk-Stainless-Steel-Lettuce-Bowls-5-150x150.webp 150w, https:\/\/www.yongyukitchenware.com\/wp-content\/uploads\/2025\/08\/Bulk-Stainless-Steel-Lettuce-Bowls-5-768x768.webp 768w, https:\/\/www.yongyukitchenware.com\/wp-content\/uploads\/2025\/08\/Bulk-Stainless-Steel-Lettuce-Bowls-5-12x12.webp 12w, https:\/\/www.yongyukitchenware.com\/wp-content\/uploads\/2025\/08\/Bulk-Stainless-Steel-Lettuce-Bowls-5-600x600.webp 600w, https:\/\/www.yongyukitchenware.com\/wp-content\/uploads\/2025\/08\/Bulk-Stainless-Steel-Lettuce-Bowls-5-100x100.webp 100w\" sizes=\"(max-width: 800px) 100vw, 800px\" \/><\/figure>\n<\/div>\n<\/div>\n\n\n\n<figure class=\"wp-block-image size-full\"><img decoding=\"async\" width=\"800\" height=\"800\" src=\"https:\/\/www.yongyukitchenware.com\/wp-content\/uploads\/2025\/08\/Bulk-Stainless-Steel-Lettuce-Bowls-8.webp\" alt=\"Tazones de lechuga de acero inoxidable a granel-8\" class=\"wp-image-4653\" srcset=\"https:\/\/www.yongyukitchenware.com\/wp-content\/uploads\/2025\/08\/Bulk-Stainless-Steel-Lettuce-Bowls-8.webp 800w, https:\/\/www.yongyukitchenware.com\/wp-content\/uploads\/2025\/08\/Bulk-Stainless-Steel-Lettuce-Bowls-8-300x300.webp 300w, https:\/\/www.yongyukitchenware.com\/wp-content\/uploads\/2025\/08\/Bulk-Stainless-Steel-Lettuce-Bowls-8-150x150.webp 150w, https:\/\/www.yongyukitchenware.com\/wp-content\/uploads\/2025\/08\/Bulk-Stainless-Steel-Lettuce-Bowls-8-768x768.webp 768w, https:\/\/www.yongyukitchenware.com\/wp-content\/uploads\/2025\/08\/Bulk-Stainless-Steel-Lettuce-Bowls-8-12x12.webp 12w, https:\/\/www.yongyukitchenware.com\/wp-content\/uploads\/2025\/08\/Bulk-Stainless-Steel-Lettuce-Bowls-8-600x600.webp 600w, https:\/\/www.yongyukitchenware.com\/wp-content\/uploads\/2025\/08\/Bulk-Stainless-Steel-Lettuce-Bowls-8-100x100.webp 100w\" sizes=\"(max-width: 800px) 100vw, 800px\" \/><\/figure>\n<\/div>\n<\/div>\n\n\n\n<div class=\"wp-block-columns is-layout-flex wp-container-core-columns-is-layout-9d6595d7 wp-block-columns-is-layout-flex\">\n<div class=\"wp-block-column is-layout-flow wp-block-column-is-layout-flow\">\n<div class=\"wp-block-columns is-layout-flex wp-container-core-columns-is-layout-9d6595d7 wp-block-columns-is-layout-flex\">\n<div class=\"wp-block-column is-layout-flow wp-block-column-is-layout-flow\"><\/div>\n<\/div>\n<\/div>\n<\/div>\n<\/div>\n<\/div>\n<\/div>\n<\/div>\n<\/div>\n<\/div>\n\n\n\n<p><\/p>","protected":false},"excerpt":{"rendered":"<p>Venta al por mayor de cuencos de lechuga de acero inoxidable para restaurantes y servicios de barbacoa. Dise\u00f1o plateado duradero y elegante ideal para servir lechuga fresca y guarniciones. \u00a0 \u00a0\u00a0<\/p>\n<h2>Mayorista Lechugas de Acero Inoxidable Atributos :<\/h2>\n<p><strong>Material:<\/strong> Acero inoxidable<br \/><strong>Color:<\/strong> Oro\/Plata<br \/><strong>Diferentes tama\u00f1os: <\/strong>15\/17 cm<br \/><strong>Embalaje:<\/strong> Bolsa Opp y caja de cart\u00f3n<br \/><strong>OEM\/ODM:<\/strong> Disponible<\/p>\n<h2><!-- \/wp:heading --><\/p>\n<p><!-- wp:paragraph --><\/h2>\n<h2 class=\"wp-block-heading\">Del mayorista de vajillas Yongyu:<\/h2>\n<p class=\"wp-block-heading\">Yongyu Tableware Wholesaler puede satisfacer las necesidades de los clientes al por mayor y proporcionar una serie de suministros de catering al por mayor de alta calidad que combina elegancia y durabilidad. Incluyendo vajilla, bebida, equipo de catering, utensilios de cocina, elementos esenciales de cocina de campamento, etc..<\/p>\n<h2><!-- \/wp:paragraph --><\/h2>","protected":false},"featured_media":4656,"comment_status":"closed","ping_status":"closed","template":"","meta":{"_acf_changed":false},"application":[30],"product_brand":[],"product_cat":[21,47],"product_tag":[],"class_list":{"0":"post-4655","1":"product","2":"type-product","3":"status-publish","4":"has-post-thumbnail","6":"application-hotel-catering","7":"product_cat-tableware-wholesale","8":"product_cat-stainless-steel-bowls-wholesale","10":"first","11":"instock","12":"shipping-taxable","13":"product-type-simple"},"acf":[],"_links":{"self":[{"href":"https:\/\/www.yongyukitchenware.com\/es\/wp-json\/wp\/v2\/product\/4655","targetHints":{"allow":["GET"]}}],"collection":[{"href":"https:\/\/www.yongyukitchenware.com\/es\/wp-json\/wp\/v2\/product"}],"about":[{"href":"https:\/\/www.yongyukitchenware.com\/es\/wp-json\/wp\/v2\/types\/product"}],"replies":[{"embeddable":true,"href":"https:\/\/www.yongyukitchenware.com\/es\/wp-json\/wp\/v2\/comments?post=4655"}],"wp:featuredmedia":[{"embeddable":true,"href":"https:\/\/www.yongyukitchenware.com\/es\/wp-json\/wp\/v2\/media\/4656"}],"wp:attachment":[{"href":"https:\/\/www.yongyukitchenware.com\/es\/wp-json\/wp\/v2\/media?parent=4655"}],"wp:term":[{"taxonomy":"application","embeddable":true,"href":"https:\/\/www.yongyukitchenware.com\/es\/wp-json\/wp\/v2\/application?post=4655"},{"taxonomy":"product_brand","embeddable":true,"href":"https:\/\/www.yongyukitchenware.com\/es\/wp-json\/wp\/v2\/product_brand?post=4655"},{"taxonomy":"product_cat","embeddable":true,"href":"https:\/\/www.yongyukitchenware.com\/es\/wp-json\/wp\/v2\/product_cat?post=4655"},{"taxonomy":"product_tag","embeddable":true,"href":"https:\/\/www.yongyukitchenware.com\/es\/wp-json\/wp\/v2\/product_tag?post=4655"}],"curies":[{"name":"wp","href":"https:\/\/api.w.org\/{rel}","templated":true}]}}