{"id":4673,"date":"2025-08-15T07:12:24","date_gmt":"2025-08-15T07:12:24","guid":{"rendered":"https:\/\/www.yongyukitchenware.com\/?post_type=product&#038;p=4673"},"modified":"2025-08-15T07:12:27","modified_gmt":"2025-08-15T07:12:27","slug":"custom-milk-frothing-pitcher-and-stainless-steel-bell-creamer","status":"publish","type":"product","link":"https:\/\/www.yongyukitchenware.com\/es\/producto\/custom-milk-frothing-pitcher-and-stainless-steel-bell-creamer\/","title":{"rendered":"Jarra espumadora de leche y cremera de campana de acero inoxidable personalizadas"},"content":{"rendered":"<div class=\"wp-block-columns is-layout-flex wp-container-core-columns-is-layout-9d6595d7 wp-block-columns-is-layout-flex\">\n<div class=\"wp-block-column is-layout-flow wp-block-column-is-layout-flow\">\n<h2 class=\"wp-block-heading\">Jarra para espumar leche personalizada Caracter\u00edsticas:<\/h2>\n\n\n\n<p><strong>M\u00faltiples opciones de tama\u00f1o: <\/strong>Disponibles en 2oz, 3oz, 5oz y 8oz para adaptarse a diversas necesidades de preparaci\u00f3n de caf\u00e9 y latte art.<\/p>\n\n\n\n<p><strong>Forma de tambor estable y ergon\u00f3mica: <\/strong>Centro de gravedad bajo y c\u00f3modo agarre para un mejor control durante el vertido.<\/p>\n\n\n\n<p><strong>Acero inoxidable de calidad alimentaria: <\/strong>Fabricado en acero inoxidable duradero, resistente al \u00f3xido y al calor, y f\u00e1cil de limpiar.<\/p>\n\n\n\n<p><strong>Acabado pulido espejo:<\/strong> Aspecto elegante y profesional adecuado para cafeter\u00edas, uso dom\u00e9stico o formaci\u00f3n de baristas.<\/p>\n\n\n\n<p><strong>Dise\u00f1o de ca\u00f1o de precisi\u00f3n: <\/strong>Vertido suave y preciso para l\u00edneas limpias y un arte del caf\u00e9 con leche detallado.<\/p>\n\n\n\n<h2 class=\"wp-block-heading\">Jarra espumadora de leche personalizada Tama\u00f1o:<\/h2>\n\n\n\n<figure class=\"wp-block-table\"><table class=\"has-fixed-layout\"><tbody><tr><td>Modelo<\/td><td>Talla<\/td><td>Peso<\/td><td>MOQ<\/td><\/tr><tr><td rowspan=\"4\">DY056-B<\/td><td>2oz<\/td><td>27g<\/td><td>400PCS<\/td><\/tr><tr><td>3oz<\/td><td>37g<\/td><td rowspan=\"3\">320PCS<\/td><\/tr><tr><td>5 onzas<\/td><td>61g<\/td><\/tr><tr><td>8 onzas<\/td><td>84g<\/td><\/tr><\/tbody><\/table><\/figure>\n<\/div>\n\n\n\n<div class=\"wp-block-column is-layout-flow wp-block-column-is-layout-flow\">\n<div class=\"wp-block-columns is-layout-flex wp-container-core-columns-is-layout-9d6595d7 wp-block-columns-is-layout-flex\">\n<div class=\"wp-block-column is-layout-flow wp-block-column-is-layout-flow\">\n<figure class=\"wp-block-image size-full\"><img decoding=\"async\" width=\"800\" height=\"800\" src=\"https:\/\/www.yongyukitchenware.com\/wp-content\/uploads\/2025\/08\/Custom-Milk-Frothing-Pitcher-5.webp\" alt=\"Jarra de leche helada personalizada-5\" class=\"wp-image-4678\" srcset=\"https:\/\/www.yongyukitchenware.com\/wp-content\/uploads\/2025\/08\/Custom-Milk-Frothing-Pitcher-5.webp 800w, https:\/\/www.yongyukitchenware.com\/wp-content\/uploads\/2025\/08\/Custom-Milk-Frothing-Pitcher-5-300x300.webp 300w, https:\/\/www.yongyukitchenware.com\/wp-content\/uploads\/2025\/08\/Custom-Milk-Frothing-Pitcher-5-150x150.webp 150w, https:\/\/www.yongyukitchenware.com\/wp-content\/uploads\/2025\/08\/Custom-Milk-Frothing-Pitcher-5-768x768.webp 768w, https:\/\/www.yongyukitchenware.com\/wp-content\/uploads\/2025\/08\/Custom-Milk-Frothing-Pitcher-5-12x12.webp 12w, https:\/\/www.yongyukitchenware.com\/wp-content\/uploads\/2025\/08\/Custom-Milk-Frothing-Pitcher-5-600x600.webp 600w, https:\/\/www.yongyukitchenware.com\/wp-content\/uploads\/2025\/08\/Custom-Milk-Frothing-Pitcher-5-100x100.webp 100w\" sizes=\"(max-width: 800px) 100vw, 800px\" \/><\/figure>\n<\/div>\n<\/div>\n<\/div>\n<\/div>\n\n\n\n<p><\/p>","protected":false},"excerpt":{"rendered":"<p>Juego personalizado de jarra espumadora de leche y cremera de campana de acero inoxidable. Duraderos, f\u00e1ciles de usar y perfectos para obtener una espuma de leche suave y un latte art. Cons\u00faltenos ahora para precios al por mayor.<\/p>\n<h2 style=\"text-align: left;\">Jarra espumadora de leche personalizada Par\u00e1metros:<\/h2>\n<p style=\"text-align: left;\"><strong>Material:<\/strong> Acero inoxidable<br \/><strong>Color:<\/strong> Plata<br \/><b>Dise\u00f1o:\u00a0<\/b>Boca de gran calibre y ca\u00f1o corto<br \/><strong>OEM\/ODM:<\/strong> Disponible<\/p>\n<h2 class=\"wp-block-heading\">Del fabricante de utensilios de cocina Yongyu:<\/h2>\n<p>Yongyu es un fabricante profesional de utensilios de cocina. Nuestros productos incluyen todo tipo de utensilios de cocina de acero inoxidable y accesorios de cocina. Ofrecemos soluciones personalizadas con productos de alta calidad a precios de f\u00e1brica.<\/p>","protected":false},"featured_media":4674,"comment_status":"closed","ping_status":"closed","template":"","meta":{"_acf_changed":false},"application":[30],"product_brand":[],"product_cat":[20,52],"product_tag":[],"class_list":{"0":"post-4673","1":"product","2":"type-product","3":"status-publish","4":"has-post-thumbnail","6":"application-hotel-catering","7":"product_cat-wholesale-drinkware","8":"product_cat-milk-frothing-pitcher-wholesale","10":"first","11":"instock","12":"shipping-taxable","13":"product-type-simple"},"acf":[],"_links":{"self":[{"href":"https:\/\/www.yongyukitchenware.com\/es\/wp-json\/wp\/v2\/product\/4673","targetHints":{"allow":["GET"]}}],"collection":[{"href":"https:\/\/www.yongyukitchenware.com\/es\/wp-json\/wp\/v2\/product"}],"about":[{"href":"https:\/\/www.yongyukitchenware.com\/es\/wp-json\/wp\/v2\/types\/product"}],"replies":[{"embeddable":true,"href":"https:\/\/www.yongyukitchenware.com\/es\/wp-json\/wp\/v2\/comments?post=4673"}],"wp:featuredmedia":[{"embeddable":true,"href":"https:\/\/www.yongyukitchenware.com\/es\/wp-json\/wp\/v2\/media\/4674"}],"wp:attachment":[{"href":"https:\/\/www.yongyukitchenware.com\/es\/wp-json\/wp\/v2\/media?parent=4673"}],"wp:term":[{"taxonomy":"application","embeddable":true,"href":"https:\/\/www.yongyukitchenware.com\/es\/wp-json\/wp\/v2\/application?post=4673"},{"taxonomy":"product_brand","embeddable":true,"href":"https:\/\/www.yongyukitchenware.com\/es\/wp-json\/wp\/v2\/product_brand?post=4673"},{"taxonomy":"product_cat","embeddable":true,"href":"https:\/\/www.yongyukitchenware.com\/es\/wp-json\/wp\/v2\/product_cat?post=4673"},{"taxonomy":"product_tag","embeddable":true,"href":"https:\/\/www.yongyukitchenware.com\/es\/wp-json\/wp\/v2\/product_tag?post=4673"}],"curies":[{"name":"wp","href":"https:\/\/api.w.org\/{rel}","templated":true}]}}