{"id":4722,"date":"2025-09-12T03:38:20","date_gmt":"2025-09-12T03:38:20","guid":{"rendered":"https:\/\/www.yongyukitchenware.com\/?post_type=product&#038;p=4722"},"modified":"2025-09-12T03:38:22","modified_gmt":"2025-09-12T03:38:22","slug":"wholesale-304-stainless-steel-sauce-cups-with-wooden-handle-rose-gold","status":"publish","type":"product","link":"https:\/\/www.yongyukitchenware.com\/es\/producto\/wholesale-304-stainless-steel-sauce-cups-with-wooden-handle-rose-gold\/","title":{"rendered":"Mayorista 304 Tazas de Salsa de Acero Inoxidable con Mango de Madera-Oro Rosa"},"content":{"rendered":"<div class=\"wp-block-columns is-layout-flex wp-container-core-columns-is-layout-9d6595d7 wp-block-columns-is-layout-flex\">\n<div class=\"wp-block-column is-layout-flow wp-block-column-is-layout-flow\">\n<h2 class=\"wp-block-heading\">Mayorista 304 Tazas de Salsa de Acero Inoxidable con Mango de Madera Tama\u00f1o:<\/h2>\n\n\n\n<figure class=\"wp-block-table\"><table class=\"has-fixed-layout\"><tbody><tr><td>Modelo<\/td><td>Talla<\/td><td>MOQ<\/td><\/tr><tr><td rowspan=\"3\">DY055-B<\/td><td>60ML<\/td><td rowspan=\"3\">200PCS<\/td><\/tr><tr><td>120ML<\/td><\/tr><tr><td>180ML<\/td><\/tr><\/tbody><\/table><\/figure>\n\n\n\n<h2 class=\"wp-block-heading\">Venta al por mayor 304 tazas de salsa de acero inoxidable con mango de madera Caracter\u00edsticas:<\/h2>\n\n\n\n<p><strong>M\u00faltiples opciones de tama\u00f1o:<\/strong> Disponible en 60 ml, 120 ml y 180 ml para adaptarse a todo, desde la cocina casera hasta las necesidades de la cocina profesional.<\/p>\n\n\n\n<p><strong>Seguro con calor directo:<\/strong> De acero inoxidable apto para uso alimentario, ideal para calentar salsas, mantequilla o chocolate.<\/p>\n\n\n\n<p><strong>Dise\u00f1o en forma de barriga:<\/strong> El cuerpo ancho y redondeado garantiza un calentamiento uniforme, facilita la agitaci\u00f3n y minimiza los derrames.<\/p>\n\n\n\n<p><strong>Mango de madera resistente al calor:<\/strong> El mango \u00fanico de madera ofrece un agarre c\u00f3modo y un aislamiento eficaz para una manipulaci\u00f3n m\u00e1s segura.<\/p>\n\n\n\n<p><strong>Ca\u00f1o antigoteo: <\/strong>El ca\u00f1o vertedor cuidadosamente dise\u00f1ado garantiza un vertido suave y sin complicaciones con un control preciso.<\/p>\n<\/div>\n\n\n\n<div class=\"wp-block-column is-layout-flow wp-block-column-is-layout-flow\">\n<figure class=\"wp-block-image size-full is-resized\"><img decoding=\"async\" width=\"800\" height=\"800\" src=\"https:\/\/www.yongyukitchenware.com\/wp-content\/uploads\/2025\/08\/Wholesale-Sauce-Cups-with-Wooden-Handle-3.webp\" alt=\"Mayorista-Sauce-Cups-con-mango-de-madera-3\" class=\"wp-image-4706\" style=\"width:384px;height:auto\" srcset=\"https:\/\/www.yongyukitchenware.com\/wp-content\/uploads\/2025\/08\/Wholesale-Sauce-Cups-with-Wooden-Handle-3.webp 800w, https:\/\/www.yongyukitchenware.com\/wp-content\/uploads\/2025\/08\/Wholesale-Sauce-Cups-with-Wooden-Handle-3-300x300.webp 300w, https:\/\/www.yongyukitchenware.com\/wp-content\/uploads\/2025\/08\/Wholesale-Sauce-Cups-with-Wooden-Handle-3-150x150.webp 150w, https:\/\/www.yongyukitchenware.com\/wp-content\/uploads\/2025\/08\/Wholesale-Sauce-Cups-with-Wooden-Handle-3-768x768.webp 768w, https:\/\/www.yongyukitchenware.com\/wp-content\/uploads\/2025\/08\/Wholesale-Sauce-Cups-with-Wooden-Handle-3-12x12.webp 12w, https:\/\/www.yongyukitchenware.com\/wp-content\/uploads\/2025\/08\/Wholesale-Sauce-Cups-with-Wooden-Handle-3-600x600.webp 600w, https:\/\/www.yongyukitchenware.com\/wp-content\/uploads\/2025\/08\/Wholesale-Sauce-Cups-with-Wooden-Handle-3-100x100.webp 100w\" sizes=\"(max-width: 800px) 100vw, 800px\" \/><\/figure>\n\n\n\n<figure class=\"wp-block-image size-full is-resized\"><img decoding=\"async\" width=\"800\" height=\"800\" src=\"https:\/\/www.yongyukitchenware.com\/wp-content\/uploads\/2025\/08\/Wholesale-Sauce-Cups-with-Wooden-Handle-4.webp\" alt=\"Mayorista-Sauce-Cups-con-mango-de-madera-4\" class=\"wp-image-4707\" style=\"width:384px\" srcset=\"https:\/\/www.yongyukitchenware.com\/wp-content\/uploads\/2025\/08\/Wholesale-Sauce-Cups-with-Wooden-Handle-4.webp 800w, https:\/\/www.yongyukitchenware.com\/wp-content\/uploads\/2025\/08\/Wholesale-Sauce-Cups-with-Wooden-Handle-4-300x300.webp 300w, https:\/\/www.yongyukitchenware.com\/wp-content\/uploads\/2025\/08\/Wholesale-Sauce-Cups-with-Wooden-Handle-4-150x150.webp 150w, https:\/\/www.yongyukitchenware.com\/wp-content\/uploads\/2025\/08\/Wholesale-Sauce-Cups-with-Wooden-Handle-4-768x768.webp 768w, https:\/\/www.yongyukitchenware.com\/wp-content\/uploads\/2025\/08\/Wholesale-Sauce-Cups-with-Wooden-Handle-4-12x12.webp 12w, https:\/\/www.yongyukitchenware.com\/wp-content\/uploads\/2025\/08\/Wholesale-Sauce-Cups-with-Wooden-Handle-4-600x600.webp 600w, https:\/\/www.yongyukitchenware.com\/wp-content\/uploads\/2025\/08\/Wholesale-Sauce-Cups-with-Wooden-Handle-4-100x100.webp 100w\" sizes=\"(max-width: 800px) 100vw, 800px\" \/><\/figure>\n<\/div>\n<\/div>","protected":false},"excerpt":{"rendered":"<div class=\"n4sEPd\">\n<div class=\"UdTY9 qhIQqf leDWne\" aria-hidden=\"true\" data-location=\"1\">Mayorista 304 tazas de salsa de acero inoxidable con mango de madera en elegante acabado de oro rosa, perfecto para servir salsas, salsas y condimentos en estilo. Durable, resistente a la corrosi\u00f3n y f\u00e1cil de limpiar - ideal para restaurantes, cafeter\u00edas y cocinas caseras... P\u00f3ngase en contacto con nosotros por favor\uff01.<\/div>\n<\/div>\n<h2 style=\"text-align: left;\">Mayorista 304 Tazas de Salsa de Acero Inoxidable con Mango de Madera:<\/h2>\n<p style=\"text-align: left;\"><strong>Material:<\/strong> Acero inoxidable<br \/><strong>Forma:<\/strong> Forma redonda<br \/><strong>Embalaje:<\/strong> Bolsa OPP y cart\u00f3n<br \/><strong>OEM\/ODM:<\/strong> Disponible<\/p>\n<h2 class=\"wp-block-heading\">Venta al por mayor 304 tazas de salsa de acero inoxidable Fabricante:<\/h2>\n<p>Tanto si es un proveedor de servicios de catering, un hotel o restaurante, o una empresa de organizaci\u00f3n de eventos, le ofrecemos soluciones integrales de suministros de catering al por mayor a precios de f\u00e1brica de alta calidad.<\/p>","protected":false},"featured_media":4719,"comment_status":"closed","ping_status":"closed","template":"","meta":{"_acf_changed":false},"application":[29],"product_brand":[],"product_cat":[21],"product_tag":[],"class_list":{"0":"post-4722","1":"product","2":"type-product","3":"status-publish","4":"has-post-thumbnail","6":"application-home-kitchen","7":"product_cat-tableware-wholesale","9":"first","10":"instock","11":"shipping-taxable","12":"product-type-simple"},"acf":[],"_links":{"self":[{"href":"https:\/\/www.yongyukitchenware.com\/es\/wp-json\/wp\/v2\/product\/4722","targetHints":{"allow":["GET"]}}],"collection":[{"href":"https:\/\/www.yongyukitchenware.com\/es\/wp-json\/wp\/v2\/product"}],"about":[{"href":"https:\/\/www.yongyukitchenware.com\/es\/wp-json\/wp\/v2\/types\/product"}],"replies":[{"embeddable":true,"href":"https:\/\/www.yongyukitchenware.com\/es\/wp-json\/wp\/v2\/comments?post=4722"}],"wp:featuredmedia":[{"embeddable":true,"href":"https:\/\/www.yongyukitchenware.com\/es\/wp-json\/wp\/v2\/media\/4719"}],"wp:attachment":[{"href":"https:\/\/www.yongyukitchenware.com\/es\/wp-json\/wp\/v2\/media?parent=4722"}],"wp:term":[{"taxonomy":"application","embeddable":true,"href":"https:\/\/www.yongyukitchenware.com\/es\/wp-json\/wp\/v2\/application?post=4722"},{"taxonomy":"product_brand","embeddable":true,"href":"https:\/\/www.yongyukitchenware.com\/es\/wp-json\/wp\/v2\/product_brand?post=4722"},{"taxonomy":"product_cat","embeddable":true,"href":"https:\/\/www.yongyukitchenware.com\/es\/wp-json\/wp\/v2\/product_cat?post=4722"},{"taxonomy":"product_tag","embeddable":true,"href":"https:\/\/www.yongyukitchenware.com\/es\/wp-json\/wp\/v2\/product_tag?post=4722"}],"curies":[{"name":"wp","href":"https:\/\/api.w.org\/{rel}","templated":true}]}}