{"id":4736,"date":"2025-08-26T01:40:35","date_gmt":"2025-08-26T01:40:35","guid":{"rendered":"https:\/\/www.yongyukitchenware.com\/?post_type=product&#038;p=4736"},"modified":"2025-08-26T01:40:37","modified_gmt":"2025-08-26T01:40:37","slug":"wholesale-stainless-steel-flour-sieve-40-60-mesh-strainer","status":"publish","type":"product","link":"https:\/\/www.yongyukitchenware.com\/es\/producto\/wholesale-stainless-steel-flour-sieve-40-60-mesh-strainer\/","title":{"rendered":"Mayorista Tamiz Harina Acero Inoxidable 40\/60 Malla Colador"},"content":{"rendered":"<div class=\"wp-block-columns is-layout-flex wp-container-core-columns-is-layout-9d6595d7 wp-block-columns-is-layout-flex\">\n<div class=\"wp-block-column is-layout-flow wp-block-column-is-layout-flow\">\n<h2 class=\"wp-block-heading\">Tamiz de harina de acero inoxidable al por mayor Caracter\u00edsticas :<\/h2>\n\n\n\n<p><strong>Acero inoxidable 304 de calidad alimentaria: <\/strong>Resistente a la corrosi\u00f3n y sin \u00f3xido, seguro para el contacto con todo tipo de ingredientes alimentarios, y m\u00e1s seguro de usar.<\/p>\n\n\n\n<p><strong>M\u00faltiples tama\u00f1os para elegir:<\/strong> Disponible en varias especificaciones, como 15\/20\/25\/30 cm, para satisfacer las diversas necesidades de uso dom\u00e9stico y comercial.<\/p>\n\n\n\n<p><strong>Dise\u00f1o de pantalla fino: <\/strong>Los tamices de 40 y 60 mallas eliminan eficazmente los grumos, haciendo que la harina sea m\u00e1s fina y uniforme.<\/p>\n\n\n\n<p><strong>Todos los modelos 304 con dise\u00f1o de anillo de elevaci\u00f3n: <\/strong>conveniente para colgar y almacenar, manteniendo la cocina ordenada (modelo de material 201 sin anillos de elevaci\u00f3n, pero la superficie de la pantalla es de material 304).<\/p>\n\n\n\n<p><strong>Opciones de doble material: <\/strong>El modelo 304 completo es m\u00e1s duradero, mientras que la versi\u00f3n con pantalla 201+304 combina practicidad y rentabilidad.<\/p>\n\n\n\n<h2 class=\"wp-block-heading\">Mayorista Tamiz de harina de acero inoxidable Tama\u00f1o:<\/h2>\n\n\n\n<figure class=\"wp-block-table\"><table class=\"has-fixed-layout\"><tbody><tr><td>Modelo<\/td><td>Talla<\/td><td>MOQ<\/td><\/tr><tr><td rowspan=\"4\">DY121-Z<\/td><td>15 cm<\/td><td rowspan=\"2\">220PCS<\/td><\/tr><tr><td>20 cm<\/td><\/tr><tr><td>25 cm<\/td><td rowspan=\"2\">100 UNIDADES<\/td><\/tr><tr><td>30 cm<\/td><\/tr><\/tbody><\/table><\/figure>\n<\/div>\n\n\n\n<div class=\"wp-block-column is-layout-flow wp-block-column-is-layout-flow\">\n<figure class=\"wp-block-image size-full\"><img decoding=\"async\" width=\"800\" height=\"800\" src=\"https:\/\/www.yongyukitchenware.com\/wp-content\/uploads\/2025\/08\/Wholesale-Stainless-Steel-Flour-Sieve-3.webp\" alt=\"Mayorista-Acero inoxidable-Flour-Sieve-3\" class=\"wp-image-4739\" srcset=\"https:\/\/www.yongyukitchenware.com\/wp-content\/uploads\/2025\/08\/Wholesale-Stainless-Steel-Flour-Sieve-3.webp 800w, https:\/\/www.yongyukitchenware.com\/wp-content\/uploads\/2025\/08\/Wholesale-Stainless-Steel-Flour-Sieve-3-300x300.webp 300w, https:\/\/www.yongyukitchenware.com\/wp-content\/uploads\/2025\/08\/Wholesale-Stainless-Steel-Flour-Sieve-3-150x150.webp 150w, https:\/\/www.yongyukitchenware.com\/wp-content\/uploads\/2025\/08\/Wholesale-Stainless-Steel-Flour-Sieve-3-768x768.webp 768w, https:\/\/www.yongyukitchenware.com\/wp-content\/uploads\/2025\/08\/Wholesale-Stainless-Steel-Flour-Sieve-3-12x12.webp 12w, https:\/\/www.yongyukitchenware.com\/wp-content\/uploads\/2025\/08\/Wholesale-Stainless-Steel-Flour-Sieve-3-600x600.webp 600w, https:\/\/www.yongyukitchenware.com\/wp-content\/uploads\/2025\/08\/Wholesale-Stainless-Steel-Flour-Sieve-3-100x100.webp 100w\" sizes=\"(max-width: 800px) 100vw, 800px\" \/><\/figure>\n\n\n\n<figure class=\"wp-block-image size-full\"><img decoding=\"async\" width=\"800\" height=\"800\" src=\"https:\/\/www.yongyukitchenware.com\/wp-content\/uploads\/2025\/08\/Wholesale-Stainless-Steel-Flour-Sieve-7.webp\" alt=\"Mayorista-Acero inoxidable-Flour-Sieve-7\" class=\"wp-image-4743\" srcset=\"https:\/\/www.yongyukitchenware.com\/wp-content\/uploads\/2025\/08\/Wholesale-Stainless-Steel-Flour-Sieve-7.webp 800w, https:\/\/www.yongyukitchenware.com\/wp-content\/uploads\/2025\/08\/Wholesale-Stainless-Steel-Flour-Sieve-7-300x300.webp 300w, https:\/\/www.yongyukitchenware.com\/wp-content\/uploads\/2025\/08\/Wholesale-Stainless-Steel-Flour-Sieve-7-150x150.webp 150w, https:\/\/www.yongyukitchenware.com\/wp-content\/uploads\/2025\/08\/Wholesale-Stainless-Steel-Flour-Sieve-7-768x768.webp 768w, https:\/\/www.yongyukitchenware.com\/wp-content\/uploads\/2025\/08\/Wholesale-Stainless-Steel-Flour-Sieve-7-12x12.webp 12w, https:\/\/www.yongyukitchenware.com\/wp-content\/uploads\/2025\/08\/Wholesale-Stainless-Steel-Flour-Sieve-7-600x600.webp 600w, https:\/\/www.yongyukitchenware.com\/wp-content\/uploads\/2025\/08\/Wholesale-Stainless-Steel-Flour-Sieve-7-100x100.webp 100w\" sizes=\"(max-width: 800px) 100vw, 800px\" \/><\/figure>\n<\/div>\n<\/div>","protected":false},"excerpt":{"rendered":"<p>Tamiz de harina de acero inoxidable al por mayor. Duradero colador de malla 40\/60 dise\u00f1ado para tamizado de precisi\u00f3n, perfecto para panader\u00edas, procesamiento de alimentos y cocinas comerciales. Bienvenido a contactarnos\uff01<\/p>\n<h2>Mayorista Tamiz de harina de acero inoxidable :<\/h2>\n<p><strong>Material:<\/strong> Acero inoxidable 304<br \/><strong>Estilo:<\/strong> Todo material 304 con anillos de elevaci\u00f3n, material 201 superficie de cribado 304 sin anillos de elevaci\u00f3n<br \/><strong>Luz de malla<\/strong> :malla 40\/60<br \/><strong>Especificaciones:<\/strong> 15\/20\/25\/30cm<br \/><strong>Embalaje:<\/strong> bolsa\/granel\/cart\u00f3n o personalizado<br \/><strong>OEM\/ODM:<\/strong> Disponible<\/p>\n<h2 class=\"wp-block-heading\">Del fabricante de utensilios de cocina Yongyu:<\/h2>\n<p>Yongyu es un fabricante profesional de utensilios de cocina, nuestros productos cubren todo tipo de utensilios de cocina de acero inoxidable y accesorios de cocina, proporcionando soluciones personalizadas con productos de alta calidad y precios de f\u00e1brica.<\/p>","protected":false},"featured_media":4737,"comment_status":"closed","ping_status":"closed","template":"","meta":{"_acf_changed":true},"application":[29],"product_brand":[],"product_cat":[23,35],"product_tag":[],"class_list":{"0":"post-4736","1":"product","2":"type-product","3":"status-publish","4":"has-post-thumbnail","6":"application-home-kitchen","7":"product_cat-kitchenware-wholesale","8":"product_cat-baking-trays-wholesale","10":"first","11":"instock","12":"shipping-taxable","13":"product-type-simple"},"acf":[],"_links":{"self":[{"href":"https:\/\/www.yongyukitchenware.com\/es\/wp-json\/wp\/v2\/product\/4736","targetHints":{"allow":["GET"]}}],"collection":[{"href":"https:\/\/www.yongyukitchenware.com\/es\/wp-json\/wp\/v2\/product"}],"about":[{"href":"https:\/\/www.yongyukitchenware.com\/es\/wp-json\/wp\/v2\/types\/product"}],"replies":[{"embeddable":true,"href":"https:\/\/www.yongyukitchenware.com\/es\/wp-json\/wp\/v2\/comments?post=4736"}],"wp:featuredmedia":[{"embeddable":true,"href":"https:\/\/www.yongyukitchenware.com\/es\/wp-json\/wp\/v2\/media\/4737"}],"wp:attachment":[{"href":"https:\/\/www.yongyukitchenware.com\/es\/wp-json\/wp\/v2\/media?parent=4736"}],"wp:term":[{"taxonomy":"application","embeddable":true,"href":"https:\/\/www.yongyukitchenware.com\/es\/wp-json\/wp\/v2\/application?post=4736"},{"taxonomy":"product_brand","embeddable":true,"href":"https:\/\/www.yongyukitchenware.com\/es\/wp-json\/wp\/v2\/product_brand?post=4736"},{"taxonomy":"product_cat","embeddable":true,"href":"https:\/\/www.yongyukitchenware.com\/es\/wp-json\/wp\/v2\/product_cat?post=4736"},{"taxonomy":"product_tag","embeddable":true,"href":"https:\/\/www.yongyukitchenware.com\/es\/wp-json\/wp\/v2\/product_tag?post=4736"}],"curies":[{"name":"wp","href":"https:\/\/api.w.org\/{rel}","templated":true}]}}