{"id":4746,"date":"2025-09-06T06:31:58","date_gmt":"2025-09-06T06:31:58","guid":{"rendered":"https:\/\/www.yongyukitchenware.com\/?post_type=product&#038;p=4746"},"modified":"2025-09-06T06:32:37","modified_gmt":"2025-09-06T06:32:37","slug":"custom-stainless-steel-salad-container-lunch-box-with-3-compartment-tray","status":"publish","type":"product","link":"https:\/\/www.yongyukitchenware.com\/es\/producto\/custom-stainless-steel-salad-container-lunch-box-with-3-compartment-tray\/","title":{"rendered":"Fiambrera con recipiente de acero inoxidable personalizado para ensaladas con bandeja de 3 compartimentos"},"content":{"rendered":"<div class=\"wp-block-columns is-layout-flex wp-container-core-columns-is-layout-9d6595d7 wp-block-columns-is-layout-flex\">\n<div class=\"wp-block-column is-layout-flow wp-block-column-is-layout-flow\">\n<h2 class=\"wp-block-heading\">Recipiente para ensaladas de acero inoxidable personalizado Caracter\u00edsticas:<\/h2>\n\n\n\n<p><strong>Fiambreras de acero inoxidable 304 de alta calidad: <\/strong>seguro y duradero, resistente a la corrosi\u00f3n, salvaguardando la salud de cada comida.<\/p>\n\n\n\n<p><strong>Gran capacidad de 60 onzas + dise\u00f1o de tres compartimentos:<\/strong> Los platos principales y las guarniciones no mezclan sabores, manteniendo f\u00e1cilmente una comida equilibrada desde el punto de vista nutricional.<\/p>\n\n\n\n<p><strong>Se incluye de regalo una taza de salsa sellada de 2 onzas:<\/strong> La salsa se puede llevar de forma independiente, por lo que resulta muy pr\u00e1ctica para mezclar con ensaladas o mojar.<\/p>\n\n\n\n<p><strong>Tapa de PP con anillo de sellado de silicona + anillo de hebilla de cuatro lados: <\/strong>M\u00faltiples medidas a prueba de fugas, seguro de llevar sin presi\u00f3n.<\/p>\n\n\n\n<p><strong>Dise\u00f1o de mango humanizado: <\/strong>Port\u00e1til y sin esfuerzo, se puede llevar f\u00e1cilmente para ir al trabajo, al colegio o de picnic.<\/p>\n\n\n\n<div class=\"wp-block-group is-vertical is-layout-flex wp-container-core-group-is-layout-8cf370e7 wp-block-group-is-layout-flex\">\n<h2 class=\"wp-block-heading\">Recipiente para ensaladas de acero inoxidable personalizado Tama\u00f1o:<\/h2>\n<\/div>\n\n\n\n<figure class=\"wp-block-image size-full\"><img decoding=\"async\" width=\"1600\" height=\"1600\" src=\"https:\/\/www.yongyukitchenware.com\/wp-content\/uploads\/2025\/09\/Custom-Stainless-Steel-Salad-Container-5.webp\" alt=\"Ensaladera de acero inoxidable a medida-5\" class=\"wp-image-4833\" srcset=\"https:\/\/www.yongyukitchenware.com\/wp-content\/uploads\/2025\/09\/Custom-Stainless-Steel-Salad-Container-5.webp 1600w, https:\/\/www.yongyukitchenware.com\/wp-content\/uploads\/2025\/09\/Custom-Stainless-Steel-Salad-Container-5-300x300.webp 300w, https:\/\/www.yongyukitchenware.com\/wp-content\/uploads\/2025\/09\/Custom-Stainless-Steel-Salad-Container-5-150x150.webp 150w, https:\/\/www.yongyukitchenware.com\/wp-content\/uploads\/2025\/09\/Custom-Stainless-Steel-Salad-Container-5-768x768.webp 768w, https:\/\/www.yongyukitchenware.com\/wp-content\/uploads\/2025\/09\/Custom-Stainless-Steel-Salad-Container-5-12x12.webp 12w, https:\/\/www.yongyukitchenware.com\/wp-content\/uploads\/2025\/09\/Custom-Stainless-Steel-Salad-Container-5-1200x1200.webp 1200w, https:\/\/www.yongyukitchenware.com\/wp-content\/uploads\/2025\/09\/Custom-Stainless-Steel-Salad-Container-5-600x600.webp 600w, https:\/\/www.yongyukitchenware.com\/wp-content\/uploads\/2025\/09\/Custom-Stainless-Steel-Salad-Container-5-100x100.webp 100w\" sizes=\"(max-width: 1600px) 100vw, 1600px\" \/><\/figure>\n<\/div>\n\n\n\n<div class=\"wp-block-column is-layout-flow wp-block-column-is-layout-flow\">\n<div class=\"wp-block-columns is-layout-flex wp-container-core-columns-is-layout-9d6595d7 wp-block-columns-is-layout-flex\">\n<div class=\"wp-block-column is-layout-flow wp-block-column-is-layout-flow\"><\/div>\n<\/div>\n\n\n\n<div class=\"wp-block-columns is-layout-flex wp-container-core-columns-is-layout-9d6595d7 wp-block-columns-is-layout-flex\">\n<div class=\"wp-block-column is-layout-flow wp-block-column-is-layout-flow\">\n<figure class=\"wp-block-image size-full is-resized\"><img decoding=\"async\" width=\"1600\" height=\"1600\" src=\"https:\/\/www.yongyukitchenware.com\/wp-content\/uploads\/2025\/09\/Custom-Stainless-Steel-Salad-Container-8.webp\" alt=\"Recipiente de acero inoxidable para ensaladas 8 a medida\" class=\"wp-image-4836\" style=\"width:461px;height:auto\" srcset=\"https:\/\/www.yongyukitchenware.com\/wp-content\/uploads\/2025\/09\/Custom-Stainless-Steel-Salad-Container-8.webp 1600w, https:\/\/www.yongyukitchenware.com\/wp-content\/uploads\/2025\/09\/Custom-Stainless-Steel-Salad-Container-8-300x300.webp 300w, https:\/\/www.yongyukitchenware.com\/wp-content\/uploads\/2025\/09\/Custom-Stainless-Steel-Salad-Container-8-150x150.webp 150w, https:\/\/www.yongyukitchenware.com\/wp-content\/uploads\/2025\/09\/Custom-Stainless-Steel-Salad-Container-8-768x768.webp 768w, https:\/\/www.yongyukitchenware.com\/wp-content\/uploads\/2025\/09\/Custom-Stainless-Steel-Salad-Container-8-12x12.webp 12w, https:\/\/www.yongyukitchenware.com\/wp-content\/uploads\/2025\/09\/Custom-Stainless-Steel-Salad-Container-8-1200x1200.webp 1200w, https:\/\/www.yongyukitchenware.com\/wp-content\/uploads\/2025\/09\/Custom-Stainless-Steel-Salad-Container-8-600x600.webp 600w, https:\/\/www.yongyukitchenware.com\/wp-content\/uploads\/2025\/09\/Custom-Stainless-Steel-Salad-Container-8-100x100.webp 100w\" sizes=\"(max-width: 1600px) 100vw, 1600px\" \/><\/figure>\n\n\n\n<figure class=\"wp-block-image size-full\"><img decoding=\"async\" width=\"1600\" height=\"1600\" src=\"https:\/\/www.yongyukitchenware.com\/wp-content\/uploads\/2025\/09\/Custom-Stainless-Steel-Salad-Container-7.webp\" alt=\"Ensaladera de acero inoxidable a medida-7\" class=\"wp-image-4835\" srcset=\"https:\/\/www.yongyukitchenware.com\/wp-content\/uploads\/2025\/09\/Custom-Stainless-Steel-Salad-Container-7.webp 1600w, https:\/\/www.yongyukitchenware.com\/wp-content\/uploads\/2025\/09\/Custom-Stainless-Steel-Salad-Container-7-300x300.webp 300w, https:\/\/www.yongyukitchenware.com\/wp-content\/uploads\/2025\/09\/Custom-Stainless-Steel-Salad-Container-7-150x150.webp 150w, https:\/\/www.yongyukitchenware.com\/wp-content\/uploads\/2025\/09\/Custom-Stainless-Steel-Salad-Container-7-768x768.webp 768w, https:\/\/www.yongyukitchenware.com\/wp-content\/uploads\/2025\/09\/Custom-Stainless-Steel-Salad-Container-7-12x12.webp 12w, https:\/\/www.yongyukitchenware.com\/wp-content\/uploads\/2025\/09\/Custom-Stainless-Steel-Salad-Container-7-1200x1200.webp 1200w, https:\/\/www.yongyukitchenware.com\/wp-content\/uploads\/2025\/09\/Custom-Stainless-Steel-Salad-Container-7-600x600.webp 600w, https:\/\/www.yongyukitchenware.com\/wp-content\/uploads\/2025\/09\/Custom-Stainless-Steel-Salad-Container-7-100x100.webp 100w\" sizes=\"(max-width: 1600px) 100vw, 1600px\" \/><\/figure>\n<\/div>\n<\/div>\n<\/div>\n<\/div>\n\n\n\n<p><\/p>","protected":false},"excerpt":{"rendered":"<p>Fiambrera personalizada de acero inoxidable para ensaladas con bandeja de 3 compartimentos. Una soluci\u00f3n de almuerzo duradera y respetuosa con el medio ambiente con un elegante dise\u00f1o de acero inoxidable y una bandeja extra\u00edble de 3 compartimentos, perfecta para mantener ensaladas, frutas y aperitivos frescos y perfectamente separados.Consultas de bienvenida\uff01<\/p>\n<h2 style=\"text-align: left;\">Contenedor de ensalada de acero inoxidable personalizado Par\u00e1metro:<\/h2>\n<p style=\"text-align: left;\"><strong>Material:<\/strong> Acero inoxidable<br \/><strong>Color:<\/strong> Color plata<br \/><strong>Diferentes tama\u00f1os:<\/strong> 1.8L<br \/><strong>Embalaje: <\/strong>Bolsa Opp y caja de cart\u00f3n<br \/><strong>OEM\/ODM:<\/strong> Disponible<\/p>\n<h2 class=\"wp-block-heading\">Del fabricante de recipientes de almacenamiento de alimentos :<\/h2>\n<p>Fundada en 1996, Yongyu est\u00e1 especializada en la producci\u00f3n y venta al por mayor de recipientes de acero inoxidable para el almacenamiento de alimentos, utensilios de cocina, suministros de catering, menaje del hogar y utensilios de cocina para camping. Ofrece servicios integrales de OEM, ODM y comercio electr\u00f3nico a sus clientes.<\/p>","protected":false},"featured_media":4831,"comment_status":"closed","ping_status":"closed","template":"","meta":{"_acf_changed":true},"application":[31],"product_brand":[],"product_cat":[19],"product_tag":[],"class_list":{"0":"post-4746","1":"product","2":"type-product","3":"status-publish","4":"has-post-thumbnail","6":"application-champ-kitchen","7":"product_cat-food-storage-container-bulk-custom","9":"first","10":"instock","11":"shipping-taxable","12":"product-type-simple"},"acf":[],"_links":{"self":[{"href":"https:\/\/www.yongyukitchenware.com\/es\/wp-json\/wp\/v2\/product\/4746","targetHints":{"allow":["GET"]}}],"collection":[{"href":"https:\/\/www.yongyukitchenware.com\/es\/wp-json\/wp\/v2\/product"}],"about":[{"href":"https:\/\/www.yongyukitchenware.com\/es\/wp-json\/wp\/v2\/types\/product"}],"replies":[{"embeddable":true,"href":"https:\/\/www.yongyukitchenware.com\/es\/wp-json\/wp\/v2\/comments?post=4746"}],"wp:featuredmedia":[{"embeddable":true,"href":"https:\/\/www.yongyukitchenware.com\/es\/wp-json\/wp\/v2\/media\/4831"}],"wp:attachment":[{"href":"https:\/\/www.yongyukitchenware.com\/es\/wp-json\/wp\/v2\/media?parent=4746"}],"wp:term":[{"taxonomy":"application","embeddable":true,"href":"https:\/\/www.yongyukitchenware.com\/es\/wp-json\/wp\/v2\/application?post=4746"},{"taxonomy":"product_brand","embeddable":true,"href":"https:\/\/www.yongyukitchenware.com\/es\/wp-json\/wp\/v2\/product_brand?post=4746"},{"taxonomy":"product_cat","embeddable":true,"href":"https:\/\/www.yongyukitchenware.com\/es\/wp-json\/wp\/v2\/product_cat?post=4746"},{"taxonomy":"product_tag","embeddable":true,"href":"https:\/\/www.yongyukitchenware.com\/es\/wp-json\/wp\/v2\/product_tag?post=4746"}],"curies":[{"name":"wp","href":"https:\/\/api.w.org\/{rel}","templated":true}]}}