{"id":4944,"date":"2025-09-26T08:28:10","date_gmt":"2025-09-26T08:28:10","guid":{"rendered":"https:\/\/www.yongyukitchenware.com\/?post_type=product&#038;p=4944"},"modified":"2025-09-26T08:28:12","modified_gmt":"2025-09-26T08:28:12","slug":"wholesale-luxury-stainless-steel-hydraulic-chafing-dish-buffet-food-warmer-gold","status":"publish","type":"product","link":"https:\/\/www.yongyukitchenware.com\/es\/producto\/wholesale-luxury-stainless-steel-hydraulic-chafing-dish-buffet-food-warmer-gold\/","title":{"rendered":"Venta al por mayor de lujo de acero inoxidable hidr\u00e1ulico Chafing Dish Buffet Calentador de comida-Oro"},"content":{"rendered":"<div class=\"wp-block-columns is-layout-flex wp-container-core-columns-is-layout-9d6595d7 wp-block-columns-is-layout-flex\">\n<div class=\"wp-block-column is-layout-flow wp-block-column-is-layout-flow\">\n<h2 class=\"wp-block-heading\">Venta al por mayor de lujo de acero inoxidable hidr\u00e1ulico Chafing Dish Buffet calentador de alimentos Par\u00e1metro:<\/h2>\n\n\n\n<figure class=\"wp-block-table\"><table class=\"has-fixed-layout\"><tbody><tr><td>Modelo<\/td><td>Forma<\/td><td>Longitud * Anchura * Altura (cm)<\/td><td>Capacidad (l)<\/td><td>MOQ<\/td><\/tr><tr><td rowspan=\"3\">DY047-CL<\/td><td>Rect\u00e1ngulo<\/td><td>58*45*29<\/td><td>9L<\/td><td rowspan=\"3\">2 PIEZAS<\/td><\/tr><tr><td>Cuadrado<\/td><td>40*45*29<\/td><td>6L<\/td><\/tr><tr><td>Redondo<\/td><td>43*49*29<\/td><td>6L<\/td><\/tr><\/tbody><\/table><\/figure>\n\n\n\n<h2 class=\"wp-block-heading\">Mayorista Buffet Chafing Dish Caracter\u00edsticas:<\/h2>\n\n\n\n<p><strong>Material de acero inoxidable de alta calidad: <\/strong>Fabricado en acero inoxidable altamente resistente a la corrosi\u00f3n, garantiza a la estufa durabilidad a largo plazo y resistencia a la oxidaci\u00f3n, lo que la hace apta para un uso frecuente y mantiene intactas la temperatura y el aspecto de los alimentos.<\/p>\n\n\n\n<p><strong>Dise\u00f1o de aislamiento de alta eficiencia: <\/strong>Equipado con un dise\u00f1o de base de doble combustible, puede mantener eficazmente la temperatura de los alimentos, garantizando que permanezcan calientes durante toda la comida y mejorando la experiencia gastron\u00f3mica.<\/p>\n\n\n\n<p><strong>Aspecto moderno y sencillo: <\/strong>Estilo moderno y minimalista, superficie lisa de acero inoxidable con acabado de espejo, adecuada para diversos banquetes, bodas, buffets de hotel y otras ocasiones, realzando el atractivo est\u00e9tico general de la mesa de comedor.<\/p>\n\n\n\n<p><strong>F\u00e1cil de limpiar y mantener:<\/strong> El dise\u00f1o es f\u00e1cil de desmontar, lo que facilita la limpieza y el mantenimiento, y mantiene el equipo limpio e higi\u00e9nico durante mucho tiempo. Es f\u00e1cil de limpiar despu\u00e9s de su uso, garantizando que no queden residuos la pr\u00f3xima vez que se utilice.<\/p>\n\n\n\n<p><strong>Dise\u00f1o de gran capacidad:<\/strong> El espacioso dise\u00f1o del plato puede contener una gran cantidad de comida al mismo tiempo, lo que lo hace adecuado para eventos o banquetes a gran escala y para satisfacer las necesidades de diferentes n\u00fameros de personas.<\/p>\n<\/div>\n\n\n\n<div class=\"wp-block-column is-layout-flow wp-block-column-is-layout-flow\">\n<figure class=\"wp-block-image size-full\"><img decoding=\"async\" width=\"800\" height=\"800\" src=\"https:\/\/www.yongyukitchenware.com\/wp-content\/uploads\/2025\/09\/Wholesale-Buffet-Chafing-Dish-6.webp\" alt=\"Mayorista Plato hondo hidr\u00e1ulico de lujo de acero inoxidable\" class=\"wp-image-4942\" srcset=\"https:\/\/www.yongyukitchenware.com\/wp-content\/uploads\/2025\/09\/Wholesale-Buffet-Chafing-Dish-6.webp 800w, https:\/\/www.yongyukitchenware.com\/wp-content\/uploads\/2025\/09\/Wholesale-Buffet-Chafing-Dish-6-300x300.webp 300w, https:\/\/www.yongyukitchenware.com\/wp-content\/uploads\/2025\/09\/Wholesale-Buffet-Chafing-Dish-6-150x150.webp 150w, https:\/\/www.yongyukitchenware.com\/wp-content\/uploads\/2025\/09\/Wholesale-Buffet-Chafing-Dish-6-768x768.webp 768w, https:\/\/www.yongyukitchenware.com\/wp-content\/uploads\/2025\/09\/Wholesale-Buffet-Chafing-Dish-6-12x12.webp 12w, https:\/\/www.yongyukitchenware.com\/wp-content\/uploads\/2025\/09\/Wholesale-Buffet-Chafing-Dish-6-600x600.webp 600w, https:\/\/www.yongyukitchenware.com\/wp-content\/uploads\/2025\/09\/Wholesale-Buffet-Chafing-Dish-6-100x100.webp 100w\" sizes=\"(max-width: 800px) 100vw, 800px\" \/><\/figure>\n\n\n\n<figure class=\"wp-block-image size-full\"><img decoding=\"async\" width=\"800\" height=\"800\" src=\"https:\/\/www.yongyukitchenware.com\/wp-content\/uploads\/2025\/09\/Wholesale-Buffet-Chafing-Dish-7.webp\" alt=\"Mayorista Plato hondo hidr\u00e1ulico de lujo de acero inoxidable\" class=\"wp-image-4943\" srcset=\"https:\/\/www.yongyukitchenware.com\/wp-content\/uploads\/2025\/09\/Wholesale-Buffet-Chafing-Dish-7.webp 800w, https:\/\/www.yongyukitchenware.com\/wp-content\/uploads\/2025\/09\/Wholesale-Buffet-Chafing-Dish-7-300x300.webp 300w, https:\/\/www.yongyukitchenware.com\/wp-content\/uploads\/2025\/09\/Wholesale-Buffet-Chafing-Dish-7-150x150.webp 150w, https:\/\/www.yongyukitchenware.com\/wp-content\/uploads\/2025\/09\/Wholesale-Buffet-Chafing-Dish-7-768x768.webp 768w, https:\/\/www.yongyukitchenware.com\/wp-content\/uploads\/2025\/09\/Wholesale-Buffet-Chafing-Dish-7-12x12.webp 12w, https:\/\/www.yongyukitchenware.com\/wp-content\/uploads\/2025\/09\/Wholesale-Buffet-Chafing-Dish-7-600x600.webp 600w, https:\/\/www.yongyukitchenware.com\/wp-content\/uploads\/2025\/09\/Wholesale-Buffet-Chafing-Dish-7-100x100.webp 100w\" sizes=\"(max-width: 800px) 100vw, 800px\" \/><\/figure>\n<\/div>\n<\/div>\n\n\n\n<p><\/p>","protected":false},"excerpt":{"rendered":"<p>Plato hondo hidr\u00e1ulico de acero inoxidable de lujo al por mayor, dise\u00f1ado para uso en buffet y catering. Fabricado en acero inoxidable de primera calidad con tapa hidr\u00e1ulica para una apertura suave y silenciosa, mantiene la comida caliente y presentable. Perfecto para hoteles, restaurantes y eventos. \u00a1Apoyo a las ventas de Amazon y personalizado, de alta calidad garantizada, bienvenido a preguntar!<\/p>\n<h2><!-- wp:heading --><\/h2>\n<h2 class=\"wp-block-heading\">Mayorista Buffet Chafing Dish Atributos :<\/h2>\n<h2><!-- \/wp:heading --><\/p>\n<p><!-- wp:paragraph --><\/h2>\n<p><strong>Material: <\/strong>Acero inoxidable<br \/><strong>Color: <\/strong>Plata<br \/><strong>Forma:<\/strong> Redondo con tapa abatible<br \/><strong>Calor: <\/strong>Calefacci\u00f3n de alcohol o el\u00e9ctrica<br \/><strong>Chafer Pan: <\/strong>Rejilla \u00fanica<br \/><strong>OEM\/ODM: <\/strong>Disponible<\/p>\n<h2 class=\"wp-block-heading\">De Yongyu Chafing Dish Fabricante :<\/h2>\n<p>\u00a1Tanto si se trata de un proveedor de servicios de catering, hotel y restaurante, o empresa de planificaci\u00f3n de eventos, proporcionamos soluciones completas de platos para calentar al por mayor personalizados para ayudar a su negocio con precios de f\u00e1brica de alta calidad!<\/p>\n<h2><!-- \/wp:paragraph --><\/h2>","protected":false},"featured_media":4938,"comment_status":"closed","ping_status":"closed","template":"","meta":{"_acf_changed":false},"application":[30],"product_brand":[],"product_cat":[33],"product_tag":[],"class_list":{"0":"post-4944","1":"product","2":"type-product","3":"status-publish","4":"has-post-thumbnail","6":"application-hotel-catering","7":"product_cat-chafing-dishes-wholesale","9":"first","10":"instock","11":"shipping-taxable","12":"product-type-simple"},"acf":[],"_links":{"self":[{"href":"https:\/\/www.yongyukitchenware.com\/es\/wp-json\/wp\/v2\/product\/4944","targetHints":{"allow":["GET"]}}],"collection":[{"href":"https:\/\/www.yongyukitchenware.com\/es\/wp-json\/wp\/v2\/product"}],"about":[{"href":"https:\/\/www.yongyukitchenware.com\/es\/wp-json\/wp\/v2\/types\/product"}],"replies":[{"embeddable":true,"href":"https:\/\/www.yongyukitchenware.com\/es\/wp-json\/wp\/v2\/comments?post=4944"}],"wp:featuredmedia":[{"embeddable":true,"href":"https:\/\/www.yongyukitchenware.com\/es\/wp-json\/wp\/v2\/media\/4938"}],"wp:attachment":[{"href":"https:\/\/www.yongyukitchenware.com\/es\/wp-json\/wp\/v2\/media?parent=4944"}],"wp:term":[{"taxonomy":"application","embeddable":true,"href":"https:\/\/www.yongyukitchenware.com\/es\/wp-json\/wp\/v2\/application?post=4944"},{"taxonomy":"product_brand","embeddable":true,"href":"https:\/\/www.yongyukitchenware.com\/es\/wp-json\/wp\/v2\/product_brand?post=4944"},{"taxonomy":"product_cat","embeddable":true,"href":"https:\/\/www.yongyukitchenware.com\/es\/wp-json\/wp\/v2\/product_cat?post=4944"},{"taxonomy":"product_tag","embeddable":true,"href":"https:\/\/www.yongyukitchenware.com\/es\/wp-json\/wp\/v2\/product_tag?post=4944"}],"curies":[{"name":"wp","href":"https:\/\/api.w.org\/{rel}","templated":true}]}}