{"id":4951,"date":"2025-10-08T02:50:59","date_gmt":"2025-10-08T02:50:59","guid":{"rendered":"https:\/\/www.yongyukitchenware.com\/?post_type=product&#038;p=4951"},"modified":"2025-10-14T06:06:22","modified_gmt":"2025-10-14T06:06:22","slug":"custom-304-stainless-steel-electric-chafing-dishes-buffet-food-warmers","status":"publish","type":"product","link":"https:\/\/www.yongyukitchenware.com\/es\/producto\/custom-304-stainless-steel-electric-chafing-dishes-buffet-food-warmers\/","title":{"rendered":"Platos hondos el\u00e9ctricos de acero inoxidable 304 personalizados Calentadores de alimentos para buffets"},"content":{"rendered":"<div class=\"wp-block-columns is-layout-flex wp-container-core-columns-is-layout-9d6595d7 wp-block-columns-is-layout-flex\">\n<div class=\"wp-block-column is-layout-flow wp-block-column-is-layout-flow\">\n<h2 class=\"wp-block-heading\">Custom 304 acero inoxidable el\u00e9ctrico Chafing Dishes Par\u00e1metro:<\/h2>\n\n\n\n<figure class=\"wp-block-table\"><table class=\"has-fixed-layout\"><tbody><tr><td>Modelo<\/td><td>Longitud * Anchura * Altura (cm)<\/td><td>Capacidad (l)<\/td><td>Peso (kg)<\/td><td>MOQ<\/td><\/tr><tr><td>DY056-CL<\/td><td>58<em>47<\/em>26<\/td><td>9<\/td><td>13.3<\/td><td>2 PIEZAS<\/td><\/tr><\/tbody><\/table><\/figure>\n\n\n\n<h2 class=\"wp-block-heading\">Custom 304 de acero inoxidable el\u00e9ctrico Chafing Dishes Caracter\u00edsticas:<\/h2>\n\n\n\n<p><strong>Hay varios compartimentos disponibles:<\/strong> Los platos de uno, dos y tres compartimentos pueden combinarse libremente para disponer de forma flexible diferentes platos, satisfaciendo las necesidades de uso de diversos escenarios, como reuniones familiares, buf\u00e9s y hoteles.<\/p>\n\n\n\n<p><strong>Opciones de doble material:<\/strong> Hay dos tipos de materiales para las fiambreras, acero inoxidable 304 y cer\u00e1mica de alta resistencia, que equilibran durabilidad y est\u00e9tica. Los usuarios pueden elegir libremente en funci\u00f3n de sus necesidades.<\/p>\n\n\n\n<p><strong>Sistema inteligente de control de la temperatura: <\/strong>Equipado con un panel de control inteligente con pantalla digital, la temperatura se puede ajustar libremente, el efecto de conservaci\u00f3n del calor es duradero y estable, lo que garantiza que no se pierda el sabor de los platos, y el funcionamiento es c\u00f3modo y f\u00e1cil de dominar.<\/p>\n\n\n\n<p><strong>Cubierta superior visual: <\/strong>El dise\u00f1o de la tapa de cristal templado transparente permite observar c\u00f3modamente los alimentos del interior sin necesidad de abrirla con frecuencia, lo que mantiene la temperatura de los alimentos y mejora la experiencia y eficacia del usuario.<\/p>\n\n\n\n<p><strong>F\u00e1cil de limpiar:<\/strong> El revestimiento interior liso y el dise\u00f1o de placa desmontable hacen que la limpieza sea m\u00e1s c\u00f3moda. El acero inoxidable 304 es resistente a la corrosi\u00f3n y al aceite. Incluso despu\u00e9s de un uso prolongado, permanece tan limpio como nuevo, salvaguardando la salud de cada comida.<\/p>\n<\/div>\n\n\n\n<div class=\"wp-block-column is-layout-flow wp-block-column-is-layout-flow\">\n<figure class=\"wp-block-image size-full\"><img decoding=\"async\" width=\"1000\" height=\"1000\" src=\"https:\/\/www.yongyukitchenware.com\/wp-content\/uploads\/2025\/09\/Custom-304-Chafing-Dishes-6.webp\" alt=\"Chafing Dishes El\u00e9ctricos de Acero Inoxidable 304 Personalizados\" class=\"wp-image-4957\" srcset=\"https:\/\/www.yongyukitchenware.com\/wp-content\/uploads\/2025\/09\/Custom-304-Chafing-Dishes-6.webp 1000w, https:\/\/www.yongyukitchenware.com\/wp-content\/uploads\/2025\/09\/Custom-304-Chafing-Dishes-6-300x300.webp 300w, https:\/\/www.yongyukitchenware.com\/wp-content\/uploads\/2025\/09\/Custom-304-Chafing-Dishes-6-150x150.webp 150w, https:\/\/www.yongyukitchenware.com\/wp-content\/uploads\/2025\/09\/Custom-304-Chafing-Dishes-6-768x768.webp 768w, https:\/\/www.yongyukitchenware.com\/wp-content\/uploads\/2025\/09\/Custom-304-Chafing-Dishes-6-12x12.webp 12w, https:\/\/www.yongyukitchenware.com\/wp-content\/uploads\/2025\/09\/Custom-304-Chafing-Dishes-6-600x600.webp 600w, https:\/\/www.yongyukitchenware.com\/wp-content\/uploads\/2025\/09\/Custom-304-Chafing-Dishes-6-100x100.webp 100w\" sizes=\"(max-width: 1000px) 100vw, 1000px\" \/><\/figure>\n<\/div>\n<\/div>","protected":false},"excerpt":{"rendered":"<p>Los calientaplatos el\u00e9ctricos de acero inoxidable 304 personalizados proporcionan un calentamiento eficiente y uniforme para su uso en buf\u00e9s y caterings. Fabricados en acero inoxidable de calidad alimentaria, garantizan un rendimiento duradero y una presentaci\u00f3n elegante para cualquier evento. No dude en consultarnos.<\/p>\n<h2><!-- wp:heading --><\/h2>\n<h2 class=\"wp-block-heading\">Atributos de los Chafing Dishes Electric:<\/h2>\n<h2><!-- \/wp:heading --><\/p>\n<p><!-- wp:paragraph --><\/h2>\n<p><strong>Material: <\/strong>Acero inoxidable<br \/><strong>Color: <\/strong>Plata<br \/><strong>Forma:<\/strong> Rectangular con tapa abatible<br \/><strong>Calor: <\/strong>Calefacci\u00f3n el\u00e9ctrica<br \/><strong>Chafer Pan: <\/strong>Rejilla individual\/doble\/triple<br \/><strong>OEM\/ODM: <\/strong>Disponible<\/p>\n<h2 class=\"wp-block-heading\">De Yongyu Chafing Dish Fabricante :<\/h2>\n<p>\u00a1Tanto si se trata de un proveedor de servicios de catering, hotel y restaurante, o empresa de planificaci\u00f3n de eventos, proporcionamos soluciones completas de platos para calentar al por mayor personalizados para ayudar a su negocio con precios de f\u00e1brica de alta calidad!<\/p>\n<h2><!-- \/wp:paragraph --><\/h2>","protected":false},"featured_media":4952,"comment_status":"closed","ping_status":"closed","template":"","meta":{"_acf_changed":false},"application":[30],"product_brand":[],"product_cat":[33],"product_tag":[],"class_list":{"0":"post-4951","1":"product","2":"type-product","3":"status-publish","4":"has-post-thumbnail","6":"application-hotel-catering","7":"product_cat-chafing-dishes-wholesale","9":"first","10":"instock","11":"shipping-taxable","12":"product-type-simple"},"acf":[],"_links":{"self":[{"href":"https:\/\/www.yongyukitchenware.com\/es\/wp-json\/wp\/v2\/product\/4951","targetHints":{"allow":["GET"]}}],"collection":[{"href":"https:\/\/www.yongyukitchenware.com\/es\/wp-json\/wp\/v2\/product"}],"about":[{"href":"https:\/\/www.yongyukitchenware.com\/es\/wp-json\/wp\/v2\/types\/product"}],"replies":[{"embeddable":true,"href":"https:\/\/www.yongyukitchenware.com\/es\/wp-json\/wp\/v2\/comments?post=4951"}],"wp:featuredmedia":[{"embeddable":true,"href":"https:\/\/www.yongyukitchenware.com\/es\/wp-json\/wp\/v2\/media\/4952"}],"wp:attachment":[{"href":"https:\/\/www.yongyukitchenware.com\/es\/wp-json\/wp\/v2\/media?parent=4951"}],"wp:term":[{"taxonomy":"application","embeddable":true,"href":"https:\/\/www.yongyukitchenware.com\/es\/wp-json\/wp\/v2\/application?post=4951"},{"taxonomy":"product_brand","embeddable":true,"href":"https:\/\/www.yongyukitchenware.com\/es\/wp-json\/wp\/v2\/product_brand?post=4951"},{"taxonomy":"product_cat","embeddable":true,"href":"https:\/\/www.yongyukitchenware.com\/es\/wp-json\/wp\/v2\/product_cat?post=4951"},{"taxonomy":"product_tag","embeddable":true,"href":"https:\/\/www.yongyukitchenware.com\/es\/wp-json\/wp\/v2\/product_tag?post=4951"}],"curies":[{"name":"wp","href":"https:\/\/api.w.org\/{rel}","templated":true}]}}