{"id":5007,"date":"2025-11-04T07:27:39","date_gmt":"2025-11-04T07:27:39","guid":{"rendered":"https:\/\/www.yongyukitchenware.com\/?post_type=product&#038;p=5007"},"modified":"2025-11-04T08:37:09","modified_gmt":"2025-11-04T08:37:09","slug":"custom-stainless-steel-square-basin-and-vegetable-fruit-colander-silver","status":"publish","type":"product","link":"https:\/\/www.yongyukitchenware.com\/es\/producto\/custom-stainless-steel-square-basin-and-vegetable-fruit-colander-silver\/","title":{"rendered":"Cubeta cuadrada de acero inoxidable a medida y escurridor de frutas y verduras-Plata"},"content":{"rendered":"<div class=\"wp-block-columns is-layout-flex wp-container-core-columns-is-layout-9d6595d7 wp-block-columns-is-layout-flex\">\n<div class=\"wp-block-column is-layout-flow wp-block-column-is-layout-flow\">\n<h2 class=\"wp-block-heading\">Lavabo cuadrado de acero inoxidable a medida Caracter\u00edsticas :<\/h2>\n\n\n\n<p><strong>Material de acero inoxidable de alta calidad: <\/strong>Fabricada en acero inoxidable de alta calidad, es duradera, resistente a la oxidaci\u00f3n y puede soportar un uso prolongado, lo que garantiza que se mantenga como nueva cada vez que se utilice.<br><strong>Dise\u00f1o de drenaje de alta eficiencia: <\/strong>Cada cubeta est\u00e1 equipada con un dise\u00f1o finamente perforado, que permite que el agua se evapore r\u00e1pidamente y le permite lavar verduras, frutas y escurrir fideos con mayor eficacia.<br><strong>M\u00faltiples opciones de tama\u00f1o:<\/strong> Disponibles en varios tama\u00f1os, de 20 a 36 cm, para satisfacer las distintas necesidades de la cocina. Tanto si se trata de peque\u00f1as porciones de ingredientes como de grandes porciones de comida, todas pueden manipularse con facilidad.<br><strong>Aspecto sencillo y moderno: <\/strong>El dise\u00f1o cuadrado y la superficie met\u00e1lica lisa confieren a cada escurridor una est\u00e9tica sencilla y moderna, que se integra perfectamente en cualquier estilo de decoraci\u00f3n de cocina.<br><strong>Limpieza c\u00f3moda: <\/strong>La superficie de acero inoxidable es f\u00e1cil de limpiar, resistente a las manchas y no absorbe f\u00e1cilmente la grasa, lo que permite lavarla f\u00e1cilmente despu\u00e9s de cada uso y mantener la limpieza y la higiene.<\/p>\n\n\n\n<figure class=\"wp-block-image size-full\"><img decoding=\"async\" width=\"800\" height=\"800\" src=\"https:\/\/www.yongyukitchenware.com\/wp-content\/uploads\/2025\/10\/Custom-Stainless-Steel-Square-Basin-10.webp\" alt=\"Lavabo cuadrado de acero inoxidable a medida-10\" class=\"wp-image-5017\" srcset=\"https:\/\/www.yongyukitchenware.com\/wp-content\/uploads\/2025\/10\/Custom-Stainless-Steel-Square-Basin-10.webp 800w, https:\/\/www.yongyukitchenware.com\/wp-content\/uploads\/2025\/10\/Custom-Stainless-Steel-Square-Basin-10-300x300.webp 300w, https:\/\/www.yongyukitchenware.com\/wp-content\/uploads\/2025\/10\/Custom-Stainless-Steel-Square-Basin-10-150x150.webp 150w, https:\/\/www.yongyukitchenware.com\/wp-content\/uploads\/2025\/10\/Custom-Stainless-Steel-Square-Basin-10-768x768.webp 768w, https:\/\/www.yongyukitchenware.com\/wp-content\/uploads\/2025\/10\/Custom-Stainless-Steel-Square-Basin-10-12x12.webp 12w, https:\/\/www.yongyukitchenware.com\/wp-content\/uploads\/2025\/10\/Custom-Stainless-Steel-Square-Basin-10-600x600.webp 600w, https:\/\/www.yongyukitchenware.com\/wp-content\/uploads\/2025\/10\/Custom-Stainless-Steel-Square-Basin-10-100x100.webp 100w\" sizes=\"(max-width: 800px) 100vw, 800px\" \/><\/figure>\n<\/div>\n\n\n\n<div class=\"wp-block-column is-layout-flow wp-block-column-is-layout-flow\">\n<div class=\"wp-block-columns is-layout-flex wp-container-core-columns-is-layout-9d6595d7 wp-block-columns-is-layout-flex\">\n<div class=\"wp-block-column is-layout-flow wp-block-column-is-layout-flow\">\n<figure class=\"wp-block-image size-full\"><img decoding=\"async\" width=\"800\" height=\"800\" src=\"https:\/\/www.yongyukitchenware.com\/wp-content\/uploads\/2025\/10\/Custom-Stainless-Steel-Square-Basin-12.webp\" alt=\"Lavabo cuadrado de acero inoxidable a medida-12\" class=\"wp-image-5019\" srcset=\"https:\/\/www.yongyukitchenware.com\/wp-content\/uploads\/2025\/10\/Custom-Stainless-Steel-Square-Basin-12.webp 800w, https:\/\/www.yongyukitchenware.com\/wp-content\/uploads\/2025\/10\/Custom-Stainless-Steel-Square-Basin-12-300x300.webp 300w, https:\/\/www.yongyukitchenware.com\/wp-content\/uploads\/2025\/10\/Custom-Stainless-Steel-Square-Basin-12-150x150.webp 150w, https:\/\/www.yongyukitchenware.com\/wp-content\/uploads\/2025\/10\/Custom-Stainless-Steel-Square-Basin-12-768x768.webp 768w, https:\/\/www.yongyukitchenware.com\/wp-content\/uploads\/2025\/10\/Custom-Stainless-Steel-Square-Basin-12-12x12.webp 12w, https:\/\/www.yongyukitchenware.com\/wp-content\/uploads\/2025\/10\/Custom-Stainless-Steel-Square-Basin-12-600x600.webp 600w, https:\/\/www.yongyukitchenware.com\/wp-content\/uploads\/2025\/10\/Custom-Stainless-Steel-Square-Basin-12-100x100.webp 100w\" sizes=\"(max-width: 800px) 100vw, 800px\" \/><\/figure>\n\n\n\n<h2 class=\"wp-block-heading\">Lavabo cuadrado de acero inoxidable a medida Tama\u00f1o:<\/h2>\n\n\n\n<figure class=\"wp-block-table\"><table class=\"has-fixed-layout\"><tbody><tr><td>Modelo<\/td><td>Talla<\/td><td>Peso (g)<\/td><td>MOQ<\/td><\/tr><tr><td rowspan=\"18\">DY040-TLP<\/td><td>20 cm<\/td><td>200<\/td><td rowspan=\"18\">200PCS<\/td><\/tr><tr><td>22 cm<\/td><td>245<\/td><\/tr><tr><td>24 cm<\/td><td>285<\/td><\/tr><tr><td>26 cm<\/td><td>328<\/td><\/tr><tr><td>28 cm<\/td><td>382<\/td><\/tr><tr><td>30 cm<\/td><td>470<\/td><\/tr><tr><td>32 cm<\/td><td>525<\/td><\/tr><tr><td>34 cm<\/td><td>624<\/td><\/tr><tr><td>36 cm<\/td><td>758<\/td><\/tr><tr><td>20 cm<\/td><td>193<\/td><\/tr><tr><td>22 cm<\/td><td>235<\/td><\/tr><tr><td>24 cm<\/td><td>270<\/td><\/tr><tr><td>26 cm<\/td><td>310<\/td><\/tr><tr><td>28 cm<\/td><td>370<\/td><\/tr><tr><td>30 cm<\/td><td>445<\/td><\/tr><tr><td>32 cm<\/td><td>500<\/td><\/tr><tr><td>34 cm<\/td><td>590<\/td><\/tr><tr><td>36 cm<\/td><td>718<\/td><\/tr><\/tbody><\/table><\/figure>\n<\/div>\n<\/div>\n\n\n\n<div class=\"wp-block-columns is-layout-flex wp-container-core-columns-is-layout-9d6595d7 wp-block-columns-is-layout-flex\">\n<div class=\"wp-block-column is-layout-flow wp-block-column-is-layout-flow\"><\/div>\n<\/div>\n<\/div>\n<\/div>","protected":false},"excerpt":{"rendered":"<p>Conjunto de lavabo cuadrado y escurridor de acero inoxidable, adecuado para limpiar, escurrir y preparar alimentos, manipulando f\u00e1cilmente verduras, frutas, arroz, pasta y otros ingredientes. Tanto si se trata de una cocina dom\u00e9stica como de una cocina comercial, es una elecci\u00f3n ideal, eficaz y fiable. Actualice su cocina y elija esta herramienta esencial. Es la elecci\u00f3n ideal para compras al por mayor. \u00a1P\u00f3ngase en contacto con nosotros inmediatamente para obtener el precio al por mayor!<\/p>\n<h2>Par\u00e1metro de lavabo cuadrado de acero inoxidable a medida :<\/h2>\n<p><strong>Material:<\/strong> acero inoxidable<br \/><strong>Incluye:<\/strong> un bol para mezclar y un colador<br \/><strong>Dise\u00f1o del cuenco:<\/strong> Dise\u00f1o cuadrado, material engrosado<br \/><strong>Especificaciones:<\/strong> 20-36 cm<br \/><strong>Embalaje:<\/strong> bolsa\/granel\/cart\u00f3n o personalizado<br \/><strong>OEM\/ODM:<\/strong> Disponible<\/p>\n<h2 class=\"wp-block-heading\">Del fabricante de utensilios de cocina Yongyu:<\/h2>\n<p>Yongyu es un fabricante profesional de utensilios de cocina, nuestros productos cubren todo tipo de utensilios de cocina de acero inoxidable y accesorios de cocina, proporcionando soluciones personalizadas con productos de alta calidad y precios de f\u00e1brica.<\/p>","protected":false},"featured_media":5008,"comment_status":"closed","ping_status":"closed","template":"","meta":{"_acf_changed":false},"application":[29],"product_brand":[],"product_cat":[23,35],"product_tag":[],"class_list":{"0":"post-5007","1":"product","2":"type-product","3":"status-publish","4":"has-post-thumbnail","6":"application-home-kitchen","7":"product_cat-kitchenware-wholesale","8":"product_cat-baking-trays-wholesale","10":"first","11":"instock","12":"shipping-taxable","13":"product-type-simple"},"acf":[],"_links":{"self":[{"href":"https:\/\/www.yongyukitchenware.com\/es\/wp-json\/wp\/v2\/product\/5007","targetHints":{"allow":["GET"]}}],"collection":[{"href":"https:\/\/www.yongyukitchenware.com\/es\/wp-json\/wp\/v2\/product"}],"about":[{"href":"https:\/\/www.yongyukitchenware.com\/es\/wp-json\/wp\/v2\/types\/product"}],"replies":[{"embeddable":true,"href":"https:\/\/www.yongyukitchenware.com\/es\/wp-json\/wp\/v2\/comments?post=5007"}],"wp:featuredmedia":[{"embeddable":true,"href":"https:\/\/www.yongyukitchenware.com\/es\/wp-json\/wp\/v2\/media\/5008"}],"wp:attachment":[{"href":"https:\/\/www.yongyukitchenware.com\/es\/wp-json\/wp\/v2\/media?parent=5007"}],"wp:term":[{"taxonomy":"application","embeddable":true,"href":"https:\/\/www.yongyukitchenware.com\/es\/wp-json\/wp\/v2\/application?post=5007"},{"taxonomy":"product_brand","embeddable":true,"href":"https:\/\/www.yongyukitchenware.com\/es\/wp-json\/wp\/v2\/product_brand?post=5007"},{"taxonomy":"product_cat","embeddable":true,"href":"https:\/\/www.yongyukitchenware.com\/es\/wp-json\/wp\/v2\/product_cat?post=5007"},{"taxonomy":"product_tag","embeddable":true,"href":"https:\/\/www.yongyukitchenware.com\/es\/wp-json\/wp\/v2\/product_tag?post=5007"}],"curies":[{"name":"wp","href":"https:\/\/api.w.org\/{rel}","templated":true}]}}