{"id":5069,"date":"2025-11-18T07:40:05","date_gmt":"2025-11-18T07:40:05","guid":{"rendered":"https:\/\/www.yongyukitchenware.com\/?post_type=product&#038;p=5069"},"modified":"2025-11-18T07:41:43","modified_gmt":"2025-11-18T07:41:43","slug":"wholesale-stainless-steel-large-round-tray-mirror-polished-serving-dish","status":"publish","type":"product","link":"https:\/\/www.yongyukitchenware.com\/es\/producto\/wholesale-stainless-steel-large-round-tray-mirror-polished-serving-dish\/","title":{"rendered":"Mayorista Bandeja Redonda de Acero Inoxidable Espejo Pulido Plato para Servir"},"content":{"rendered":"<div class=\"wp-block-columns is-layout-flex wp-container-core-columns-is-layout-9d6595d7 wp-block-columns-is-layout-flex\">\n<div class=\"wp-block-column is-layout-flow wp-block-column-is-layout-flow\">\n<h2 class=\"wp-block-heading\">Mayorista Bandeja redonda grande de acero inoxidable Tama\u00f1o:<\/h2>\n\n\n\n<figure class=\"wp-block-table\"><table class=\"has-fixed-layout\"><tbody><tr><td>Modelo<\/td><td>Talla<\/td><td>Peso<\/td><td>MOQ<\/td><\/tr><tr><td rowspan=\"3\">DY076-P<\/td><td>45 cm<\/td><td>500g<\/td><td rowspan=\"3\">100 UNIDADES<\/td><\/tr><tr><td>50 cm<\/td><td>730g<\/td><\/tr><tr><td>55 cm<\/td><td>950g<\/td><\/tr><\/tbody><\/table><\/figure>\n\n\n\n<h2 class=\"wp-block-heading\">Bandeja redonda grande de acero inoxidable al por mayor Caracter\u00edsticas:<\/h2>\n\n\n\n<p><strong>M\u00faltiples tama\u00f1os disponibles: <\/strong>Disponible en di\u00e1metros de 45 cm, 50 cm y 55 cm. Perfectos para grandes reuniones, banquetes, para sostener asados enteros, ensaladas grandes o platos variados.<br><strong>Acero inoxidable de calidad alimentaria: <\/strong>Fabricado en acero inoxidable de grado alimentario de alta calidad, seguro, duradero, resistente a la corrosi\u00f3n y f\u00e1cil de limpiar. Uso duradero sin deformaci\u00f3n<br><strong>Pulido a espejo y f\u00e1cil almacenamiento: <\/strong>Superficie pulida a espejo, elegante y resistente a las manchas. Dise\u00f1o apilable ahorra espacio de almacenamiento, conveniente para la organizaci\u00f3n de la cocina.<br><strong>Aplicaci\u00f3n multiescenario: <\/strong>Adecuada para cenas en casa, fiestas, restaurantes, buffets y picnics al aire libre. Una bandeja vers\u00e1til para diferentes ocasiones<\/p>\n<\/div>\n\n\n\n<div class=\"wp-block-column is-layout-flow wp-block-column-is-layout-flow\">\n<figure class=\"wp-block-image size-full\"><img decoding=\"async\" width=\"1500\" height=\"1500\" src=\"https:\/\/www.yongyukitchenware.com\/wp-content\/uploads\/2025\/11\/Wholesale-Stainless-Steel-Large-Round-Tray-6.webp\" alt=\"Mayorista-Acero inoxidable-Bandeja redonda grande-6\" class=\"wp-image-5075\" style=\"object-fit:cover\" srcset=\"https:\/\/www.yongyukitchenware.com\/wp-content\/uploads\/2025\/11\/Wholesale-Stainless-Steel-Large-Round-Tray-6.webp 1500w, https:\/\/www.yongyukitchenware.com\/wp-content\/uploads\/2025\/11\/Wholesale-Stainless-Steel-Large-Round-Tray-6-300x300.webp 300w, https:\/\/www.yongyukitchenware.com\/wp-content\/uploads\/2025\/11\/Wholesale-Stainless-Steel-Large-Round-Tray-6-150x150.webp 150w, https:\/\/www.yongyukitchenware.com\/wp-content\/uploads\/2025\/11\/Wholesale-Stainless-Steel-Large-Round-Tray-6-768x768.webp 768w, https:\/\/www.yongyukitchenware.com\/wp-content\/uploads\/2025\/11\/Wholesale-Stainless-Steel-Large-Round-Tray-6-12x12.webp 12w, https:\/\/www.yongyukitchenware.com\/wp-content\/uploads\/2025\/11\/Wholesale-Stainless-Steel-Large-Round-Tray-6-1200x1200.webp 1200w, https:\/\/www.yongyukitchenware.com\/wp-content\/uploads\/2025\/11\/Wholesale-Stainless-Steel-Large-Round-Tray-6-600x600.webp 600w, https:\/\/www.yongyukitchenware.com\/wp-content\/uploads\/2025\/11\/Wholesale-Stainless-Steel-Large-Round-Tray-6-100x100.webp 100w\" sizes=\"(max-width: 1500px) 100vw, 1500px\" \/><\/figure>\n<\/div>\n<\/div>","protected":false},"excerpt":{"rendered":"<div class=\"n4sEPd\">\n<div class=\"UdTY9 qhIQqf leDWne\" aria-hidden=\"true\" data-location=\"1\">La bandeja redonda grande de acero inoxidable, disponible en di\u00e1metros de 45\/50\/55 cm, est\u00e1 fabricada en acero inoxidable apto para uso alimentario con acabado pulido espejo. Es duradera, f\u00e1cil de limpiar y apilable para guardarla c\u00f3modamente. Ideal para comidas familiares, banquetes, restaurantes y actividades al aire libre, es una opci\u00f3n vers\u00e1til y elegante para todas sus necesidades de servicio.<\/div>\n<\/div>\n<h2 style=\"text-align: left\">Bandeja redonda grande de acero inoxidable al por mayor:<\/h2>\n<p style=\"text-align: left\"><strong>Material:<\/strong> Acero inoxidable<br \/><strong>Longitud:<\/strong>45\/50\/55 cm<br \/><strong>Forma:<\/strong> Redondo<br \/><strong>Embalaje:<\/strong> Bolsa OPP y cart\u00f3n<br \/><strong>OEM\/ODM:<\/strong> Disponible<\/p>\n<h2 class=\"wp-block-heading\">Del mayorista de vajillas Yongyu:<\/h2>\n<p>Yongyu Tableware Wholesaler puede satisfacer las necesidades de los clientes al por mayor y proporcionar una serie de suministros de catering al por mayor de alta calidad que combina elegancia y durabilidad. Incluyendo vajilla, vajilla de bebidas, equipos de catering, utensilios de cocina, elementos esenciales de cocina de campamento, etc.<\/p>","protected":false},"featured_media":5070,"comment_status":"closed","ping_status":"closed","template":"","meta":{"_acf_changed":false},"application":[29],"product_brand":[],"product_cat":[21,46],"product_tag":[],"class_list":{"0":"post-5069","1":"product","2":"type-product","3":"status-publish","4":"has-post-thumbnail","6":"application-home-kitchen","7":"product_cat-tableware-wholesale","8":"product_cat-stainless-steel-dinner-plates-wholesale","10":"first","11":"instock","12":"shipping-taxable","13":"product-type-simple"},"acf":[],"_links":{"self":[{"href":"https:\/\/www.yongyukitchenware.com\/es\/wp-json\/wp\/v2\/product\/5069","targetHints":{"allow":["GET"]}}],"collection":[{"href":"https:\/\/www.yongyukitchenware.com\/es\/wp-json\/wp\/v2\/product"}],"about":[{"href":"https:\/\/www.yongyukitchenware.com\/es\/wp-json\/wp\/v2\/types\/product"}],"replies":[{"embeddable":true,"href":"https:\/\/www.yongyukitchenware.com\/es\/wp-json\/wp\/v2\/comments?post=5069"}],"wp:featuredmedia":[{"embeddable":true,"href":"https:\/\/www.yongyukitchenware.com\/es\/wp-json\/wp\/v2\/media\/5070"}],"wp:attachment":[{"href":"https:\/\/www.yongyukitchenware.com\/es\/wp-json\/wp\/v2\/media?parent=5069"}],"wp:term":[{"taxonomy":"application","embeddable":true,"href":"https:\/\/www.yongyukitchenware.com\/es\/wp-json\/wp\/v2\/application?post=5069"},{"taxonomy":"product_brand","embeddable":true,"href":"https:\/\/www.yongyukitchenware.com\/es\/wp-json\/wp\/v2\/product_brand?post=5069"},{"taxonomy":"product_cat","embeddable":true,"href":"https:\/\/www.yongyukitchenware.com\/es\/wp-json\/wp\/v2\/product_cat?post=5069"},{"taxonomy":"product_tag","embeddable":true,"href":"https:\/\/www.yongyukitchenware.com\/es\/wp-json\/wp\/v2\/product_tag?post=5069"}],"curies":[{"name":"wp","href":"https:\/\/api.w.org\/{rel}","templated":true}]}}