{"id":5109,"date":"2026-02-28T06:24:39","date_gmt":"2026-02-28T06:24:39","guid":{"rendered":"https:\/\/www.yongyukitchenware.com\/?post_type=product&#038;p=5109"},"modified":"2026-03-02T07:30:23","modified_gmt":"2026-03-02T07:30:23","slug":"wholesale-deep-baking-tray-stainless-steel-rectangular-serving-plate","status":"publish","type":"product","link":"https:\/\/www.yongyukitchenware.com\/es\/producto\/wholesale-deep-baking-tray-stainless-steel-rectangular-serving-plate\/","title":{"rendered":"Venta al Mayor Bandeja Honda Acero Inoxidable Rectangular Plato para Servir"},"content":{"rendered":"<div class=\"wp-block-columns is-layout-flex wp-container-core-columns-is-layout-9d6595d7 wp-block-columns-is-layout-flex\">\n<div class=\"wp-block-column is-layout-flow wp-block-column-is-layout-flow\">\n<h2 class=\"wp-block-heading\">Mayorista Bandeja Honda Tama\u00f1o:<\/h2>\n\n\n\n<figure class=\"wp-block-table\"><table class=\"has-fixed-layout\"><tbody><tr><td>Modelo<\/td><td>Talla<\/td><td>Peso<\/td><td>MOQ<\/td><\/tr><tr><td rowspan=\"3\">DY077-P<\/td><td>36X18X5,5CM<\/td><td>200g<\/td><td rowspan=\"3\">120 UNIDADES<\/td><\/tr><tr><td>43X23X6CM<\/td><td>245g<\/td><\/tr><tr><td>52X27X7.5CM<\/td><td>285g<\/td><\/tr><\/tbody><\/table><\/figure>\n\n\n\n<h2 class=\"wp-block-heading\">Venta al Mayor Bandeja Honda Caracter\u00edsticas:<\/h2>\n\n\n\n<p><strong>Acero inoxidable de primera calidad: <\/strong>Fabricado en acero inoxidable de alta calidad apto para uso alimentario, lo que garantiza su solidez, longevidad y resistencia a la oxidaci\u00f3n y la corrosi\u00f3n.<\/p>\n\n\n\n<p><strong>Uso vers\u00e1til:<\/strong> Ideal para hornear, asar, cocinar a la parrilla e incluso servir; perfecto para cocinar tanto en interiores como en exteriores.<\/p>\n\n\n\n<p><strong>Dise\u00f1o profundo: <\/strong>Los laterales m\u00e1s profundos evitan los derrames y mantienen los alimentos contenidos, por lo que es perfecta para cocinar grandes cantidades o platos con l\u00edquidos.<\/p>\n\n\n\n<p><strong>Elegante y moderno:<\/strong> Disponibles en elegantes acabados dorado y plateado, estas sartenes a\u00f1aden un toque de sofisticaci\u00f3n a su cocina y mesa de comedor.<\/p>\n\n\n\n<p><strong>F\u00e1cil de limpiar:<\/strong> La superficie antiadherente y el acabado liso facilitan la limpieza, ahorr\u00e1ndole tiempo y esfuerzo despu\u00e9s de cada comida.<\/p>\n<\/div>\n\n\n\n<div class=\"wp-block-column is-layout-flow wp-block-column-is-layout-flow\">\n<figure class=\"wp-block-image size-full\"><img decoding=\"async\" width=\"800\" height=\"800\" src=\"https:\/\/www.yongyukitchenware.com\/wp-content\/uploads\/2026\/02\/Wholesale-Deep-Baking-Tray-7.webp\" alt=\"Mayorista-Bandejas de horno-7\" class=\"wp-image-5116\" style=\"object-fit:cover\" srcset=\"https:\/\/www.yongyukitchenware.com\/wp-content\/uploads\/2026\/02\/Wholesale-Deep-Baking-Tray-7.webp 800w, https:\/\/www.yongyukitchenware.com\/wp-content\/uploads\/2026\/02\/Wholesale-Deep-Baking-Tray-7-300x300.webp 300w, https:\/\/www.yongyukitchenware.com\/wp-content\/uploads\/2026\/02\/Wholesale-Deep-Baking-Tray-7-150x150.webp 150w, https:\/\/www.yongyukitchenware.com\/wp-content\/uploads\/2026\/02\/Wholesale-Deep-Baking-Tray-7-768x768.webp 768w, https:\/\/www.yongyukitchenware.com\/wp-content\/uploads\/2026\/02\/Wholesale-Deep-Baking-Tray-7-12x12.webp 12w, https:\/\/www.yongyukitchenware.com\/wp-content\/uploads\/2026\/02\/Wholesale-Deep-Baking-Tray-7-600x600.webp 600w, https:\/\/www.yongyukitchenware.com\/wp-content\/uploads\/2026\/02\/Wholesale-Deep-Baking-Tray-7-100x100.webp 100w\" sizes=\"(max-width: 800px) 100vw, 800px\" \/><\/figure>\n\n\n\n<figure class=\"wp-block-image size-full\"><img decoding=\"async\" width=\"800\" height=\"800\" src=\"https:\/\/www.yongyukitchenware.com\/wp-content\/uploads\/2026\/02\/Wholesale-Deep-Baking-Tray-5.webp\" alt=\"Mayorista-Bandejas de horno-5\" class=\"wp-image-5114\" srcset=\"https:\/\/www.yongyukitchenware.com\/wp-content\/uploads\/2026\/02\/Wholesale-Deep-Baking-Tray-5.webp 800w, https:\/\/www.yongyukitchenware.com\/wp-content\/uploads\/2026\/02\/Wholesale-Deep-Baking-Tray-5-300x300.webp 300w, https:\/\/www.yongyukitchenware.com\/wp-content\/uploads\/2026\/02\/Wholesale-Deep-Baking-Tray-5-150x150.webp 150w, https:\/\/www.yongyukitchenware.com\/wp-content\/uploads\/2026\/02\/Wholesale-Deep-Baking-Tray-5-768x768.webp 768w, https:\/\/www.yongyukitchenware.com\/wp-content\/uploads\/2026\/02\/Wholesale-Deep-Baking-Tray-5-12x12.webp 12w, https:\/\/www.yongyukitchenware.com\/wp-content\/uploads\/2026\/02\/Wholesale-Deep-Baking-Tray-5-600x600.webp 600w, https:\/\/www.yongyukitchenware.com\/wp-content\/uploads\/2026\/02\/Wholesale-Deep-Baking-Tray-5-100x100.webp 100w\" sizes=\"(max-width: 800px) 100vw, 800px\" \/><\/figure>\n<\/div>\n<\/div>\n\n\n\n<p><\/p>","protected":false},"excerpt":{"rendered":"<div class=\"n4sEPd\">\n<div class=\"UdTY9 qhIQqf leDWne\" aria-hidden=\"true\" data-location=\"1\">\n<div class=\"n4sEPd\">\n<div class=\"UdTY9 qhIQqf leDWne\" aria-hidden=\"true\" data-location=\"1\">Esta bandeja honda de acero inoxidable est\u00e1 fabricada en acero inoxidable de alta calidad, lo que garantiza su durabilidad, alta resistencia al calor y f\u00e1cil limpieza. Disponible en dorado y plateado, con tres tama\u00f1os (Peque\u00f1o: 36x18x5,5cm, Mediano: 43x23x6cm, Grande: 52x27x7,5cm) para adaptarse a diversas necesidades. El dise\u00f1o profundo evita que se derrame la comida, perfecto para reuniones familiares, hornear y asar al aire libre. Tanto para cocinar a diario como para ocasiones especiales, ofrece una gran experiencia culinaria.<\/div>\n<\/div>\n<h2 style=\"text-align: left\">Mayorista Bandeja Honda para Hornear:<\/h2>\n<p style=\"text-align: left\"><strong>Material:<\/strong> Acero inoxidable<br \/><strong>Longitud:<\/strong>36\/43\/52 cm<br \/><strong>Forma:<\/strong> Rect\u00e1ngulo<br \/><strong>Embalaje:<\/strong> Bolsa OPP y cart\u00f3n<br \/><strong>OEM\/ODM:<\/strong> Disponible<\/p>\n<h2 class=\"wp-block-heading\">Del mayorista de vajillas Yongyu:<\/h2>\n<p>Yongyu Tableware Wholesaler puede satisfacer las necesidades de los clientes al por mayor y proporcionar una serie de suministros de catering al por mayor de alta calidad que combina elegancia y durabilidad. Incluyendo vajilla, vajilla de bebidas, equipos de catering, utensilios de cocina, elementos esenciales de cocina de campamento, etc.<\/p>\n<\/div>\n<\/div>","protected":false},"featured_media":5110,"comment_status":"closed","ping_status":"closed","template":"","meta":{"_acf_changed":false},"application":[29],"product_brand":[],"product_cat":[21,46],"product_tag":[],"class_list":{"0":"post-5109","1":"product","2":"type-product","3":"status-publish","4":"has-post-thumbnail","6":"application-home-kitchen","7":"product_cat-tableware-wholesale","8":"product_cat-stainless-steel-dinner-plates-wholesale","10":"first","11":"instock","12":"shipping-taxable","13":"product-type-simple"},"acf":[],"_links":{"self":[{"href":"https:\/\/www.yongyukitchenware.com\/es\/wp-json\/wp\/v2\/product\/5109","targetHints":{"allow":["GET"]}}],"collection":[{"href":"https:\/\/www.yongyukitchenware.com\/es\/wp-json\/wp\/v2\/product"}],"about":[{"href":"https:\/\/www.yongyukitchenware.com\/es\/wp-json\/wp\/v2\/types\/product"}],"replies":[{"embeddable":true,"href":"https:\/\/www.yongyukitchenware.com\/es\/wp-json\/wp\/v2\/comments?post=5109"}],"wp:featuredmedia":[{"embeddable":true,"href":"https:\/\/www.yongyukitchenware.com\/es\/wp-json\/wp\/v2\/media\/5110"}],"wp:attachment":[{"href":"https:\/\/www.yongyukitchenware.com\/es\/wp-json\/wp\/v2\/media?parent=5109"}],"wp:term":[{"taxonomy":"application","embeddable":true,"href":"https:\/\/www.yongyukitchenware.com\/es\/wp-json\/wp\/v2\/application?post=5109"},{"taxonomy":"product_brand","embeddable":true,"href":"https:\/\/www.yongyukitchenware.com\/es\/wp-json\/wp\/v2\/product_brand?post=5109"},{"taxonomy":"product_cat","embeddable":true,"href":"https:\/\/www.yongyukitchenware.com\/es\/wp-json\/wp\/v2\/product_cat?post=5109"},{"taxonomy":"product_tag","embeddable":true,"href":"https:\/\/www.yongyukitchenware.com\/es\/wp-json\/wp\/v2\/product_tag?post=5109"}],"curies":[{"name":"wp","href":"https:\/\/api.w.org\/{rel}","templated":true}]}}