{"id":5120,"date":"2026-02-28T06:41:54","date_gmt":"2026-02-28T06:41:54","guid":{"rendered":"https:\/\/www.yongyukitchenware.com\/?post_type=product&#038;p=5120"},"modified":"2026-03-03T07:24:12","modified_gmt":"2026-03-03T07:24:12","slug":"wholesale-stainless-steel-serving-tray-with-double-handle","status":"publish","type":"product","link":"https:\/\/www.yongyukitchenware.com\/es\/producto\/wholesale-stainless-steel-serving-tray-with-double-handle\/","title":{"rendered":"Mayorista Bandeja de acero inoxidable con doble asa"},"content":{"rendered":"<div class=\"wp-block-columns is-layout-flex wp-container-core-columns-is-layout-9d6595d7 wp-block-columns-is-layout-flex\">\n<div class=\"wp-block-column is-layout-flow wp-block-column-is-layout-flow\">\n<h2 class=\"wp-block-heading\">Mayorista Bandeja para Servir con Doble Asa Tama\u00f1o:<\/h2>\n\n\n\n<figure class=\"wp-block-table\"><table class=\"has-fixed-layout\"><tbody><tr><td>Modelo<\/td><td>Talla<\/td><td>Peso<\/td><td>MOQ<\/td><\/tr><tr><td rowspan=\"3\">DY078-P<\/td><td>1,5X19,3CM<\/td><td>605g<\/td><td rowspan=\"3\">120 UNIDADES<\/td><\/tr><tr><td>1,5X23,3CM<\/td><td>925g<\/td><\/tr><tr><td>1,5X27,3CM<\/td><td>1355g<\/td><\/tr><\/tbody><\/table><\/figure>\n\n\n\n<h2 class=\"wp-block-heading\">Bandeja para servir al por mayor con doble asa Caracter\u00edsticas:<\/h2>\n\n\n\n<p><strong>Acero inoxidable duradero: <\/strong>Fabricadas en acero inoxidable de alta calidad, estas placas son resistentes al \u00f3xido, la corrosi\u00f3n y el desgaste, lo que garantiza un uso duradero.<\/p>\n\n\n\n<p><strong>C\u00f3modas asas dobles:<\/strong> Las asas dobles ergon\u00f3micas proporcionan un agarre seguro y c\u00f3modo, facilitando el transporte y el servicio de alimentos sin derrames.<\/p>\n\n\n\n<p><strong>Elegantes opciones de color:<\/strong> Elija entre un elegante acabado dorado o plateado para a\u00f1adir un toque de sofisticaci\u00f3n a cualquier comedor.<\/p>\n\n\n\n<p><strong>Tama\u00f1os vers\u00e1tiles:<\/strong> Disponible en tres tama\u00f1os (Peque\u00f1o: 19,3 cm, Mediano: 23,3 cm, Grande: 27,3 cm), perfecto para servir desde aperitivos hasta platos principales.<\/p>\n\n\n\n<p><strong>F\u00e1cil de limpiar:<\/strong> La superficie lisa y no porosa garantiza una limpieza sin esfuerzo, ahorrando tiempo y esfuerzo despu\u00e9s de cada uso.<\/p>\n<\/div>\n\n\n\n<div class=\"wp-block-column is-layout-flow wp-block-column-is-layout-flow\">\n<figure class=\"wp-block-image size-full\"><img decoding=\"async\" width=\"800\" height=\"800\" src=\"https:\/\/www.yongyukitchenware.com\/wp-content\/uploads\/2026\/02\/Wholesale-Serving-Tray-with-Double-Handle-5.webp\" alt=\"Bandeja para servir al por mayor con doble asa-5\" class=\"wp-image-5125\" srcset=\"https:\/\/www.yongyukitchenware.com\/wp-content\/uploads\/2026\/02\/Wholesale-Serving-Tray-with-Double-Handle-5.webp 800w, https:\/\/www.yongyukitchenware.com\/wp-content\/uploads\/2026\/02\/Wholesale-Serving-Tray-with-Double-Handle-5-300x300.webp 300w, https:\/\/www.yongyukitchenware.com\/wp-content\/uploads\/2026\/02\/Wholesale-Serving-Tray-with-Double-Handle-5-150x150.webp 150w, https:\/\/www.yongyukitchenware.com\/wp-content\/uploads\/2026\/02\/Wholesale-Serving-Tray-with-Double-Handle-5-768x768.webp 768w, https:\/\/www.yongyukitchenware.com\/wp-content\/uploads\/2026\/02\/Wholesale-Serving-Tray-with-Double-Handle-5-12x12.webp 12w, https:\/\/www.yongyukitchenware.com\/wp-content\/uploads\/2026\/02\/Wholesale-Serving-Tray-with-Double-Handle-5-600x600.webp 600w, https:\/\/www.yongyukitchenware.com\/wp-content\/uploads\/2026\/02\/Wholesale-Serving-Tray-with-Double-Handle-5-100x100.webp 100w\" sizes=\"(max-width: 800px) 100vw, 800px\" \/><\/figure>\n\n\n\n<figure class=\"wp-block-image size-full\"><img decoding=\"async\" width=\"800\" height=\"800\" src=\"https:\/\/www.yongyukitchenware.com\/wp-content\/uploads\/2026\/02\/Wholesale-Serving-Tray-with-Double-Handle-6.webp\" alt=\"Bandeja para servir al por mayor con doble asa-6\" class=\"wp-image-5126\" srcset=\"https:\/\/www.yongyukitchenware.com\/wp-content\/uploads\/2026\/02\/Wholesale-Serving-Tray-with-Double-Handle-6.webp 800w, https:\/\/www.yongyukitchenware.com\/wp-content\/uploads\/2026\/02\/Wholesale-Serving-Tray-with-Double-Handle-6-300x300.webp 300w, https:\/\/www.yongyukitchenware.com\/wp-content\/uploads\/2026\/02\/Wholesale-Serving-Tray-with-Double-Handle-6-150x150.webp 150w, https:\/\/www.yongyukitchenware.com\/wp-content\/uploads\/2026\/02\/Wholesale-Serving-Tray-with-Double-Handle-6-768x768.webp 768w, https:\/\/www.yongyukitchenware.com\/wp-content\/uploads\/2026\/02\/Wholesale-Serving-Tray-with-Double-Handle-6-12x12.webp 12w, https:\/\/www.yongyukitchenware.com\/wp-content\/uploads\/2026\/02\/Wholesale-Serving-Tray-with-Double-Handle-6-600x600.webp 600w, https:\/\/www.yongyukitchenware.com\/wp-content\/uploads\/2026\/02\/Wholesale-Serving-Tray-with-Double-Handle-6-100x100.webp 100w\" sizes=\"(max-width: 800px) 100vw, 800px\" \/><\/figure>\n<\/div>\n<\/div>","protected":false},"excerpt":{"rendered":"<div class=\"n4sEPd\">\n<div class=\"UdTY9 qhIQqf leDWne\" aria-hidden=\"true\" data-location=\"1\">\n<div class=\"n4sEPd\">\n<div class=\"UdTY9 qhIQqf leDWne\" aria-hidden=\"true\" data-location=\"1\">Este plato redondo de acero inoxidable con doble asa, disponible en dorado y plateado con tres tama\u00f1os (Peque\u00f1o: 19,3 cm, Mediano: 23,3 cm, Grande: 27,3 cm), es duradero, resistente al calor, f\u00e1cil de limpiar y perfecto para diversas necesidades culinarias, ofreciendo tanto estilo como funcionalidad para reuniones en casa o restaurantes.<\/div>\n<\/div>\n<h2 style=\"text-align: left\">Bandeja para servir al por mayor con doble asa:<\/h2>\n<p style=\"text-align: left\"><strong>Material:<\/strong> Acero inoxidable<br \/><strong>Longitud:<\/strong>19,3\/23,3\/27,3 cm<br \/><strong>Forma:<\/strong> Redondo<br \/><strong>Embalaje:<\/strong> Bolsa OPP y cart\u00f3n<br \/><strong>OEM\/ODM:<\/strong> Disponible<\/p>\n<h2 class=\"wp-block-heading\">Del mayorista de vajillas Yongyu:<\/h2>\n<p>Yongyu Tableware Wholesaler puede satisfacer las necesidades de los clientes al por mayor y proporcionar una serie de suministros de catering al por mayor de alta calidad que combina elegancia y durabilidad. Incluyendo vajilla, vajilla de bebidas, equipos de catering, utensilios de cocina, elementos esenciales de cocina de campamento, etc.<\/p>\n<\/div>\n<\/div>","protected":false},"featured_media":5121,"comment_status":"closed","ping_status":"closed","template":"","meta":{"_acf_changed":true},"application":[29],"product_brand":[],"product_cat":[21,46],"product_tag":[],"class_list":{"0":"post-5120","1":"product","2":"type-product","3":"status-publish","4":"has-post-thumbnail","6":"application-home-kitchen","7":"product_cat-tableware-wholesale","8":"product_cat-stainless-steel-dinner-plates-wholesale","10":"first","11":"instock","12":"shipping-taxable","13":"product-type-simple"},"acf":[],"_links":{"self":[{"href":"https:\/\/www.yongyukitchenware.com\/es\/wp-json\/wp\/v2\/product\/5120","targetHints":{"allow":["GET"]}}],"collection":[{"href":"https:\/\/www.yongyukitchenware.com\/es\/wp-json\/wp\/v2\/product"}],"about":[{"href":"https:\/\/www.yongyukitchenware.com\/es\/wp-json\/wp\/v2\/types\/product"}],"replies":[{"embeddable":true,"href":"https:\/\/www.yongyukitchenware.com\/es\/wp-json\/wp\/v2\/comments?post=5120"}],"wp:featuredmedia":[{"embeddable":true,"href":"https:\/\/www.yongyukitchenware.com\/es\/wp-json\/wp\/v2\/media\/5121"}],"wp:attachment":[{"href":"https:\/\/www.yongyukitchenware.com\/es\/wp-json\/wp\/v2\/media?parent=5120"}],"wp:term":[{"taxonomy":"application","embeddable":true,"href":"https:\/\/www.yongyukitchenware.com\/es\/wp-json\/wp\/v2\/application?post=5120"},{"taxonomy":"product_brand","embeddable":true,"href":"https:\/\/www.yongyukitchenware.com\/es\/wp-json\/wp\/v2\/product_brand?post=5120"},{"taxonomy":"product_cat","embeddable":true,"href":"https:\/\/www.yongyukitchenware.com\/es\/wp-json\/wp\/v2\/product_cat?post=5120"},{"taxonomy":"product_tag","embeddable":true,"href":"https:\/\/www.yongyukitchenware.com\/es\/wp-json\/wp\/v2\/product_tag?post=5120"}],"curies":[{"name":"wp","href":"https:\/\/api.w.org\/{rel}","templated":true}]}}