{"id":5132,"date":"2026-03-02T07:35:27","date_gmt":"2026-03-02T07:35:27","guid":{"rendered":"https:\/\/www.yongyukitchenware.com\/?post_type=product&#038;p=5132"},"modified":"2026-03-02T07:36:05","modified_gmt":"2026-03-02T07:36:05","slug":"bulk-stainless-steel-oval-bowl-salad-noodle-fried-chicken-serving-pan-silver","status":"publish","type":"product","link":"https:\/\/www.yongyukitchenware.com\/es\/producto\/bulk-stainless-steel-oval-bowl-salad-noodle-fried-chicken-serving-pan-silver\/","title":{"rendered":"Recipiente ovalado de acero inoxidable para ensalada, fideos, pollo frito, plata"},"content":{"rendered":"<div class=\"wp-block-columns is-layout-flex wp-container-core-columns-is-layout-9d6595d7 wp-block-columns-is-layout-flex\">\n<div class=\"wp-block-column is-layout-flow wp-block-column-is-layout-flow\">\n<h2 class=\"wp-block-heading\">Taz\u00f3n ovalado de acero inoxidable a granel Tama\u00f1o:<\/h2>\n\n\n\n<figure class=\"wp-block-table\"><table class=\"has-fixed-layout\"><tbody><tr><td>Modelo<\/td><td>Talla<\/td><td>Peso<\/td><td>MOQ<\/td><\/tr><tr><td rowspan=\"3\">DY079-P<\/td><td>21x15x5CM<\/td><td>255g<\/td><td rowspan=\"3\">120 UNIDADES<\/td><\/tr><tr><td>24,5x18x5,5CM<\/td><td>370g<\/td><\/tr><tr><td>29\u00d720,5x7CM<\/td><td>535g<\/td><\/tr><\/tbody><\/table><\/figure>\n\n\n\n<h2 class=\"wp-block-heading\">Bol ovalado de acero inoxidable a granel Caracter\u00edsticas:<\/h2>\n\n\n\n<p><strong>Acero inoxidable de primera calidad:<\/strong> Fabricado en acero inoxidable de alta calidad, este plato ovalado es duradero, resistente al \u00f3xido y duradero.<\/p>\n\n\n\n<p><strong>Asas dobles ergon\u00f3micas:<\/strong> El dise\u00f1o de doble asa proporciona un agarre seguro y c\u00f3modo, facilitando el transporte y el servicio de alimentos sin derrames.<\/p>\n\n\n\n<p><strong>Elegantes opciones de acabado: <\/strong>Disponibles en dorado y plateado, estos elegantes colores a\u00f1aden un toque de sofisticaci\u00f3n a cualquier cena o ambiente de cocina.<\/p>\n\n\n\n<p><strong>Opciones de tama\u00f1o vers\u00e1tiles:<\/strong> Con tres tama\u00f1os diferentes (Peque\u00f1o: 21x15x5cm, Mediano: 24,5x18x5,5cm, Grande: 29\u00d720,5x7cm), este plato es perfecto para una gran variedad de necesidades culinarias y de servicio.<\/p>\n\n\n\n<p><strong>F\u00e1cil de limpiar: <\/strong>La superficie lisa y no porosa garantiza una limpieza sin esfuerzo, por lo que resulta pr\u00e1ctica para el uso diario y la limpieza r\u00e1pida despu\u00e9s de comer.<\/p>\n<\/div>\n\n\n\n<div class=\"wp-block-column is-layout-flow wp-block-column-is-layout-flow\">\n<figure class=\"wp-block-image size-full\"><img decoding=\"async\" width=\"800\" height=\"800\" src=\"https:\/\/www.yongyukitchenware.com\/wp-content\/uploads\/2026\/03\/Bulk-Stainless-Steel-Oval-Bowl-4.webp\" alt=\"Granel-Acero inoxidable-Bowl oval-4\" class=\"wp-image-5136\" srcset=\"https:\/\/www.yongyukitchenware.com\/wp-content\/uploads\/2026\/03\/Bulk-Stainless-Steel-Oval-Bowl-4.webp 800w, https:\/\/www.yongyukitchenware.com\/wp-content\/uploads\/2026\/03\/Bulk-Stainless-Steel-Oval-Bowl-4-300x300.webp 300w, https:\/\/www.yongyukitchenware.com\/wp-content\/uploads\/2026\/03\/Bulk-Stainless-Steel-Oval-Bowl-4-150x150.webp 150w, https:\/\/www.yongyukitchenware.com\/wp-content\/uploads\/2026\/03\/Bulk-Stainless-Steel-Oval-Bowl-4-768x768.webp 768w, https:\/\/www.yongyukitchenware.com\/wp-content\/uploads\/2026\/03\/Bulk-Stainless-Steel-Oval-Bowl-4-12x12.webp 12w, https:\/\/www.yongyukitchenware.com\/wp-content\/uploads\/2026\/03\/Bulk-Stainless-Steel-Oval-Bowl-4-600x600.webp 600w, https:\/\/www.yongyukitchenware.com\/wp-content\/uploads\/2026\/03\/Bulk-Stainless-Steel-Oval-Bowl-4-100x100.webp 100w\" sizes=\"(max-width: 800px) 100vw, 800px\" \/><\/figure>\n\n\n\n<figure class=\"wp-block-image size-full\"><img decoding=\"async\" width=\"800\" height=\"800\" src=\"https:\/\/www.yongyukitchenware.com\/wp-content\/uploads\/2026\/03\/Bulk-Stainless-Steel-Oval-Bowl-9.webp\" alt=\"Granel-Acero inoxidable-Bowl oval-9\" class=\"wp-image-5141\" srcset=\"https:\/\/www.yongyukitchenware.com\/wp-content\/uploads\/2026\/03\/Bulk-Stainless-Steel-Oval-Bowl-9.webp 800w, https:\/\/www.yongyukitchenware.com\/wp-content\/uploads\/2026\/03\/Bulk-Stainless-Steel-Oval-Bowl-9-300x300.webp 300w, https:\/\/www.yongyukitchenware.com\/wp-content\/uploads\/2026\/03\/Bulk-Stainless-Steel-Oval-Bowl-9-150x150.webp 150w, https:\/\/www.yongyukitchenware.com\/wp-content\/uploads\/2026\/03\/Bulk-Stainless-Steel-Oval-Bowl-9-768x768.webp 768w, https:\/\/www.yongyukitchenware.com\/wp-content\/uploads\/2026\/03\/Bulk-Stainless-Steel-Oval-Bowl-9-12x12.webp 12w, https:\/\/www.yongyukitchenware.com\/wp-content\/uploads\/2026\/03\/Bulk-Stainless-Steel-Oval-Bowl-9-600x600.webp 600w, https:\/\/www.yongyukitchenware.com\/wp-content\/uploads\/2026\/03\/Bulk-Stainless-Steel-Oval-Bowl-9-100x100.webp 100w\" sizes=\"(max-width: 800px) 100vw, 800px\" \/><\/figure>\n<\/div>\n<\/div>","protected":false},"excerpt":{"rendered":"<div class=\"n4sEPd\">\n<div class=\"UdTY9 qhIQqf leDWne\" aria-hidden=\"true\" data-location=\"1\">\n<div class=\"n4sEPd\">\n<div class=\"UdTY9 qhIQqf leDWne\" aria-hidden=\"true\" data-location=\"1\">\n<div class=\"n4sEPd\">\n<div class=\"UdTY9 qhIQqf leDWne\" aria-hidden=\"true\" data-location=\"1\">Este plato ovalado de acero inoxidable con doble asa, disponible en dorado y plateado con tres tama\u00f1os (Peque\u00f1o: 21x15x5cm, Mediano: 24,5x18x5,5cm, Grande: 29\u00d720,5x7cm), ofrece durabilidad, resistencia al calor, f\u00e1cil limpieza y opciones personalizables, respaldadas por un servicio de atenci\u00f3n al cliente receptivo y precios competitivos.<\/div>\n<\/div>\n<h2 style=\"text-align: left\">Bol ovalado de acero inoxidable a granel:<\/h2>\n<p style=\"text-align: left\"><strong>Material:<\/strong> Acero inoxidable<br \/><strong>Longitud:<\/strong>21\/24,5\/29 cm<br \/><strong>Forma:<\/strong> Ovel<br \/><strong>Embalaje:<\/strong> Bolsa OPP y cart\u00f3n<br \/><strong>OEM\/ODM:<\/strong> Disponible<\/p>\n<h2 class=\"wp-block-heading\">Del mayorista de vajillas Yongyu:<\/h2>\n<p>Yongyu Tableware Wholesaler puede satisfacer las necesidades de los clientes al por mayor y proporcionar una serie de suministros de catering al por mayor de alta calidad que combina elegancia y durabilidad. Incluyendo vajilla, vajilla de bebidas, equipos de catering, utensilios de cocina, elementos esenciales de cocina de campamento, etc.<\/p>\n<\/div>\n<\/div>\n<\/div>\n<\/div>","protected":false},"featured_media":5133,"comment_status":"closed","ping_status":"closed","template":"","meta":{"_acf_changed":true},"application":[29],"product_brand":[],"product_cat":[21,46],"product_tag":[],"class_list":{"0":"post-5132","1":"product","2":"type-product","3":"status-publish","4":"has-post-thumbnail","6":"application-home-kitchen","7":"product_cat-tableware-wholesale","8":"product_cat-stainless-steel-dinner-plates-wholesale","10":"first","11":"instock","12":"shipping-taxable","13":"product-type-simple"},"acf":[],"_links":{"self":[{"href":"https:\/\/www.yongyukitchenware.com\/es\/wp-json\/wp\/v2\/product\/5132","targetHints":{"allow":["GET"]}}],"collection":[{"href":"https:\/\/www.yongyukitchenware.com\/es\/wp-json\/wp\/v2\/product"}],"about":[{"href":"https:\/\/www.yongyukitchenware.com\/es\/wp-json\/wp\/v2\/types\/product"}],"replies":[{"embeddable":true,"href":"https:\/\/www.yongyukitchenware.com\/es\/wp-json\/wp\/v2\/comments?post=5132"}],"wp:featuredmedia":[{"embeddable":true,"href":"https:\/\/www.yongyukitchenware.com\/es\/wp-json\/wp\/v2\/media\/5133"}],"wp:attachment":[{"href":"https:\/\/www.yongyukitchenware.com\/es\/wp-json\/wp\/v2\/media?parent=5132"}],"wp:term":[{"taxonomy":"application","embeddable":true,"href":"https:\/\/www.yongyukitchenware.com\/es\/wp-json\/wp\/v2\/application?post=5132"},{"taxonomy":"product_brand","embeddable":true,"href":"https:\/\/www.yongyukitchenware.com\/es\/wp-json\/wp\/v2\/product_brand?post=5132"},{"taxonomy":"product_cat","embeddable":true,"href":"https:\/\/www.yongyukitchenware.com\/es\/wp-json\/wp\/v2\/product_cat?post=5132"},{"taxonomy":"product_tag","embeddable":true,"href":"https:\/\/www.yongyukitchenware.com\/es\/wp-json\/wp\/v2\/product_tag?post=5132"}],"curies":[{"name":"wp","href":"https:\/\/api.w.org\/{rel}","templated":true}]}}