{"id":5143,"date":"2026-03-03T06:48:19","date_gmt":"2026-03-03T06:48:19","guid":{"rendered":"https:\/\/www.yongyukitchenware.com\/?post_type=product&#038;p=5143"},"modified":"2026-03-03T07:23:14","modified_gmt":"2026-03-03T07:23:14","slug":"wholesale-welding-base-tray-stainless-steel-dinner-plate","status":"publish","type":"product","link":"https:\/\/www.yongyukitchenware.com\/es\/producto\/wholesale-welding-base-tray-stainless-steel-dinner-plate\/","title":{"rendered":"Venta al por mayor Bandeja con base de soldadura Plato de acero inoxidable"},"content":{"rendered":"<div class=\"wp-block-columns is-layout-flex wp-container-core-columns-is-layout-9d6595d7 wp-block-columns-is-layout-flex\">\n<div class=\"wp-block-column is-layout-flow wp-block-column-is-layout-flow\">\n<h2 class=\"wp-block-heading\">Venta al por mayor Bandeja base para soldar Tama\u00f1o:<\/h2>\n\n\n\n<figure class=\"wp-block-table\"><table class=\"has-fixed-layout\"><tbody><tr><td>Modelo<\/td><td>Talla<\/td><td>Peso<\/td><td>MOQ<\/td><\/tr><tr><td rowspan=\"5\">DY080-P<\/td><td>19CM<\/td><td>250g<\/td><td rowspan=\"5\">120 UNIDADES<\/td><\/tr><tr><td>23CM<\/td><td>350g<\/td><\/tr><tr><td>26CM<\/td><td>480g<\/td><\/tr><tr><td>30 CM<\/td><td>650g<\/td><\/tr><tr><td>32,5 CM<\/td><td>700g<\/td><\/tr><\/tbody><\/table><\/figure>\n\n\n\n<h2 class=\"wp-block-heading\">Bandeja base de soldadura al por mayor Caracter\u00edsticas:<\/h2>\n\n\n\n<p><strong>Acero inoxidable duradero: <\/strong>Fabricado en acero inoxidable de alta calidad, lo que garantiza una resistencia duradera, resistencia a la oxidaci\u00f3n y f\u00e1cil mantenimiento.<\/p>\n\n\n\n<p><strong>Dise\u00f1o de fondo elevado:<\/strong> La base elevada a\u00f1ade estabilidad, evitando que el plato vuelque y proporcionando una experiencia de servicio m\u00e1s segura.<\/p>\n\n\n\n<p><strong>Opciones de tama\u00f1o vers\u00e1tiles: <\/strong>Disponible en cinco tama\u00f1os (19CM, 23CM, 26CM, 30CM, 32,5CM), por lo que es ideal para una amplia gama de porciones de alimentos y tareas culinarias.<\/p>\n\n\n\n<p><strong>Est\u00e9tica elegante y moderna:<\/strong> El acabado pulido y las l\u00edneas limpias ofrecen un aspecto contempor\u00e1neo, realzando la presentaci\u00f3n de sus alimentos en cualquier ambiente.<\/p>\n\n\n\n<p><strong>F\u00e1cil de limpiar:<\/strong> La superficie lisa y no porosa garantiza una limpieza sin esfuerzo, lo que la hace perfecta para el uso diario y la limpieza r\u00e1pida despu\u00e9s de comer.<\/p>\n<\/div>\n\n\n\n<div class=\"wp-block-column is-layout-flow wp-block-column-is-layout-flow\">\n<figure class=\"wp-block-image size-full\"><img decoding=\"async\" width=\"800\" height=\"800\" src=\"https:\/\/www.yongyukitchenware.com\/wp-content\/uploads\/2026\/03\/wholesale-Welding-base-tray-2.webp\" alt=\"mayorista-Soldadura-base-bandeja-2\" class=\"wp-image-5149\" style=\"object-fit:cover\" srcset=\"https:\/\/www.yongyukitchenware.com\/wp-content\/uploads\/2026\/03\/wholesale-Welding-base-tray-2.webp 800w, https:\/\/www.yongyukitchenware.com\/wp-content\/uploads\/2026\/03\/wholesale-Welding-base-tray-2-300x300.webp 300w, https:\/\/www.yongyukitchenware.com\/wp-content\/uploads\/2026\/03\/wholesale-Welding-base-tray-2-150x150.webp 150w, https:\/\/www.yongyukitchenware.com\/wp-content\/uploads\/2026\/03\/wholesale-Welding-base-tray-2-768x768.webp 768w, https:\/\/www.yongyukitchenware.com\/wp-content\/uploads\/2026\/03\/wholesale-Welding-base-tray-2-12x12.webp 12w, https:\/\/www.yongyukitchenware.com\/wp-content\/uploads\/2026\/03\/wholesale-Welding-base-tray-2-600x600.webp 600w, https:\/\/www.yongyukitchenware.com\/wp-content\/uploads\/2026\/03\/wholesale-Welding-base-tray-2-100x100.webp 100w\" sizes=\"(max-width: 800px) 100vw, 800px\" \/><\/figure>\n\n\n\n<figure class=\"wp-block-image size-full\"><img decoding=\"async\" width=\"800\" height=\"800\" src=\"https:\/\/www.yongyukitchenware.com\/wp-content\/uploads\/2026\/03\/wholesale-Welding-base-tray-4.webp\" alt=\"mayorista-Soldadura-base-bandeja-4\" class=\"wp-image-5151\" srcset=\"https:\/\/www.yongyukitchenware.com\/wp-content\/uploads\/2026\/03\/wholesale-Welding-base-tray-4.webp 800w, https:\/\/www.yongyukitchenware.com\/wp-content\/uploads\/2026\/03\/wholesale-Welding-base-tray-4-300x300.webp 300w, https:\/\/www.yongyukitchenware.com\/wp-content\/uploads\/2026\/03\/wholesale-Welding-base-tray-4-150x150.webp 150w, https:\/\/www.yongyukitchenware.com\/wp-content\/uploads\/2026\/03\/wholesale-Welding-base-tray-4-768x768.webp 768w, https:\/\/www.yongyukitchenware.com\/wp-content\/uploads\/2026\/03\/wholesale-Welding-base-tray-4-12x12.webp 12w, https:\/\/www.yongyukitchenware.com\/wp-content\/uploads\/2026\/03\/wholesale-Welding-base-tray-4-600x600.webp 600w, https:\/\/www.yongyukitchenware.com\/wp-content\/uploads\/2026\/03\/wholesale-Welding-base-tray-4-100x100.webp 100w\" sizes=\"(max-width: 800px) 100vw, 800px\" \/><\/figure>\n<\/div>\n<\/div>\n\n\n\n<p><\/p>","protected":false},"excerpt":{"rendered":"<div class=\"n4sEPd\">\n<div class=\"UdTY9 qhIQqf leDWne\" aria-hidden=\"true\" data-location=\"1\">\n<div class=\"n4sEPd\">\n<div class=\"UdTY9 qhIQqf leDWne\" aria-hidden=\"true\" data-location=\"1\">\n<div class=\"n4sEPd\">\n<div class=\"UdTY9 qhIQqf leDWne\" aria-hidden=\"true\" data-location=\"1\">Esta placa de pie soldada de acero inoxidable, disponible en cinco tama\u00f1os (19CM, 23CM, 26CM, 30CM, 32,5CM), ofrece durabilidad, un fondo elevado para mayor estabilidad, f\u00e1cil limpieza y opciones personalizables, respaldadas por una garant\u00eda de alta calidad y un excepcional servicio de atenci\u00f3n al cliente, lo que la hace perfecta para diversas necesidades culinarias y de servicio.<\/div>\n<\/div>\n<h2 style=\"text-align: left\">Bandeja base de soldadura al por mayor:<\/h2>\n<p style=\"text-align: left\"><strong>Material:<\/strong> Acero inoxidable<br \/><strong>Longitud:<\/strong>19\/23\/26\/30\/32,5 cm<br \/><strong>Forma:<\/strong> Redondo<br \/><strong>Embalaje:<\/strong> Bolsa OPP y cart\u00f3n<br \/><strong>OEM\/ODM:<\/strong> Disponible<\/p>\n<h2 class=\"wp-block-heading\">Del mayorista de vajillas Yongyu:<\/h2>\n<p>Yongyu Tableware Wholesaler puede satisfacer las necesidades de los clientes al por mayor y proporcionar una serie de suministros de catering al por mayor de alta calidad que combina elegancia y durabilidad. Incluyendo vajilla, vajilla de bebidas, equipos de catering, utensilios de cocina, elementos esenciales de cocina de campamento, etc.<\/p>\n<\/div>\n<\/div>\n<\/div>\n<\/div>","protected":false},"featured_media":5148,"comment_status":"closed","ping_status":"closed","template":"","meta":{"_acf_changed":true},"application":[29],"product_brand":[],"product_cat":[21,46],"product_tag":[],"class_list":{"0":"post-5143","1":"product","2":"type-product","3":"status-publish","4":"has-post-thumbnail","6":"application-home-kitchen","7":"product_cat-tableware-wholesale","8":"product_cat-stainless-steel-dinner-plates-wholesale","10":"first","11":"instock","12":"shipping-taxable","13":"product-type-simple"},"acf":[],"_links":{"self":[{"href":"https:\/\/www.yongyukitchenware.com\/es\/wp-json\/wp\/v2\/product\/5143","targetHints":{"allow":["GET"]}}],"collection":[{"href":"https:\/\/www.yongyukitchenware.com\/es\/wp-json\/wp\/v2\/product"}],"about":[{"href":"https:\/\/www.yongyukitchenware.com\/es\/wp-json\/wp\/v2\/types\/product"}],"replies":[{"embeddable":true,"href":"https:\/\/www.yongyukitchenware.com\/es\/wp-json\/wp\/v2\/comments?post=5143"}],"wp:featuredmedia":[{"embeddable":true,"href":"https:\/\/www.yongyukitchenware.com\/es\/wp-json\/wp\/v2\/media\/5148"}],"wp:attachment":[{"href":"https:\/\/www.yongyukitchenware.com\/es\/wp-json\/wp\/v2\/media?parent=5143"}],"wp:term":[{"taxonomy":"application","embeddable":true,"href":"https:\/\/www.yongyukitchenware.com\/es\/wp-json\/wp\/v2\/application?post=5143"},{"taxonomy":"product_brand","embeddable":true,"href":"https:\/\/www.yongyukitchenware.com\/es\/wp-json\/wp\/v2\/product_brand?post=5143"},{"taxonomy":"product_cat","embeddable":true,"href":"https:\/\/www.yongyukitchenware.com\/es\/wp-json\/wp\/v2\/product_cat?post=5143"},{"taxonomy":"product_tag","embeddable":true,"href":"https:\/\/www.yongyukitchenware.com\/es\/wp-json\/wp\/v2\/product_tag?post=5143"}],"curies":[{"name":"wp","href":"https:\/\/api.w.org\/{rel}","templated":true}]}}