{"id":5168,"date":"2026-03-04T06:40:48","date_gmt":"2026-03-04T06:40:48","guid":{"rendered":"https:\/\/www.yongyukitchenware.com\/?post_type=product&#038;p=5168"},"modified":"2026-03-04T06:40:49","modified_gmt":"2026-03-04T06:40:49","slug":"custom-nordic-trays-stainless-steel-rectangular-serving-tray","status":"publish","type":"product","link":"https:\/\/www.yongyukitchenware.com\/es\/producto\/custom-nordic-trays-stainless-steel-rectangular-serving-tray\/","title":{"rendered":"Bandeja rectangular de acero inoxidable a medida Nordic Trays"},"content":{"rendered":"<div class=\"wp-block-columns is-layout-flex wp-container-core-columns-is-layout-9d6595d7 wp-block-columns-is-layout-flex\">\n<div class=\"wp-block-column is-layout-flow wp-block-column-is-layout-flow\">\n<h2 class=\"wp-block-heading\">Bandejas n\u00f3rdicas personalizadas Tama\u00f1o:<\/h2>\n\n\n\n<figure class=\"wp-block-table\"><table class=\"has-fixed-layout\"><tbody><tr><td>Modelo<\/td><td>Talla<\/td><td>Peso<\/td><td>MOQ<\/td><\/tr><tr><td rowspan=\"5\">DY082-P<\/td><td>28X17CM<\/td><td>395g<\/td><td rowspan=\"5\">120 UNIDADES<\/td><\/tr><tr><td>32X20CM<\/td><td>530g<\/td><\/tr><tr><td>36X24CM<\/td><td>710g<\/td><\/tr><tr><td>43X28CM<\/td><td>1020g<\/td><\/tr><tr><td>46X31CM<\/td><td>1290g<\/td><\/tr><\/tbody><\/table><\/figure>\n\n\n\n<h2 class=\"wp-block-heading\">Bandejas n\u00f3rdicas personalizadas Caracter\u00edsticas:<\/h2>\n\n\n\n<p><strong>M\u00faltiples tama\u00f1os:<\/strong> Disponibles en cinco tama\u00f1os, del peque\u00f1o al supergrande, perfectos para una amplia gama de necesidades de servicio, ya sean comidas, aperitivos o bebidas.<\/p>\n\n\n\n<p><strong>Acabado elegante: <\/strong>Elija entre los acabados dorado o plateado, que aportan un toque de sofisticaci\u00f3n a cualquier cena o servicio.<\/p>\n\n\n\n<p><strong>Acero inoxidable duradero: <\/strong>Fabricada en acero inoxidable de alta calidad, esta bandeja ofrece una larga durabilidad, resistiendo el desgaste y las roturas para el uso diario.<\/p>\n\n\n\n<p><strong>F\u00e1cil de transportar: <\/strong>Las asas ergon\u00f3micas a ambos lados facilitan el transporte y el servicio, lo que resulta muy pr\u00e1ctico tanto para uso dom\u00e9stico como comercial.<\/p>\n\n\n\n<p><strong>Bajo mantenimiento: <\/strong>La superficie lisa de acero inoxidable es f\u00e1cil de limpiar, lo que garantiza un mantenimiento r\u00e1pido y un aspecto impecable de la bandeja.<\/p>\n<\/div>\n\n\n\n<div class=\"wp-block-column is-layout-flow wp-block-column-is-layout-flow\">\n<figure class=\"wp-block-image size-full\"><img decoding=\"async\" width=\"800\" height=\"800\" src=\"https:\/\/www.yongyukitchenware.com\/wp-content\/uploads\/2026\/03\/Custom-Nordic-Trays-3.webp\" alt=\"Bandejas n\u00f3rdicas personalizadas-3\" class=\"wp-image-5171\" style=\"object-fit:cover\" srcset=\"https:\/\/www.yongyukitchenware.com\/wp-content\/uploads\/2026\/03\/Custom-Nordic-Trays-3.webp 800w, https:\/\/www.yongyukitchenware.com\/wp-content\/uploads\/2026\/03\/Custom-Nordic-Trays-3-300x300.webp 300w, https:\/\/www.yongyukitchenware.com\/wp-content\/uploads\/2026\/03\/Custom-Nordic-Trays-3-150x150.webp 150w, https:\/\/www.yongyukitchenware.com\/wp-content\/uploads\/2026\/03\/Custom-Nordic-Trays-3-768x768.webp 768w, https:\/\/www.yongyukitchenware.com\/wp-content\/uploads\/2026\/03\/Custom-Nordic-Trays-3-12x12.webp 12w, https:\/\/www.yongyukitchenware.com\/wp-content\/uploads\/2026\/03\/Custom-Nordic-Trays-3-600x600.webp 600w, https:\/\/www.yongyukitchenware.com\/wp-content\/uploads\/2026\/03\/Custom-Nordic-Trays-3-100x100.webp 100w\" sizes=\"(max-width: 800px) 100vw, 800px\" \/><\/figure>\n<\/div>\n<\/div>\n\n\n\n<p><\/p>","protected":false},"excerpt":{"rendered":"<div class=\"n4sEPd\">\n<div class=\"UdTY9 qhIQqf leDWne\" aria-hidden=\"true\" data-location=\"1\">\n<div class=\"n4sEPd\">\n<div class=\"UdTY9 qhIQqf leDWne\" aria-hidden=\"true\" data-location=\"1\">\n<div class=\"n4sEPd\">\n<div class=\"UdTY9 qhIQqf leDWne\" aria-hidden=\"true\" data-location=\"1\">Esta bandeja de acero inoxidable de estilo n\u00f3rdico est\u00e1 disponible en dorado y plateado, con cinco tama\u00f1os (Peque\u00f1o: 28x17cm, Mediano: 32x20cm, Grande: 36x24cm, Extra Grande: 43x28cm, Supergrande: 46x31cm). Perfectas para servir comida y bebida. El\u00edjanos para obtener precios directos de f\u00e1brica, dise\u00f1os personalizados y un servicio fiable.<\/div>\n<\/div>\n<h2 style=\"text-align: left\">Bandejas n\u00f3rdicas personalizadas:<\/h2>\n<p style=\"text-align: left\"><strong>Material:<\/strong> Acero inoxidable<br \/><strong>Longitud:<\/strong>28\/32\/36\/43\/46cm<br \/><strong>Forma:<\/strong> Rect\u00e1ngulo<br \/><strong>Embalaje:<\/strong> Bolsa OPP y cart\u00f3n<br \/><strong>OEM\/ODM:<\/strong> Disponible<\/p>\n<h2 class=\"wp-block-heading\">Del mayorista de vajillas Yongyu:<\/h2>\n<p>Yongyu Tableware Wholesaler puede satisfacer las necesidades de los clientes al por mayor y proporcionar una serie de suministros de catering al por mayor de alta calidad que combina elegancia y durabilidad. Incluyendo vajilla, vajilla de bebidas, equipos de catering, utensilios de cocina, elementos esenciales de cocina de campamento, etc.<\/p>\n<\/div>\n<\/div>\n<\/div>\n<\/div>","protected":false},"featured_media":5169,"comment_status":"closed","ping_status":"closed","template":"","meta":{"_acf_changed":true},"application":[29],"product_brand":[],"product_cat":[21,46],"product_tag":[],"class_list":{"0":"post-5168","1":"product","2":"type-product","3":"status-publish","4":"has-post-thumbnail","6":"application-home-kitchen","7":"product_cat-tableware-wholesale","8":"product_cat-stainless-steel-dinner-plates-wholesale","10":"first","11":"instock","12":"shipping-taxable","13":"product-type-simple"},"acf":[],"_links":{"self":[{"href":"https:\/\/www.yongyukitchenware.com\/es\/wp-json\/wp\/v2\/product\/5168","targetHints":{"allow":["GET"]}}],"collection":[{"href":"https:\/\/www.yongyukitchenware.com\/es\/wp-json\/wp\/v2\/product"}],"about":[{"href":"https:\/\/www.yongyukitchenware.com\/es\/wp-json\/wp\/v2\/types\/product"}],"replies":[{"embeddable":true,"href":"https:\/\/www.yongyukitchenware.com\/es\/wp-json\/wp\/v2\/comments?post=5168"}],"wp:featuredmedia":[{"embeddable":true,"href":"https:\/\/www.yongyukitchenware.com\/es\/wp-json\/wp\/v2\/media\/5169"}],"wp:attachment":[{"href":"https:\/\/www.yongyukitchenware.com\/es\/wp-json\/wp\/v2\/media?parent=5168"}],"wp:term":[{"taxonomy":"application","embeddable":true,"href":"https:\/\/www.yongyukitchenware.com\/es\/wp-json\/wp\/v2\/application?post=5168"},{"taxonomy":"product_brand","embeddable":true,"href":"https:\/\/www.yongyukitchenware.com\/es\/wp-json\/wp\/v2\/product_brand?post=5168"},{"taxonomy":"product_cat","embeddable":true,"href":"https:\/\/www.yongyukitchenware.com\/es\/wp-json\/wp\/v2\/product_cat?post=5168"},{"taxonomy":"product_tag","embeddable":true,"href":"https:\/\/www.yongyukitchenware.com\/es\/wp-json\/wp\/v2\/product_tag?post=5168"}],"curies":[{"name":"wp","href":"https:\/\/api.w.org\/{rel}","templated":true}]}}