{"id":517,"date":"2024-09-24T06:09:45","date_gmt":"2024-09-24T06:09:45","guid":{"rendered":"https:\/\/www.yongyukitchenware.com\/?post_type=product&#038;p=517"},"modified":"2024-12-09T08:08:10","modified_gmt":"2024-12-09T08:08:10","slug":"pasta-pot-with-strainer-wholesale","status":"publish","type":"product","link":"https:\/\/www.yongyukitchenware.com\/es\/producto\/pasta-pot-with-strainer-wholesale\/","title":{"rendered":"Mayorista Olla para Pasta con Colador y Plancha de Vapor para Cocinar Fideos"},"content":{"rendered":"<div class=\"wp-block-columns is-layout-flex wp-container-core-columns-is-layout-9d6595d7 wp-block-columns-is-layout-flex\">\n<div class=\"wp-block-column is-layout-flow wp-block-column-is-layout-flow\">\n<h2 class=\"wp-block-heading\">Caracter\u00edsticas de la Olla para Pasta con Colador:<\/h2>\n\n\n\n<p><strong>Acero inoxidable de alta calidad: <\/strong>acero inoxidable de calidad alimentaria, resistente a la corrosi\u00f3n, inodoro, duradero<\/p>\n\n\n\n<p><strong>Dos opciones de fondo de olla: <\/strong>Fondo de tres capas, conduce uniformemente el calor para evitar que se pegue. Otro fondo \u00fanico engrosado, grueso y duradero, de ebullici\u00f3n r\u00e1pida.<\/p>\n\n\n\n<p><strong>Una olla para m\u00faltiples usos:<\/strong> una olla contiene una pantalla de malla, hoja de vapor, olla de sopa de altura, tapa de vidrio templado, funci\u00f3n completa<\/p>\n\n\n\n<p><strong>Dise\u00f1o antiescaldamiento:<\/strong> la tapa y el asa son de material f\u00f3rmica para evitar quemaduras<\/p>\n\n\n\n<p><strong>Alisar el interior de la olla: <\/strong>el cuerpo de la olla es m\u00e1s grueso y profundo, liso y antiadherente, f\u00e1cil de limpiar y m\u00e1s duradero<\/p>\n<\/div>\n\n\n\n<div class=\"wp-block-column is-layout-flow wp-block-column-is-layout-flow\">\n<div class=\"wp-block-columns is-layout-flex wp-container-core-columns-is-layout-9d6595d7 wp-block-columns-is-layout-flex\">\n<div class=\"wp-block-column is-layout-flow wp-block-column-is-layout-flow\">\n<figure class=\"wp-block-image size-full\"><img decoding=\"async\" width=\"800\" height=\"800\" src=\"https:\/\/www.yongyukitchenware.com\/wp-content\/uploads\/2024\/09\/Pasta-Pot-with-Strainer-wholesale-2.webp\" alt=\"Olla para pasta con colador al por mayor\" class=\"wp-image-532\" srcset=\"https:\/\/www.yongyukitchenware.com\/wp-content\/uploads\/2024\/09\/Pasta-Pot-with-Strainer-wholesale-2.webp 800w, https:\/\/www.yongyukitchenware.com\/wp-content\/uploads\/2024\/09\/Pasta-Pot-with-Strainer-wholesale-2-300x300.webp 300w, https:\/\/www.yongyukitchenware.com\/wp-content\/uploads\/2024\/09\/Pasta-Pot-with-Strainer-wholesale-2-150x150.webp 150w, https:\/\/www.yongyukitchenware.com\/wp-content\/uploads\/2024\/09\/Pasta-Pot-with-Strainer-wholesale-2-768x768.webp 768w, https:\/\/www.yongyukitchenware.com\/wp-content\/uploads\/2024\/09\/Pasta-Pot-with-Strainer-wholesale-2-600x600.webp 600w, https:\/\/www.yongyukitchenware.com\/wp-content\/uploads\/2024\/09\/Pasta-Pot-with-Strainer-wholesale-2-100x100.webp 100w\" sizes=\"(max-width: 800px) 100vw, 800px\" \/><\/figure>\n<\/div>\n\n\n\n<div class=\"wp-block-column is-layout-flow wp-block-column-is-layout-flow\">\n<figure class=\"wp-block-image size-full\"><img decoding=\"async\" width=\"800\" height=\"800\" src=\"https:\/\/www.yongyukitchenware.com\/wp-content\/uploads\/2024\/09\/Pasta-Pot-with-Strainer-wholesale-4.webp\" alt=\"Olla para pasta con colador al por mayor\" class=\"wp-image-535\" srcset=\"https:\/\/www.yongyukitchenware.com\/wp-content\/uploads\/2024\/09\/Pasta-Pot-with-Strainer-wholesale-4.webp 800w, https:\/\/www.yongyukitchenware.com\/wp-content\/uploads\/2024\/09\/Pasta-Pot-with-Strainer-wholesale-4-300x300.webp 300w, https:\/\/www.yongyukitchenware.com\/wp-content\/uploads\/2024\/09\/Pasta-Pot-with-Strainer-wholesale-4-150x150.webp 150w, https:\/\/www.yongyukitchenware.com\/wp-content\/uploads\/2024\/09\/Pasta-Pot-with-Strainer-wholesale-4-768x768.webp 768w, https:\/\/www.yongyukitchenware.com\/wp-content\/uploads\/2024\/09\/Pasta-Pot-with-Strainer-wholesale-4-600x600.webp 600w, https:\/\/www.yongyukitchenware.com\/wp-content\/uploads\/2024\/09\/Pasta-Pot-with-Strainer-wholesale-4-100x100.webp 100w\" sizes=\"(max-width: 800px) 100vw, 800px\" \/><\/figure>\n<\/div>\n<\/div>\n<\/div>\n<\/div>","protected":false},"excerpt":{"rendered":"<p>Venta directa de f\u00e1brica al por mayor Pasta Pot con colador y la hoja de vapor, de acero inoxidable, 3 en 1 al vapor, hervir y fre\u00edr funci\u00f3n, adecuado para todo tipo de necesidades de la cocina, una opci\u00f3n ideal para la venta al por mayor de utensilios de cocina.<\/p>\n<h2><!-- wp:heading --><\/h2>\n<h2 class=\"wp-block-heading\">Par\u00e1metros de la olla para pasta con colador:<\/h2>\n<h2><!-- \/wp:heading --><\/p>\n<p><!-- wp:paragraph --><\/h2>\n<p><strong>Material:<\/strong> Acero inoxidable<br \/><strong>Fondo de olla:<\/strong> Tres capas\/fondo \u00fanico grueso<br \/><strong>Tama\u00f1o:<\/strong> 21,5*21,5 cm<br \/><strong>Accesorios:<\/strong> Tamiz de malla, l\u00e1mina de cocci\u00f3n al vapor, olla alta, tapa de vidrio templado<br \/><strong>Embalaje:<\/strong> Bolsas\/Granel\/Cartones o a medida<br \/><strong>OEM\/ODM:<\/strong> Disponible<\/p>\n<h2 class=\"wp-block-heading\">De Yongyu Cookware Fabricante :<\/h2>\n<p>Yongyu es un fabricante profesional de utensilios de cocina, nuestros productos abarcan todo tipo de utensilios de cocina de acero inoxidable, como ollas para fideos, sartenes, ollas para guisos, etc., proporcionando servicios de adquisici\u00f3n de calidad y precios asequibles para cada cliente.<\/p>\n<h2><!-- \/wp:paragraph --><\/h2>","protected":false},"featured_media":537,"comment_status":"closed","ping_status":"closed","template":"","meta":{"_acf_changed":true},"application":[29],"product_brand":[],"product_cat":[23,32],"product_tag":[],"class_list":{"0":"post-517","1":"product","2":"type-product","3":"status-publish","4":"has-post-thumbnail","6":"application-home-kitchen","7":"product_cat-kitchenware-wholesale","8":"product_cat-wholesale-cookware","10":"first","11":"instock","12":"shipping-taxable","13":"product-type-simple"},"acf":[],"_links":{"self":[{"href":"https:\/\/www.yongyukitchenware.com\/es\/wp-json\/wp\/v2\/product\/517","targetHints":{"allow":["GET"]}}],"collection":[{"href":"https:\/\/www.yongyukitchenware.com\/es\/wp-json\/wp\/v2\/product"}],"about":[{"href":"https:\/\/www.yongyukitchenware.com\/es\/wp-json\/wp\/v2\/types\/product"}],"replies":[{"embeddable":true,"href":"https:\/\/www.yongyukitchenware.com\/es\/wp-json\/wp\/v2\/comments?post=517"}],"wp:featuredmedia":[{"embeddable":true,"href":"https:\/\/www.yongyukitchenware.com\/es\/wp-json\/wp\/v2\/media\/537"}],"wp:attachment":[{"href":"https:\/\/www.yongyukitchenware.com\/es\/wp-json\/wp\/v2\/media?parent=517"}],"wp:term":[{"taxonomy":"application","embeddable":true,"href":"https:\/\/www.yongyukitchenware.com\/es\/wp-json\/wp\/v2\/application?post=517"},{"taxonomy":"product_brand","embeddable":true,"href":"https:\/\/www.yongyukitchenware.com\/es\/wp-json\/wp\/v2\/product_brand?post=517"},{"taxonomy":"product_cat","embeddable":true,"href":"https:\/\/www.yongyukitchenware.com\/es\/wp-json\/wp\/v2\/product_cat?post=517"},{"taxonomy":"product_tag","embeddable":true,"href":"https:\/\/www.yongyukitchenware.com\/es\/wp-json\/wp\/v2\/product_tag?post=517"}],"curies":[{"name":"wp","href":"https:\/\/api.w.org\/{rel}","templated":true}]}}