{"id":5190,"date":"2026-03-06T07:58:42","date_gmt":"2026-03-06T07:58:42","guid":{"rendered":"https:\/\/www.yongyukitchenware.com\/?post_type=product&#038;p=5190"},"modified":"2026-03-06T07:58:43","modified_gmt":"2026-03-06T07:58:43","slug":"bulk-double-walled-large-soup-bowl-anti-scald-stainless-steel-bowl","status":"publish","type":"product","link":"https:\/\/www.yongyukitchenware.com\/es\/producto\/bulk-double-walled-large-soup-bowl-anti-scald-stainless-steel-bowl\/","title":{"rendered":"Bol de sopa grande de doble pared a granel Bol de acero inoxidable antiquemaduras"},"content":{"rendered":"<div class=\"wp-block-columns is-layout-flex wp-container-core-columns-is-layout-9d6595d7 wp-block-columns-is-layout-flex\">\n<div class=\"wp-block-column is-layout-flow wp-block-column-is-layout-flow\">\n<h2 class=\"wp-block-heading\">Taz\u00f3n de sopa grande de doble pared a granel Caracter\u00edsticas :<\/h2>\n\n\n\n<p><strong>Aislamiento de doble pared:<\/strong>El acero inoxidable de doble capa mantiene el exterior fr\u00edo, evitando quemaduras al contener l\u00edquidos calientes.<\/p>\n\n\n\n<p><strong>Acero inoxidable 304 de calidad alimentaria:<\/strong>Seguro, inodoro, resistente a la corrosi\u00f3n y apto para el contacto directo con alimentos.<\/p>\n\n\n\n<p><strong>Espesado y duradero:<\/strong>Estructura robusta con superficie resistente a los ara\u00f1azos, fabricada para soportar un uso frecuente.<\/p>\n\n\n\n<p><strong>Apilable y ahorra espacio:<\/strong>Dise\u00f1o encajable para facilitar el almacenamiento y la preparaci\u00f3n organizada en la cocina.<\/p>\n\n\n\n<p><strong>Vers\u00e1til y con estilo:<\/strong>Los acabados dorado\/plateado a\u00f1aden un toque premium a sopas, ensaladas y mucho m\u00e1s.<\/p>\n\n\n\n<h2 class=\"wp-block-heading\">Taz\u00f3n de sopa grande de doble pared a granel Tama\u00f1o:<\/h2>\n\n\n\n<figure class=\"wp-block-table\"><table class=\"has-fixed-layout\"><tbody><tr><td>Modelo<\/td><td>Talla<\/td><td>Peso<\/td><td>MOQ<\/td><\/tr><tr><td rowspan=\"10\">DY034-W<\/td><td>5 pulgadas<\/td><td>145g<\/td><td rowspan=\"10\">80 UNIDADES<\/td><\/tr><tr><td>15 cm<\/td><td>220g<\/td><\/tr><tr><td>7 pulgadas<\/td><td>310g<\/td><\/tr><tr><td>8 pulgadas<\/td><td>430g<\/td><\/tr><tr><td>9 pulgadas<\/td><td>550g<\/td><\/tr><tr><td>10 pulgadas<\/td><td>650g<\/td><\/tr><tr><td>11 pulgadas<\/td><td>800g<\/td><\/tr><tr><td>12 pulgadas<\/td><td>980g<\/td><\/tr><tr><td>14 pulgadas<\/td><td>1350g<\/td><\/tr><tr><td>16 pulgadas<\/td><td>1700g<\/td><\/tr><\/tbody><\/table><\/figure>\n<\/div>\n\n\n\n<div class=\"wp-block-column is-layout-flow wp-block-column-is-layout-flow\">\n<div class=\"wp-block-columns is-layout-flex wp-container-core-columns-is-layout-9d6595d7 wp-block-columns-is-layout-flex\">\n<div class=\"wp-block-column is-layout-flow wp-block-column-is-layout-flow\">\n<figure class=\"wp-block-image size-full\"><img decoding=\"async\" width=\"800\" height=\"800\" src=\"https:\/\/www.yongyukitchenware.com\/wp-content\/uploads\/2026\/03\/Bulk-Double-Walled-Large-Soup-Bowl-9.webp\" alt=\"Sopa grande de doble pared a granel-9\" class=\"wp-image-5199\" srcset=\"https:\/\/www.yongyukitchenware.com\/wp-content\/uploads\/2026\/03\/Bulk-Double-Walled-Large-Soup-Bowl-9.webp 800w, https:\/\/www.yongyukitchenware.com\/wp-content\/uploads\/2026\/03\/Bulk-Double-Walled-Large-Soup-Bowl-9-300x300.webp 300w, https:\/\/www.yongyukitchenware.com\/wp-content\/uploads\/2026\/03\/Bulk-Double-Walled-Large-Soup-Bowl-9-150x150.webp 150w, https:\/\/www.yongyukitchenware.com\/wp-content\/uploads\/2026\/03\/Bulk-Double-Walled-Large-Soup-Bowl-9-768x768.webp 768w, https:\/\/www.yongyukitchenware.com\/wp-content\/uploads\/2026\/03\/Bulk-Double-Walled-Large-Soup-Bowl-9-12x12.webp 12w, https:\/\/www.yongyukitchenware.com\/wp-content\/uploads\/2026\/03\/Bulk-Double-Walled-Large-Soup-Bowl-9-600x600.webp 600w, https:\/\/www.yongyukitchenware.com\/wp-content\/uploads\/2026\/03\/Bulk-Double-Walled-Large-Soup-Bowl-9-100x100.webp 100w\" sizes=\"(max-width: 800px) 100vw, 800px\" \/><\/figure>\n<\/div>\n\n\n\n<div class=\"wp-block-column is-layout-flow wp-block-column-is-layout-flow\">\n<figure class=\"wp-block-image size-full\"><img decoding=\"async\" width=\"800\" height=\"800\" src=\"https:\/\/www.yongyukitchenware.com\/wp-content\/uploads\/2026\/03\/Bulk-Double-Walled-Large-Soup-Bowl-8.webp\" alt=\"Taz\u00f3n de sopa grande de doble pared a granel-8\" class=\"wp-image-5198\" srcset=\"https:\/\/www.yongyukitchenware.com\/wp-content\/uploads\/2026\/03\/Bulk-Double-Walled-Large-Soup-Bowl-8.webp 800w, https:\/\/www.yongyukitchenware.com\/wp-content\/uploads\/2026\/03\/Bulk-Double-Walled-Large-Soup-Bowl-8-300x300.webp 300w, https:\/\/www.yongyukitchenware.com\/wp-content\/uploads\/2026\/03\/Bulk-Double-Walled-Large-Soup-Bowl-8-150x150.webp 150w, https:\/\/www.yongyukitchenware.com\/wp-content\/uploads\/2026\/03\/Bulk-Double-Walled-Large-Soup-Bowl-8-768x768.webp 768w, https:\/\/www.yongyukitchenware.com\/wp-content\/uploads\/2026\/03\/Bulk-Double-Walled-Large-Soup-Bowl-8-12x12.webp 12w, https:\/\/www.yongyukitchenware.com\/wp-content\/uploads\/2026\/03\/Bulk-Double-Walled-Large-Soup-Bowl-8-600x600.webp 600w, https:\/\/www.yongyukitchenware.com\/wp-content\/uploads\/2026\/03\/Bulk-Double-Walled-Large-Soup-Bowl-8-100x100.webp 100w\" sizes=\"(max-width: 800px) 100vw, 800px\" \/><\/figure>\n<\/div>\n<\/div>\n\n\n\n<div class=\"wp-block-columns is-layout-flex wp-container-core-columns-is-layout-9d6595d7 wp-block-columns-is-layout-flex\">\n<div class=\"wp-block-column is-layout-flow wp-block-column-is-layout-flow\">\n<figure class=\"wp-block-image size-full\"><img decoding=\"async\" width=\"800\" height=\"800\" src=\"https:\/\/www.yongyukitchenware.com\/wp-content\/uploads\/2026\/03\/Bulk-Double-Walled-Large-Soup-Bowl-6.webp\" alt=\"Taz\u00f3n de sopa grande de doble pared a granel-6\" class=\"wp-image-5196\" srcset=\"https:\/\/www.yongyukitchenware.com\/wp-content\/uploads\/2026\/03\/Bulk-Double-Walled-Large-Soup-Bowl-6.webp 800w, https:\/\/www.yongyukitchenware.com\/wp-content\/uploads\/2026\/03\/Bulk-Double-Walled-Large-Soup-Bowl-6-300x300.webp 300w, https:\/\/www.yongyukitchenware.com\/wp-content\/uploads\/2026\/03\/Bulk-Double-Walled-Large-Soup-Bowl-6-150x150.webp 150w, https:\/\/www.yongyukitchenware.com\/wp-content\/uploads\/2026\/03\/Bulk-Double-Walled-Large-Soup-Bowl-6-768x768.webp 768w, https:\/\/www.yongyukitchenware.com\/wp-content\/uploads\/2026\/03\/Bulk-Double-Walled-Large-Soup-Bowl-6-12x12.webp 12w, https:\/\/www.yongyukitchenware.com\/wp-content\/uploads\/2026\/03\/Bulk-Double-Walled-Large-Soup-Bowl-6-600x600.webp 600w, https:\/\/www.yongyukitchenware.com\/wp-content\/uploads\/2026\/03\/Bulk-Double-Walled-Large-Soup-Bowl-6-100x100.webp 100w\" sizes=\"(max-width: 800px) 100vw, 800px\" \/><\/figure>\n<\/div>\n\n\n\n<div class=\"wp-block-column is-layout-flow wp-block-column-is-layout-flow\">\n<figure class=\"wp-block-image size-full\"><img decoding=\"async\" width=\"800\" height=\"800\" src=\"https:\/\/www.yongyukitchenware.com\/wp-content\/uploads\/2026\/03\/Bulk-Double-Walled-Large-Soup-Bowl-3.webp\" alt=\"Sopa grande de doble pared a granel-3\" class=\"wp-image-5193\" srcset=\"https:\/\/www.yongyukitchenware.com\/wp-content\/uploads\/2026\/03\/Bulk-Double-Walled-Large-Soup-Bowl-3.webp 800w, https:\/\/www.yongyukitchenware.com\/wp-content\/uploads\/2026\/03\/Bulk-Double-Walled-Large-Soup-Bowl-3-300x300.webp 300w, https:\/\/www.yongyukitchenware.com\/wp-content\/uploads\/2026\/03\/Bulk-Double-Walled-Large-Soup-Bowl-3-150x150.webp 150w, https:\/\/www.yongyukitchenware.com\/wp-content\/uploads\/2026\/03\/Bulk-Double-Walled-Large-Soup-Bowl-3-768x768.webp 768w, https:\/\/www.yongyukitchenware.com\/wp-content\/uploads\/2026\/03\/Bulk-Double-Walled-Large-Soup-Bowl-3-12x12.webp 12w, https:\/\/www.yongyukitchenware.com\/wp-content\/uploads\/2026\/03\/Bulk-Double-Walled-Large-Soup-Bowl-3-600x600.webp 600w, https:\/\/www.yongyukitchenware.com\/wp-content\/uploads\/2026\/03\/Bulk-Double-Walled-Large-Soup-Bowl-3-100x100.webp 100w\" sizes=\"(max-width: 800px) 100vw, 800px\" \/><\/figure>\n<\/div>\n<\/div>\n<\/div>\n<\/div>","protected":false},"excerpt":{"rendered":"<p>Esta sopera de acero inoxidable de doble capa, disponible en dorado y plateado con 10 tama\u00f1os (de 5\u2033 a 16\u2033), es perfecta para servir sopas, ensaladas y mucho m\u00e1s, manteniendo la comida caliente durante m\u00e1s tiempo. El\u00edjanos para obtener precios inmejorables, dise\u00f1os personalizados y una calidad fiable.<\/p>\n<h2>Par\u00e1metro del plato hondo grande de doble pared a granel :<\/h2>\n<p><strong>Material:<\/strong> acero inoxidable<br \/><strong>Dise\u00f1o del cuenco:<\/strong> Dise\u00f1o antiquemaduras de doble capa<br \/><strong>Especificaciones:<\/strong> 5-16 pulgadas<br \/><strong>Embalaje:<\/strong> bolsa\/granel\/cart\u00f3n o personalizado<br \/><strong>OEM\/ODM:<\/strong> Disponible<\/p>\n<h2 class=\"wp-block-heading\">Del fabricante de utensilios de cocina Yongyu:<\/h2>\n<p>Yongyu es un fabricante profesional de utensilios de cocina, nuestros productos cubren todo tipo de utensilios de cocina de acero inoxidable y accesorios de cocina, proporcionando soluciones personalizadas con productos de alta calidad y precios de f\u00e1brica.<\/p>","protected":false},"featured_media":5191,"comment_status":"closed","ping_status":"closed","template":"","meta":{"_acf_changed":true},"application":[29],"product_brand":[],"product_cat":[23,35],"product_tag":[],"class_list":{"0":"post-5190","1":"product","2":"type-product","3":"status-publish","4":"has-post-thumbnail","6":"application-home-kitchen","7":"product_cat-kitchenware-wholesale","8":"product_cat-baking-trays-wholesale","10":"first","11":"instock","12":"shipping-taxable","13":"product-type-simple"},"acf":[],"_links":{"self":[{"href":"https:\/\/www.yongyukitchenware.com\/es\/wp-json\/wp\/v2\/product\/5190","targetHints":{"allow":["GET"]}}],"collection":[{"href":"https:\/\/www.yongyukitchenware.com\/es\/wp-json\/wp\/v2\/product"}],"about":[{"href":"https:\/\/www.yongyukitchenware.com\/es\/wp-json\/wp\/v2\/types\/product"}],"replies":[{"embeddable":true,"href":"https:\/\/www.yongyukitchenware.com\/es\/wp-json\/wp\/v2\/comments?post=5190"}],"wp:featuredmedia":[{"embeddable":true,"href":"https:\/\/www.yongyukitchenware.com\/es\/wp-json\/wp\/v2\/media\/5191"}],"wp:attachment":[{"href":"https:\/\/www.yongyukitchenware.com\/es\/wp-json\/wp\/v2\/media?parent=5190"}],"wp:term":[{"taxonomy":"application","embeddable":true,"href":"https:\/\/www.yongyukitchenware.com\/es\/wp-json\/wp\/v2\/application?post=5190"},{"taxonomy":"product_brand","embeddable":true,"href":"https:\/\/www.yongyukitchenware.com\/es\/wp-json\/wp\/v2\/product_brand?post=5190"},{"taxonomy":"product_cat","embeddable":true,"href":"https:\/\/www.yongyukitchenware.com\/es\/wp-json\/wp\/v2\/product_cat?post=5190"},{"taxonomy":"product_tag","embeddable":true,"href":"https:\/\/www.yongyukitchenware.com\/es\/wp-json\/wp\/v2\/product_tag?post=5190"}],"curies":[{"name":"wp","href":"https:\/\/api.w.org\/{rel}","templated":true}]}}