{"id":5218,"date":"2026-03-11T08:50:46","date_gmt":"2026-03-11T08:50:46","guid":{"rendered":"https:\/\/www.yongyukitchenware.com\/?post_type=product&#038;p=5218"},"modified":"2026-03-11T08:55:44","modified_gmt":"2026-03-11T08:55:44","slug":"wholesale-mini-frying-pan-3-layer-compound-steel-cooking-pan-with-steel-handle","status":"publish","type":"product","link":"https:\/\/www.yongyukitchenware.com\/es\/producto\/wholesale-mini-frying-pan-3-layer-compound-steel-cooking-pan-with-steel-handle\/","title":{"rendered":"Mayorista Mini Sart\u00e9n Sart\u00e9n de Acero Compuesto de 3 Capas con Mango de Acero"},"content":{"rendered":"<div class=\"wp-block-columns is-layout-flex wp-container-core-columns-is-layout-9d6595d7 wp-block-columns-is-layout-flex\">\n<div class=\"wp-block-column is-layout-flow wp-block-column-is-layout-flow\">\n<h2 class=\"wp-block-heading\">Mayorista Mini Sart\u00e9n Caracter\u00edsticas:<\/h2>\n\n\n\n<p><strong>Tama\u00f1o compacto: <\/strong>Con una capacidad de 400 ml, esta mini sart\u00e9n es ideal para cocinar comidas peque\u00f1as, como huevos o un salteado r\u00e1pido.<\/p>\n\n\n\n<p><strong>Dos opciones de asa: <\/strong>Elija entre un c\u00f3modo mango de madera o un elegante mango de acero inoxidable para conseguir el agarre y el estilo perfectos.<\/p>\n\n\n\n<p><strong>Acero inoxidable duradero: <\/strong>Fabricada en acero inoxidable de alta calidad, esta sart\u00e9n es resistente al \u00f3xido y al desgaste, garantizando una larga durabilidad.<\/p>\n\n\n\n<p><strong>Uso vers\u00e1til: <\/strong>Perfecta para fre\u00edr, saltear o incluso calentar peque\u00f1as porciones, esta sart\u00e9n es imprescindible para cocinas peque\u00f1as o comidas en solitario.<\/p>\n\n\n\n<p><strong>F\u00e1cil de limpiar: <\/strong>La superficie lisa de acero inoxidable facilita y agiliza la limpieza, ahorr\u00e1ndole tiempo en la cocina.<\/p>\n<\/div>\n\n\n\n<div class=\"wp-block-column is-layout-flow wp-block-column-is-layout-flow\">\n<div class=\"wp-block-columns is-layout-flex wp-container-core-columns-is-layout-9d6595d7 wp-block-columns-is-layout-flex\">\n<div class=\"wp-block-column is-layout-flow wp-block-column-is-layout-flow\">\n<figure class=\"wp-block-image size-full\"><img decoding=\"async\" width=\"800\" height=\"800\" src=\"https:\/\/www.yongyukitchenware.com\/wp-content\/uploads\/2026\/03\/Wholesale-Mini-Frying-Pan-11.webp\" alt=\"Mayorista-Mini-Sart\u00e9n-11\" class=\"wp-image-5216\" srcset=\"https:\/\/www.yongyukitchenware.com\/wp-content\/uploads\/2026\/03\/Wholesale-Mini-Frying-Pan-11.webp 800w, https:\/\/www.yongyukitchenware.com\/wp-content\/uploads\/2026\/03\/Wholesale-Mini-Frying-Pan-11-300x300.webp 300w, https:\/\/www.yongyukitchenware.com\/wp-content\/uploads\/2026\/03\/Wholesale-Mini-Frying-Pan-11-150x150.webp 150w, https:\/\/www.yongyukitchenware.com\/wp-content\/uploads\/2026\/03\/Wholesale-Mini-Frying-Pan-11-768x768.webp 768w, https:\/\/www.yongyukitchenware.com\/wp-content\/uploads\/2026\/03\/Wholesale-Mini-Frying-Pan-11-12x12.webp 12w, https:\/\/www.yongyukitchenware.com\/wp-content\/uploads\/2026\/03\/Wholesale-Mini-Frying-Pan-11-600x600.webp 600w, https:\/\/www.yongyukitchenware.com\/wp-content\/uploads\/2026\/03\/Wholesale-Mini-Frying-Pan-11-100x100.webp 100w\" sizes=\"(max-width: 800px) 100vw, 800px\" \/><\/figure>\n<\/div>\n<\/div>\n\n\n\n<figure class=\"wp-block-image size-full\"><img decoding=\"async\" width=\"800\" height=\"800\" src=\"https:\/\/www.yongyukitchenware.com\/wp-content\/uploads\/2026\/03\/Wholesale-Mini-Frying-Pan-5.webp\" alt=\"Mayorista-Mini-Sart\u00e9n-5\" class=\"wp-image-5210\" srcset=\"https:\/\/www.yongyukitchenware.com\/wp-content\/uploads\/2026\/03\/Wholesale-Mini-Frying-Pan-5.webp 800w, https:\/\/www.yongyukitchenware.com\/wp-content\/uploads\/2026\/03\/Wholesale-Mini-Frying-Pan-5-300x300.webp 300w, https:\/\/www.yongyukitchenware.com\/wp-content\/uploads\/2026\/03\/Wholesale-Mini-Frying-Pan-5-150x150.webp 150w, https:\/\/www.yongyukitchenware.com\/wp-content\/uploads\/2026\/03\/Wholesale-Mini-Frying-Pan-5-768x768.webp 768w, https:\/\/www.yongyukitchenware.com\/wp-content\/uploads\/2026\/03\/Wholesale-Mini-Frying-Pan-5-12x12.webp 12w, https:\/\/www.yongyukitchenware.com\/wp-content\/uploads\/2026\/03\/Wholesale-Mini-Frying-Pan-5-600x600.webp 600w, https:\/\/www.yongyukitchenware.com\/wp-content\/uploads\/2026\/03\/Wholesale-Mini-Frying-Pan-5-100x100.webp 100w\" sizes=\"(max-width: 800px) 100vw, 800px\" \/><\/figure>\n<\/div>\n<\/div>\n\n\n\n<p><\/p>","protected":false},"excerpt":{"rendered":"<p><span data-mce-type=\"bookmark\" style=\"width: 0px;overflow: hidden;line-height: 0\" class=\"mce_SELRES_start\"><\/span>Esta mini sart\u00e9n de acero inoxidable ofrece dos estilos de mango para su elecci\u00f3n: mango de madera y mango de acero. Tiene una capacidad de 400 mililitros. Es perfecta para fre\u00edr huevos o cocinar peque\u00f1as porciones de comida. El\u00edjanos y podr\u00e1 disfrutar de nuestros productos de alta calidad, precios competitivos y excelente servicio de atenci\u00f3n al cliente.<\/p>\n<h2>Mayorista Mini Sart\u00e9n Par\u00e1metros:<\/h2>\n<p><strong>Material:<\/strong> Acero de tres capas (SS 304)<br \/><strong>Capacidad:<\/strong> 400 ml<br \/><strong>Tallas:<\/strong> Di\u00e1metro: 13 cm, Altura: 4,5 cm, Longitud del asa: 13,5 cm<br \/><strong>OEM\/ODM:<\/strong> Disponible<\/p>\n<h2 class=\"wp-block-heading\">De Yongyu Cookware Fabricante :<\/h2>\n<p>Yongyu es un conocido fabricante de utensilios de cocina de China, conocido por ofrecer una amplia gama de utensilios de cocina de acero inoxidable de alta calidad, como sartenes, woks, ollas y ollas para pasta, etc.<\/p>","protected":false},"featured_media":5207,"comment_status":"closed","ping_status":"closed","template":"","meta":{"_acf_changed":true},"application":[29],"product_brand":[],"product_cat":[23,32],"product_tag":[],"class_list":{"0":"post-5218","1":"product","2":"type-product","3":"status-publish","4":"has-post-thumbnail","6":"application-home-kitchen","7":"product_cat-kitchenware-wholesale","8":"product_cat-wholesale-cookware","10":"first","11":"instock","12":"shipping-taxable","13":"product-type-simple"},"acf":[],"_links":{"self":[{"href":"https:\/\/www.yongyukitchenware.com\/es\/wp-json\/wp\/v2\/product\/5218","targetHints":{"allow":["GET"]}}],"collection":[{"href":"https:\/\/www.yongyukitchenware.com\/es\/wp-json\/wp\/v2\/product"}],"about":[{"href":"https:\/\/www.yongyukitchenware.com\/es\/wp-json\/wp\/v2\/types\/product"}],"replies":[{"embeddable":true,"href":"https:\/\/www.yongyukitchenware.com\/es\/wp-json\/wp\/v2\/comments?post=5218"}],"wp:featuredmedia":[{"embeddable":true,"href":"https:\/\/www.yongyukitchenware.com\/es\/wp-json\/wp\/v2\/media\/5207"}],"wp:attachment":[{"href":"https:\/\/www.yongyukitchenware.com\/es\/wp-json\/wp\/v2\/media?parent=5218"}],"wp:term":[{"taxonomy":"application","embeddable":true,"href":"https:\/\/www.yongyukitchenware.com\/es\/wp-json\/wp\/v2\/application?post=5218"},{"taxonomy":"product_brand","embeddable":true,"href":"https:\/\/www.yongyukitchenware.com\/es\/wp-json\/wp\/v2\/product_brand?post=5218"},{"taxonomy":"product_cat","embeddable":true,"href":"https:\/\/www.yongyukitchenware.com\/es\/wp-json\/wp\/v2\/product_cat?post=5218"},{"taxonomy":"product_tag","embeddable":true,"href":"https:\/\/www.yongyukitchenware.com\/es\/wp-json\/wp\/v2\/product_tag?post=5218"}],"curies":[{"name":"wp","href":"https:\/\/api.w.org\/{rel}","templated":true}]}}