{"id":5220,"date":"2026-03-11T09:01:37","date_gmt":"2026-03-11T09:01:37","guid":{"rendered":"https:\/\/www.yongyukitchenware.com\/?post_type=product&#038;p=5220"},"modified":"2026-03-16T08:06:03","modified_gmt":"2026-03-16T08:06:03","slug":"wholesale-double-wall-bowl-stainless-steels-gold-silver-for-catering-copy","status":"publish","type":"product","link":"https:\/\/www.yongyukitchenware.com\/es\/producto\/wholesale-double-wall-bowl-stainless-steels-gold-silver-for-catering-copy\/","title":{"rendered":"Taz\u00f3n de acero inoxidable personalizado para beb\u00e9s Plato de metal para ni\u00f1os de dibujos animados"},"content":{"rendered":"<div class=\"wp-block-columns is-layout-flex wp-container-core-columns-is-layout-9d6595d7 wp-block-columns-is-layout-flex\">\n<div class=\"wp-block-column is-layout-flow wp-block-column-is-layout-flow\">\n<h2 class=\"wp-block-heading\">Bol de beb\u00e9 de acero inoxidable personalizado Caracter\u00edsticas:<\/h2>\n\n\n\n<p><strong>Divertidos dibujos animados:<\/strong> Con 3 divertidos dibujos animados, este plato hace que la hora de la comida sea emocionante y anima a los ni\u00f1os a comer.<\/p>\n\n\n\n<p><strong>Acero inoxidable duradero: <\/strong>Fabricada en acero inoxidable de alta calidad, la placa est\u00e1 hecha para soportar el uso diario y es resistente al desgaste.<\/p>\n\n\n\n<p><strong>Seguro para los ni\u00f1os: <\/strong>Fabricado con materiales seguros y no t\u00f3xicos, es perfecto para las comidas de los m\u00e1s peque\u00f1os.<\/p>\n\n\n\n<p><strong>F\u00e1cil de limpiar: <\/strong>La superficie lisa de acero inoxidable facilita la limpieza, perfecta para padres ocupados.<\/p>\n\n\n\n<p><strong>Tama\u00f1o perfecto: <\/strong>Con un tama\u00f1o de 16,5\u00d718,5x4 cm, este plato es ideal para servir las raciones adecuadas a los ni\u00f1os.<\/p>\n<\/div>\n\n\n\n<div class=\"wp-block-column is-layout-flow wp-block-column-is-layout-flow\">\n<div class=\"wp-block-columns is-layout-flex wp-container-core-columns-is-layout-9d6595d7 wp-block-columns-is-layout-flex\">\n<div class=\"wp-block-column is-layout-flow wp-block-column-is-layout-flow\">\n<figure class=\"wp-block-image size-full\"><img decoding=\"async\" width=\"800\" height=\"800\" src=\"https:\/\/www.yongyukitchenware.com\/wp-content\/uploads\/2026\/03\/Custom-Stainless-Steel-Baby-Bowl-6.webp\" alt=\"Beb\u00e9 de acero inoxidable a medida - Bol 6\" class=\"wp-image-5226\" srcset=\"https:\/\/www.yongyukitchenware.com\/wp-content\/uploads\/2026\/03\/Custom-Stainless-Steel-Baby-Bowl-6.webp 800w, https:\/\/www.yongyukitchenware.com\/wp-content\/uploads\/2026\/03\/Custom-Stainless-Steel-Baby-Bowl-6-300x300.webp 300w, https:\/\/www.yongyukitchenware.com\/wp-content\/uploads\/2026\/03\/Custom-Stainless-Steel-Baby-Bowl-6-150x150.webp 150w, https:\/\/www.yongyukitchenware.com\/wp-content\/uploads\/2026\/03\/Custom-Stainless-Steel-Baby-Bowl-6-768x768.webp 768w, https:\/\/www.yongyukitchenware.com\/wp-content\/uploads\/2026\/03\/Custom-Stainless-Steel-Baby-Bowl-6-12x12.webp 12w, https:\/\/www.yongyukitchenware.com\/wp-content\/uploads\/2026\/03\/Custom-Stainless-Steel-Baby-Bowl-6-600x600.webp 600w, https:\/\/www.yongyukitchenware.com\/wp-content\/uploads\/2026\/03\/Custom-Stainless-Steel-Baby-Bowl-6-100x100.webp 100w\" sizes=\"(max-width: 800px) 100vw, 800px\" \/><\/figure>\n<\/div>\n<\/div>\n\n\n\n<div class=\"wp-block-columns is-layout-flex wp-container-core-columns-is-layout-9d6595d7 wp-block-columns-is-layout-flex\">\n<div class=\"wp-block-column is-layout-flow wp-block-column-is-layout-flow\">\n<figure class=\"wp-block-image size-full\"><img decoding=\"async\" width=\"800\" height=\"800\" src=\"https:\/\/www.yongyukitchenware.com\/wp-content\/uploads\/2026\/03\/Custom-Stainless-Steel-Baby-Bowl-2.webp\" alt=\"Beb\u00e9 de acero inoxidable a medida-2\" class=\"wp-image-5222\" srcset=\"https:\/\/www.yongyukitchenware.com\/wp-content\/uploads\/2026\/03\/Custom-Stainless-Steel-Baby-Bowl-2.webp 800w, https:\/\/www.yongyukitchenware.com\/wp-content\/uploads\/2026\/03\/Custom-Stainless-Steel-Baby-Bowl-2-300x300.webp 300w, https:\/\/www.yongyukitchenware.com\/wp-content\/uploads\/2026\/03\/Custom-Stainless-Steel-Baby-Bowl-2-150x150.webp 150w, https:\/\/www.yongyukitchenware.com\/wp-content\/uploads\/2026\/03\/Custom-Stainless-Steel-Baby-Bowl-2-768x768.webp 768w, https:\/\/www.yongyukitchenware.com\/wp-content\/uploads\/2026\/03\/Custom-Stainless-Steel-Baby-Bowl-2-12x12.webp 12w, https:\/\/www.yongyukitchenware.com\/wp-content\/uploads\/2026\/03\/Custom-Stainless-Steel-Baby-Bowl-2-600x600.webp 600w, https:\/\/www.yongyukitchenware.com\/wp-content\/uploads\/2026\/03\/Custom-Stainless-Steel-Baby-Bowl-2-100x100.webp 100w\" sizes=\"(max-width: 800px) 100vw, 800px\" \/><\/figure>\n<\/div>\n<\/div>\n<\/div>\n<\/div>\n\n\n\n<p><\/p>","protected":false},"excerpt":{"rendered":"<p>Este plato infantil de acero inoxidable viene en 3 simp\u00e1ticos dise\u00f1os de dibujos animados, para que la hora de comer sea divertida para los ni\u00f1os. Con una superficie duradera y f\u00e1cil de limpiar, es perfecto para el uso diario. Benef\u00edciese de nuestra calidad superior, opciones personalizables y servicio eficiente.<\/p>\n<h2 style=\"text-align: left\">Par\u00e1metro de la taza del beb\u00e9 de acero inoxidable personalizado:<\/h2>\n<p style=\"text-align: left\"><strong>Material:<\/strong> Acero inoxidable<br \/><strong>Tama\u00f1o:<\/strong> 16,5*18,5*4cm<br \/><strong>Peso:<\/strong> 105g<br \/><strong>Embalaje: <\/strong>Bolsa Opp y caja de cart\u00f3n<br \/><strong>OEM\/ODM:<\/strong> Disponible<\/p>\n<h2 class=\"wp-block-heading\">Del mayorista de vajillas Yongyu:<\/h2>\n<p>Yongyu Tableware Wholesaler puede satisfacer las necesidades de los clientes al por mayor y proporcionar una serie de suministros de catering al por mayor de alta calidad que combina elegancia y durabilidad. Incluyendo vajilla, bebida, equipo de catering, utensilios de cocina, elementos esenciales de cocina de campamento, etc..<\/p>","protected":false},"featured_media":5221,"comment_status":"closed","ping_status":"closed","template":"","meta":{"_acf_changed":false},"application":[30],"product_brand":[],"product_cat":[21,47],"product_tag":[43],"class_list":{"0":"post-5220","1":"product","2":"type-product","3":"status-publish","4":"has-post-thumbnail","6":"application-hotel-catering","7":"product_cat-tableware-wholesale","8":"product_cat-stainless-steel-bowls-wholesale","9":"product_tag-recommend","11":"first","12":"instock","13":"shipping-taxable","14":"product-type-simple"},"acf":[],"_links":{"self":[{"href":"https:\/\/www.yongyukitchenware.com\/es\/wp-json\/wp\/v2\/product\/5220","targetHints":{"allow":["GET"]}}],"collection":[{"href":"https:\/\/www.yongyukitchenware.com\/es\/wp-json\/wp\/v2\/product"}],"about":[{"href":"https:\/\/www.yongyukitchenware.com\/es\/wp-json\/wp\/v2\/types\/product"}],"replies":[{"embeddable":true,"href":"https:\/\/www.yongyukitchenware.com\/es\/wp-json\/wp\/v2\/comments?post=5220"}],"wp:featuredmedia":[{"embeddable":true,"href":"https:\/\/www.yongyukitchenware.com\/es\/wp-json\/wp\/v2\/media\/5221"}],"wp:attachment":[{"href":"https:\/\/www.yongyukitchenware.com\/es\/wp-json\/wp\/v2\/media?parent=5220"}],"wp:term":[{"taxonomy":"application","embeddable":true,"href":"https:\/\/www.yongyukitchenware.com\/es\/wp-json\/wp\/v2\/application?post=5220"},{"taxonomy":"product_brand","embeddable":true,"href":"https:\/\/www.yongyukitchenware.com\/es\/wp-json\/wp\/v2\/product_brand?post=5220"},{"taxonomy":"product_cat","embeddable":true,"href":"https:\/\/www.yongyukitchenware.com\/es\/wp-json\/wp\/v2\/product_cat?post=5220"},{"taxonomy":"product_tag","embeddable":true,"href":"https:\/\/www.yongyukitchenware.com\/es\/wp-json\/wp\/v2\/product_tag?post=5220"}],"curies":[{"name":"wp","href":"https:\/\/api.w.org\/{rel}","templated":true}]}}