{"id":624,"date":"2024-09-27T18:34:05","date_gmt":"2024-09-27T18:34:05","guid":{"rendered":"https:\/\/www.yongyukitchenware.com\/?post_type=product&#038;p=624"},"modified":"2025-06-26T02:36:44","modified_gmt":"2025-06-26T02:36:44","slug":"korean-ramen-pot-wholesale","status":"publish","type":"product","link":"https:\/\/www.yongyukitchenware.com\/es\/producto\/korean-ramen-pot-wholesale\/","title":{"rendered":"Mayorista Ramen Coreano Olla Acero Inoxidable para Cocinar Fideos"},"content":{"rendered":"<div class=\"wp-block-columns is-layout-flex wp-container-core-columns-is-layout-9d6595d7 wp-block-columns-is-layout-flex\">\n<div class=\"wp-block-column is-layout-flow wp-block-column-is-layout-flow\">\n<h2 class=\"wp-block-heading\">Ramen coreano Caracter\u00edsticas:<\/h2>\n\n\n\n<p><strong>Acero inoxidable de alta calidad:<\/strong> El acero inoxidable de calidad alimentaria es resistente a la corrosi\u00f3n, inodoro y duradero.<br><strong>Tapa hundida: <\/strong>la tapa y la boca de la olla se ajustan bien para evitar que la sopa se derrame y conservar el delicioso sabor<br><strong>Dise\u00f1o de doble asa:<\/strong> Aislamiento t\u00e9rmico engrosado y mango antiquemaduras, m\u00e1s seguro y c\u00f3modo, el mango de tiro reforzado con remaches es m\u00e1s s\u00f3lido y duradero.<br><strong>Uso multifuncional: <\/strong>adecuado para una variedad de m\u00e9todos de cocci\u00f3n, la parte inferior de la sart\u00e9n se calienta de manera uniforme y r\u00e1pida y compatible con una variedad de estufas, ahorro de energ\u00eda y ahorro de tiempo<br><strong>Ahorra espacio:<\/strong> dise\u00f1o m\u00e1s ancho de gran calibre y diferentes tama\u00f1os, se pueden apilar y almacenar para ahorrar espacio<\/p>\n\n\n\n<div class=\"wp-block-group is-vertical is-layout-flex wp-container-core-group-is-layout-8cf370e7 wp-block-group-is-layout-flex\">\n<h2 class=\"wp-block-heading\">Tama\u00f1o de la olla de ramen coreano:<\/h2>\n<\/div>\n\n\n\n<figure class=\"wp-block-table\"><table class=\"has-fixed-layout\"><tbody><tr><td>Modelo<\/td><td>Talla<\/td><td>Longitud * Anchura * Altura (cm)<\/td><td>MOQ<\/td><\/tr><tr><td rowspan=\"5\">DY044-G<\/td><td>16 cm<\/td><td>25,5*18*7,3 cm<\/td><td rowspan=\"5\">60PCS<\/td><\/tr><tr><td>18 cm<\/td><td>27,3*20*7,8 cm<\/td><\/tr><tr><td>20 cm<\/td><td>29,5*22*8,5 cm<\/td><\/tr><tr><td>22 cm<\/td><td>31,6*24*9cm<\/td><\/tr><tr><td>24 cm<\/td><td>35,5*26*9,3cm<\/td><\/tr><\/tbody><\/table><\/figure>\n<\/div>\n\n\n\n<div class=\"wp-block-column is-layout-flow wp-block-column-is-layout-flow\">\n<div class=\"wp-block-columns is-layout-flex wp-container-core-columns-is-layout-9d6595d7 wp-block-columns-is-layout-flex\">\n<div class=\"wp-block-column is-layout-flow wp-block-column-is-layout-flow\">\n<figure class=\"wp-block-image size-full\"><img decoding=\"async\" width=\"800\" height=\"800\" src=\"https:\/\/www.yongyukitchenware.com\/wp-content\/uploads\/2024\/09\/korean-ramen-pot-manufacturer-1.webp\" alt=\"fabricante de ollas coreanas-ramen-1\" class=\"wp-image-639\" srcset=\"https:\/\/www.yongyukitchenware.com\/wp-content\/uploads\/2024\/09\/korean-ramen-pot-manufacturer-1.webp 800w, https:\/\/www.yongyukitchenware.com\/wp-content\/uploads\/2024\/09\/korean-ramen-pot-manufacturer-1-300x300.webp 300w, https:\/\/www.yongyukitchenware.com\/wp-content\/uploads\/2024\/09\/korean-ramen-pot-manufacturer-1-150x150.webp 150w, https:\/\/www.yongyukitchenware.com\/wp-content\/uploads\/2024\/09\/korean-ramen-pot-manufacturer-1-768x768.webp 768w, https:\/\/www.yongyukitchenware.com\/wp-content\/uploads\/2024\/09\/korean-ramen-pot-manufacturer-1-600x600.webp 600w, https:\/\/www.yongyukitchenware.com\/wp-content\/uploads\/2024\/09\/korean-ramen-pot-manufacturer-1-100x100.webp 100w\" sizes=\"(max-width: 800px) 100vw, 800px\" \/><\/figure>\n<\/div>\n\n\n\n<div class=\"wp-block-column is-layout-flow wp-block-column-is-layout-flow\">\n<figure class=\"wp-block-image size-full\"><img decoding=\"async\" width=\"800\" height=\"800\" src=\"https:\/\/www.yongyukitchenware.com\/wp-content\/uploads\/2024\/09\/korean-ramen-pot-manufacturer-2.webp\" alt=\"korean-ramen-pot-manufacturer-2\" class=\"wp-image-640\" srcset=\"https:\/\/www.yongyukitchenware.com\/wp-content\/uploads\/2024\/09\/korean-ramen-pot-manufacturer-2.webp 800w, https:\/\/www.yongyukitchenware.com\/wp-content\/uploads\/2024\/09\/korean-ramen-pot-manufacturer-2-300x300.webp 300w, https:\/\/www.yongyukitchenware.com\/wp-content\/uploads\/2024\/09\/korean-ramen-pot-manufacturer-2-150x150.webp 150w, https:\/\/www.yongyukitchenware.com\/wp-content\/uploads\/2024\/09\/korean-ramen-pot-manufacturer-2-768x768.webp 768w, https:\/\/www.yongyukitchenware.com\/wp-content\/uploads\/2024\/09\/korean-ramen-pot-manufacturer-2-600x600.webp 600w, https:\/\/www.yongyukitchenware.com\/wp-content\/uploads\/2024\/09\/korean-ramen-pot-manufacturer-2-100x100.webp 100w\" sizes=\"(max-width: 800px) 100vw, 800px\" \/><\/figure>\n<\/div>\n<\/div>\n\n\n\n<div class=\"wp-block-columns is-layout-flex wp-container-core-columns-is-layout-9d6595d7 wp-block-columns-is-layout-flex\">\n<div class=\"wp-block-column is-layout-flow wp-block-column-is-layout-flow\">\n<figure class=\"wp-block-image size-full\"><img decoding=\"async\" width=\"800\" height=\"800\" src=\"https:\/\/www.yongyukitchenware.com\/wp-content\/uploads\/2024\/09\/korean-ramen-pot-manufacturer-7.webp\" alt=\"fabricante de ollas coreanas 7\" class=\"wp-image-646\" srcset=\"https:\/\/www.yongyukitchenware.com\/wp-content\/uploads\/2024\/09\/korean-ramen-pot-manufacturer-7.webp 800w, https:\/\/www.yongyukitchenware.com\/wp-content\/uploads\/2024\/09\/korean-ramen-pot-manufacturer-7-300x300.webp 300w, https:\/\/www.yongyukitchenware.com\/wp-content\/uploads\/2024\/09\/korean-ramen-pot-manufacturer-7-150x150.webp 150w, https:\/\/www.yongyukitchenware.com\/wp-content\/uploads\/2024\/09\/korean-ramen-pot-manufacturer-7-768x768.webp 768w, https:\/\/www.yongyukitchenware.com\/wp-content\/uploads\/2024\/09\/korean-ramen-pot-manufacturer-7-600x600.webp 600w, https:\/\/www.yongyukitchenware.com\/wp-content\/uploads\/2024\/09\/korean-ramen-pot-manufacturer-7-100x100.webp 100w\" sizes=\"(max-width: 800px) 100vw, 800px\" \/><\/figure>\n<\/div>\n\n\n\n<div class=\"wp-block-column is-layout-flow wp-block-column-is-layout-flow\">\n<figure class=\"wp-block-image size-full\"><img decoding=\"async\" width=\"800\" height=\"800\" src=\"https:\/\/www.yongyukitchenware.com\/wp-content\/uploads\/2024\/09\/korean-ramen-pot-manufacturer-8.webp\" alt=\"fabricante de ollas coreanas 8\" class=\"wp-image-647\" srcset=\"https:\/\/www.yongyukitchenware.com\/wp-content\/uploads\/2024\/09\/korean-ramen-pot-manufacturer-8.webp 800w, https:\/\/www.yongyukitchenware.com\/wp-content\/uploads\/2024\/09\/korean-ramen-pot-manufacturer-8-300x300.webp 300w, https:\/\/www.yongyukitchenware.com\/wp-content\/uploads\/2024\/09\/korean-ramen-pot-manufacturer-8-150x150.webp 150w, https:\/\/www.yongyukitchenware.com\/wp-content\/uploads\/2024\/09\/korean-ramen-pot-manufacturer-8-768x768.webp 768w, https:\/\/www.yongyukitchenware.com\/wp-content\/uploads\/2024\/09\/korean-ramen-pot-manufacturer-8-600x600.webp 600w, https:\/\/www.yongyukitchenware.com\/wp-content\/uploads\/2024\/09\/korean-ramen-pot-manufacturer-8-100x100.webp 100w\" sizes=\"(max-width: 800px) 100vw, 800px\" \/><\/figure>\n<\/div>\n<\/div>\n<\/div>\n<\/div>\n\n\n\n<p><\/p>","protected":false},"excerpt":{"rendered":"<p>Olla de ramen coreano de acero inoxidable al por mayor y al por mayor, opciones de oro y plata, puede cocinar fideos de manera uniforme, una excelente opci\u00f3n para las ollas m\u00e1s vendidas de Amazon.<\/p>\n<h2 style=\"text-align: left\">Par\u00e1metro de la olla de ramen coreano :<\/h2>\n<p style=\"text-align: left\"><strong>Material:<\/strong> Acero inoxidable<br \/><strong>Color:<\/strong> Plata, Oro, Color personalizado<br \/><strong>Dise\u00f1o de utensilios de cocina:<\/strong> tirador reforzado con remaches y tapa de acero inoxidable hundida<br \/><strong>Diferentes tama\u00f1os disponibles:<\/strong> 16cm,18cm,20cm,22cm, y 24cm tama\u00f1os diferentes especificaciones<br \/><strong>Embalaje:<\/strong> Bolsas\/Granel\/Cartones o a medida<br \/><strong>OEM\/ODM:<\/strong> Disponible<\/p>\n<h2 class=\"wp-block-heading\">De Yongyu Cookware Fabricante :<\/h2>\n<p>Yongyu es un fabricante profesional de utensilios de cocina, nuestros productos abarcan todo tipo de utensilios de cocina de acero inoxidable, como ollas para fideos, sartenes, ollas para guisos, etc., proporcionando servicios de adquisici\u00f3n de calidad y precios asequibles para cada cliente.<\/p>","protected":false},"featured_media":719,"comment_status":"closed","ping_status":"closed","template":"","meta":{"_acf_changed":true},"application":[29],"product_brand":[],"product_cat":[23,32],"product_tag":[],"class_list":{"0":"post-624","1":"product","2":"type-product","3":"status-publish","4":"has-post-thumbnail","6":"application-home-kitchen","7":"product_cat-kitchenware-wholesale","8":"product_cat-wholesale-cookware","10":"first","11":"instock","12":"shipping-taxable","13":"product-type-simple"},"acf":[],"_links":{"self":[{"href":"https:\/\/www.yongyukitchenware.com\/es\/wp-json\/wp\/v2\/product\/624","targetHints":{"allow":["GET"]}}],"collection":[{"href":"https:\/\/www.yongyukitchenware.com\/es\/wp-json\/wp\/v2\/product"}],"about":[{"href":"https:\/\/www.yongyukitchenware.com\/es\/wp-json\/wp\/v2\/types\/product"}],"replies":[{"embeddable":true,"href":"https:\/\/www.yongyukitchenware.com\/es\/wp-json\/wp\/v2\/comments?post=624"}],"wp:featuredmedia":[{"embeddable":true,"href":"https:\/\/www.yongyukitchenware.com\/es\/wp-json\/wp\/v2\/media\/719"}],"wp:attachment":[{"href":"https:\/\/www.yongyukitchenware.com\/es\/wp-json\/wp\/v2\/media?parent=624"}],"wp:term":[{"taxonomy":"application","embeddable":true,"href":"https:\/\/www.yongyukitchenware.com\/es\/wp-json\/wp\/v2\/application?post=624"},{"taxonomy":"product_brand","embeddable":true,"href":"https:\/\/www.yongyukitchenware.com\/es\/wp-json\/wp\/v2\/product_brand?post=624"},{"taxonomy":"product_cat","embeddable":true,"href":"https:\/\/www.yongyukitchenware.com\/es\/wp-json\/wp\/v2\/product_cat?post=624"},{"taxonomy":"product_tag","embeddable":true,"href":"https:\/\/www.yongyukitchenware.com\/es\/wp-json\/wp\/v2\/product_tag?post=624"}],"curies":[{"name":"wp","href":"https:\/\/api.w.org\/{rel}","templated":true}]}}