{"id":632,"date":"2024-09-28T07:58:00","date_gmt":"2024-09-28T07:58:00","guid":{"rendered":"https:\/\/www.yongyukitchenware.com\/?post_type=product&#038;p=632"},"modified":"2025-06-26T02:43:22","modified_gmt":"2025-06-26T02:43:22","slug":"boat-shaped-bowl-wholesale","status":"publish","type":"product","link":"https:\/\/www.yongyukitchenware.com\/es\/producto\/boat-shaped-bowl-wholesale\/","title":{"rendered":"Mayorista Taz\u00f3n en forma de Barco de Acero Inoxidable Gloden Sliver para Servir Ensalada"},"content":{"rendered":"<div class=\"wp-block-columns is-layout-flex wp-container-core-columns-is-layout-9d6595d7 wp-block-columns-is-layout-flex\">\n<div class=\"wp-block-column is-layout-flow wp-block-column-is-layout-flow\">\n<h2 class=\"wp-block-heading\">Par\u00e1metro del cuenco en forma de barco<\/h2>\n\n\n\n<figure class=\"wp-block-table\"><table class=\"has-fixed-layout\"><tbody><tr><td>Modelo<\/td><td>Forma<\/td><td>Largo * Ancho *<br>&nbsp;Altura (cm)<\/td><td>MOQ<\/td><\/tr><tr><td rowspan=\"3\">DY024-W<\/td><td>Peque\u00f1o<\/td><td>16*11*5<\/td><td rowspan=\"3\">200PCS<\/td><\/tr><tr><td>Medio<\/td><td>20*13.5*6<\/td><\/tr><tr><td>Grande<\/td><td>25*16*7<\/td><\/tr><\/tbody><\/table><\/figure>\n<\/div>\n\n\n\n<div class=\"wp-block-column is-layout-flow wp-block-column-is-layout-flow\">\n<h2 class=\"wp-block-heading\">Caracter\u00edsticas:<\/h2>\n\n\n\n<p><strong>Dise\u00f1o creativo: <\/strong>El dise\u00f1o del fondo es plano y liso, lo que garantiza una colocaci\u00f3n estable y evita vuelcos o deslizamientos. La exclusiva forma de barco y lingote es preciosa y realza el efecto visual general de la mesa de comedor.<\/p>\n\n\n\n<p><strong>Acero inoxidable de alta calidad: <\/strong>Fabricado en acero inoxidable de calidad alimentaria, garantiza la resistencia a la corrosi\u00f3n y la ausencia de olores, garantizando la seguridad de los alimentos. Al mismo tiempo, este material es duradero, adecuado para el uso a largo plazo, y no es f\u00e1cil de deformar o da\u00f1ar.<\/p>\n\n\n\n<p><strong>Varias especificaciones entre las que elegir: <\/strong>El cuenco ofrece tres opciones de tama\u00f1o diferentes para satisfacer las necesidades de distintas ocasiones. El chapado en oro o plata opcional hace que cada cuenco sea m\u00e1s bonito y adecuado para banquetes de alto nivel y ocasiones especiales.<\/p>\n\n\n\n<p><strong>Bordes redondeados: <\/strong>Los bordes est\u00e1n finamente pulidos, son lisos y no tienen rebabas, lo que garantiza un uso seguro sin ara\u00f1ar las manos ni da\u00f1ar los alimentos. Este dise\u00f1o mejora la experiencia del usuario y aumenta la seguridad.<\/p>\n\n\n\n<p><strong>Proceso de pulido con cepillo: <\/strong>La superficie adopta un proceso de pulido cepillado, con textura suave y delicada, buen tacto y f\u00e1cil de limpiar.<\/p>\n<\/div>\n<\/div>\n\n\n\n<div class=\"wp-block-columns is-layout-flex wp-container-core-columns-is-layout-9d6595d7 wp-block-columns-is-layout-flex\">\n<div class=\"wp-block-column is-layout-flow wp-block-column-is-layout-flow\">\n<figure class=\"wp-block-image size-full\"><img decoding=\"async\" width=\"800\" height=\"800\" src=\"https:\/\/www.yongyukitchenware.com\/wp-content\/uploads\/2024\/09\/Wholesale-Boat-Shaped-Bowl-2.webp\" alt=\"Mayorista Taz\u00f3n en forma de barco 2\" class=\"wp-image-634\" srcset=\"https:\/\/www.yongyukitchenware.com\/wp-content\/uploads\/2024\/09\/Wholesale-Boat-Shaped-Bowl-2.webp 800w, https:\/\/www.yongyukitchenware.com\/wp-content\/uploads\/2024\/09\/Wholesale-Boat-Shaped-Bowl-2-300x300.webp 300w, https:\/\/www.yongyukitchenware.com\/wp-content\/uploads\/2024\/09\/Wholesale-Boat-Shaped-Bowl-2-150x150.webp 150w, https:\/\/www.yongyukitchenware.com\/wp-content\/uploads\/2024\/09\/Wholesale-Boat-Shaped-Bowl-2-768x768.webp 768w, https:\/\/www.yongyukitchenware.com\/wp-content\/uploads\/2024\/09\/Wholesale-Boat-Shaped-Bowl-2-600x600.webp 600w, https:\/\/www.yongyukitchenware.com\/wp-content\/uploads\/2024\/09\/Wholesale-Boat-Shaped-Bowl-2-100x100.webp 100w\" sizes=\"(max-width: 800px) 100vw, 800px\" \/><\/figure>\n<\/div>\n\n\n\n<div class=\"wp-block-column is-layout-flow wp-block-column-is-layout-flow\">\n<figure class=\"wp-block-image size-full\"><img decoding=\"async\" width=\"800\" height=\"800\" src=\"https:\/\/www.yongyukitchenware.com\/wp-content\/uploads\/2024\/09\/Wholesale-Boat-Shaped-Bowl-5.webp\" alt=\"Mayorista Taz\u00f3n en forma de barco 5\" class=\"wp-image-637\" srcset=\"https:\/\/www.yongyukitchenware.com\/wp-content\/uploads\/2024\/09\/Wholesale-Boat-Shaped-Bowl-5.webp 800w, https:\/\/www.yongyukitchenware.com\/wp-content\/uploads\/2024\/09\/Wholesale-Boat-Shaped-Bowl-5-300x300.webp 300w, https:\/\/www.yongyukitchenware.com\/wp-content\/uploads\/2024\/09\/Wholesale-Boat-Shaped-Bowl-5-150x150.webp 150w, https:\/\/www.yongyukitchenware.com\/wp-content\/uploads\/2024\/09\/Wholesale-Boat-Shaped-Bowl-5-768x768.webp 768w, https:\/\/www.yongyukitchenware.com\/wp-content\/uploads\/2024\/09\/Wholesale-Boat-Shaped-Bowl-5-600x600.webp 600w, https:\/\/www.yongyukitchenware.com\/wp-content\/uploads\/2024\/09\/Wholesale-Boat-Shaped-Bowl-5-100x100.webp 100w\" sizes=\"(max-width: 800px) 100vw, 800px\" \/><\/figure>\n<\/div>\n<\/div>\n\n\n\n<p><\/p>","protected":false},"excerpt":{"rendered":"<p>Nuestros boles para barcos al por mayor tienen un dise\u00f1o exclusivo y est\u00e1n fabricados en acero inoxidable de alta calidad, que es duradero y f\u00e1cil de limpiar. Tiene una variedad de especificaciones para servir ensaladas, postres y aperitivos, y es una opci\u00f3n ideal para servicios de catering elegantes y modernos.\u00a0 \u00a0 \u00a0 \u00a0 \u00a0 \u00a0 \u00a0 \u00a0 \u00a0\u00a0<\/p>\n<h2>Taz\u00f3n en forma de barco Atributos :<\/h2>\n<p><strong>Material: <\/strong>Acero inoxidable<br \/><strong>Color: <\/strong>Oro\/Plata<br \/><strong>Forma: <\/strong>En forma de barco<br \/><strong>Embalaje: <\/strong>Bolsa Opp y caja de cart\u00f3n<br \/><strong>OEM\/ODM: <\/strong>Disponible<\/p>\n<h2><!-- \/wp:heading --><\/p>\n<p><!-- wp:paragraph --><\/h2>\n<h2 class=\"wp-block-heading\">Mayorista de vajilla Yongyu:<\/h2>\n<p class=\"wp-block-heading\">Yongyu Tableware Wholesaler puede satisfacer las necesidades de los clientes al por mayor y proporcionar una serie de suministros de catering al por mayor de alta calidad que combina elegancia y durabilidad. Incluyendo vajilla, bebida, equipo de catering, utensilios de cocina, elementos esenciales de cocina de campamento, etc..<\/p>\n<h2><!-- \/wp:paragraph --><\/h2>","protected":false},"featured_media":633,"comment_status":"closed","ping_status":"closed","template":"","meta":{"_acf_changed":true},"application":[30],"product_brand":[],"product_cat":[21,47],"product_tag":[],"class_list":{"0":"post-632","1":"product","2":"type-product","3":"status-publish","4":"has-post-thumbnail","6":"application-hotel-catering","7":"product_cat-tableware-wholesale","8":"product_cat-stainless-steel-bowls-wholesale","10":"first","11":"instock","12":"shipping-taxable","13":"product-type-simple"},"acf":[],"_links":{"self":[{"href":"https:\/\/www.yongyukitchenware.com\/es\/wp-json\/wp\/v2\/product\/632","targetHints":{"allow":["GET"]}}],"collection":[{"href":"https:\/\/www.yongyukitchenware.com\/es\/wp-json\/wp\/v2\/product"}],"about":[{"href":"https:\/\/www.yongyukitchenware.com\/es\/wp-json\/wp\/v2\/types\/product"}],"replies":[{"embeddable":true,"href":"https:\/\/www.yongyukitchenware.com\/es\/wp-json\/wp\/v2\/comments?post=632"}],"wp:featuredmedia":[{"embeddable":true,"href":"https:\/\/www.yongyukitchenware.com\/es\/wp-json\/wp\/v2\/media\/633"}],"wp:attachment":[{"href":"https:\/\/www.yongyukitchenware.com\/es\/wp-json\/wp\/v2\/media?parent=632"}],"wp:term":[{"taxonomy":"application","embeddable":true,"href":"https:\/\/www.yongyukitchenware.com\/es\/wp-json\/wp\/v2\/application?post=632"},{"taxonomy":"product_brand","embeddable":true,"href":"https:\/\/www.yongyukitchenware.com\/es\/wp-json\/wp\/v2\/product_brand?post=632"},{"taxonomy":"product_cat","embeddable":true,"href":"https:\/\/www.yongyukitchenware.com\/es\/wp-json\/wp\/v2\/product_cat?post=632"},{"taxonomy":"product_tag","embeddable":true,"href":"https:\/\/www.yongyukitchenware.com\/es\/wp-json\/wp\/v2\/product_tag?post=632"}],"curies":[{"name":"wp","href":"https:\/\/api.w.org\/{rel}","templated":true}]}}