{"id":711,"date":"2024-10-05T17:19:16","date_gmt":"2024-10-05T17:19:16","guid":{"rendered":"https:\/\/www.yongyukitchenware.com\/?post_type=product&#038;p=711"},"modified":"2025-06-26T02:25:05","modified_gmt":"2025-06-26T02:25:05","slug":"chinese-wok-wholesale","status":"publish","type":"product","link":"https:\/\/www.yongyukitchenware.com\/es\/producto\/chinese-wok-wholesale\/","title":{"rendered":"Wok chino personalizado de acero inoxidable con varias asas y tama\u00f1os"},"content":{"rendered":"<div class=\"wp-block-columns is-layout-flex wp-container-core-columns-is-layout-9d6595d7 wp-block-columns-is-layout-flex\">\n<div class=\"wp-block-column is-layout-flow wp-block-column-is-layout-flow\">\n<h2 class=\"wp-block-heading\">Wok chino Caracter\u00edsticas:<\/h2>\n\n\n\n<p><strong>Acero inoxidable de alta calidad:<\/strong> Utiliza acero inoxidable de calidad alimentaria, que no se oxida ni corroe, para garantizar la seguridad alimentaria al tiempo que es duradero.<br><strong>Dise\u00f1o de limpieza: <\/strong>Proceso de cepillado, textura lisa de acero inoxidable para facilitar la limpieza<br><strong>Abajo reuniendo energ\u00eda: <\/strong>fondo redondo, almacenamiento centralizado del calor, calentamiento uniforme, mejora la eficacia de la cocci\u00f3n<br><strong>Dise\u00f1o redondo y profundo del cuerpo de la olla:<\/strong> El cuerpo es profundo y arqueado, adecuado para saltear sin permitir el desbordamiento de ingredientes. Tambi\u00e9n responde a los requisitos de los salteados en la cocina china.<br><strong>Tipo de asa: <\/strong>asa simple, asa doble. Tipo de mango: mango simple y mango doble. El mango sencillo tiene dos tipos: uno es el mango de acero resistente al calor; el otro es un mango de madera antideslizante. El remache refuerza tanto la resistencia como la durabilidad para adaptarse a diferentes h\u00e1bitos culinarios.<\/p>\n<\/div>\n\n\n\n<div class=\"wp-block-column is-layout-flow wp-block-column-is-layout-flow\">\n<div class=\"wp-block-columns is-layout-flex wp-container-core-columns-is-layout-9d6595d7 wp-block-columns-is-layout-flex\">\n<div class=\"wp-block-column is-layout-flow wp-block-column-is-layout-flow\">\n<figure class=\"wp-block-image size-full\"><img decoding=\"async\" width=\"800\" height=\"800\" src=\"https:\/\/www.yongyukitchenware.com\/wp-content\/uploads\/2024\/09\/supply-chinese-wok-6.webp\" alt=\"suministro-chino-wok (6)\" class=\"wp-image-802\" srcset=\"https:\/\/www.yongyukitchenware.com\/wp-content\/uploads\/2024\/09\/supply-chinese-wok-6.webp 800w, https:\/\/www.yongyukitchenware.com\/wp-content\/uploads\/2024\/09\/supply-chinese-wok-6-300x300.webp 300w, https:\/\/www.yongyukitchenware.com\/wp-content\/uploads\/2024\/09\/supply-chinese-wok-6-150x150.webp 150w, https:\/\/www.yongyukitchenware.com\/wp-content\/uploads\/2024\/09\/supply-chinese-wok-6-768x768.webp 768w, https:\/\/www.yongyukitchenware.com\/wp-content\/uploads\/2024\/09\/supply-chinese-wok-6-600x600.webp 600w, https:\/\/www.yongyukitchenware.com\/wp-content\/uploads\/2024\/09\/supply-chinese-wok-6-100x100.webp 100w\" sizes=\"(max-width: 800px) 100vw, 800px\" \/><\/figure>\n<\/div>\n\n\n\n<div class=\"wp-block-column is-layout-flow wp-block-column-is-layout-flow\">\n<figure class=\"wp-block-image size-full\"><img decoding=\"async\" width=\"800\" height=\"800\" src=\"https:\/\/www.yongyukitchenware.com\/wp-content\/uploads\/2024\/09\/supply-chinese-wok-3.webp\" alt=\"suministro-chino-wok (3)\" class=\"wp-image-803\" srcset=\"https:\/\/www.yongyukitchenware.com\/wp-content\/uploads\/2024\/09\/supply-chinese-wok-3.webp 800w, https:\/\/www.yongyukitchenware.com\/wp-content\/uploads\/2024\/09\/supply-chinese-wok-3-300x300.webp 300w, https:\/\/www.yongyukitchenware.com\/wp-content\/uploads\/2024\/09\/supply-chinese-wok-3-150x150.webp 150w, https:\/\/www.yongyukitchenware.com\/wp-content\/uploads\/2024\/09\/supply-chinese-wok-3-768x768.webp 768w, https:\/\/www.yongyukitchenware.com\/wp-content\/uploads\/2024\/09\/supply-chinese-wok-3-600x600.webp 600w, https:\/\/www.yongyukitchenware.com\/wp-content\/uploads\/2024\/09\/supply-chinese-wok-3-100x100.webp 100w\" sizes=\"(max-width: 800px) 100vw, 800px\" \/><\/figure>\n<\/div>\n<\/div>\n<\/div>\n<\/div>\n\n\n\n<h2 class=\"wp-block-heading\">Par\u00e1metros del wok chino\uff1a<\/h2>\n\n\n\n<figure class=\"wp-block-table\"><table class=\"has-fixed-layout\"><tbody><tr><td>Modelo<\/td><td>Variantes de productos<\/td><td>Talla<\/td><td>Di\u00e1metro * Altura (cm)<\/td><td>MOQ<\/td><\/tr><tr><td rowspan=\"16\">DY062-G<\/td><td rowspan=\"7\">Sart\u00e9n wok con mango de madera<br>Sart\u00e9n wok con mango \u00fanico<br>Sart\u00e9n wok con doble asa<\/td><td>30 CM<\/td><td>30*8cm<\/td><td>35PCS<\/td><\/tr><tr><td>32CM<\/td><td>32*8,5 cm<\/td><td>35PCS<\/td><\/tr><tr><td>34CM<\/td><td>34*10cm<\/td><td>30PCS<\/td><\/tr><tr><td>36CM<\/td><td>36*10cm<\/td><td>30PCS<\/td><\/tr><tr><td>38CM<\/td><td>38*11cm<\/td><td>25PCS<\/td><\/tr><tr><td>40CM<\/td><td>40*11,5 cm<\/td><td>25PCS<\/td><\/tr><tr><td>43CM<\/td><td>43*12,5 cm<\/td><td>20PCS<\/td><\/tr><tr><td rowspan=\"9\">Sart\u00e9n wok con doble asa<\/td><td>45 CM<\/td><td><\/td><td>20PCS<\/td><\/tr><tr><td>47CM<\/td><td>47*13cm<\/td><td>20PCS<\/td><\/tr><tr><td>50 CM<\/td><td>50*13,5 cm<\/td><td>15PCS<\/td><\/tr><tr><td>55 CM<\/td><td>55*16cm<\/td><td>15PCS<\/td><\/tr><tr><td>60 CM<\/td><td>60*19cm<\/td><td>15PCS<\/td><\/tr><tr><td>65 CM<\/td><td>65*21cm<\/td><td>10 PIEZAS<\/td><\/tr><tr><td>70 CM<\/td><td>70*26cm<\/td><td>5 PIEZAS<\/td><\/tr><tr><td>75 CM<\/td><td>75*28cm<\/td><td>5 PIEZAS<\/td><\/tr><tr><td>80 CM<\/td><td>80*30cm<\/td><td>5 PIEZAS<\/td><\/tr><\/tbody><\/table><\/figure>\n\n\n\n<p><\/p>","protected":false},"excerpt":{"rendered":"<p>Suministramos wok chino fabricado en acero inoxidable de alta calidad, resistente y duradero para un uso prolongado. El wok est\u00e1 disponible en una amplia gama de tipos y tama\u00f1os de mango para adaptarse a diferentes ocasiones y necesidades culinarias. Puede utilizarse f\u00e1cilmente tanto en la cocina dom\u00e9stica como en la comercial.<\/p>\n<h2 style=\"text-align: left\">Par\u00e1metro Wok chino:<\/h2>\n<p><strong>Material:<\/strong> Acero inoxidable <br \/><strong>Dise\u00f1o de tres asas:<\/strong>\u00a0 Mango doble, Mango \u00fanico de acero, Mango \u00fanico de madera <br \/><strong>Dise\u00f1o de fondo de olla:<\/strong>\u00a0 Fondo circular captador de energ\u00eda <br \/><strong>Diferentes tama\u00f1os:<\/strong> 30cm-80cmTama\u00f1o <br \/><strong>Embalaje:<\/strong> Bolsas\/Granel\/Cartones o a medida <br \/><strong>OEM\/ODM:<\/strong> Disponible<\/p>\n<h2 class=\"wp-block-heading\">De Yongyu Cookware Fabricante :<\/h2>\n<p>Yongyu es un fabricante profesional de utensilios de cocina, nuestros productos abarcan todo tipo de utensilios de cocina de acero inoxidable, como ollas para fideos, sartenes, ollas para guisos, etc., proporcionando servicios de adquisici\u00f3n de calidad y precios asequibles para cada cliente.<\/p>","protected":false},"featured_media":4256,"comment_status":"closed","ping_status":"closed","template":"","meta":{"_acf_changed":false},"application":[29],"product_brand":[],"product_cat":[23,32],"product_tag":[43],"class_list":{"0":"post-711","1":"product","2":"type-product","3":"status-publish","4":"has-post-thumbnail","6":"application-home-kitchen","7":"product_cat-kitchenware-wholesale","8":"product_cat-wholesale-cookware","9":"product_tag-recommend","11":"first","12":"instock","13":"shipping-taxable","14":"product-type-simple"},"acf":[],"_links":{"self":[{"href":"https:\/\/www.yongyukitchenware.com\/es\/wp-json\/wp\/v2\/product\/711","targetHints":{"allow":["GET"]}}],"collection":[{"href":"https:\/\/www.yongyukitchenware.com\/es\/wp-json\/wp\/v2\/product"}],"about":[{"href":"https:\/\/www.yongyukitchenware.com\/es\/wp-json\/wp\/v2\/types\/product"}],"replies":[{"embeddable":true,"href":"https:\/\/www.yongyukitchenware.com\/es\/wp-json\/wp\/v2\/comments?post=711"}],"wp:featuredmedia":[{"embeddable":true,"href":"https:\/\/www.yongyukitchenware.com\/es\/wp-json\/wp\/v2\/media\/4256"}],"wp:attachment":[{"href":"https:\/\/www.yongyukitchenware.com\/es\/wp-json\/wp\/v2\/media?parent=711"}],"wp:term":[{"taxonomy":"application","embeddable":true,"href":"https:\/\/www.yongyukitchenware.com\/es\/wp-json\/wp\/v2\/application?post=711"},{"taxonomy":"product_brand","embeddable":true,"href":"https:\/\/www.yongyukitchenware.com\/es\/wp-json\/wp\/v2\/product_brand?post=711"},{"taxonomy":"product_cat","embeddable":true,"href":"https:\/\/www.yongyukitchenware.com\/es\/wp-json\/wp\/v2\/product_cat?post=711"},{"taxonomy":"product_tag","embeddable":true,"href":"https:\/\/www.yongyukitchenware.com\/es\/wp-json\/wp\/v2\/product_tag?post=711"}],"curies":[{"name":"wp","href":"https:\/\/api.w.org\/{rel}","templated":true}]}}