{"id":767,"date":"2024-09-28T10:37:32","date_gmt":"2024-09-28T10:37:32","guid":{"rendered":"https:\/\/www.yongyukitchenware.com\/?post_type=product&#038;p=767"},"modified":"2025-06-26T02:44:48","modified_gmt":"2025-06-26T02:44:48","slug":"sauce-bowl-wholesale","status":"publish","type":"product","link":"https:\/\/www.yongyukitchenware.com\/es\/producto\/sauce-bowl-wholesale\/","title":{"rendered":"Venta al Mayor Salsera Doble Pared Color Sazonador Ensaladera"},"content":{"rendered":"<div class=\"wp-block-columns is-layout-flex wp-container-core-columns-is-layout-9d6595d7 wp-block-columns-is-layout-flex\">\n<div class=\"wp-block-column is-layout-flow wp-block-column-is-layout-flow\">\n<h2 class=\"wp-block-heading\">Caracter\u00edsticas:<\/h2>\n\n\n\n<p><strong>Dise\u00f1o aislante de doble capa:<\/strong> La estructura de doble capa proporciona un excelente rendimiento aislante, manteniendo la temperatura de los alimentos al tiempo que evita el sobrecalentamiento de la pared exterior.<br><strong>Dise\u00f1o de apertura inclinada: <\/strong>El exclusivo dise\u00f1o de apertura inclinada facilita la toma de alimentos, mejorando la comodidad y la est\u00e9tica de uso.<br>Selecci\u00f3n multicolor: Hay varios colores disponibles para diferentes ocasiones y preferencias personales, lo que aumenta el atractivo visual.<br><strong>Almacenamiento multifuncional<\/strong>: No s\u00f3lo sirve para contener alimentos, sino tambi\u00e9n para guardar productos secos, aperitivos, etc., es una vajilla multifuncional y pr\u00e1ctica.<br>Material de acero inoxidable duradero: Hecho de acero inoxidable de alta calidad, es robusto, duradero, a prueba de \u00f3xido y resistente a la corrosi\u00f3n para garantizar un uso a largo plazo.<\/p>\n\n\n\n<div class=\"wp-block-group is-vertical is-layout-flex wp-container-core-group-is-layout-8cf370e7 wp-block-group-is-layout-flex\">\n<h2 class=\"wp-block-heading\">Tama\u00f1o de la salsera:<\/h2>\n\n\n\n<figure class=\"wp-block-table\"><table class=\"has-fixed-layout\"><tbody><tr><td>Modelo<\/td><td>Talla<\/td><td>Di\u00e1metro* Altura (cm)<\/td><td>MOQ<\/td><\/tr><tr><td rowspan=\"3\">DY027-W<\/td><td>14 cm<\/td><td>22*18,5 cm<\/td><td rowspan=\"3\">50PCS<\/td><\/tr><tr><td>18 cm<\/td><td>18*16cm<\/td><\/tr><tr><td>22 cm<\/td><td>14*11,5 cm<\/td><\/tr><\/tbody><\/table><\/figure>\n<\/div>\n<\/div>\n\n\n\n<div class=\"wp-block-column is-layout-flow wp-block-column-is-layout-flow\">\n<div class=\"wp-block-columns is-layout-flex wp-container-core-columns-is-layout-9d6595d7 wp-block-columns-is-layout-flex\">\n<div class=\"wp-block-column is-layout-flow wp-block-column-is-layout-flow\"><\/div>\n<\/div>\n\n\n\n<div class=\"wp-block-columns is-layout-flex wp-container-core-columns-is-layout-9d6595d7 wp-block-columns-is-layout-flex\">\n<div class=\"wp-block-column is-layout-flow wp-block-column-is-layout-flow\">\n<figure class=\"wp-block-image size-full is-resized\"><img decoding=\"async\" width=\"800\" height=\"800\" src=\"https:\/\/www.yongyukitchenware.com\/wp-content\/uploads\/2024\/09\/Wholesale-Double-Walled-Bowl-With-Oblique-Mouth-6.webp\" alt=\"Mayorista Bol De Doble Pared Con Boca Oblicua 6\" class=\"wp-image-790\" style=\"width:461px;height:auto\" srcset=\"https:\/\/www.yongyukitchenware.com\/wp-content\/uploads\/2024\/09\/Wholesale-Double-Walled-Bowl-With-Oblique-Mouth-6.webp 800w, https:\/\/www.yongyukitchenware.com\/wp-content\/uploads\/2024\/09\/Wholesale-Double-Walled-Bowl-With-Oblique-Mouth-6-300x300.webp 300w, https:\/\/www.yongyukitchenware.com\/wp-content\/uploads\/2024\/09\/Wholesale-Double-Walled-Bowl-With-Oblique-Mouth-6-150x150.webp 150w, https:\/\/www.yongyukitchenware.com\/wp-content\/uploads\/2024\/09\/Wholesale-Double-Walled-Bowl-With-Oblique-Mouth-6-768x768.webp 768w, https:\/\/www.yongyukitchenware.com\/wp-content\/uploads\/2024\/09\/Wholesale-Double-Walled-Bowl-With-Oblique-Mouth-6-600x600.webp 600w, https:\/\/www.yongyukitchenware.com\/wp-content\/uploads\/2024\/09\/Wholesale-Double-Walled-Bowl-With-Oblique-Mouth-6-100x100.webp 100w\" sizes=\"(max-width: 800px) 100vw, 800px\" \/><\/figure>\n<\/div>\n<\/div>\n<\/div>\n<\/div>\n\n\n\n<p><\/p>","protected":false},"excerpt":{"rendered":"<div class=\"n4sEPd\">\n<div class=\"UdTY9 qhIQqf leDWne\" aria-hidden=\"true\" data-location=\"1\">\u00a0<\/div>\n<\/div>\n<div class=\"QcsUad BDJ8fb BLojaf sMVRZe hCXDsb wneUed\">\n<div class=\"usGWQd\">\n<div class=\"KkbLmb\">\n<div class=\"lRu31\" dir=\"ltr\">Salsera personalizada, cuenco de doble pared para condimentos y ensaladas. M\u00faltiples tama\u00f1os, vajilla de acero inoxidable de alta calidad al por mayor soluci\u00f3n adecuada para diferentes servicios de catering tem\u00e1ticas. \u00a1Bienvenido a contactar con Yongyu catering suministros fabricante para una cotizaci\u00f3n gratis!<\/div>\n<\/div>\n<\/div>\n<\/div>\n<h2 style=\"text-align: left\">Par\u00e1metro de la salsera:<\/h2>\n<p style=\"text-align: left\"><strong>Material:<\/strong> Acero inoxidable<br \/><strong>Color:<\/strong> Plata, oro, oro negro y color Morandi<br \/><strong>Diferentes tama\u00f1os:<\/strong> Tama\u00f1os 14cm,18cm,22cm<br \/><strong>Embalaje: <\/strong>Bolsa Opp y caja de cart\u00f3n<br \/><strong>OEM\/ODM:<\/strong> Disponible<\/p>\n<h2 class=\"wp-block-heading\">Del mayorista de vajillas Yongyu:<\/h2>\n<p>Yongyu Tableware Wholesaler puede satisfacer las necesidades de los clientes al por mayor y proporcionar una serie de suministros de catering al por mayor de alta calidad que combina elegancia y durabilidad. Incluyendo vajilla, bebida, equipo de catering, utensilios de cocina, elementos esenciales de cocina de campamento, etc..<\/p>","protected":false},"featured_media":786,"comment_status":"closed","ping_status":"closed","template":"","meta":{"_acf_changed":true},"application":[30],"product_brand":[],"product_cat":[22,45],"product_tag":[],"class_list":{"0":"post-767","1":"product","2":"type-product","3":"status-publish","4":"has-post-thumbnail","6":"application-hotel-catering","7":"product_cat-catering-supplies-wholesale","8":"product_cat-condiment-bowls-wholesale","10":"first","11":"instock","12":"shipping-taxable","13":"product-type-simple"},"acf":[],"_links":{"self":[{"href":"https:\/\/www.yongyukitchenware.com\/es\/wp-json\/wp\/v2\/product\/767","targetHints":{"allow":["GET"]}}],"collection":[{"href":"https:\/\/www.yongyukitchenware.com\/es\/wp-json\/wp\/v2\/product"}],"about":[{"href":"https:\/\/www.yongyukitchenware.com\/es\/wp-json\/wp\/v2\/types\/product"}],"replies":[{"embeddable":true,"href":"https:\/\/www.yongyukitchenware.com\/es\/wp-json\/wp\/v2\/comments?post=767"}],"wp:featuredmedia":[{"embeddable":true,"href":"https:\/\/www.yongyukitchenware.com\/es\/wp-json\/wp\/v2\/media\/786"}],"wp:attachment":[{"href":"https:\/\/www.yongyukitchenware.com\/es\/wp-json\/wp\/v2\/media?parent=767"}],"wp:term":[{"taxonomy":"application","embeddable":true,"href":"https:\/\/www.yongyukitchenware.com\/es\/wp-json\/wp\/v2\/application?post=767"},{"taxonomy":"product_brand","embeddable":true,"href":"https:\/\/www.yongyukitchenware.com\/es\/wp-json\/wp\/v2\/product_brand?post=767"},{"taxonomy":"product_cat","embeddable":true,"href":"https:\/\/www.yongyukitchenware.com\/es\/wp-json\/wp\/v2\/product_cat?post=767"},{"taxonomy":"product_tag","embeddable":true,"href":"https:\/\/www.yongyukitchenware.com\/es\/wp-json\/wp\/v2\/product_tag?post=767"}],"curies":[{"name":"wp","href":"https:\/\/api.w.org\/{rel}","templated":true}]}}