{"id":938,"date":"2024-09-28T18:59:10","date_gmt":"2024-09-28T18:59:10","guid":{"rendered":"https:\/\/www.yongyukitchenware.com\/?post_type=product&#038;p=938"},"modified":"2024-09-29T17:01:54","modified_gmt":"2024-09-29T17:01:54","slug":"stainless-steel-ashtrays-custom","status":"publish","type":"product","link":"https:\/\/www.yongyukitchenware.com\/es\/producto\/stainless-steel-ashtrays-custom\/","title":{"rendered":"Ceniceros de acero inoxidable personalizados a prueba de viento para exterior e interior"},"content":{"rendered":"<div class=\"wp-block-columns is-layout-flex wp-container-core-columns-is-layout-9d6595d7 wp-block-columns-is-layout-flex\">\n<div class=\"wp-block-column is-layout-flow wp-block-column-is-layout-flow\">\n<h2 class=\"wp-block-heading\">Ceniceros de acero inoxidable Caracter\u00edsticas:<\/h2>\n\n\n\n<p><strong>Acero inoxidable de alta calidad:<\/strong> Acero inoxidable de calidad alimentaria, resistente a la corrosi\u00f3n, inodoro y duradero<br><strong>Especificaci\u00f3n m\u00faltiple, multicolor opcional:<\/strong> el color se puede personalizar, tama\u00f1o 8-14cm opcional, para satisfacer diferentes necesidades<br><strong>Dise\u00f1o de cenicero:<\/strong> levantado a prueba de viento, el holl\u00edn no volar\u00e1, el borde del cenicero tiene tres ranuras en forma de U, f\u00e1cil de colocar los cigarrillos sin que se caigan<br><strong>Se limpia f\u00e1cilmente:<\/strong> La superficie y los bordes de los ceniceros personalizados son pulidos y lisos para que la limpieza sea segura y r\u00e1pida, manteniendo la higiene.<br><strong>Opciones de personalizaci\u00f3n: <\/strong>Admite la impresi\u00f3n de varios patrones de texto, como el nombre de la empresa, el logotipo, la pintura de paisajes, etc. para mejorar la est\u00e9tica.<\/p>\n<\/div>\n\n\n\n<div class=\"wp-block-column is-layout-flow wp-block-column-is-layout-flow\">\n<div class=\"wp-block-columns is-layout-flex wp-container-core-columns-is-layout-9d6595d7 wp-block-columns-is-layout-flex\">\n<div class=\"wp-block-column is-layout-flow wp-block-column-is-layout-flow\">\n<figure class=\"wp-block-image size-full\"><img decoding=\"async\" width=\"750\" height=\"750\" src=\"https:\/\/www.yongyukitchenware.com\/wp-content\/uploads\/2024\/09\/custom-ashtrays-2.webp\" alt=\"ceniceros a medida (2)\" class=\"wp-image-1167\" srcset=\"https:\/\/www.yongyukitchenware.com\/wp-content\/uploads\/2024\/09\/custom-ashtrays-2.webp 750w, https:\/\/www.yongyukitchenware.com\/wp-content\/uploads\/2024\/09\/custom-ashtrays-2-300x300.webp 300w, https:\/\/www.yongyukitchenware.com\/wp-content\/uploads\/2024\/09\/custom-ashtrays-2-150x150.webp 150w, https:\/\/www.yongyukitchenware.com\/wp-content\/uploads\/2024\/09\/custom-ashtrays-2-600x600.webp 600w, https:\/\/www.yongyukitchenware.com\/wp-content\/uploads\/2024\/09\/custom-ashtrays-2-100x100.webp 100w\" sizes=\"(max-width: 750px) 100vw, 750px\" \/><\/figure>\n<\/div>\n\n\n\n<div class=\"wp-block-column is-layout-flow wp-block-column-is-layout-flow\">\n<figure class=\"wp-block-image size-full\"><img decoding=\"async\" width=\"800\" height=\"800\" src=\"https:\/\/www.yongyukitchenware.com\/wp-content\/uploads\/2024\/09\/custom-ashtrays-6.webp\" alt=\"ceniceros a medida (6)\" class=\"wp-image-1171\" srcset=\"https:\/\/www.yongyukitchenware.com\/wp-content\/uploads\/2024\/09\/custom-ashtrays-6.webp 800w, https:\/\/www.yongyukitchenware.com\/wp-content\/uploads\/2024\/09\/custom-ashtrays-6-300x300.webp 300w, https:\/\/www.yongyukitchenware.com\/wp-content\/uploads\/2024\/09\/custom-ashtrays-6-150x150.webp 150w, https:\/\/www.yongyukitchenware.com\/wp-content\/uploads\/2024\/09\/custom-ashtrays-6-768x768.webp 768w, https:\/\/www.yongyukitchenware.com\/wp-content\/uploads\/2024\/09\/custom-ashtrays-6-600x600.webp 600w, https:\/\/www.yongyukitchenware.com\/wp-content\/uploads\/2024\/09\/custom-ashtrays-6-100x100.webp 100w\" sizes=\"(max-width: 800px) 100vw, 800px\" \/><\/figure>\n<\/div>\n<\/div>\n<\/div>\n<\/div>\n\n\n\n<p><\/p>","protected":false},"excerpt":{"rendered":"<p>Ceniceros de acero inoxidable personalizados a granel, altos y resistentes al viento, finos y f\u00e1ciles de limpiar, aptos para uso en interiores y exteriores. \u00a1P\u00f3ngase en contacto con el proveedor de art\u00edculos para el hogar Yongyu para una consulta gratuita!<\/p>\n<h2>Ceniceros de acero inoxidable Par\u00e1metros:<\/h2>\n<p><strong>Material:<\/strong> acero inoxidable<br \/><strong>Color:<\/strong>\u00a0 Plata, oro, rojo, azul, amarillo y m\u00e1s<br \/><strong>Diferentes tama\u00f1os:<\/strong> 8-14 cm<br \/><strong>Dise\u00f1o de cenicero:<\/strong> Dise\u00f1o de ranura m\u00e1s alto, m\u00e1s delgado y en forma de U<br \/><strong>Embalaje:<\/strong> Bolsa\/granel\/cart\u00f3n o personalizado<br \/><strong>OEM\/ODM:<\/strong> Disponible<\/p>\n<h2 class=\"wp-block-heading\">Del mayorista de menaje del hogar Yongyu:<\/h2>\n<p>Yongyu cuenta con una cadena de suministro fiable y eficaz, que personaliza y vende al por mayor art\u00edculos para el hogar de acero inoxidable de alta calidad. Nuestros productos son duraderos y asequibles, comprometidos a satisfacer las necesidades comerciales de los clientes.<\/p>","protected":false},"featured_media":1173,"comment_status":"closed","ping_status":"closed","template":"","meta":{"_acf_changed":true},"application":[],"product_brand":[],"product_cat":[17],"product_tag":[],"class_list":{"0":"post-938","1":"product","2":"type-product","3":"status-publish","4":"has-post-thumbnail","6":"product_cat-homeware-wholesaler","8":"first","9":"instock","10":"shipping-taxable","11":"product-type-simple"},"acf":[],"_links":{"self":[{"href":"https:\/\/www.yongyukitchenware.com\/es\/wp-json\/wp\/v2\/product\/938","targetHints":{"allow":["GET"]}}],"collection":[{"href":"https:\/\/www.yongyukitchenware.com\/es\/wp-json\/wp\/v2\/product"}],"about":[{"href":"https:\/\/www.yongyukitchenware.com\/es\/wp-json\/wp\/v2\/types\/product"}],"replies":[{"embeddable":true,"href":"https:\/\/www.yongyukitchenware.com\/es\/wp-json\/wp\/v2\/comments?post=938"}],"wp:featuredmedia":[{"embeddable":true,"href":"https:\/\/www.yongyukitchenware.com\/es\/wp-json\/wp\/v2\/media\/1173"}],"wp:attachment":[{"href":"https:\/\/www.yongyukitchenware.com\/es\/wp-json\/wp\/v2\/media?parent=938"}],"wp:term":[{"taxonomy":"application","embeddable":true,"href":"https:\/\/www.yongyukitchenware.com\/es\/wp-json\/wp\/v2\/application?post=938"},{"taxonomy":"product_brand","embeddable":true,"href":"https:\/\/www.yongyukitchenware.com\/es\/wp-json\/wp\/v2\/product_brand?post=938"},{"taxonomy":"product_cat","embeddable":true,"href":"https:\/\/www.yongyukitchenware.com\/es\/wp-json\/wp\/v2\/product_cat?post=938"},{"taxonomy":"product_tag","embeddable":true,"href":"https:\/\/www.yongyukitchenware.com\/es\/wp-json\/wp\/v2\/product_tag?post=938"}],"curies":[{"name":"wp","href":"https:\/\/api.w.org\/{rel}","templated":true}]}}